{"id":4194,"date":"2024-12-13T11:40:59","date_gmt":"2024-12-13T10:40:59","guid":{"rendered":"https:\/\/www.vechtdalmeubels.nl\/garantie-reklamationen\/"},"modified":"2025-08-15T12:54:24","modified_gmt":"2025-08-15T10:54:24","slug":"garantie-reklamationen","status":"publish","type":"page","link":"https:\/\/www.vechtdalmeubels.nl\/de\/garantie-reklamationen\/","title":{"rendered":"Garantie &amp; Reklamationen"},"content":{"rendered":"\t\t<div data-elementor-type=\"wp-page\" data-elementor-id=\"4194\" class=\"elementor elementor-4194 elementor-1037\" data-elementor-post-type=\"page\">\n\t\t\t\t<div class=\"elementor-element elementor-element-3da46a7 e-flex e-con-boxed e-con e-parent\" data-id=\"3da46a7\" data-element_type=\"container\" data-e-type=\"container\">\n\t\t\t\t\t<div class=\"e-con-inner\">\n\t\t\t\t<div class=\"elementor-element elementor-element-0d48a8e elementor-widget elementor-widget-text-editor\" data-id=\"0d48a8e\" data-element_type=\"widget\" data-e-type=\"widget\" data-widget_type=\"text-editor.default\">\n\t\t\t\t<div class=\"elementor-widget-container\">\n\t\t\t\t\t\t\t\t\t<header class=\"entry-header\"><header class=\"entry-header\"><h1>Garantie- und Reklamationsrichtlinien<\/h1><h2>Garantie<\/h2><p>Wir k\u00fcmmern uns um unsere Produkte und tun selbstverst\u00e4ndlich unser Bestes, um diese in einwandfreiem Zustand an Sie zu liefern. Es kann jedoch vorkommen, dass eine Bestellung w\u00e4hrend des Transports besch\u00e4digt wird oder etwas anderes passiert, wodurch Sie Garantieanspr\u00fcche geltend machen k\u00f6nnen. Gem\u00e4\u00df europ\u00e4ischem Recht haften wir f\u00fcr jeden Mangel an Konformit\u00e4t, der innerhalb von zwei Jahren nach Lieferung der Ware auftritt. Sie k\u00f6nnen zus\u00e4tzliche Rechte nach niederl\u00e4ndischem Recht haben.<br>Wenn Sie einen Mangel am Produkt entdecken oder entdecken sollten, m\u00fcssen Sie uns innerhalb einer angemessenen Frist kontaktieren. Eine angemessene Frist betr\u00e4gt in jedem Fall zwei Monate. Unter Umst\u00e4nden kann auch eine Frist von mehr als zwei Monaten akzeptabel sein.<br>Wenn Sie uns rechtzeitig kontaktieren, werden wir f\u00fcr eine kostenlose Reparatur oder einen Ersatz sorgen.     <\/p><h2>Reklamationen<\/h2><p>Es kann immer vorkommen, dass etwas nicht ganz wie geplant l\u00e4uft. Wir empfehlen Ihnen, Beschwerden zun\u00e4chst per E-Mail an info@vechtdalmeubels.nl an uns zu richten. F\u00fchrt dies nicht zu einer L\u00f6sung, k\u00f6nnen Sie Ihren Streitfall zur Vermittlung \u00fcber die Stiftung WebwinkelKeur unter <a href=\"https:\/\/www.webwinkelkeur.nl\/kennisbank\/consumenten\/geschil\">https:\/\/www.webwinkelkeur.nl\/kennisbank\/consumenten\/geschil<\/a> anmelden. Seit dem 15. Februar 2016 ist es f\u00fcr Verbraucher in der EU auch m\u00f6glich, Beschwerden \u00fcber die OS-Plattform der Europ\u00e4ischen Kommission einzureichen. Diese OS-Plattform finden Sie unter <a href=\"http:\/\/ec.europa.eu\/odr\">http:\/\/ec.europa.eu\/odr<\/a>. Wenn Ihre Beschwerde noch nicht anderweitig bearbeitet wird, steht es Ihnen frei, Ihre Beschwerde \u00fcber die Plattform der Europ\u00e4ischen Union einzureichen.     <\/p><\/header><\/header>\t\t\t\t\t\t\t\t<\/div>\n\t\t\t\t<\/div>\n\t\t\t\t\t<\/div>\n\t\t\t\t<\/div>\n\t\t\t\t<\/div>\n\t\t","protected":false},"excerpt":{"rendered":"<p>Garantie- und Reklamationsrichtlinien Garantie Wir k\u00fcmmern uns um unsere Produkte und tun selbstverst\u00e4ndlich unser Bestes, um diese in einwandfreiem Zustand an Sie zu liefern. Es kann jedoch vorkommen, dass eine Bestellung w\u00e4hrend des Transports besch\u00e4digt wird oder etwas anderes passiert, wodurch Sie Garantieanspr\u00fcche geltend machen k\u00f6nnen. Gem\u00e4\u00df europ\u00e4ischem Recht haften wir f\u00fcr jeden Mangel an [&hellip;]<\/p>\n","protected":false},"author":1,"featured_media":0,"parent":0,"menu_order":0,"comment_status":"closed","ping_status":"closed","template":"","meta":{"_acf_changed":false,"footnotes":""},"class_list":["post-4194","page","type-page","status-publish","hentry"],"acf":[],"yoast_head":"<!-- This site is optimized with the Yoast SEO plugin v27.5 - https:\/\/yoast.com\/product\/yoast-seo-wordpress\/ -->\n<title>Garantie &amp; Reklamationen | Hier ansehen | Vechtdal Meubels<\/title>\n<meta name=\"description\" content=\"Meer weten over onze meubels? Neem dan contact met ons op, wij helpen je graag! \u2713 Kwaliteit aanbod!\" \/>\n<meta name=\"robots\" content=\"index, follow, max-snippet:-1, max-image-preview:large, max-video-preview:-1\" \/>\n<meta property=\"og:locale\" content=\"de_DE\" \/>\n<meta property=\"og:type\" content=\"article\" \/>\n<meta property=\"og:title\" content=\"Garantie &amp; Reklamationen | Hier ansehen | Vechtdal Meubels\" \/>\n<meta property=\"og:description\" content=\"Meer weten over onze meubels? Neem dan contact met ons op, wij helpen je graag! \u2713 Kwaliteit aanbod!\" \/>\n<meta property=\"og:url\" content=\"https:\/\/www.vechtdalmeubels.nl\/garantie-klachten\/\" \/>\n<meta property=\"og:site_name\" content=\"Vechtdal Meubels\" \/>\n<meta property=\"article:modified_time\" content=\"2025-08-15T10:54:24+00:00\" \/>\n<meta property=\"og:image\" content=\"https:\/\/www.vechtdalmeubels.nl\/wp-content\/uploads\/2024\/12\/Rectangle-2-4.jpg\" \/>\n\t<meta property=\"og:image:width\" content=\"818\" \/>\n\t<meta property=\"og:image:height\" content=\"600\" \/>\n\t<meta property=\"og:image:type\" content=\"image\/jpeg\" \/>\n<meta name=\"twitter:card\" content=\"summary_large_image\" \/>\n<!-- \/ Yoast SEO plugin. -->","yoast_head_json":{"title":"Garantie &amp; Reklamationen | Hier ansehen | Vechtdal Meubels","description":"Meer weten over onze meubels? Neem dan contact met ons op, wij helpen je graag! \u2713 Kwaliteit aanbod!","robots":{"index":"index","follow":"follow","max-snippet":"max-snippet:-1","max-image-preview":"max-image-preview:large","max-video-preview":"max-video-preview:-1"},"og_locale":"de_DE","og_type":"article","og_title":"Garantie &amp; Reklamationen | Hier ansehen | Vechtdal Meubels","og_description":"Meer weten over onze meubels? Neem dan contact met ons op, wij helpen je graag! \u2713 Kwaliteit aanbod!","og_url":"https:\/\/www.vechtdalmeubels.nl\/garantie-klachten\/","og_site_name":"Vechtdal Meubels","article_modified_time":"2025-08-15T10:54:24+00:00","og_image":[{"width":818,"height":600,"url":"https:\/\/www.vechtdalmeubels.nl\/wp-content\/uploads\/2024\/12\/Rectangle-2-4.jpg","type":"image\/jpeg"}],"twitter_card":"summary_large_image","schema":{"@context":"https:\/\/schema.org","@graph":[{"@type":"WebPage","@id":"https:\/\/www.vechtdalmeubels.nl\/garantie-klachten\/","url":"https:\/\/www.vechtdalmeubels.nl\/garantie-klachten\/","name":"Garantie &amp; Reklamationen | Hier ansehen | Vechtdal Meubels","isPartOf":{"@id":"https:\/\/www.vechtdalmeubels.nl\/#website"},"datePublished":"2024-12-13T10:40:59+00:00","dateModified":"2025-08-15T10:54:24+00:00","description":"Meer weten over onze meubels? Neem dan contact met ons op, wij helpen je graag! \u2713 Kwaliteit aanbod!","breadcrumb":{"@id":"https:\/\/www.vechtdalmeubels.nl\/garantie-klachten\/#breadcrumb"},"inLanguage":"de","potentialAction":[{"@type":"ReadAction","target":["https:\/\/www.vechtdalmeubels.nl\/garantie-klachten\/"]}]},{"@type":"BreadcrumbList","@id":"https:\/\/www.vechtdalmeubels.nl\/garantie-klachten\/#breadcrumb","itemListElement":[{"@type":"ListItem","position":1,"name":"Home","item":"https:\/\/www.vechtdalmeubels.nl\/de\/startseite\/"},{"@type":"ListItem","position":2,"name":"Garantie &amp; Reklamationen"}]},{"@type":"WebSite","@id":"https:\/\/www.vechtdalmeubels.nl\/#website","url":"https:\/\/www.vechtdalmeubels.nl\/","name":"Vechtdal Meubels","description":"","publisher":{"@id":"https:\/\/www.vechtdalmeubels.nl\/#organization"},"potentialAction":[{"@type":"SearchAction","target":{"@type":"EntryPoint","urlTemplate":"https:\/\/www.vechtdalmeubels.nl\/?s={search_term_string}"},"query-input":{"@type":"PropertyValueSpecification","valueRequired":true,"valueName":"search_term_string"}}],"inLanguage":"de"},{"@type":"Organization","@id":"https:\/\/www.vechtdalmeubels.nl\/#organization","name":"Vechtdal Meubels","alternateName":"Vechtdal Meubels","url":"https:\/\/www.vechtdalmeubels.nl\/","logo":{"@type":"ImageObject","inLanguage":"de","@id":"https:\/\/www.vechtdalmeubels.nl\/#\/schema\/logo\/image\/","url":"https:\/\/www.vechtdalmeubels.nl\/wp-content\/uploads\/2024\/11\/Logo-vechtdal-v2.svg","contentUrl":"https:\/\/www.vechtdalmeubels.nl\/wp-content\/uploads\/2024\/11\/Logo-vechtdal-v2.svg","caption":"Vechtdal Meubels"},"image":{"@id":"https:\/\/www.vechtdalmeubels.nl\/#\/schema\/logo\/image\/"}}]}},"_links":{"self":[{"href":"https:\/\/www.vechtdalmeubels.nl\/de\/wp-json\/wp\/v2\/pages\/4194","targetHints":{"allow":["GET"]}}],"collection":[{"href":"https:\/\/www.vechtdalmeubels.nl\/de\/wp-json\/wp\/v2\/pages"}],"about":[{"href":"https:\/\/www.vechtdalmeubels.nl\/de\/wp-json\/wp\/v2\/types\/page"}],"author":[{"embeddable":true,"href":"https:\/\/www.vechtdalmeubels.nl\/de\/wp-json\/wp\/v2\/users\/1"}],"replies":[{"embeddable":true,"href":"https:\/\/www.vechtdalmeubels.nl\/de\/wp-json\/wp\/v2\/comments?post=4194"}],"version-history":[{"count":0,"href":"https:\/\/www.vechtdalmeubels.nl\/de\/wp-json\/wp\/v2\/pages\/4194\/revisions"}],"wp:attachment":[{"href":"https:\/\/www.vechtdalmeubels.nl\/de\/wp-json\/wp\/v2\/media?parent=4194"}],"curies":[{"name":"wp","href":"https:\/\/api.w.org\/{rel}","templated":true}]}}