{"id":4195,"date":"2024-12-13T11:39:40","date_gmt":"2024-12-13T10:39:40","guid":{"rendered":"https:\/\/www.vechtdalmeubels.nl\/lieferzeit-versandkosten\/"},"modified":"2025-08-15T12:54:25","modified_gmt":"2025-08-15T10:54:25","slug":"lieferzeit-versandkosten","status":"publish","type":"page","link":"https:\/\/www.vechtdalmeubels.nl\/de\/lieferzeit-versandkosten\/","title":{"rendered":"Lieferzeit &amp; Versandkosten"},"content":{"rendered":"\t\t<div data-elementor-type=\"wp-page\" data-elementor-id=\"4195\" class=\"elementor elementor-4195 elementor-1032\" data-elementor-post-type=\"page\">\n\t\t\t\t<div class=\"elementor-element elementor-element-3da46a7 e-flex e-con-boxed e-con e-parent\" data-id=\"3da46a7\" data-element_type=\"container\" data-e-type=\"container\">\n\t\t\t\t\t<div class=\"e-con-inner\">\n\t\t\t\t<div class=\"elementor-element elementor-element-0d48a8e elementor-widget elementor-widget-text-editor\" data-id=\"0d48a8e\" data-element_type=\"widget\" data-e-type=\"widget\" data-widget_type=\"text-editor.default\">\n\t\t\t\t<div class=\"elementor-widget-container\">\n\t\t\t\t\t\t\t\t\t<header class=\"entry-header\"><header class=\"entry-header\"><h1 class=\"entry-title\"><span class=\"elementor-icon-list-text\">Lieferzeit &amp; Versandkosten<\/span><\/h1><\/header><div class=\"entry-content\"><p>Wir sind stets bem\u00fcht, Ihre Bestellung so schnell wie m\u00f6glich an Sie zu liefern. Wenn das Produkt vorr\u00e4tig ist, versuchen wir, innerhalb von 7 Tagen zu liefern. Es ist uns jedoch nicht immer m\u00f6glich, dies zu gew\u00e4hrleisten; manchmal sind Produkte nicht vorr\u00e4tig, und dann kann die Lieferung Ihrer Bestellung etwas l\u00e4nger dauern. Auf der Produktseite finden Sie eine Angabe zur Lieferzeit. Sollten wir aus irgendeinem Grund diese Lieferzeit nicht einhalten k\u00f6nnen, werden wir Sie selbstverst\u00e4ndlich so schnell wie m\u00f6glich dar\u00fcber informieren.    <\/p><p>Die angegebenen Preise verstehen sich zuz\u00fcglich Versandkosten.<\/p><p>Die Lieferung erfolgt \u00fcber den Paketdienst von PostNL oder unseren eigenen Lieferservice. Wir werden Sie stets kontaktieren, um einen Liefertermin zu vereinbaren.  <\/p><\/div><\/header>\t\t\t\t\t\t\t\t<\/div>\n\t\t\t\t<\/div>\n\t\t\t\t\t<\/div>\n\t\t\t\t<\/div>\n\t\t\t\t<\/div>\n\t\t","protected":false},"excerpt":{"rendered":"<p>Lieferzeit &amp; Versandkosten Wir sind stets bem\u00fcht, Ihre Bestellung so schnell wie m\u00f6glich an Sie zu liefern. Wenn das Produkt vorr\u00e4tig ist, versuchen wir, innerhalb von 7 Tagen zu liefern. Es ist uns jedoch nicht immer m\u00f6glich, dies zu gew\u00e4hrleisten; manchmal sind Produkte nicht vorr\u00e4tig, und dann kann die Lieferung Ihrer Bestellung etwas l\u00e4nger dauern. [&hellip;]<\/p>\n","protected":false},"author":1,"featured_media":0,"parent":0,"menu_order":0,"comment_status":"closed","ping_status":"closed","template":"","meta":{"_acf_changed":false,"footnotes":""},"class_list":["post-4195","page","type-page","status-publish","hentry"],"acf":[],"yoast_head":"<!-- This site is optimized with the Yoast SEO plugin v27.5 - https:\/\/yoast.com\/product\/yoast-seo-wordpress\/ -->\n<title>Lieferzeit &amp; Versandkosten | Bekijk hier | Vechtdal Meubels<\/title>\n<meta name=\"description\" content=\"Meer weten over onze meubels? Neem dan contact met ons op, wij helpen je graag! \u2713 Kwaliteit aanbod!\" \/>\n<meta name=\"robots\" content=\"index, follow, max-snippet:-1, max-image-preview:large, max-video-preview:-1\" \/>\n<meta property=\"og:locale\" content=\"de_DE\" \/>\n<meta property=\"og:type\" content=\"article\" \/>\n<meta property=\"og:title\" content=\"Lieferzeit &amp; Versandkosten | Bekijk hier | Vechtdal Meubels\" \/>\n<meta property=\"og:description\" content=\"Meer weten over onze meubels? Neem dan contact met ons op, wij helpen je graag! \u2713 Kwaliteit aanbod!\" \/>\n<meta property=\"og:url\" content=\"https:\/\/www.vechtdalmeubels.nl\/levertijd-verzendkosten\/\" \/>\n<meta property=\"og:site_name\" content=\"Vechtdal Meubels\" \/>\n<meta property=\"article:modified_time\" content=\"2025-08-15T10:54:25+00:00\" \/>\n<meta property=\"og:image\" content=\"https:\/\/www.vechtdalmeubels.nl\/wp-content\/uploads\/2024\/12\/Rectangle-2-4.jpg\" \/>\n\t<meta property=\"og:image:width\" content=\"818\" \/>\n\t<meta property=\"og:image:height\" content=\"600\" \/>\n\t<meta property=\"og:image:type\" content=\"image\/jpeg\" \/>\n<meta name=\"twitter:card\" content=\"summary_large_image\" \/>\n<!-- \/ Yoast SEO plugin. -->","yoast_head_json":{"title":"Lieferzeit &amp; Versandkosten | Bekijk hier | Vechtdal Meubels","description":"Meer weten over onze meubels? Neem dan contact met ons op, wij helpen je graag! \u2713 Kwaliteit aanbod!","robots":{"index":"index","follow":"follow","max-snippet":"max-snippet:-1","max-image-preview":"max-image-preview:large","max-video-preview":"max-video-preview:-1"},"og_locale":"de_DE","og_type":"article","og_title":"Lieferzeit &amp; Versandkosten | Bekijk hier | Vechtdal Meubels","og_description":"Meer weten over onze meubels? Neem dan contact met ons op, wij helpen je graag! \u2713 Kwaliteit aanbod!","og_url":"https:\/\/www.vechtdalmeubels.nl\/levertijd-verzendkosten\/","og_site_name":"Vechtdal Meubels","article_modified_time":"2025-08-15T10:54:25+00:00","og_image":[{"width":818,"height":600,"url":"https:\/\/www.vechtdalmeubels.nl\/wp-content\/uploads\/2024\/12\/Rectangle-2-4.jpg","type":"image\/jpeg"}],"twitter_card":"summary_large_image","schema":{"@context":"https:\/\/schema.org","@graph":[{"@type":"WebPage","@id":"https:\/\/www.vechtdalmeubels.nl\/levertijd-verzendkosten\/","url":"https:\/\/www.vechtdalmeubels.nl\/levertijd-verzendkosten\/","name":"Lieferzeit &amp; Versandkosten | Bekijk hier | Vechtdal Meubels","isPartOf":{"@id":"https:\/\/www.vechtdalmeubels.nl\/#website"},"datePublished":"2024-12-13T10:39:40+00:00","dateModified":"2025-08-15T10:54:25+00:00","description":"Meer weten over onze meubels? Neem dan contact met ons op, wij helpen je graag! \u2713 Kwaliteit aanbod!","breadcrumb":{"@id":"https:\/\/www.vechtdalmeubels.nl\/levertijd-verzendkosten\/#breadcrumb"},"inLanguage":"de","potentialAction":[{"@type":"ReadAction","target":["https:\/\/www.vechtdalmeubels.nl\/levertijd-verzendkosten\/"]}]},{"@type":"BreadcrumbList","@id":"https:\/\/www.vechtdalmeubels.nl\/levertijd-verzendkosten\/#breadcrumb","itemListElement":[{"@type":"ListItem","position":1,"name":"Home","item":"https:\/\/www.vechtdalmeubels.nl\/de\/startseite\/"},{"@type":"ListItem","position":2,"name":"Lieferzeit &amp; Versandkosten"}]},{"@type":"WebSite","@id":"https:\/\/www.vechtdalmeubels.nl\/#website","url":"https:\/\/www.vechtdalmeubels.nl\/","name":"Vechtdal Meubels","description":"","publisher":{"@id":"https:\/\/www.vechtdalmeubels.nl\/#organization"},"potentialAction":[{"@type":"SearchAction","target":{"@type":"EntryPoint","urlTemplate":"https:\/\/www.vechtdalmeubels.nl\/?s={search_term_string}"},"query-input":{"@type":"PropertyValueSpecification","valueRequired":true,"valueName":"search_term_string"}}],"inLanguage":"de"},{"@type":"Organization","@id":"https:\/\/www.vechtdalmeubels.nl\/#organization","name":"Vechtdal Meubels","alternateName":"Vechtdal Meubels","url":"https:\/\/www.vechtdalmeubels.nl\/","logo":{"@type":"ImageObject","inLanguage":"de","@id":"https:\/\/www.vechtdalmeubels.nl\/#\/schema\/logo\/image\/","url":"https:\/\/www.vechtdalmeubels.nl\/wp-content\/uploads\/2024\/11\/Logo-vechtdal-v2.svg","contentUrl":"https:\/\/www.vechtdalmeubels.nl\/wp-content\/uploads\/2024\/11\/Logo-vechtdal-v2.svg","caption":"Vechtdal Meubels"},"image":{"@id":"https:\/\/www.vechtdalmeubels.nl\/#\/schema\/logo\/image\/"}}]}},"_links":{"self":[{"href":"https:\/\/www.vechtdalmeubels.nl\/de\/wp-json\/wp\/v2\/pages\/4195","targetHints":{"allow":["GET"]}}],"collection":[{"href":"https:\/\/www.vechtdalmeubels.nl\/de\/wp-json\/wp\/v2\/pages"}],"about":[{"href":"https:\/\/www.vechtdalmeubels.nl\/de\/wp-json\/wp\/v2\/types\/page"}],"author":[{"embeddable":true,"href":"https:\/\/www.vechtdalmeubels.nl\/de\/wp-json\/wp\/v2\/users\/1"}],"replies":[{"embeddable":true,"href":"https:\/\/www.vechtdalmeubels.nl\/de\/wp-json\/wp\/v2\/comments?post=4195"}],"version-history":[{"count":0,"href":"https:\/\/www.vechtdalmeubels.nl\/de\/wp-json\/wp\/v2\/pages\/4195\/revisions"}],"wp:attachment":[{"href":"https:\/\/www.vechtdalmeubels.nl\/de\/wp-json\/wp\/v2\/media?parent=4195"}],"curies":[{"name":"wp","href":"https:\/\/api.w.org\/{rel}","templated":true}]}}