{"id":4196,"date":"2024-12-13T11:38:02","date_gmt":"2024-12-13T10:38:02","guid":{"rendered":"https:\/\/www.vechtdalmeubels.nl\/datenschutzerklaerung\/"},"modified":"2025-10-21T14:19:27","modified_gmt":"2025-10-21T12:19:27","slug":"datenschutzerklaerung","status":"publish","type":"page","link":"https:\/\/www.vechtdalmeubels.nl\/de\/datenschutzerklaerung\/","title":{"rendered":"Datenschutzerkl\u00e4rung"},"content":{"rendered":"\t\t<div data-elementor-type=\"wp-page\" data-elementor-id=\"4196\" class=\"elementor elementor-4196 elementor-1027\" data-elementor-post-type=\"page\">\n\t\t\t\t<div class=\"elementor-element elementor-element-3da46a7 e-flex e-con-boxed e-con e-parent\" data-id=\"3da46a7\" data-element_type=\"container\" data-e-type=\"container\">\n\t\t\t\t\t<div class=\"e-con-inner\">\n\t\t\t\t<div class=\"elementor-element elementor-element-0d48a8e elementor-widget elementor-widget-text-editor\" data-id=\"0d48a8e\" data-element_type=\"widget\" data-e-type=\"widget\" data-widget_type=\"text-editor.default\">\n\t\t\t\t<div class=\"elementor-widget-container\">\n\t\t\t\t\t\t\t\t\t<header class=\"entry-header\"><header class=\"entry-header\"><h2 data-start=\"281\" data-end=\"327\">Datenschutz\u00aderkl\u00e4rung \u2013 Vechtdal Meubels<\/h2><p data-start=\"329\" data-end=\"371\"><strong data-start=\"329\" data-end=\"354\">Zuletzt aktualisiert:<\/strong> [Datum einf\u00fcgen]<\/p><h3 data-start=\"373\" data-end=\"392\">1. Wer wir sind<\/h3><p data-start=\"394\" data-end=\"603\"><strong data-start=\"394\" data-end=\"414\">Vechtdal Meubels<\/strong><br data-start=\"414\" data-end=\"417\" \/>Website: <a class=\"decorated-link\" href=\"https:\/\/www.vechtdalmeubels.nl\/\" target=\"_new\" rel=\"noopener\" data-start=\"426\" data-end=\"482\">www.vechtdalmeubels.nl<\/a><br data-start=\"482\" data-end=\"485\" \/>E-Mail: <a class=\"decorated-link cursor-pointer\" rel=\"noopener\" data-start=\"493\" data-end=\"516\">info@vechtdalmeubels.nl<\/a><br data-start=\"516\" data-end=\"519\" \/>Telefon: +31 85 060 4592<br data-start=\"543\" data-end=\"546\" \/>Adresse: 7603 TJ<br data-start=\"562\" data-end=\"565\" \/>Handelskammer (KvK)-Nummer: 85444693<\/p><p data-start=\"605\" data-end=\"734\">Vechtdal Meubels ist f\u00fcr die Verarbeitung personenbezogener Daten verantwortlich, wie in dieser Datenschutzerkl\u00e4rung beschrieben.<\/p><hr data-start=\"736\" data-end=\"739\" \/><h3 data-start=\"741\" data-end=\"794\">2. Welche personenbezogenen Daten wir verarbeiten<\/h3><p data-start=\"796\" data-end=\"891\">Wir verarbeiten die folgenden personenbezogenen Daten von unseren Kunden und Website-Besuchern:<\/p><ul data-start=\"893\" data-end=\"1194\"><li data-start=\"893\" data-end=\"921\"><p data-start=\"895\" data-end=\"921\">Name (Vor- und Nachname)<\/p><\/li><li data-start=\"922\" data-end=\"950\"><p data-start=\"924\" data-end=\"950\">Adress- und Wohnortdaten<\/p><\/li><li data-start=\"951\" data-end=\"968\"><p data-start=\"953\" data-end=\"968\">Telefonnummer<\/p><\/li><li data-start=\"969\" data-end=\"987\"><p data-start=\"971\" data-end=\"987\">E-Mail-Adresse<\/p><\/li><li data-start=\"988\" data-end=\"1049\"><p data-start=\"990\" data-end=\"1049\">Bankverbindungsdaten (f\u00fcr Zahlungen und R\u00fcckerstattungen)<\/p><\/li><li data-start=\"1050\" data-end=\"1088\"><p data-start=\"1052\" data-end=\"1088\">Bestell- und Zahlungsinformationen<\/p><\/li><li data-start=\"1089\" data-end=\"1155\"><p data-start=\"1091\" data-end=\"1155\">Surfverhalten auf unserer Website (\u00fcber Cookies und Analytics)<\/p><\/li><li data-start=\"1156\" data-end=\"1194\"><p data-start=\"1158\" data-end=\"1194\">IP-Adresse und Ger\u00e4teinformationen<\/p><\/li><\/ul><hr data-start=\"1196\" data-end=\"1199\" \/><h3 data-start=\"1201\" data-end=\"1254\">3. Zweck der Verarbeitung personenbezogener Daten<\/h3><p data-start=\"1256\" data-end=\"1320\">Wir verwenden deine personenbezogenen Daten f\u00fcr folgende Zwecke:<\/p><ul data-start=\"1322\" data-end=\"1645\"><li data-start=\"1322\" data-end=\"1369\"><p data-start=\"1324\" data-end=\"1369\">Bearbeitung und Lieferung deiner Bestellung<\/p><\/li><li data-start=\"1370\" data-end=\"1398\"><p data-start=\"1372\" data-end=\"1398\">Abwicklung von Zahlungen<\/p><\/li><li data-start=\"1399\" data-end=\"1452\"><p data-start=\"1401\" data-end=\"1452\">Kommunikation \u00fcber deine Bestellung oder Anfragen<\/p><\/li><li data-start=\"1453\" data-end=\"1506\"><p data-start=\"1455\" data-end=\"1506\">Verbesserung unserer Website und Dienstleistungen<\/p><\/li><li data-start=\"1507\" data-end=\"1572\"><p data-start=\"1509\" data-end=\"1572\">Versand von Newslettern oder Angeboten (nur mit Einwilligung)<\/p><\/li><li data-start=\"1573\" data-end=\"1645\"><p data-start=\"1575\" data-end=\"1645\">Erf\u00fcllung gesetzlicher Pflichten (z. B. Buchhaltungs- und Steuerrecht)<\/p><\/li><\/ul><hr data-start=\"1647\" data-end=\"1650\" \/><h3 data-start=\"1652\" data-end=\"1692\">4. Rechtsgrundlagen der Verarbeitung<\/h3><p data-start=\"1694\" data-end=\"1785\">Wir verarbeiten deine personenbezogenen Daten auf Grundlage der folgenden Rechtsgrundlagen:<\/p><ul data-start=\"1787\" data-end=\"2058\"><li data-start=\"1787\" data-end=\"1853\"><p data-start=\"1789\" data-end=\"1853\"><strong data-start=\"1789\" data-end=\"1810\">Vertragserf\u00fcllung<\/strong> (z. B. zur Abwicklung deiner Bestellung)<\/p><\/li><li data-start=\"1854\" data-end=\"1910\"><p data-start=\"1856\" data-end=\"1910\"><strong data-start=\"1856\" data-end=\"1872\">Einwilligung<\/strong> (z. B. f\u00fcr Newsletter oder Cookies)<\/p><\/li><li data-start=\"1911\" data-end=\"1987\"><p data-start=\"1913\" data-end=\"1987\"><strong data-start=\"1913\" data-end=\"1942\">Gesetzliche Verpflichtung<\/strong> (z. B. steuerliche Aufbewahrungspflichten)<\/p><\/li><li data-start=\"1988\" data-end=\"2058\"><p data-start=\"1990\" data-end=\"2058\"><strong data-start=\"1990\" data-end=\"2016\">Berechtigtes Interesse<\/strong> (z. B. Website-Analyse und Kundenservice)<\/p><\/li><\/ul><hr data-start=\"2060\" data-end=\"2063\" \/><h3 data-start=\"2065\" data-end=\"2100\">5. Aufbewahrungsdauer der Daten<\/h3><p data-start=\"2102\" data-end=\"2210\">Wir speichern deine personenbezogenen Daten nur so lange, wie es f\u00fcr die jeweiligen Zwecke erforderlich ist.<\/p><ul data-start=\"2212\" data-end=\"2455\"><li data-start=\"2212\" data-end=\"2298\"><p data-start=\"2214\" data-end=\"2298\">Bestell- und Rechnungsdaten: <strong data-start=\"2243\" data-end=\"2254\">7 Jahre<\/strong> (gem\u00e4\u00df steuerlicher Aufbewahrungspflicht)<\/p><\/li><li data-start=\"2299\" data-end=\"2350\"><p data-start=\"2301\" data-end=\"2350\">Kontaktanfragen und Angebote: <strong data-start=\"2331\" data-end=\"2348\">bis zu 1 Jahr<\/strong><\/p><\/li><li data-start=\"2351\" data-end=\"2394\"><p data-start=\"2353\" data-end=\"2394\">Newsletter-Daten: <strong data-start=\"2371\" data-end=\"2392\">bis zur Abmeldung<\/strong><\/p><\/li><li data-start=\"2395\" data-end=\"2455\"><p data-start=\"2397\" data-end=\"2455\">Cookies und Analytics: <strong data-start=\"2420\" data-end=\"2455\">gem\u00e4\u00df unserer Cookie-Richtlinie<\/strong><\/p><\/li><\/ul><hr data-start=\"2457\" data-end=\"2460\" \/><h3 data-start=\"2462\" data-end=\"2513\">6. Weitergabe personenbezogener Daten an Dritte<\/h3><p data-start=\"2515\" data-end=\"2644\">Wir geben deine personenbezogenen Daten nur dann an Dritte weiter, wenn dies f\u00fcr unsere Dienstleistungen erforderlich ist, z. B.:<\/p><ul data-start=\"2646\" data-end=\"2826\"><li data-start=\"2646\" data-end=\"2689\"><p data-start=\"2648\" data-end=\"2689\"><strong data-start=\"2648\" data-end=\"2665\">Lieferdienste<\/strong> (f\u00fcr M\u00f6belzustellung)<\/p><\/li><li data-start=\"2690\" data-end=\"2749\"><p data-start=\"2692\" data-end=\"2749\"><strong data-start=\"2692\" data-end=\"2717\">Zahlungsdienstleister<\/strong> (z. B. iDEAL, Mollie, PayPal)<\/p><\/li><li data-start=\"2750\" data-end=\"2789\"><p data-start=\"2752\" data-end=\"2789\"><strong data-start=\"2752\" data-end=\"2787\">Webhosting- und E-Mail-Anbieter<\/strong><\/p><\/li><li data-start=\"2790\" data-end=\"2826\"><p data-start=\"2792\" data-end=\"2826\"><strong data-start=\"2792\" data-end=\"2826\">Buchhaltungs- oder Steuerb\u00fcros<\/strong><\/p><\/li><\/ul><p data-start=\"2828\" data-end=\"2932\">Mit allen diesen Parteien bestehen <strong data-start=\"2863\" data-end=\"2896\">Auftragsverarbeitungsvertr\u00e4ge<\/strong>, um deine Privatsph\u00e4re zu sch\u00fctzen.<\/p><hr data-start=\"2934\" data-end=\"2937\" \/><h3 data-start=\"2939\" data-end=\"2979\">7. Cookies und \u00e4hnliche Technologien<\/h3><p data-start=\"2981\" data-end=\"3240\">Vechtdal Meubels verwendet funktionale, analytische und (optional) Tracking-Cookies.<br data-start=\"3065\" data-end=\"3068\" \/>Beim ersten Besuch unserer Website informieren wir dich dar\u00fcber und bitten um deine Zustimmung.<br data-start=\"3163\" data-end=\"3166\" \/>Du kannst deine Cookie-Einstellungen jederzeit \u00fcber deinen Browser \u00e4ndern.<\/p><p data-start=\"3242\" data-end=\"3308\">Weitere Informationen findest du in unserer <strong data-start=\"3286\" data-end=\"3307\">Cookie-Richtlinie<\/strong>.<\/p><hr data-start=\"3310\" data-end=\"3313\" \/><h3 data-start=\"3315\" data-end=\"3371\">8. Einsicht, Berichtigung oder L\u00f6schung deiner Daten<\/h3><p data-start=\"3373\" data-end=\"3391\">Du hast das Recht:<\/p><ul data-start=\"3393\" data-end=\"3571\"><li data-start=\"3393\" data-end=\"3450\"><p data-start=\"3395\" data-end=\"3450\">Einsicht in deine personenbezogenen Daten zu erhalten<\/p><\/li><li data-start=\"3451\" data-end=\"3494\"><p data-start=\"3453\" data-end=\"3494\">Berichtigung oder L\u00f6schung zu verlangen<\/p><\/li><li data-start=\"3495\" data-end=\"3532\"><p data-start=\"3497\" data-end=\"3532\">Der Verarbeitung zu widersprechen<\/p><\/li><li data-start=\"3533\" data-end=\"3571\"><p data-start=\"3535\" data-end=\"3571\">Daten\u00fcbertragbarkeit zu beantragen<\/p><\/li><\/ul><p data-start=\"3573\" data-end=\"3677\">Sende dazu bitte eine E-Mail an <strong data-start=\"3605\" data-end=\"3632\"><a class=\"decorated-link cursor-pointer\" rel=\"noopener\" data-start=\"3607\" data-end=\"3630\">info@vechtdalmeubels.nl<\/a><\/strong>.<br data-start=\"3633\" data-end=\"3636\" \/>Wir reagieren innerhalb von <strong data-start=\"3664\" data-end=\"3676\">30 Tagen<\/strong>.<\/p><hr data-start=\"3679\" data-end=\"3682\" \/><h3 data-start=\"3684\" data-end=\"3725\">9. Sicherheit personenbezogener Daten<\/h3><p data-start=\"3727\" data-end=\"4009\">Vechtdal Meubels trifft angemessene technische und organisatorische Ma\u00dfnahmen, um Missbrauch, Verlust, unbefugten Zugriff, unerw\u00fcnschte Offenlegung oder \u00c4nderung deiner personenbezogenen Daten zu verhindern.<br data-start=\"3934\" data-end=\"3937\" \/>Unsere Website verwendet <strong data-start=\"3962\" data-end=\"3989\">SSL-Zertifikate (https)<\/strong> und sichere Server.<\/p><hr data-start=\"4011\" data-end=\"4014\" \/><h3 data-start=\"4016\" data-end=\"4035\">10. Beschwerden<\/h3><p data-start=\"4037\" data-end=\"4417\">Wenn du mit der Art und Weise, wie wir mit deinen Daten umgehen, nicht zufrieden bist, kontaktiere uns bitte unter <strong data-start=\"4152\" data-end=\"4179\"><a class=\"decorated-link cursor-pointer\" rel=\"noopener\" data-start=\"4154\" data-end=\"4177\">info@vechtdalmeubels.nl<\/a><\/strong>.<br data-start=\"4180\" data-end=\"4183\" \/>Sollte keine Einigung erzielt werden, kannst du eine Beschwerde bei der <strong data-start=\"4255\" data-end=\"4324\">niederl\u00e4ndischen Datenschutzbeh\u00f6rde (Autoriteit Persoonsgegevens)<\/strong> einreichen:<br data-start=\"4336\" data-end=\"4339\" \/><a class=\"decorated-link cursor-pointer\" target=\"_new\" rel=\"noopener\" data-start=\"4339\" data-end=\"4417\">www.autoriteitpersoonsgegevens.nl<\/a><\/p><hr data-start=\"4419\" data-end=\"4422\" \/><h3 data-start=\"4424\" data-end=\"4442\">11. \u00c4nderungen<\/h3><p data-start=\"4444\" data-end=\"4659\">Vechtdal Meubels kann diese Datenschutzerkl\u00e4rung von Zeit zu Zeit \u00e4ndern.<\/p><\/header><div class=\"entry-content\"><p>\u00a0<\/p><\/div><\/header>\t\t\t\t\t\t\t\t<\/div>\n\t\t\t\t<\/div>\n\t\t\t\t\t<\/div>\n\t\t\t\t<\/div>\n\t\t\t\t<\/div>\n\t\t","protected":false},"excerpt":{"rendered":"<p>Datenschutz\u00aderkl\u00e4rung \u2013 Vechtdal Meubels Zuletzt aktualisiert: [Datum einf\u00fcgen] 1. Wer wir sind Vechtdal MeubelsWebsite: www.vechtdalmeubels.nlE-Mail: info@vechtdalmeubels.nlTelefon: +31 85 060 4592Adresse: 7603 TJHandelskammer (KvK)-Nummer: 85444693 Vechtdal Meubels ist f\u00fcr die Verarbeitung personenbezogener Daten verantwortlich, wie in dieser Datenschutzerkl\u00e4rung beschrieben. 2. Welche personenbezogenen Daten wir verarbeiten Wir verarbeiten die folgenden personenbezogenen Daten von unseren Kunden und Website-Besuchern: [&hellip;]<\/p>\n","protected":false},"author":1,"featured_media":0,"parent":0,"menu_order":0,"comment_status":"closed","ping_status":"closed","template":"","meta":{"_acf_changed":false,"footnotes":""},"class_list":["post-4196","page","type-page","status-publish","hentry"],"acf":[],"yoast_head":"<!-- This site is optimized with the Yoast SEO plugin v27.5 - https:\/\/yoast.com\/product\/yoast-seo-wordpress\/ -->\n<title>Datenschutzerkl\u00e4rung | Bekijk hier | Vechtdal Meubels<\/title>\n<meta name=\"description\" content=\"Meer weten over onze meubels? Neem dan contact met ons op, wij helpen je graag! \u2713 Kwaliteit aanbod!\" \/>\n<meta name=\"robots\" content=\"index, follow, max-snippet:-1, max-image-preview:large, max-video-preview:-1\" \/>\n<meta property=\"og:locale\" content=\"de_DE\" \/>\n<meta property=\"og:type\" content=\"article\" \/>\n<meta property=\"og:title\" content=\"Datenschutzerkl\u00e4rung | Bekijk hier | Vechtdal Meubels\" \/>\n<meta property=\"og:description\" content=\"Meer weten over onze meubels? Neem dan contact met ons op, wij helpen je graag! \u2713 Kwaliteit aanbod!\" \/>\n<meta property=\"og:url\" content=\"https:\/\/www.vechtdalmeubels.nl\/privacy-statement\/\" \/>\n<meta property=\"og:site_name\" content=\"Vechtdal Meubels\" \/>\n<meta property=\"article:modified_time\" content=\"2025-10-21T12:19:27+00:00\" \/>\n<meta property=\"og:image\" content=\"https:\/\/www.vechtdalmeubels.nl\/wp-content\/uploads\/2024\/12\/Rectangle-2-4.jpg\" \/>\n\t<meta property=\"og:image:width\" content=\"818\" \/>\n\t<meta property=\"og:image:height\" content=\"600\" \/>\n\t<meta property=\"og:image:type\" content=\"image\/jpeg\" \/>\n<meta name=\"twitter:card\" content=\"summary_large_image\" \/>\n<!-- \/ Yoast SEO plugin. -->","yoast_head_json":{"title":"Datenschutzerkl\u00e4rung | Bekijk hier | Vechtdal Meubels","description":"Meer weten over onze meubels? Neem dan contact met ons op, wij helpen je graag! \u2713 Kwaliteit aanbod!","robots":{"index":"index","follow":"follow","max-snippet":"max-snippet:-1","max-image-preview":"max-image-preview:large","max-video-preview":"max-video-preview:-1"},"og_locale":"de_DE","og_type":"article","og_title":"Datenschutzerkl\u00e4rung | Bekijk hier | Vechtdal Meubels","og_description":"Meer weten over onze meubels? Neem dan contact met ons op, wij helpen je graag! \u2713 Kwaliteit aanbod!","og_url":"https:\/\/www.vechtdalmeubels.nl\/privacy-statement\/","og_site_name":"Vechtdal Meubels","article_modified_time":"2025-10-21T12:19:27+00:00","og_image":[{"width":818,"height":600,"url":"https:\/\/www.vechtdalmeubels.nl\/wp-content\/uploads\/2024\/12\/Rectangle-2-4.jpg","type":"image\/jpeg"}],"twitter_card":"summary_large_image","schema":{"@context":"https:\/\/schema.org","@graph":[{"@type":"WebPage","@id":"https:\/\/www.vechtdalmeubels.nl\/privacy-statement\/","url":"https:\/\/www.vechtdalmeubels.nl\/privacy-statement\/","name":"Datenschutzerkl\u00e4rung | Bekijk hier | Vechtdal Meubels","isPartOf":{"@id":"https:\/\/www.vechtdalmeubels.nl\/#website"},"datePublished":"2024-12-13T10:38:02+00:00","dateModified":"2025-10-21T12:19:27+00:00","description":"Meer weten over onze meubels? Neem dan contact met ons op, wij helpen je graag! \u2713 Kwaliteit aanbod!","breadcrumb":{"@id":"https:\/\/www.vechtdalmeubels.nl\/privacy-statement\/#breadcrumb"},"inLanguage":"de","potentialAction":[{"@type":"ReadAction","target":["https:\/\/www.vechtdalmeubels.nl\/privacy-statement\/"]}]},{"@type":"BreadcrumbList","@id":"https:\/\/www.vechtdalmeubels.nl\/privacy-statement\/#breadcrumb","itemListElement":[{"@type":"ListItem","position":1,"name":"Home","item":"https:\/\/www.vechtdalmeubels.nl\/de\/startseite\/"},{"@type":"ListItem","position":2,"name":"Datenschutzerkl\u00e4rung"}]},{"@type":"WebSite","@id":"https:\/\/www.vechtdalmeubels.nl\/#website","url":"https:\/\/www.vechtdalmeubels.nl\/","name":"Vechtdal Meubels","description":"","publisher":{"@id":"https:\/\/www.vechtdalmeubels.nl\/#organization"},"potentialAction":[{"@type":"SearchAction","target":{"@type":"EntryPoint","urlTemplate":"https:\/\/www.vechtdalmeubels.nl\/?s={search_term_string}"},"query-input":{"@type":"PropertyValueSpecification","valueRequired":true,"valueName":"search_term_string"}}],"inLanguage":"de"},{"@type":"Organization","@id":"https:\/\/www.vechtdalmeubels.nl\/#organization","name":"Vechtdal Meubels","alternateName":"Vechtdal Meubels","url":"https:\/\/www.vechtdalmeubels.nl\/","logo":{"@type":"ImageObject","inLanguage":"de","@id":"https:\/\/www.vechtdalmeubels.nl\/#\/schema\/logo\/image\/","url":"https:\/\/www.vechtdalmeubels.nl\/wp-content\/uploads\/2024\/11\/Logo-vechtdal-v2.svg","contentUrl":"https:\/\/www.vechtdalmeubels.nl\/wp-content\/uploads\/2024\/11\/Logo-vechtdal-v2.svg","caption":"Vechtdal Meubels"},"image":{"@id":"https:\/\/www.vechtdalmeubels.nl\/#\/schema\/logo\/image\/"}}]}},"_links":{"self":[{"href":"https:\/\/www.vechtdalmeubels.nl\/de\/wp-json\/wp\/v2\/pages\/4196","targetHints":{"allow":["GET"]}}],"collection":[{"href":"https:\/\/www.vechtdalmeubels.nl\/de\/wp-json\/wp\/v2\/pages"}],"about":[{"href":"https:\/\/www.vechtdalmeubels.nl\/de\/wp-json\/wp\/v2\/types\/page"}],"author":[{"embeddable":true,"href":"https:\/\/www.vechtdalmeubels.nl\/de\/wp-json\/wp\/v2\/users\/1"}],"replies":[{"embeddable":true,"href":"https:\/\/www.vechtdalmeubels.nl\/de\/wp-json\/wp\/v2\/comments?post=4196"}],"version-history":[{"count":0,"href":"https:\/\/www.vechtdalmeubels.nl\/de\/wp-json\/wp\/v2\/pages\/4196\/revisions"}],"wp:attachment":[{"href":"https:\/\/www.vechtdalmeubels.nl\/de\/wp-json\/wp\/v2\/media?parent=4196"}],"curies":[{"name":"wp","href":"https:\/\/api.w.org\/{rel}","templated":true}]}}