{"id":4209,"date":"2024-11-29T13:53:34","date_gmt":"2024-11-29T12:53:34","guid":{"rendered":"https:\/\/www.vechtdalmeubels.nl\/ruecksendungen\/"},"modified":"2025-08-15T12:53:09","modified_gmt":"2025-08-15T10:53:09","slug":"ruecksendungen","status":"publish","type":"page","link":"https:\/\/www.vechtdalmeubels.nl\/de\/ruecksendungen\/","title":{"rendered":"R\u00fccksendungen"},"content":{"rendered":"\t\t<div data-elementor-type=\"wp-page\" data-elementor-id=\"4209\" class=\"elementor elementor-4209 elementor-45\" data-elementor-post-type=\"page\">\n\t\t\t\t<div class=\"elementor-element elementor-element-3547666 e-flex e-con-boxed e-con e-parent\" data-id=\"3547666\" data-element_type=\"container\" data-e-type=\"container\">\n\t\t\t\t\t<div class=\"e-con-inner\">\n\t\t\t\t<div class=\"elementor-element elementor-element-9812670 elementor-widget elementor-widget-text-editor\" data-id=\"9812670\" data-element_type=\"widget\" data-e-type=\"widget\" data-widget_type=\"text-editor.default\">\n\t\t\t\t<div class=\"elementor-widget-container\">\n\t\t\t\t\t\t\t\t\t<header class=\"entry-header\">\n<header class=\"entry-header\">\n<h1>R\u00fccksendungen<\/h1>\n<h2><span style=\"color: var( --e-global-color-primary ); font-family: var( --e-global-typography-primary-font-family ), Sans-serif; font-size: var( --e-global-typography-primary-font-size ); font-weight: var( --e-global-typography-primary-font-weight ); text-align: var(--text-align);\">Es kann vorkommen, dass Sie eine Bestellung zur\u00fccksenden m\u00f6chten. Vielleicht weil Ihnen das Produkt doch nicht gef\u00e4llt oder es einen anderen Grund gibt, warum Sie die Bestellung doch nicht behalten m\u00f6chten. Was auch immer der Grund ist, Sie haben das Recht, Ihre Bestellung innerhalb von 14 Tagen nach Erhalt ohne Angabe von Gr\u00fcnden zu stornieren.  <\/span><\/h2>\n<p>Nach der Stornierung haben Sie weitere 14 Tage Zeit, Ihr Produkt zur\u00fcckzusenden. Sie erhalten dann den vollen Bestellbetrag exklusive Versandkosten gutgeschrieben. Die Kosten f\u00fcr die R\u00fccksendung von Ihnen nach Hause an den Webshop gehen zu Ihren Lasten. Kontaktieren Sie uns, wenn wir Sie dabei unterst\u00fctzen sollen; Sie sind selbst f\u00fcr die R\u00fccksendung verantwortlich. Wenn Sie Ihr Widerrufsrecht in Anspruch nehmen, muss das Produkt mit allem gelieferten Zubeh\u00f6r und \u2013 sofern zumutbar \u2013 im Originalzustand und in der Originalverpackung an den Unternehmer zur\u00fcckgesandt werden. Um dieses Recht in Anspruch zu nehmen, kontaktieren Sie uns bitte unter info@vechtdalmeubels.nl. Wir werden Ihnen dann den geschuldeten Bestellbetrag innerhalb von 14 Tagen nach Anmeldung Ihrer R\u00fccksendung zur\u00fcckerstatten, sofern das Produkt bereits in einwandfreiem Zustand zur\u00fcckerhalten wurde.      <\/p>\n<p>Sollte das Produkt besch\u00e4digt oder die Verpackung st\u00e4rker besch\u00e4digt sein, als es zur Pr\u00fcfung des Produkts notwendig ist, k\u00f6nnen wir Ihnen diese Wertminderung des Produkts in Rechnung stellen. Behandeln Sie das Produkt daher mit Sorgfalt und stellen Sie sicher, dass es bei einer R\u00fccksendung gut verpackt ist. Sie sind selbst f\u00fcr die R\u00fccksendung der Produkte an das Unternehmen verantwortlich.  <\/p>\n<h3>Produkt umtauschen?<\/h3>\n<p>M\u00f6chten Sie Ihr Produkt umtauschen? Das ist \u00fcberhaupt kein Problem. Daf\u00fcr k\u00f6nnen Sie uns unter info@vechtdalmeubels.nl kontaktieren. Die Kosten f\u00fcr die R\u00fccksendung des Produkts tragen Sie jedoch selbst.\u201c   <\/p>\n<h3>Ich habe eine falsche Lieferadresse angegeben!<\/h3>\n<p>Versehentlich eine falsche Lieferadresse angegeben? Dann kontaktieren Sie uns bitte so schnell wie m\u00f6glich. Wir versuchen dann, die Bestellung noch f\u00fcr Sie zu \u00e4ndern.  <\/p>\n<\/header>\n<\/header>\t\t\t\t\t\t\t\t<\/div>\n\t\t\t\t<\/div>\n\t\t\t\t\t<\/div>\n\t\t\t\t<\/div>\n\t\t\t\t<\/div>\n\t\t","protected":false},"excerpt":{"rendered":"<p>R\u00fccksendungen Es kann vorkommen, dass Sie eine Bestellung zur\u00fccksenden m\u00f6chten. Vielleicht weil Ihnen das Produkt doch nicht gef\u00e4llt oder es einen anderen Grund gibt, warum Sie die Bestellung doch nicht behalten m\u00f6chten. Was auch immer der Grund ist, Sie haben das Recht, Ihre Bestellung innerhalb von 14 Tagen nach Erhalt ohne Angabe von Gr\u00fcnden zu [&hellip;]<\/p>\n","protected":false},"author":1,"featured_media":0,"parent":0,"menu_order":0,"comment_status":"closed","ping_status":"closed","template":"","meta":{"_acf_changed":false,"footnotes":""},"class_list":["post-4209","page","type-page","status-publish","hentry"],"acf":[],"yoast_head":"<!-- This site is optimized with the Yoast SEO plugin v27.5 - https:\/\/yoast.com\/product\/yoast-seo-wordpress\/ -->\n<title>R\u00fccksendungen | Hier ansehen | Vechtdal Meubels<\/title>\n<meta name=\"description\" content=\"Meer weten over onze meubels? Neem dan contact met ons op, wij helpen je graag! \u2713 Kwaliteit aanbod!\" \/>\n<meta name=\"robots\" content=\"index, follow, max-snippet:-1, max-image-preview:large, max-video-preview:-1\" \/>\n<meta property=\"og:locale\" content=\"de_DE\" \/>\n<meta property=\"og:type\" content=\"article\" \/>\n<meta property=\"og:title\" content=\"R\u00fccksendungen | Hier ansehen | Vechtdal Meubels\" \/>\n<meta property=\"og:description\" content=\"Meer weten over onze meubels? Neem dan contact met ons op, wij helpen je graag! \u2713 Kwaliteit aanbod!\" \/>\n<meta property=\"og:url\" content=\"https:\/\/www.vechtdalmeubels.nl\/retourneren\/\" \/>\n<meta property=\"og:site_name\" content=\"Vechtdal Meubels\" \/>\n<meta property=\"article:modified_time\" content=\"2025-08-15T10:53:09+00:00\" \/>\n<meta property=\"og:image\" content=\"https:\/\/www.vechtdalmeubels.nl\/wp-content\/uploads\/2024\/12\/Rectangle-2-4.jpg\" \/>\n\t<meta property=\"og:image:width\" content=\"818\" \/>\n\t<meta property=\"og:image:height\" content=\"600\" \/>\n\t<meta property=\"og:image:type\" content=\"image\/jpeg\" \/>\n<meta name=\"twitter:card\" content=\"summary_large_image\" \/>\n<!-- \/ Yoast SEO plugin. -->","yoast_head_json":{"title":"R\u00fccksendungen | Hier ansehen | Vechtdal Meubels","description":"Meer weten over onze meubels? Neem dan contact met ons op, wij helpen je graag! \u2713 Kwaliteit aanbod!","robots":{"index":"index","follow":"follow","max-snippet":"max-snippet:-1","max-image-preview":"max-image-preview:large","max-video-preview":"max-video-preview:-1"},"og_locale":"de_DE","og_type":"article","og_title":"R\u00fccksendungen | Hier ansehen | Vechtdal Meubels","og_description":"Meer weten over onze meubels? Neem dan contact met ons op, wij helpen je graag! \u2713 Kwaliteit aanbod!","og_url":"https:\/\/www.vechtdalmeubels.nl\/retourneren\/","og_site_name":"Vechtdal Meubels","article_modified_time":"2025-08-15T10:53:09+00:00","og_image":[{"width":818,"height":600,"url":"https:\/\/www.vechtdalmeubels.nl\/wp-content\/uploads\/2024\/12\/Rectangle-2-4.jpg","type":"image\/jpeg"}],"twitter_card":"summary_large_image","schema":{"@context":"https:\/\/schema.org","@graph":[{"@type":"WebPage","@id":"https:\/\/www.vechtdalmeubels.nl\/retourneren\/","url":"https:\/\/www.vechtdalmeubels.nl\/retourneren\/","name":"R\u00fccksendungen | Hier ansehen | Vechtdal Meubels","isPartOf":{"@id":"https:\/\/www.vechtdalmeubels.nl\/#website"},"datePublished":"2024-11-29T12:53:34+00:00","dateModified":"2025-08-15T10:53:09+00:00","description":"Meer weten over onze meubels? Neem dan contact met ons op, wij helpen je graag! \u2713 Kwaliteit aanbod!","breadcrumb":{"@id":"https:\/\/www.vechtdalmeubels.nl\/retourneren\/#breadcrumb"},"inLanguage":"de","potentialAction":[{"@type":"ReadAction","target":["https:\/\/www.vechtdalmeubels.nl\/retourneren\/"]}]},{"@type":"BreadcrumbList","@id":"https:\/\/www.vechtdalmeubels.nl\/retourneren\/#breadcrumb","itemListElement":[{"@type":"ListItem","position":1,"name":"Home","item":"https:\/\/www.vechtdalmeubels.nl\/de\/startseite\/"},{"@type":"ListItem","position":2,"name":"R\u00fccksendungen"}]},{"@type":"WebSite","@id":"https:\/\/www.vechtdalmeubels.nl\/#website","url":"https:\/\/www.vechtdalmeubels.nl\/","name":"Vechtdal Meubels","description":"","publisher":{"@id":"https:\/\/www.vechtdalmeubels.nl\/#organization"},"potentialAction":[{"@type":"SearchAction","target":{"@type":"EntryPoint","urlTemplate":"https:\/\/www.vechtdalmeubels.nl\/?s={search_term_string}"},"query-input":{"@type":"PropertyValueSpecification","valueRequired":true,"valueName":"search_term_string"}}],"inLanguage":"de"},{"@type":"Organization","@id":"https:\/\/www.vechtdalmeubels.nl\/#organization","name":"Vechtdal Meubels","alternateName":"Vechtdal Meubels","url":"https:\/\/www.vechtdalmeubels.nl\/","logo":{"@type":"ImageObject","inLanguage":"de","@id":"https:\/\/www.vechtdalmeubels.nl\/#\/schema\/logo\/image\/","url":"https:\/\/www.vechtdalmeubels.nl\/wp-content\/uploads\/2024\/11\/Logo-vechtdal-v2.svg","contentUrl":"https:\/\/www.vechtdalmeubels.nl\/wp-content\/uploads\/2024\/11\/Logo-vechtdal-v2.svg","caption":"Vechtdal Meubels"},"image":{"@id":"https:\/\/www.vechtdalmeubels.nl\/#\/schema\/logo\/image\/"}}]}},"_links":{"self":[{"href":"https:\/\/www.vechtdalmeubels.nl\/de\/wp-json\/wp\/v2\/pages\/4209","targetHints":{"allow":["GET"]}}],"collection":[{"href":"https:\/\/www.vechtdalmeubels.nl\/de\/wp-json\/wp\/v2\/pages"}],"about":[{"href":"https:\/\/www.vechtdalmeubels.nl\/de\/wp-json\/wp\/v2\/types\/page"}],"author":[{"embeddable":true,"href":"https:\/\/www.vechtdalmeubels.nl\/de\/wp-json\/wp\/v2\/users\/1"}],"replies":[{"embeddable":true,"href":"https:\/\/www.vechtdalmeubels.nl\/de\/wp-json\/wp\/v2\/comments?post=4209"}],"version-history":[{"count":0,"href":"https:\/\/www.vechtdalmeubels.nl\/de\/wp-json\/wp\/v2\/pages\/4209\/revisions"}],"wp:attachment":[{"href":"https:\/\/www.vechtdalmeubels.nl\/de\/wp-json\/wp\/v2\/media?parent=4209"}],"curies":[{"name":"wp","href":"https:\/\/api.w.org\/{rel}","templated":true}]}}