{"id":10607,"date":"2026-04-16T14:57:51","date_gmt":"2026-04-16T12:57:51","guid":{"rendered":"https:\/\/www.vechtdalmeubels.nl\/?post_type=product&#038;p=10607"},"modified":"2026-04-16T15:46:56","modified_gmt":"2026-04-16T13:46:56","slug":"loungesessel-lora-creme-teddy-kopie-kopie","status":"publish","type":"product","link":"https:\/\/www.vechtdalmeubels.nl\/de\/produkt\/loungesessel-lora-creme-teddy-kopie-kopie\/","title":{"rendered":"Loungesessel Dunya | Braun | Beige"},"content":{"rendered":"<p data-start=\"84\" data-end=\"105\"><strong data-start=\"84\" data-end=\"105\">Loungesessel Dunya<\/strong><\/p>\n<p data-start=\"107\" data-end=\"372\">Bringen Sie Ruhe und Raffinesse in Ihre Einrichtung mit dem Loungesessel Dunya. Dieser elegante Sessel kombiniert zeitloses Design mit optimalem Komfort. Die weiche, graue Polsterung bildet einen sch\u00f6nen Kontrast zum naturbelassenen Eichenholz, was f\u00fcr eine warme und moderne Ausstrahlung sorgt. Das stabile Gestell ist aus Eichenholz mit einer hochwertigen Furnierschicht gefertigt. Dank der komfortablen Sitzfl\u00e4che und der leicht nach hinten geneigten R\u00fcckenlehne ist Dunya der perfekte Ort zum Entspannen.    <\/p>\n<p data-start=\"654\" data-end=\"896\">Mit seinen kompakten Ma\u00dfen von 740 x 870 x 820 mm passt dieser Loungesessel m\u00fchelos in sowohl kleinere als auch gr\u00f6\u00dfere R\u00e4ume. Zudem ist Dunya in verschiedenen Holz- und Stofffarben erh\u00e4ltlich, sodass Sie ihn vollst\u00e4ndig auf Ihre Einrichtung abstimmen k\u00f6nnen. <\/p>\n<p><strong>Produkteigenschaften:<\/strong><br \/>\nMaterial: Eichenholz mit Furnier und Stoff<br \/>\nMa\u00dfe (BxTxH): 74 x 87 x 82 cm<\/p>\n<p style=\"font-weight: 400;\">Loungesessel liefern wir in die gesamten Niederlande. Wenn Sie einen Tisch im Ausland erhalten m\u00f6chten, nehmen Sie bitte Kontakt mit uns auf.<\/p>\n<p><strong>Kauf auf Rechnung ist \u00fcber Klarna m\u00f6glich. <\/strong><\/p>\n","protected":false},"excerpt":{"rendered":"<p>Ein stilvoller Blickfang, der Komfort und Design nahtlos vereint.<\/p>\n","protected":false},"featured_media":10622,"comment_status":"closed","ping_status":"closed","template":"","meta":{"_acf_changed":false},"product_brand":[],"product_cat":[285,605,603,604,283],"product_tag":[],"class_list":{"0":"post-10607","1":"product","2":"type-product","3":"status-publish","4":"has-post-thumbnail","6":"product_cat-japandi-esszimmerstuhle","7":"product_cat-japandi-mobel","8":"product_cat-skandinavische-esszimmerstuhle","9":"product_cat-skandinavische-mobel","10":"product_cat-stuhle","12":"first","13":"onbackorder","14":"sale","15":"taxable","16":"shipping-taxable","17":"purchasable","18":"product-type-simple"},"acf":[],"yoast_head":"<!-- This site is optimized with the Yoast SEO plugin v27.3 - https:\/\/yoast.com\/product\/yoast-seo-wordpress\/ -->\n<title>Loungesessel Dunya | Braun | Beige | Vechtdal Meubels<\/title>\n<meta name=\"description\" content=\"Loungesessel Dunya | Braun | Beige kopen? Wij zijn de goedkoopste op de markt! \u2713 14 dagen bedenktijd! \u2713 Bestel nu!\" \/>\n<meta name=\"robots\" content=\"index, follow, max-snippet:-1, max-image-preview:large, max-video-preview:-1\" \/>\n<meta property=\"og:locale\" content=\"de_DE\" \/>\n<meta property=\"og:type\" content=\"article\" \/>\n<meta property=\"og:title\" content=\"Loungesessel Dunya | Braun | Beige | Vechtdal Meubels\" \/>\n<meta property=\"og:description\" content=\"Loungesessel Dunya | Braun | Beige kopen? Wij zijn de goedkoopste op de markt! \u2713 14 dagen bedenktijd! \u2713 Bestel nu!\" \/>\n<meta property=\"og:url\" content=\"https:\/\/www.vechtdalmeubels.nl\/de\/produkt\/loungesessel-lora-creme-teddy-kopie-kopie\/\" \/>\n<meta property=\"og:site_name\" content=\"Vechtdal Meubels\" \/>\n<meta property=\"article:modified_time\" content=\"2026-04-16T13:46:56+00:00\" \/>\n<meta property=\"og:image\" content=\"https:\/\/www.vechtdalmeubels.nl\/wp-content\/uploads\/2026\/04\/DSC_4264-1-scaled.jpg\" \/>\n\t<meta property=\"og:image:width\" content=\"1707\" \/>\n\t<meta property=\"og:image:height\" content=\"2560\" \/>\n\t<meta property=\"og:image:type\" content=\"image\/jpeg\" \/>\n<meta name=\"twitter:card\" content=\"summary_large_image\" \/>\n<!-- \/ Yoast SEO plugin. -->","yoast_head_json":{"title":"Loungesessel Dunya | Braun | Beige | Vechtdal Meubels","description":"Loungesessel Dunya | Braun | Beige kopen? Wij zijn de goedkoopste op de markt! \u2713 14 dagen bedenktijd! \u2713 Bestel nu!","robots":{"index":"index","follow":"follow","max-snippet":"max-snippet:-1","max-image-preview":"max-image-preview:large","max-video-preview":"max-video-preview:-1"},"og_locale":"de_DE","og_type":"article","og_title":"Loungesessel Dunya | Braun | Beige | Vechtdal Meubels","og_description":"Loungesessel Dunya | Braun | Beige kopen? Wij zijn de goedkoopste op de markt! \u2713 14 dagen bedenktijd! \u2713 Bestel nu!","og_url":"https:\/\/www.vechtdalmeubels.nl\/de\/produkt\/loungesessel-lora-creme-teddy-kopie-kopie\/","og_site_name":"Vechtdal Meubels","article_modified_time":"2026-04-16T13:46:56+00:00","og_image":[{"width":1707,"height":2560,"url":"https:\/\/www.vechtdalmeubels.nl\/wp-content\/uploads\/2026\/04\/DSC_4264-1-scaled.jpg","type":"image\/jpeg"}],"twitter_card":"summary_large_image","schema":{"@context":"https:\/\/schema.org","@graph":[{"@type":"WebPage","@id":"https:\/\/www.vechtdalmeubels.nl\/de\/produkt\/loungesessel-lora-creme-teddy-kopie-kopie\/","url":"https:\/\/www.vechtdalmeubels.nl\/de\/produkt\/loungesessel-lora-creme-teddy-kopie-kopie\/","name":"Loungesessel Dunya | Braun | Beige | Vechtdal Meubels","isPartOf":{"@id":"https:\/\/www.vechtdalmeubels.nl\/#website"},"primaryImageOfPage":{"@id":"https:\/\/www.vechtdalmeubels.nl\/de\/produkt\/loungesessel-lora-creme-teddy-kopie-kopie\/#primaryimage"},"image":{"@id":"https:\/\/www.vechtdalmeubels.nl\/de\/produkt\/loungesessel-lora-creme-teddy-kopie-kopie\/#primaryimage"},"thumbnailUrl":"https:\/\/www.vechtdalmeubels.nl\/wp-content\/uploads\/2026\/04\/DSC_4264-1-scaled.jpg","datePublished":"2026-04-16T12:57:51+00:00","dateModified":"2026-04-16T13:46:56+00:00","description":"Loungesessel Dunya | Braun | Beige kopen? Wij zijn de goedkoopste op de markt! \u2713 14 dagen bedenktijd! \u2713 Bestel nu!","breadcrumb":{"@id":"https:\/\/www.vechtdalmeubels.nl\/de\/produkt\/loungesessel-lora-creme-teddy-kopie-kopie\/#breadcrumb"},"inLanguage":"de","potentialAction":[{"@type":"ReadAction","target":["https:\/\/www.vechtdalmeubels.nl\/de\/produkt\/loungesessel-lora-creme-teddy-kopie-kopie\/"]}]},{"@type":"ImageObject","inLanguage":"de","@id":"https:\/\/www.vechtdalmeubels.nl\/de\/produkt\/loungesessel-lora-creme-teddy-kopie-kopie\/#primaryimage","url":"https:\/\/www.vechtdalmeubels.nl\/wp-content\/uploads\/2026\/04\/DSC_4264-1-scaled.jpg","contentUrl":"https:\/\/www.vechtdalmeubels.nl\/wp-content\/uploads\/2026\/04\/DSC_4264-1-scaled.jpg","width":1707,"height":2560},{"@type":"BreadcrumbList","@id":"https:\/\/www.vechtdalmeubels.nl\/de\/produkt\/loungesessel-lora-creme-teddy-kopie-kopie\/#breadcrumb","itemListElement":[{"@type":"ListItem","position":1,"name":"Home","item":"https:\/\/www.vechtdalmeubels.nl\/de\/startseite\/"},{"@type":"ListItem","position":2,"name":"Shop","item":"https:\/\/www.vechtdalmeubels.nl\/winkel\/"},{"@type":"ListItem","position":3,"name":"Loungesessel Dunya | Braun | Beige"}]},{"@type":"WebSite","@id":"https:\/\/www.vechtdalmeubels.nl\/#website","url":"https:\/\/www.vechtdalmeubels.nl\/","name":"Vechtdal Meubels","description":"","publisher":{"@id":"https:\/\/www.vechtdalmeubels.nl\/#organization"},"potentialAction":[{"@type":"SearchAction","target":{"@type":"EntryPoint","urlTemplate":"https:\/\/www.vechtdalmeubels.nl\/?s={search_term_string}"},"query-input":{"@type":"PropertyValueSpecification","valueRequired":true,"valueName":"search_term_string"}}],"inLanguage":"de"},{"@type":"Organization","@id":"https:\/\/www.vechtdalmeubels.nl\/#organization","name":"Vechtdal Meubels","alternateName":"Vechtdal Meubels","url":"https:\/\/www.vechtdalmeubels.nl\/","logo":{"@type":"ImageObject","inLanguage":"de","@id":"https:\/\/www.vechtdalmeubels.nl\/#\/schema\/logo\/image\/","url":"https:\/\/www.vechtdalmeubels.nl\/wp-content\/uploads\/2024\/11\/Logo-vechtdal-v2.svg","contentUrl":"https:\/\/www.vechtdalmeubels.nl\/wp-content\/uploads\/2024\/11\/Logo-vechtdal-v2.svg","caption":"Vechtdal Meubels"},"image":{"@id":"https:\/\/www.vechtdalmeubels.nl\/#\/schema\/logo\/image\/"}}]}},"_links":{"self":[{"href":"https:\/\/www.vechtdalmeubels.nl\/de\/wp-json\/wp\/v2\/product\/10607","targetHints":{"allow":["GET"]}}],"collection":[{"href":"https:\/\/www.vechtdalmeubels.nl\/de\/wp-json\/wp\/v2\/product"}],"about":[{"href":"https:\/\/www.vechtdalmeubels.nl\/de\/wp-json\/wp\/v2\/types\/product"}],"replies":[{"embeddable":true,"href":"https:\/\/www.vechtdalmeubels.nl\/de\/wp-json\/wp\/v2\/comments?post=10607"}],"wp:featuredmedia":[{"embeddable":true,"href":"https:\/\/www.vechtdalmeubels.nl\/de\/wp-json\/wp\/v2\/media\/10622"}],"wp:attachment":[{"href":"https:\/\/www.vechtdalmeubels.nl\/de\/wp-json\/wp\/v2\/media?parent=10607"}],"wp:term":[{"taxonomy":"product_brand","embeddable":true,"href":"https:\/\/www.vechtdalmeubels.nl\/de\/wp-json\/wp\/v2\/product_brand?post=10607"},{"taxonomy":"product_cat","embeddable":true,"href":"https:\/\/www.vechtdalmeubels.nl\/de\/wp-json\/wp\/v2\/product_cat?post=10607"},{"taxonomy":"product_tag","embeddable":true,"href":"https:\/\/www.vechtdalmeubels.nl\/de\/wp-json\/wp\/v2\/product_tag?post=10607"}],"curies":[{"name":"wp","href":"https:\/\/api.w.org\/{rel}","templated":true}]}}