{"id":10693,"date":"2026-04-16T16:39:30","date_gmt":"2026-04-16T14:39:30","guid":{"rendered":"https:\/\/www.vechtdalmeubels.nl\/?post_type=product&#038;p=10693"},"modified":"2026-04-16T16:49:55","modified_gmt":"2026-04-16T14:49:55","slug":"loungesessel-lora-creme-teddy-kopie-2","status":"publish","type":"product","link":"https:\/\/www.vechtdalmeubels.nl\/de\/produkt\/loungesessel-lora-creme-teddy-kopie-2\/","title":{"rendered":"Drehstuhl Mochi | Creme | Teddy"},"content":{"rendered":"<p data-start=\"27\" data-end=\"253\">Lernen Sie den Stuhl Mochi kennen: eine perfekte Mischung aus Komfort und spielerischem Design. Dieser vollgepolsterte Drehstuhl ist mit weichem Teddy-Stoff bezogen, was f\u00fcr eine warme, einladende Ausstrahlung und ein herrlich gem\u00fctliches Gef\u00fchl sorgt. <\/p>\n<p data-start=\"255\" data-end=\"525\">Dank der Drehfunktion bietet Mochi nicht nur Flexibilit\u00e4t, sondern auch zus\u00e4tzlichen Bedienkomfort in jedem Raum. Die gro\u00dfz\u00fcgige Sitzfl\u00e4che und die komfortable Form laden zum Entspannen ein, egal ob Sie kurz loungen oder gem\u00fctlich speisen m\u00f6chten. Mochi ist mehr als nur ein Stuhl: Er ist ein echter Blickfang, der Sanftheit und modernes Design vereint. Perfekt f\u00fcr alle, die Komfort mit einem stilvollen, zeitgem\u00e4\u00dfen Look kombinieren m\u00f6chten.   <\/p>\n<p style=\"font-weight: 400;\">Loungest\u00fchle liefern wir in die gesamten Niederlande; falls Sie einen Tisch im Ausland erhalten m\u00f6chten, nehmen Sie am besten Kontakt mit uns auf.<\/p>\n<p><strong>Kauf auf Rechnung ist \u00fcber Klarna m\u00f6glich. <\/strong><\/p>\n","protected":false},"excerpt":{"rendered":"<p>Dieser vollgepolsterte Drehstuhl ist mit weichem Teddy-Stoff bezogen, was f\u00fcr eine warme, einladende Ausstrahlung und ein herrlich gem\u00fctliches Gef\u00fchl sorgt.<\/p>\n","protected":false},"featured_media":10707,"comment_status":"closed","ping_status":"closed","template":"","meta":{"_acf_changed":false},"product_brand":[],"product_cat":[285,605,603,604,283],"product_tag":[],"class_list":{"0":"post-10693","1":"product","2":"type-product","3":"status-publish","4":"has-post-thumbnail","6":"product_cat-japandi-esszimmerstuhle","7":"product_cat-japandi-mobel","8":"product_cat-skandinavische-esszimmerstuhle","9":"product_cat-skandinavische-mobel","10":"product_cat-stuhle","11":"product_shipping_class-verzending-nl-de","13":"first","14":"onbackorder","15":"sale","16":"taxable","17":"shipping-taxable","18":"purchasable","19":"product-type-simple"},"acf":[],"yoast_head":"<!-- This site is optimized with the Yoast SEO plugin v27.3 - https:\/\/yoast.com\/product\/yoast-seo-wordpress\/ -->\n<title>Drehstuhl Mochi | Creme | Teddy | Vechtdal Meubels<\/title>\n<meta name=\"description\" content=\"Drehstuhl Mochi | Creme | Teddy kopen? Wij zijn de goedkoopste op de markt! \u2713 14 dagen bedenktijd! \u2713 Bestel nu!\" \/>\n<meta name=\"robots\" content=\"index, follow, max-snippet:-1, max-image-preview:large, max-video-preview:-1\" \/>\n<meta property=\"og:locale\" content=\"de_DE\" \/>\n<meta property=\"og:type\" content=\"article\" \/>\n<meta property=\"og:title\" content=\"Drehstuhl Mochi | Creme | Teddy | Vechtdal Meubels\" \/>\n<meta property=\"og:description\" content=\"Drehstuhl Mochi | Creme | Teddy kopen? Wij zijn de goedkoopste op de markt! \u2713 14 dagen bedenktijd! \u2713 Bestel nu!\" \/>\n<meta property=\"og:url\" content=\"https:\/\/www.vechtdalmeubels.nl\/de\/produkt\/loungesessel-lora-creme-teddy-kopie-2\/\" \/>\n<meta property=\"og:site_name\" content=\"Vechtdal Meubels\" \/>\n<meta property=\"article:modified_time\" content=\"2026-04-16T14:49:55+00:00\" \/>\n<meta property=\"og:image\" content=\"https:\/\/www.vechtdalmeubels.nl\/wp-content\/uploads\/2026\/04\/1H7A0846-scaled.jpg\" \/>\n\t<meta property=\"og:image:width\" content=\"1707\" \/>\n\t<meta property=\"og:image:height\" content=\"2560\" \/>\n\t<meta property=\"og:image:type\" content=\"image\/jpeg\" \/>\n<meta name=\"twitter:card\" content=\"summary_large_image\" \/>\n<!-- \/ Yoast SEO plugin. -->","yoast_head_json":{"title":"Drehstuhl Mochi | Creme | Teddy | Vechtdal Meubels","description":"Drehstuhl Mochi | Creme | Teddy kopen? Wij zijn de goedkoopste op de markt! \u2713 14 dagen bedenktijd! \u2713 Bestel nu!","robots":{"index":"index","follow":"follow","max-snippet":"max-snippet:-1","max-image-preview":"max-image-preview:large","max-video-preview":"max-video-preview:-1"},"og_locale":"de_DE","og_type":"article","og_title":"Drehstuhl Mochi | Creme | Teddy | Vechtdal Meubels","og_description":"Drehstuhl Mochi | Creme | Teddy kopen? Wij zijn de goedkoopste op de markt! \u2713 14 dagen bedenktijd! \u2713 Bestel nu!","og_url":"https:\/\/www.vechtdalmeubels.nl\/de\/produkt\/loungesessel-lora-creme-teddy-kopie-2\/","og_site_name":"Vechtdal Meubels","article_modified_time":"2026-04-16T14:49:55+00:00","og_image":[{"width":1707,"height":2560,"url":"https:\/\/www.vechtdalmeubels.nl\/wp-content\/uploads\/2026\/04\/1H7A0846-scaled.jpg","type":"image\/jpeg"}],"twitter_card":"summary_large_image","schema":{"@context":"https:\/\/schema.org","@graph":[{"@type":"WebPage","@id":"https:\/\/www.vechtdalmeubels.nl\/de\/produkt\/loungesessel-lora-creme-teddy-kopie-2\/","url":"https:\/\/www.vechtdalmeubels.nl\/de\/produkt\/loungesessel-lora-creme-teddy-kopie-2\/","name":"Drehstuhl Mochi | Creme | Teddy | Vechtdal Meubels","isPartOf":{"@id":"https:\/\/www.vechtdalmeubels.nl\/#website"},"primaryImageOfPage":{"@id":"https:\/\/www.vechtdalmeubels.nl\/de\/produkt\/loungesessel-lora-creme-teddy-kopie-2\/#primaryimage"},"image":{"@id":"https:\/\/www.vechtdalmeubels.nl\/de\/produkt\/loungesessel-lora-creme-teddy-kopie-2\/#primaryimage"},"thumbnailUrl":"https:\/\/www.vechtdalmeubels.nl\/wp-content\/uploads\/2026\/04\/1H7A0846-scaled.jpg","datePublished":"2026-04-16T14:39:30+00:00","dateModified":"2026-04-16T14:49:55+00:00","description":"Drehstuhl Mochi | Creme | Teddy kopen? Wij zijn de goedkoopste op de markt! \u2713 14 dagen bedenktijd! \u2713 Bestel nu!","breadcrumb":{"@id":"https:\/\/www.vechtdalmeubels.nl\/de\/produkt\/loungesessel-lora-creme-teddy-kopie-2\/#breadcrumb"},"inLanguage":"de","potentialAction":[{"@type":"ReadAction","target":["https:\/\/www.vechtdalmeubels.nl\/de\/produkt\/loungesessel-lora-creme-teddy-kopie-2\/"]}]},{"@type":"ImageObject","inLanguage":"de","@id":"https:\/\/www.vechtdalmeubels.nl\/de\/produkt\/loungesessel-lora-creme-teddy-kopie-2\/#primaryimage","url":"https:\/\/www.vechtdalmeubels.nl\/wp-content\/uploads\/2026\/04\/1H7A0846-scaled.jpg","contentUrl":"https:\/\/www.vechtdalmeubels.nl\/wp-content\/uploads\/2026\/04\/1H7A0846-scaled.jpg","width":1707,"height":2560},{"@type":"BreadcrumbList","@id":"https:\/\/www.vechtdalmeubels.nl\/de\/produkt\/loungesessel-lora-creme-teddy-kopie-2\/#breadcrumb","itemListElement":[{"@type":"ListItem","position":1,"name":"Home","item":"https:\/\/www.vechtdalmeubels.nl\/de\/startseite\/"},{"@type":"ListItem","position":2,"name":"Shop","item":"https:\/\/www.vechtdalmeubels.nl\/winkel\/"},{"@type":"ListItem","position":3,"name":"Drehstuhl Mochi | Creme | Teddy"}]},{"@type":"WebSite","@id":"https:\/\/www.vechtdalmeubels.nl\/#website","url":"https:\/\/www.vechtdalmeubels.nl\/","name":"Vechtdal Meubels","description":"","publisher":{"@id":"https:\/\/www.vechtdalmeubels.nl\/#organization"},"potentialAction":[{"@type":"SearchAction","target":{"@type":"EntryPoint","urlTemplate":"https:\/\/www.vechtdalmeubels.nl\/?s={search_term_string}"},"query-input":{"@type":"PropertyValueSpecification","valueRequired":true,"valueName":"search_term_string"}}],"inLanguage":"de"},{"@type":"Organization","@id":"https:\/\/www.vechtdalmeubels.nl\/#organization","name":"Vechtdal Meubels","alternateName":"Vechtdal Meubels","url":"https:\/\/www.vechtdalmeubels.nl\/","logo":{"@type":"ImageObject","inLanguage":"de","@id":"https:\/\/www.vechtdalmeubels.nl\/#\/schema\/logo\/image\/","url":"https:\/\/www.vechtdalmeubels.nl\/wp-content\/uploads\/2024\/11\/Logo-vechtdal-v2.svg","contentUrl":"https:\/\/www.vechtdalmeubels.nl\/wp-content\/uploads\/2024\/11\/Logo-vechtdal-v2.svg","caption":"Vechtdal Meubels"},"image":{"@id":"https:\/\/www.vechtdalmeubels.nl\/#\/schema\/logo\/image\/"}}]}},"_links":{"self":[{"href":"https:\/\/www.vechtdalmeubels.nl\/de\/wp-json\/wp\/v2\/product\/10693","targetHints":{"allow":["GET"]}}],"collection":[{"href":"https:\/\/www.vechtdalmeubels.nl\/de\/wp-json\/wp\/v2\/product"}],"about":[{"href":"https:\/\/www.vechtdalmeubels.nl\/de\/wp-json\/wp\/v2\/types\/product"}],"replies":[{"embeddable":true,"href":"https:\/\/www.vechtdalmeubels.nl\/de\/wp-json\/wp\/v2\/comments?post=10693"}],"wp:featuredmedia":[{"embeddable":true,"href":"https:\/\/www.vechtdalmeubels.nl\/de\/wp-json\/wp\/v2\/media\/10707"}],"wp:attachment":[{"href":"https:\/\/www.vechtdalmeubels.nl\/de\/wp-json\/wp\/v2\/media?parent=10693"}],"wp:term":[{"taxonomy":"product_brand","embeddable":true,"href":"https:\/\/www.vechtdalmeubels.nl\/de\/wp-json\/wp\/v2\/product_brand?post=10693"},{"taxonomy":"product_cat","embeddable":true,"href":"https:\/\/www.vechtdalmeubels.nl\/de\/wp-json\/wp\/v2\/product_cat?post=10693"},{"taxonomy":"product_tag","embeddable":true,"href":"https:\/\/www.vechtdalmeubels.nl\/de\/wp-json\/wp\/v2\/product_tag?post=10693"}],"curies":[{"name":"wp","href":"https:\/\/api.w.org\/{rel}","templated":true}]}}