{"id":10903,"date":"2026-05-08T14:11:37","date_gmt":"2026-05-08T12:11:37","guid":{"rendered":"https:\/\/www.vechtdalmeubels.nl\/?post_type=product&#038;p=10903"},"modified":"2026-05-08T16:12:04","modified_gmt":"2026-05-08T14:12:04","slug":"eetkamerstoel-bloom-brons-creme","status":"publish","type":"product","link":"https:\/\/www.vechtdalmeubels.nl\/de\/produkt\/eetkamerstoel-bloom-brons-creme\/","title":{"rendered":"Esszimmerstuhl Bloom | Bronze | Creme"},"content":{"rendered":"<p>Exklusive Eichenholzst\u00fchle im Japandi- &amp; Skandinavischen Stil!<\/p>\n<p>Verwandeln Sie Ihren Raum mit unseren wundersch\u00f6nen Eichenholzst\u00fchlen, inspiriert von der harmonischen Mischung aus Japandi- und skandinavischem Stil. Ein perfektes Gleichgewicht zwischen Eleganz und Einfachheit \u2013 diese St\u00fchle bringen W\u00e4rme und Raffinesse in jedes Interieur.  Jeder Stuhl wird sorgf\u00e4ltig gefertigt, um die Essenz des gem\u00fctlichen Japandi-Stils mit der raffinierten Einfachheit skandinavischen Designs zu verbinden.<\/p>\n<p>Warum sind unsere Eichenholzst\u00fchle ein Must-have?<br \/>\n\u2728 Hergestellt aus hochwertigem Eichenholz f\u00fcr Langlebigkeit und nat\u00fcrliche Sch\u00f6nheit<br \/>\n\u2728 Design, inspiriert von der minimalistischen \u00c4sthetik des Japandi-Stils und der Leichtigkeit skandinavischer Designs<br \/>\n\u2728 Sanfte Linien und bequeme Sitzfl\u00e4che f\u00fcr ultimativen Sitzkomfort<br \/>\n\u2728 Eine zeitlose Erg\u00e4nzung f\u00fcr jedes Interieur, von modern bis klassisch<\/p>\n<p>Bringen Sie die beruhigende Atmosph\u00e4re des Japandi- und skandinavischen Stils mit unseren Eichenholzst\u00fchlen in Ihr Zuhause. Erleben Sie die perfekte Kombination aus Funktionalit\u00e4t und Design.  Bestellen Sie noch heute Ihren Stuhl und schaffen Sie einen Raum, der Ruhe und Sch\u00f6nheit ausstrahlt. Set mit 2 St\u00fchlen pro Verpackung (498 \u20ac), pro St\u00fcck kosten sie 249 \u20ac. <\/p>\n<p><span style=\"background-color: var(--bs-body-bg); color: var(--bs-body-color); font-family: var(--bs-body-font-family); font-size: var(--bs-body-font-size); font-weight: var(--bs-body-font-weight); text-align: var(--bs-body-text-align);\">Kauf auf Rechnung ist \u00fcber Klarna m\u00f6glich. <\/span><\/p>\n<p><strong>Produkteigenschaften:<\/strong><br \/>\nMaterial: Eichenholz und Stoff<br \/>\nFarbe: Bronze Holz und creme Stoff<br \/>\nMa\u00dfe (BxTxH): 56x52x73 cm<br \/>\nSitztiefe: 42 cm<br \/>\nSitzh\u00f6he: 46 cm<br \/>\nStil: Modernes Design, Skandinavisch und Japandi<\/p>\n<p>Wir liefern in die gesamten Niederlande und Belgien. Sollte der Stuhl nicht passen, k\u00f6nnen Sie diesen innerhalb von 14 Tagen zur\u00fccksenden. St\u00fchle werden montiert geliefert!  <\/p>\n<div class=\"kh-material-block__content__wrapper\">\n<div class=\"kh-material-block__content\"><\/div>\n<\/div>\n<div class=\"kh-material-block__image\"><\/div>\n","protected":false},"excerpt":{"rendered":"<p>Entdecken Sie die Eleganz der Einfachheit. Unser Designer-Esszimmerstuhl Bloom mit mondf\u00f6rmiger R\u00fcckenlehne kombiniert zeitlosen Komfort mit einer einzigartigen, organischen Form. <\/p>\n","protected":false},"featured_media":10921,"comment_status":"closed","ping_status":"closed","template":"","meta":{"_acf_changed":false},"product_brand":[],"product_cat":[285,605,603,604,283],"product_tag":[],"class_list":{"0":"post-10903","1":"product","2":"type-product","3":"status-publish","4":"has-post-thumbnail","6":"product_cat-japandi-esszimmerstuhle","7":"product_cat-japandi-mobel","8":"product_cat-skandinavische-esszimmerstuhle","9":"product_cat-skandinavische-mobel","10":"product_cat-stuhle","12":"first","13":"instock","14":"sale","15":"taxable","16":"shipping-taxable","17":"purchasable","18":"product-type-simple"},"acf":[],"yoast_head":"<!-- This site is optimized with the Yoast SEO plugin v27.5 - https:\/\/yoast.com\/product\/yoast-seo-wordpress\/ -->\n<title>Esszimmerstuhl Bloom | Bronze | Creme | Vechtdal Meubels<\/title>\n<meta name=\"description\" content=\"Esszimmerstuhl Bloom | Bronze | Creme kopen? Wij zijn de goedkoopste op de markt! \u2713 14 dagen bedenktijd! \u2713 Bestel nu!\" \/>\n<meta name=\"robots\" content=\"index, follow, max-snippet:-1, max-image-preview:large, max-video-preview:-1\" \/>\n<meta property=\"og:locale\" content=\"de_DE\" \/>\n<meta property=\"og:type\" content=\"article\" \/>\n<meta property=\"og:title\" content=\"Esszimmerstuhl Bloom | Bronze | Creme | Vechtdal Meubels\" \/>\n<meta property=\"og:description\" content=\"Esszimmerstuhl Bloom | Bronze | Creme kopen? Wij zijn de goedkoopste op de markt! \u2713 14 dagen bedenktijd! \u2713 Bestel nu!\" \/>\n<meta property=\"og:url\" content=\"https:\/\/www.vechtdalmeubels.nl\/de\/produkt\/eetkamerstoel-bloom-brons-creme\/\" \/>\n<meta property=\"og:site_name\" content=\"Vechtdal Meubels\" \/>\n<meta property=\"article:modified_time\" content=\"2026-05-08T14:12:04+00:00\" \/>\n<meta property=\"og:image\" content=\"https:\/\/www.searchflow.dev\/vechtdal\/wp-content\/uploads\/2024\/12\/VECHTDAL-MEUBELS-30-scaled-1-200x300.jpg\" \/>\n<meta name=\"twitter:card\" content=\"summary_large_image\" \/>\n<meta name=\"twitter:image\" content=\"https:\/\/www.searchflow.dev\/vechtdal\/wp-content\/uploads\/2024\/12\/VECHTDAL-MEUBELS-30-scaled-1-683x1024.jpg\" \/>\n<!-- \/ Yoast SEO plugin. -->","yoast_head_json":{"title":"Esszimmerstuhl Bloom | Bronze | Creme | Vechtdal Meubels","description":"Esszimmerstuhl Bloom | Bronze | Creme kopen? Wij zijn de goedkoopste op de markt! \u2713 14 dagen bedenktijd! \u2713 Bestel nu!","robots":{"index":"index","follow":"follow","max-snippet":"max-snippet:-1","max-image-preview":"max-image-preview:large","max-video-preview":"max-video-preview:-1"},"og_locale":"de_DE","og_type":"article","og_title":"Esszimmerstuhl Bloom | Bronze | Creme | Vechtdal Meubels","og_description":"Esszimmerstuhl Bloom | Bronze | Creme kopen? Wij zijn de goedkoopste op de markt! \u2713 14 dagen bedenktijd! \u2713 Bestel nu!","og_url":"https:\/\/www.vechtdalmeubels.nl\/de\/produkt\/eetkamerstoel-bloom-brons-creme\/","og_site_name":"Vechtdal Meubels","article_modified_time":"2026-05-08T14:12:04+00:00","og_image":[{"url":"https:\/\/www.searchflow.dev\/vechtdal\/wp-content\/uploads\/2024\/12\/VECHTDAL-MEUBELS-30-scaled-1-200x300.jpg","type":"","width":"","height":""}],"twitter_card":"summary_large_image","twitter_image":"https:\/\/www.searchflow.dev\/vechtdal\/wp-content\/uploads\/2024\/12\/VECHTDAL-MEUBELS-30-scaled-1-683x1024.jpg","schema":{"@context":"https:\/\/schema.org","@graph":[{"@type":"WebPage","@id":"https:\/\/www.vechtdalmeubels.nl\/de\/produkt\/eetkamerstoel-bloom-brons-creme\/","url":"https:\/\/www.vechtdalmeubels.nl\/de\/produkt\/eetkamerstoel-bloom-brons-creme\/","name":"Esszimmerstuhl Bloom | Bronze | Creme | Vechtdal Meubels","isPartOf":{"@id":"https:\/\/www.vechtdalmeubels.nl\/#website"},"primaryImageOfPage":{"@id":"https:\/\/www.vechtdalmeubels.nl\/de\/produkt\/eetkamerstoel-bloom-brons-creme\/#primaryimage"},"image":{"@id":"https:\/\/www.vechtdalmeubels.nl\/de\/produkt\/eetkamerstoel-bloom-brons-creme\/#primaryimage"},"thumbnailUrl":"https:\/\/www.vechtdalmeubels.nl\/wp-content\/uploads\/2026\/05\/IMG_5956-scaled.jpg","datePublished":"2026-05-08T12:11:37+00:00","dateModified":"2026-05-08T14:12:04+00:00","description":"Esszimmerstuhl Bloom | Bronze | Creme kopen? Wij zijn de goedkoopste op de markt! \u2713 14 dagen bedenktijd! \u2713 Bestel nu!","breadcrumb":{"@id":"https:\/\/www.vechtdalmeubels.nl\/de\/produkt\/eetkamerstoel-bloom-brons-creme\/#breadcrumb"},"inLanguage":"de","potentialAction":[{"@type":"ReadAction","target":["https:\/\/www.vechtdalmeubels.nl\/de\/produkt\/eetkamerstoel-bloom-brons-creme\/"]}]},{"@type":"ImageObject","inLanguage":"de","@id":"https:\/\/www.vechtdalmeubels.nl\/de\/produkt\/eetkamerstoel-bloom-brons-creme\/#primaryimage","url":"https:\/\/www.vechtdalmeubels.nl\/wp-content\/uploads\/2026\/05\/IMG_5956-scaled.jpg","contentUrl":"https:\/\/www.vechtdalmeubels.nl\/wp-content\/uploads\/2026\/05\/IMG_5956-scaled.jpg","width":1707,"height":2560},{"@type":"BreadcrumbList","@id":"https:\/\/www.vechtdalmeubels.nl\/de\/produkt\/eetkamerstoel-bloom-brons-creme\/#breadcrumb","itemListElement":[{"@type":"ListItem","position":1,"name":"Home","item":"https:\/\/www.vechtdalmeubels.nl\/de\/startseite\/"},{"@type":"ListItem","position":2,"name":"Shop","item":"https:\/\/www.vechtdalmeubels.nl\/winkel\/"},{"@type":"ListItem","position":3,"name":"Esszimmerstuhl Bloom | Bronze | Creme"}]},{"@type":"WebSite","@id":"https:\/\/www.vechtdalmeubels.nl\/#website","url":"https:\/\/www.vechtdalmeubels.nl\/","name":"Vechtdal Meubels","description":"","publisher":{"@id":"https:\/\/www.vechtdalmeubels.nl\/#organization"},"potentialAction":[{"@type":"SearchAction","target":{"@type":"EntryPoint","urlTemplate":"https:\/\/www.vechtdalmeubels.nl\/?s={search_term_string}"},"query-input":{"@type":"PropertyValueSpecification","valueRequired":true,"valueName":"search_term_string"}}],"inLanguage":"de"},{"@type":"Organization","@id":"https:\/\/www.vechtdalmeubels.nl\/#organization","name":"Vechtdal Meubels","alternateName":"Vechtdal Meubels","url":"https:\/\/www.vechtdalmeubels.nl\/","logo":{"@type":"ImageObject","inLanguage":"de","@id":"https:\/\/www.vechtdalmeubels.nl\/#\/schema\/logo\/image\/","url":"https:\/\/www.vechtdalmeubels.nl\/wp-content\/uploads\/2024\/11\/Logo-vechtdal-v2.svg","contentUrl":"https:\/\/www.vechtdalmeubels.nl\/wp-content\/uploads\/2024\/11\/Logo-vechtdal-v2.svg","caption":"Vechtdal Meubels"},"image":{"@id":"https:\/\/www.vechtdalmeubels.nl\/#\/schema\/logo\/image\/"}}]}},"_links":{"self":[{"href":"https:\/\/www.vechtdalmeubels.nl\/de\/wp-json\/wp\/v2\/product\/10903","targetHints":{"allow":["GET"]}}],"collection":[{"href":"https:\/\/www.vechtdalmeubels.nl\/de\/wp-json\/wp\/v2\/product"}],"about":[{"href":"https:\/\/www.vechtdalmeubels.nl\/de\/wp-json\/wp\/v2\/types\/product"}],"replies":[{"embeddable":true,"href":"https:\/\/www.vechtdalmeubels.nl\/de\/wp-json\/wp\/v2\/comments?post=10903"}],"wp:featuredmedia":[{"embeddable":true,"href":"https:\/\/www.vechtdalmeubels.nl\/de\/wp-json\/wp\/v2\/media\/10921"}],"wp:attachment":[{"href":"https:\/\/www.vechtdalmeubels.nl\/de\/wp-json\/wp\/v2\/media?parent=10903"}],"wp:term":[{"taxonomy":"product_brand","embeddable":true,"href":"https:\/\/www.vechtdalmeubels.nl\/de\/wp-json\/wp\/v2\/product_brand?post=10903"},{"taxonomy":"product_cat","embeddable":true,"href":"https:\/\/www.vechtdalmeubels.nl\/de\/wp-json\/wp\/v2\/product_cat?post=10903"},{"taxonomy":"product_tag","embeddable":true,"href":"https:\/\/www.vechtdalmeubels.nl\/de\/wp-json\/wp\/v2\/product_tag?post=10903"}],"curies":[{"name":"wp","href":"https:\/\/api.w.org\/{rel}","templated":true}]}}