{"id":11021,"date":"2026-05-15T13:59:36","date_gmt":"2026-05-15T11:59:36","guid":{"rendered":"https:\/\/www.vechtdalmeubels.nl\/?post_type=product&#038;p=11021"},"modified":"2026-05-15T14:26:58","modified_gmt":"2026-05-15T12:26:58","slug":"eetkamertafel-rosa-smoke-180x100cm","status":"publish","type":"product","link":"https:\/\/www.vechtdalmeubels.nl\/de\/produkt\/eetkamertafel-rosa-smoke-180x100cm\/","title":{"rendered":"Esstisch Rosa | Smoke | 180&#215;100 cm"},"content":{"rendered":"<p>Das wundersch\u00f6ne minimalistische Design des \u201eRosa\u201c verwandelt jedes Interieur in eine Oase der Ruhe und Gelassenheit. Aus Eichenholz gefertigt. Diese Eigenschaften verleihen dem Tisch eine nat\u00fcrliche, warme Ausstrahlung. Eichenholz ist eine harte, starke und langlebige Holzart und hat eine lange Lebensdauer. <\/p>\n<p>Dieser Tisch geh\u00f6rt zur wundersch\u00f6nen Rosa-Serie, zu der auch passende St\u00fchle erh\u00e4ltlich sind. Verschiedene Gr\u00f6\u00dfen erh\u00e4ltlich. <\/p>\n<p>Informieren Sie sich \u00fcber die M\u00f6glichkeiten!<\/p>\n<p><strong>Produkteigenschaften:<br \/>\n<\/strong>Farbe: Smoke<br \/>\nMaterial: Eichenholz mit Furnier<br \/>\nMa\u00dfe (LxB): 180 cm x 100 cm<br \/>\nH\u00f6he: 77 cm<br \/>\nStil: Modernes Design, Skandinavisch und Japandi<\/p>\n<p style=\"font-weight: 400;\">Wir liefern Tische in den gesamten Niederlanden. Wenn Sie einen Tisch im Ausland empfangen m\u00f6chten, nehmen Sie bitte Kontakt mit uns auf.<\/p>\n<p>Die Montage kann bei Verf\u00fcgbarkeit durchgef\u00fchrt werden.<\/p>\n","protected":false},"excerpt":{"rendered":"<p>Das wundersch\u00f6ne minimalistische Design des \u201eRosa\u201c verwandelt jedes Interieur in eine Oase der Ruhe und Gelassenheit.<\/p>\n","protected":false},"featured_media":11051,"comment_status":"closed","ping_status":"closed","template":"","meta":{"_acf_changed":false},"product_brand":[],"product_cat":[605,621,608,604,286],"product_tag":[],"class_list":{"0":"post-11021","1":"product","2":"type-product","3":"status-publish","4":"has-post-thumbnail","6":"product_cat-japandi-mobel","7":"product_cat-japandi-tische","8":"product_cat-skandinavische-esstische","9":"product_cat-skandinavische-mobel","10":"product_cat-tische","11":"product_shipping_class-verzending-nl-de","13":"first","14":"onbackorder","15":"sale","16":"taxable","17":"shipping-taxable","18":"purchasable","19":"product-type-simple"},"acf":[],"yoast_head":"<!-- This site is optimized with the Yoast SEO plugin v27.5 - https:\/\/yoast.com\/product\/yoast-seo-wordpress\/ -->\n<title>Esstisch Rosa | Smoke | 180x100 cm | Vechtdal Meubels<\/title>\n<meta name=\"description\" content=\"Esstisch Rosa | Smoke | 180x100 cm kopen? Wij zijn de goedkoopste op de markt! \u2713 14 dagen bedenktijd! \u2713 Bestel nu!\" \/>\n<meta name=\"robots\" content=\"index, follow, max-snippet:-1, max-image-preview:large, max-video-preview:-1\" \/>\n<meta property=\"og:locale\" content=\"de_DE\" \/>\n<meta property=\"og:type\" content=\"article\" \/>\n<meta property=\"og:title\" content=\"Esstisch Rosa | Smoke | 180x100 cm | Vechtdal Meubels\" \/>\n<meta property=\"og:description\" content=\"Esstisch Rosa | Smoke | 180x100 cm kopen? Wij zijn de goedkoopste op de markt! \u2713 14 dagen bedenktijd! \u2713 Bestel nu!\" \/>\n<meta property=\"og:url\" content=\"https:\/\/www.vechtdalmeubels.nl\/de\/produkt\/eetkamertafel-rosa-smoke-180x100cm\/\" \/>\n<meta property=\"og:site_name\" content=\"Vechtdal Meubels\" \/>\n<meta property=\"article:modified_time\" content=\"2026-05-15T12:26:58+00:00\" \/>\n<meta property=\"og:image\" content=\"https:\/\/www.searchflow.dev\/vechtdal\/wp-content\/uploads\/2024\/12\/DSCF6081-scaled-1-200x300.jpg\" \/>\n<meta name=\"twitter:card\" content=\"summary_large_image\" \/>\n<meta name=\"twitter:image\" content=\"https:\/\/www.searchflow.dev\/vechtdal\/wp-content\/uploads\/2024\/12\/DSCF6081-scaled-1-683x1024.jpg\" \/>\n<!-- \/ Yoast SEO plugin. -->","yoast_head_json":{"title":"Esstisch Rosa | Smoke | 180x100 cm | Vechtdal Meubels","description":"Esstisch Rosa | Smoke | 180x100 cm kopen? Wij zijn de goedkoopste op de markt! \u2713 14 dagen bedenktijd! \u2713 Bestel nu!","robots":{"index":"index","follow":"follow","max-snippet":"max-snippet:-1","max-image-preview":"max-image-preview:large","max-video-preview":"max-video-preview:-1"},"og_locale":"de_DE","og_type":"article","og_title":"Esstisch Rosa | Smoke | 180x100 cm | Vechtdal Meubels","og_description":"Esstisch Rosa | Smoke | 180x100 cm kopen? Wij zijn de goedkoopste op de markt! \u2713 14 dagen bedenktijd! \u2713 Bestel nu!","og_url":"https:\/\/www.vechtdalmeubels.nl\/de\/produkt\/eetkamertafel-rosa-smoke-180x100cm\/","og_site_name":"Vechtdal Meubels","article_modified_time":"2026-05-15T12:26:58+00:00","og_image":[{"url":"https:\/\/www.searchflow.dev\/vechtdal\/wp-content\/uploads\/2024\/12\/DSCF6081-scaled-1-200x300.jpg","type":"","width":"","height":""}],"twitter_card":"summary_large_image","twitter_image":"https:\/\/www.searchflow.dev\/vechtdal\/wp-content\/uploads\/2024\/12\/DSCF6081-scaled-1-683x1024.jpg","schema":{"@context":"https:\/\/schema.org","@graph":[{"@type":"WebPage","@id":"https:\/\/www.vechtdalmeubels.nl\/de\/produkt\/eetkamertafel-rosa-smoke-180x100cm\/","url":"https:\/\/www.vechtdalmeubels.nl\/de\/produkt\/eetkamertafel-rosa-smoke-180x100cm\/","name":"Esstisch Rosa | Smoke | 180x100 cm | Vechtdal Meubels","isPartOf":{"@id":"https:\/\/www.vechtdalmeubels.nl\/#website"},"primaryImageOfPage":{"@id":"https:\/\/www.vechtdalmeubels.nl\/de\/produkt\/eetkamertafel-rosa-smoke-180x100cm\/#primaryimage"},"image":{"@id":"https:\/\/www.vechtdalmeubels.nl\/de\/produkt\/eetkamertafel-rosa-smoke-180x100cm\/#primaryimage"},"thumbnailUrl":"https:\/\/www.vechtdalmeubels.nl\/wp-content\/uploads\/2026\/05\/DSC_9713-scaled.jpg","datePublished":"2026-05-15T11:59:36+00:00","dateModified":"2026-05-15T12:26:58+00:00","description":"Esstisch Rosa | Smoke | 180x100 cm kopen? Wij zijn de goedkoopste op de markt! \u2713 14 dagen bedenktijd! \u2713 Bestel nu!","breadcrumb":{"@id":"https:\/\/www.vechtdalmeubels.nl\/de\/produkt\/eetkamertafel-rosa-smoke-180x100cm\/#breadcrumb"},"inLanguage":"de","potentialAction":[{"@type":"ReadAction","target":["https:\/\/www.vechtdalmeubels.nl\/de\/produkt\/eetkamertafel-rosa-smoke-180x100cm\/"]}]},{"@type":"ImageObject","inLanguage":"de","@id":"https:\/\/www.vechtdalmeubels.nl\/de\/produkt\/eetkamertafel-rosa-smoke-180x100cm\/#primaryimage","url":"https:\/\/www.vechtdalmeubels.nl\/wp-content\/uploads\/2026\/05\/DSC_9713-scaled.jpg","contentUrl":"https:\/\/www.vechtdalmeubels.nl\/wp-content\/uploads\/2026\/05\/DSC_9713-scaled.jpg","width":2560,"height":1707},{"@type":"BreadcrumbList","@id":"https:\/\/www.vechtdalmeubels.nl\/de\/produkt\/eetkamertafel-rosa-smoke-180x100cm\/#breadcrumb","itemListElement":[{"@type":"ListItem","position":1,"name":"Home","item":"https:\/\/www.vechtdalmeubels.nl\/de\/startseite\/"},{"@type":"ListItem","position":2,"name":"Shop","item":"https:\/\/www.vechtdalmeubels.nl\/de\/winkel\/"},{"@type":"ListItem","position":3,"name":"Esstisch Rosa | Smoke | 180&#215;100 cm"}]},{"@type":"WebSite","@id":"https:\/\/www.vechtdalmeubels.nl\/#website","url":"https:\/\/www.vechtdalmeubels.nl\/","name":"Vechtdal Meubels","description":"","publisher":{"@id":"https:\/\/www.vechtdalmeubels.nl\/#organization"},"potentialAction":[{"@type":"SearchAction","target":{"@type":"EntryPoint","urlTemplate":"https:\/\/www.vechtdalmeubels.nl\/?s={search_term_string}"},"query-input":{"@type":"PropertyValueSpecification","valueRequired":true,"valueName":"search_term_string"}}],"inLanguage":"de"},{"@type":"Organization","@id":"https:\/\/www.vechtdalmeubels.nl\/#organization","name":"Vechtdal Meubels","alternateName":"Vechtdal Meubels","url":"https:\/\/www.vechtdalmeubels.nl\/","logo":{"@type":"ImageObject","inLanguage":"de","@id":"https:\/\/www.vechtdalmeubels.nl\/#\/schema\/logo\/image\/","url":"https:\/\/www.vechtdalmeubels.nl\/wp-content\/uploads\/2024\/11\/Logo-vechtdal-v2.svg","contentUrl":"https:\/\/www.vechtdalmeubels.nl\/wp-content\/uploads\/2024\/11\/Logo-vechtdal-v2.svg","caption":"Vechtdal Meubels"},"image":{"@id":"https:\/\/www.vechtdalmeubels.nl\/#\/schema\/logo\/image\/"}}]}},"_links":{"self":[{"href":"https:\/\/www.vechtdalmeubels.nl\/de\/wp-json\/wp\/v2\/product\/11021","targetHints":{"allow":["GET"]}}],"collection":[{"href":"https:\/\/www.vechtdalmeubels.nl\/de\/wp-json\/wp\/v2\/product"}],"about":[{"href":"https:\/\/www.vechtdalmeubels.nl\/de\/wp-json\/wp\/v2\/types\/product"}],"replies":[{"embeddable":true,"href":"https:\/\/www.vechtdalmeubels.nl\/de\/wp-json\/wp\/v2\/comments?post=11021"}],"wp:featuredmedia":[{"embeddable":true,"href":"https:\/\/www.vechtdalmeubels.nl\/de\/wp-json\/wp\/v2\/media\/11051"}],"wp:attachment":[{"href":"https:\/\/www.vechtdalmeubels.nl\/de\/wp-json\/wp\/v2\/media?parent=11021"}],"wp:term":[{"taxonomy":"product_brand","embeddable":true,"href":"https:\/\/www.vechtdalmeubels.nl\/de\/wp-json\/wp\/v2\/product_brand?post=11021"},{"taxonomy":"product_cat","embeddable":true,"href":"https:\/\/www.vechtdalmeubels.nl\/de\/wp-json\/wp\/v2\/product_cat?post=11021"},{"taxonomy":"product_tag","embeddable":true,"href":"https:\/\/www.vechtdalmeubels.nl\/de\/wp-json\/wp\/v2\/product_tag?post=11021"}],"curies":[{"name":"wp","href":"https:\/\/api.w.org\/{rel}","templated":true}]}}