{"id":3972,"date":"2025-01-16T14:25:54","date_gmt":"2025-01-16T13:25:54","guid":{"rendered":"https:\/\/www.vechtdalmeubels.nl\/product\/poul-hundevad-sideboards\/"},"modified":"2026-01-08T15:44:12","modified_gmt":"2026-01-08T14:44:12","slug":"poul-hundevad-sideboards","status":"publish","type":"product","link":"https:\/\/www.vechtdalmeubels.nl\/de\/produkt\/poul-hundevad-sideboards\/","title":{"rendered":"Poul Hundevad Sideboards"},"content":{"rendered":"<p><strong>Entdecken Sie das zeitlose Design der Poul Hundevad Sideboards<br \/>\n<\/strong>Sind Sie auf der Suche nach einem stilvollen und funktionalen M\u00f6belst\u00fcck f\u00fcr Ihr Interieur? Das Sideboard von Poul Hundevad ist die perfekte Wahl! Dieses ikonische M\u00f6belst\u00fcck kombiniert moderne \u00c4sthetik mit bester Qualit\u00e4t und Funktionalit\u00e4t, was es zu einer Bereicherung f\u00fcr jeden Raum macht.  <\/p>\n<p><strong>Warum ein Poul Hundevad Sideboard w\u00e4hlen?<\/strong><\/p>\n<ol>\n<li><strong>Zeitloses Design<\/strong>: Das Sideboard von Poul Hundevad wurde mit Liebe zum Detail entworfen und bleibt zeitlos, unabh\u00e4ngig von Trends. Die klaren Linien und nat\u00fcrlichen Materialien machen es zu einer wundersch\u00f6nen Erg\u00e4nzung f\u00fcr Ihr Wohnzimmer, Esszimmer oder B\u00fcro. <\/li>\n<li><strong>Hochwertige Materialien<\/strong>: Jedes Sideboard wird aus den besten Materialien gefertigt, wie nachhaltigem Holz und hochwertigen Oberfl\u00e4chen. Dadurch ist Ihnen ein M\u00f6belst\u00fcck garantiert, das jahrelang h\u00e4lt. <\/li>\n<li><strong>Funktionalit\u00e4t<\/strong>: Mit reichlich Stauraum bietet das Sideboard nicht nur Stil, sondern auch praktische L\u00f6sungen f\u00fcr Ihre Gegenst\u00e4nde. Ideal zur Aufbewahrung von B\u00fcchern, Geschirr oder Dekorationen. <\/li>\n<li><strong>Vielf\u00e4ltige Stiloptionen<\/strong>: Egal, ob Sie eine minimalistische, skandinavische oder moderne Einrichtung haben, es gibt immer ein Poul Hundevad Sideboard, das perfekt zu Ihrem Stil passt.<\/li>\n<\/ol>\n<p>Haben Sie Fragen zu unserer Kollektion oder w\u00fcnschen Sie Beratung zur besten Wahl f\u00fcr Ihr Interieur? Kontaktieren Sie uns gerne! Wir helfen Ihnen gerne bei der richtigen Wahl.  <\/p>\n","protected":false},"excerpt":{"rendered":"<p>Bringen Sie einen Hauch Retro-Eleganz in Ihr Interieur mit unseren Vintage Cesca St\u00fchlen von Marcel Breuer!<\/p>\n","protected":false},"featured_media":3973,"comment_status":"closed","ping_status":"closed","template":"","meta":{"_acf_changed":false},"product_brand":[],"product_cat":[277],"product_tag":[],"class_list":{"0":"post-3972","1":"product","2":"type-product","3":"status-publish","4":"has-post-thumbnail","6":"product_cat-vintage-de","8":"first","9":"onbackorder","10":"taxable","11":"shipping-taxable","12":"purchasable","13":"product-type-simple"},"acf":[],"yoast_head":"<!-- This site is optimized with the Yoast SEO plugin v27.5 - https:\/\/yoast.com\/product\/yoast-seo-wordpress\/ -->\n<title>Poul Hundevad Sideboards | Vechtdal Meubels<\/title>\n<meta name=\"description\" content=\"Poul Hundevad Sideboards kopen? Wij zijn de goedkoopste op de markt! \u2713 14 dagen bedenktijd! \u2713 Bestel nu!\" \/>\n<meta name=\"robots\" content=\"index, follow, max-snippet:-1, max-image-preview:large, max-video-preview:-1\" \/>\n<meta property=\"og:locale\" content=\"de_DE\" \/>\n<meta property=\"og:type\" content=\"article\" \/>\n<meta property=\"og:title\" content=\"Poul Hundevad Sideboards | Vechtdal Meubels\" \/>\n<meta property=\"og:description\" content=\"Poul Hundevad Sideboards kopen? Wij zijn de goedkoopste op de markt! \u2713 14 dagen bedenktijd! \u2713 Bestel nu!\" \/>\n<meta property=\"og:url\" content=\"https:\/\/www.vechtdalmeubels.nl\/de\/produkt\/poul-hundevad-sideboards\/\" \/>\n<meta property=\"og:site_name\" content=\"Vechtdal Meubels\" \/>\n<meta property=\"article:modified_time\" content=\"2026-01-08T14:44:12+00:00\" \/>\n<meta property=\"og:image\" content=\"https:\/\/www.searchflow.dev\/vechtdal\/wp-content\/uploads\/2024\/12\/WhatsApp-Image-2024-07-26-at-20.12.13-1024x682.jpeg\" \/>\n<meta name=\"twitter:card\" content=\"summary_large_image\" \/>\n<meta name=\"twitter:image\" content=\"https:\/\/www.searchflow.dev\/vechtdal\/wp-content\/uploads\/2024\/12\/WhatsApp-Image-2024-07-26-at-20.12.13-1024x682.jpeg\" \/>\n<!-- \/ Yoast SEO plugin. -->","yoast_head_json":{"title":"Poul Hundevad Sideboards | Vechtdal Meubels","description":"Poul Hundevad Sideboards kopen? Wij zijn de goedkoopste op de markt! \u2713 14 dagen bedenktijd! \u2713 Bestel nu!","robots":{"index":"index","follow":"follow","max-snippet":"max-snippet:-1","max-image-preview":"max-image-preview:large","max-video-preview":"max-video-preview:-1"},"og_locale":"de_DE","og_type":"article","og_title":"Poul Hundevad Sideboards | Vechtdal Meubels","og_description":"Poul Hundevad Sideboards kopen? Wij zijn de goedkoopste op de markt! \u2713 14 dagen bedenktijd! \u2713 Bestel nu!","og_url":"https:\/\/www.vechtdalmeubels.nl\/de\/produkt\/poul-hundevad-sideboards\/","og_site_name":"Vechtdal Meubels","article_modified_time":"2026-01-08T14:44:12+00:00","og_image":[{"url":"https:\/\/www.searchflow.dev\/vechtdal\/wp-content\/uploads\/2024\/12\/WhatsApp-Image-2024-07-26-at-20.12.13-1024x682.jpeg","type":"","width":"","height":""}],"twitter_card":"summary_large_image","twitter_image":"https:\/\/www.searchflow.dev\/vechtdal\/wp-content\/uploads\/2024\/12\/WhatsApp-Image-2024-07-26-at-20.12.13-1024x682.jpeg","schema":{"@context":"https:\/\/schema.org","@graph":[{"@type":"WebPage","@id":"https:\/\/www.vechtdalmeubels.nl\/de\/produkt\/poul-hundevad-sideboards\/","url":"https:\/\/www.vechtdalmeubels.nl\/de\/produkt\/poul-hundevad-sideboards\/","name":"Poul Hundevad Sideboards | Vechtdal Meubels","isPartOf":{"@id":"https:\/\/www.vechtdalmeubels.nl\/#website"},"primaryImageOfPage":{"@id":"https:\/\/www.vechtdalmeubels.nl\/de\/produkt\/poul-hundevad-sideboards\/#primaryimage"},"image":{"@id":"https:\/\/www.vechtdalmeubels.nl\/de\/produkt\/poul-hundevad-sideboards\/#primaryimage"},"thumbnailUrl":"https:\/\/www.vechtdalmeubels.nl\/wp-content\/uploads\/2025\/01\/Julia-Black-1.jpg","datePublished":"2025-01-16T13:25:54+00:00","dateModified":"2026-01-08T14:44:12+00:00","description":"Poul Hundevad Sideboards kopen? Wij zijn de goedkoopste op de markt! \u2713 14 dagen bedenktijd! \u2713 Bestel nu!","breadcrumb":{"@id":"https:\/\/www.vechtdalmeubels.nl\/de\/produkt\/poul-hundevad-sideboards\/#breadcrumb"},"inLanguage":"de","potentialAction":[{"@type":"ReadAction","target":["https:\/\/www.vechtdalmeubels.nl\/de\/produkt\/poul-hundevad-sideboards\/"]}]},{"@type":"ImageObject","inLanguage":"de","@id":"https:\/\/www.vechtdalmeubels.nl\/de\/produkt\/poul-hundevad-sideboards\/#primaryimage","url":"https:\/\/www.vechtdalmeubels.nl\/wp-content\/uploads\/2025\/01\/Julia-Black-1.jpg","contentUrl":"https:\/\/www.vechtdalmeubels.nl\/wp-content\/uploads\/2025\/01\/Julia-Black-1.jpg","width":1500,"height":1000},{"@type":"BreadcrumbList","@id":"https:\/\/www.vechtdalmeubels.nl\/de\/produkt\/poul-hundevad-sideboards\/#breadcrumb","itemListElement":[{"@type":"ListItem","position":1,"name":"Home","item":"https:\/\/www.vechtdalmeubels.nl\/de\/startseite\/"},{"@type":"ListItem","position":2,"name":"Shop","item":"https:\/\/www.vechtdalmeubels.nl\/de\/winkel\/"},{"@type":"ListItem","position":3,"name":"Poul Hundevad Sideboards"}]},{"@type":"WebSite","@id":"https:\/\/www.vechtdalmeubels.nl\/#website","url":"https:\/\/www.vechtdalmeubels.nl\/","name":"Vechtdal Meubels","description":"","publisher":{"@id":"https:\/\/www.vechtdalmeubels.nl\/#organization"},"potentialAction":[{"@type":"SearchAction","target":{"@type":"EntryPoint","urlTemplate":"https:\/\/www.vechtdalmeubels.nl\/?s={search_term_string}"},"query-input":{"@type":"PropertyValueSpecification","valueRequired":true,"valueName":"search_term_string"}}],"inLanguage":"de"},{"@type":"Organization","@id":"https:\/\/www.vechtdalmeubels.nl\/#organization","name":"Vechtdal Meubels","alternateName":"Vechtdal Meubels","url":"https:\/\/www.vechtdalmeubels.nl\/","logo":{"@type":"ImageObject","inLanguage":"de","@id":"https:\/\/www.vechtdalmeubels.nl\/#\/schema\/logo\/image\/","url":"https:\/\/www.vechtdalmeubels.nl\/wp-content\/uploads\/2024\/11\/Logo-vechtdal-v2.svg","contentUrl":"https:\/\/www.vechtdalmeubels.nl\/wp-content\/uploads\/2024\/11\/Logo-vechtdal-v2.svg","caption":"Vechtdal Meubels"},"image":{"@id":"https:\/\/www.vechtdalmeubels.nl\/#\/schema\/logo\/image\/"}}]}},"_links":{"self":[{"href":"https:\/\/www.vechtdalmeubels.nl\/de\/wp-json\/wp\/v2\/product\/3972","targetHints":{"allow":["GET"]}}],"collection":[{"href":"https:\/\/www.vechtdalmeubels.nl\/de\/wp-json\/wp\/v2\/product"}],"about":[{"href":"https:\/\/www.vechtdalmeubels.nl\/de\/wp-json\/wp\/v2\/types\/product"}],"replies":[{"embeddable":true,"href":"https:\/\/www.vechtdalmeubels.nl\/de\/wp-json\/wp\/v2\/comments?post=3972"}],"wp:featuredmedia":[{"embeddable":true,"href":"https:\/\/www.vechtdalmeubels.nl\/de\/wp-json\/wp\/v2\/media\/3973"}],"wp:attachment":[{"href":"https:\/\/www.vechtdalmeubels.nl\/de\/wp-json\/wp\/v2\/media?parent=3972"}],"wp:term":[{"taxonomy":"product_brand","embeddable":true,"href":"https:\/\/www.vechtdalmeubels.nl\/de\/wp-json\/wp\/v2\/product_brand?post=3972"},{"taxonomy":"product_cat","embeddable":true,"href":"https:\/\/www.vechtdalmeubels.nl\/de\/wp-json\/wp\/v2\/product_cat?post=3972"},{"taxonomy":"product_tag","embeddable":true,"href":"https:\/\/www.vechtdalmeubels.nl\/de\/wp-json\/wp\/v2\/product_tag?post=3972"}],"curies":[{"name":"wp","href":"https:\/\/api.w.org\/{rel}","templated":true}]}}