{"id":4259,"date":"2025-05-31T09:27:21","date_gmt":"2025-05-31T07:27:21","guid":{"rendered":"https:\/\/www.vechtdalmeubels.nl\/product\/esszimmerstuhl-calm-schwarz-boucle\/"},"modified":"2026-01-08T16:02:01","modified_gmt":"2026-01-08T15:02:01","slug":"esszimmerstuhl-calm-schwarz-boucle","status":"publish","type":"product","link":"https:\/\/www.vechtdalmeubels.nl\/de\/produkt\/esszimmerstuhl-calm-schwarz-boucle\/","title":{"rendered":"Esszimmerstuhl Calm | Schwarz | Boucl\u00e9"},"content":{"rendered":"<p>Exklusive Eichenholzst\u00fchle im Japandi- &amp; Skandinavischen Stil!<\/p>\n<p>Verwandeln Sie Ihren Raum mit unseren wundersch\u00f6nen Eichenholzst\u00fchlen, inspiriert von der harmonischen Mischung aus Japandi- und skandinavischem Stil. Ein perfektes Gleichgewicht zwischen Eleganz und Einfachheit \u2013 diese St\u00fchle bringen W\u00e4rme und Raffinesse in jedes Interieur.  Das wundersch\u00f6ne minimalistische Design der \u201eCalm\u201c-St\u00fchle verwandelt jedes Interieur in eine Oase der Ruhe und Gelassenheit. Aus Eichenholz gefertigt.<\/p>\n<p>Warum sind unsere Eichenholzst\u00fchle ein Must-have?<br \/>\n\u2728 Hergestellt aus hochwertigem Eichenholz f\u00fcr Langlebigkeit und nat\u00fcrliche Sch\u00f6nheit<br \/>\n\u2728 Design, inspiriert von der minimalistischen \u00c4sthetik des Japandi-Stils und der Leichtigkeit skandinavischer Designs<br \/>\n\u2728 Sanfte Linien und bequeme Sitzfl\u00e4che f\u00fcr ultimativen Sitzkomfort<br \/>\n\u2728 Eine zeitlose Erg\u00e4nzung f\u00fcr jedes Interieur, von modern bis klassisch<\/p>\n<p>Bringen Sie die beruhigende Atmosph\u00e4re des Japandi- und skandinavischen Stils mit unseren Eichenholzst\u00fchlen in Ihr Zuhause. Erleben Sie die perfekte Kombination aus Funktionalit\u00e4t und Design.  Bestellen Sie noch heute Ihren Stuhl und schaffen Sie einen Raum, der Ruhe und Sch\u00f6nheit ausstrahlt. Set von 2 St\u00fchlen pro Verpackung (498 \u20ac), pro St\u00fcck kosten sie 249 \u20ac.  <strong>Jetzt vor\u00fcbergehend f\u00fcr 199 \u20ac pro Stuhl. <\/strong><\/p>\n<p>Kauf auf Rechnung ist \u00fcber Klarna m\u00f6glich. <strong>St\u00fchle werden montiert geliefert!<\/strong><\/p>\n<p><strong>Produkteigenschaften:<br \/>\n<\/strong>Farbe: Ge\u00f6lte schwarze Holzfarbe und beiger Boucl\u00e9-Stoff<br \/>\nMaterial: Eichenholz und Boucl\u00e9-Stoff<br \/>\nAbmessungen (BxTxH): 56x52x73 cm<br \/>\nSitztiefe: 42 cm<br \/>\nSitzh\u00f6he: 46 cm<br \/>\nStil: Modernes Design, Skandinavisch und Japandi<\/p>\n<p style=\"font-weight: 400;\">Der h\u00f6chste Punkt der R\u00fcckenlehne ist 73 cm und der niedrigste Punkt der R\u00fcckenlehne ist 63 cm.<\/p>\n<p>Wir liefern in die gesamten Niederlande, nach Deutschland und Belgien. Sollte der Stuhl nicht passen, k\u00f6nnen Sie ihn innerhalb von 14 Tagen zur\u00fccksenden. <\/p>\n","protected":false},"excerpt":{"rendered":"<p style=\"font-weight: 400;\">Stilvolle Designst\u00fchle in schwarzer Ausf\u00fchrung und beigem Boucl\u00e9-Stoff. Perfekt f\u00fcr ein modernes Interieur mit warmer Ausstrahlung. Hergestellt aus hochwertigem Eichenholz.  <\/p>\n","protected":false},"featured_media":4260,"comment_status":"closed","ping_status":"closed","template":"","meta":{"_acf_changed":false},"product_brand":[],"product_cat":[285,283],"product_tag":[],"class_list":{"0":"post-4259","1":"product","2":"type-product","3":"status-publish","4":"has-post-thumbnail","6":"product_cat-japandi-esszimmerstuhle","7":"product_cat-stuhle","9":"first","10":"onbackorder","11":"sale","12":"taxable","13":"shipping-taxable","14":"purchasable","15":"product-type-simple"},"acf":[],"yoast_head":"<!-- This site is optimized with the Yoast SEO plugin v27.5 - https:\/\/yoast.com\/product\/yoast-seo-wordpress\/ -->\n<title>Esszimmerstuhl Calm | Schwarz | Boucl\u00e9 | Vechtdal Meubels<\/title>\n<meta name=\"description\" content=\"Esszimmerstuhl Calm | Schwarz | Boucl\u00e9 kopen? Wij zijn de goedkoopste op de markt! \u2713 14 dagen bedenktijd! \u2713 Bestel nu!\" \/>\n<meta name=\"robots\" content=\"index, follow, max-snippet:-1, max-image-preview:large, max-video-preview:-1\" \/>\n<meta property=\"og:locale\" content=\"de_DE\" \/>\n<meta property=\"og:type\" content=\"article\" \/>\n<meta property=\"og:title\" content=\"Esszimmerstuhl Calm | Schwarz | Boucl\u00e9 | Vechtdal Meubels\" \/>\n<meta property=\"og:description\" content=\"Esszimmerstuhl Calm | Schwarz | Boucl\u00e9 kopen? Wij zijn de goedkoopste op de markt! \u2713 14 dagen bedenktijd! \u2713 Bestel nu!\" \/>\n<meta property=\"og:url\" content=\"https:\/\/www.vechtdalmeubels.nl\/de\/produkt\/esszimmerstuhl-calm-schwarz-boucle\/\" \/>\n<meta property=\"og:site_name\" content=\"Vechtdal Meubels\" \/>\n<meta property=\"article:modified_time\" content=\"2026-01-08T15:02:01+00:00\" \/>\n<meta property=\"og:image\" content=\"https:\/\/www.searchflow.dev\/vechtdal\/wp-content\/uploads\/2024\/12\/IMG_4647-1-scaled-1-1024x683.jpg\" \/>\n<meta name=\"twitter:card\" content=\"summary_large_image\" \/>\n<meta name=\"twitter:image\" content=\"https:\/\/www.searchflow.dev\/vechtdal\/wp-content\/uploads\/2024\/12\/IMG_4647-1-scaled-1-1024x683.jpg\" \/>\n<!-- \/ Yoast SEO plugin. -->","yoast_head_json":{"title":"Esszimmerstuhl Calm | Schwarz | Boucl\u00e9 | Vechtdal Meubels","description":"Esszimmerstuhl Calm | Schwarz | Boucl\u00e9 kopen? Wij zijn de goedkoopste op de markt! \u2713 14 dagen bedenktijd! \u2713 Bestel nu!","robots":{"index":"index","follow":"follow","max-snippet":"max-snippet:-1","max-image-preview":"max-image-preview:large","max-video-preview":"max-video-preview:-1"},"og_locale":"de_DE","og_type":"article","og_title":"Esszimmerstuhl Calm | Schwarz | Boucl\u00e9 | Vechtdal Meubels","og_description":"Esszimmerstuhl Calm | Schwarz | Boucl\u00e9 kopen? Wij zijn de goedkoopste op de markt! \u2713 14 dagen bedenktijd! \u2713 Bestel nu!","og_url":"https:\/\/www.vechtdalmeubels.nl\/de\/produkt\/esszimmerstuhl-calm-schwarz-boucle\/","og_site_name":"Vechtdal Meubels","article_modified_time":"2026-01-08T15:02:01+00:00","og_image":[{"url":"https:\/\/www.searchflow.dev\/vechtdal\/wp-content\/uploads\/2024\/12\/IMG_4647-1-scaled-1-1024x683.jpg","type":"","width":"","height":""}],"twitter_card":"summary_large_image","twitter_image":"https:\/\/www.searchflow.dev\/vechtdal\/wp-content\/uploads\/2024\/12\/IMG_4647-1-scaled-1-1024x683.jpg","schema":{"@context":"https:\/\/schema.org","@graph":[{"@type":"WebPage","@id":"https:\/\/www.vechtdalmeubels.nl\/de\/produkt\/esszimmerstuhl-calm-schwarz-boucle\/","url":"https:\/\/www.vechtdalmeubels.nl\/de\/produkt\/esszimmerstuhl-calm-schwarz-boucle\/","name":"Esszimmerstuhl Calm | Schwarz | Boucl\u00e9 | Vechtdal Meubels","isPartOf":{"@id":"https:\/\/www.vechtdalmeubels.nl\/#website"},"primaryImageOfPage":{"@id":"https:\/\/www.vechtdalmeubels.nl\/de\/produkt\/esszimmerstuhl-calm-schwarz-boucle\/#primaryimage"},"image":{"@id":"https:\/\/www.vechtdalmeubels.nl\/de\/produkt\/esszimmerstuhl-calm-schwarz-boucle\/#primaryimage"},"thumbnailUrl":"https:\/\/www.vechtdalmeubels.nl\/wp-content\/uploads\/2025\/01\/IMG_5508-scaled.jpg","datePublished":"2025-05-31T07:27:21+00:00","dateModified":"2026-01-08T15:02:01+00:00","description":"Esszimmerstuhl Calm | Schwarz | Boucl\u00e9 kopen? Wij zijn de goedkoopste op de markt! \u2713 14 dagen bedenktijd! \u2713 Bestel nu!","breadcrumb":{"@id":"https:\/\/www.vechtdalmeubels.nl\/de\/produkt\/esszimmerstuhl-calm-schwarz-boucle\/#breadcrumb"},"inLanguage":"de","potentialAction":[{"@type":"ReadAction","target":["https:\/\/www.vechtdalmeubels.nl\/de\/produkt\/esszimmerstuhl-calm-schwarz-boucle\/"]}]},{"@type":"ImageObject","inLanguage":"de","@id":"https:\/\/www.vechtdalmeubels.nl\/de\/produkt\/esszimmerstuhl-calm-schwarz-boucle\/#primaryimage","url":"https:\/\/www.vechtdalmeubels.nl\/wp-content\/uploads\/2025\/01\/IMG_5508-scaled.jpg","contentUrl":"https:\/\/www.vechtdalmeubels.nl\/wp-content\/uploads\/2025\/01\/IMG_5508-scaled.jpg","width":1707,"height":2560},{"@type":"BreadcrumbList","@id":"https:\/\/www.vechtdalmeubels.nl\/de\/produkt\/esszimmerstuhl-calm-schwarz-boucle\/#breadcrumb","itemListElement":[{"@type":"ListItem","position":1,"name":"Home","item":"https:\/\/www.vechtdalmeubels.nl\/de\/startseite\/"},{"@type":"ListItem","position":2,"name":"Shop","item":"https:\/\/www.vechtdalmeubels.nl\/de\/winkel\/"},{"@type":"ListItem","position":3,"name":"Esszimmerstuhl Calm | Schwarz | Boucl\u00e9"}]},{"@type":"WebSite","@id":"https:\/\/www.vechtdalmeubels.nl\/#website","url":"https:\/\/www.vechtdalmeubels.nl\/","name":"Vechtdal Meubels","description":"","publisher":{"@id":"https:\/\/www.vechtdalmeubels.nl\/#organization"},"potentialAction":[{"@type":"SearchAction","target":{"@type":"EntryPoint","urlTemplate":"https:\/\/www.vechtdalmeubels.nl\/?s={search_term_string}"},"query-input":{"@type":"PropertyValueSpecification","valueRequired":true,"valueName":"search_term_string"}}],"inLanguage":"de"},{"@type":"Organization","@id":"https:\/\/www.vechtdalmeubels.nl\/#organization","name":"Vechtdal Meubels","alternateName":"Vechtdal Meubels","url":"https:\/\/www.vechtdalmeubels.nl\/","logo":{"@type":"ImageObject","inLanguage":"de","@id":"https:\/\/www.vechtdalmeubels.nl\/#\/schema\/logo\/image\/","url":"https:\/\/www.vechtdalmeubels.nl\/wp-content\/uploads\/2024\/11\/Logo-vechtdal-v2.svg","contentUrl":"https:\/\/www.vechtdalmeubels.nl\/wp-content\/uploads\/2024\/11\/Logo-vechtdal-v2.svg","caption":"Vechtdal Meubels"},"image":{"@id":"https:\/\/www.vechtdalmeubels.nl\/#\/schema\/logo\/image\/"}}]}},"_links":{"self":[{"href":"https:\/\/www.vechtdalmeubels.nl\/de\/wp-json\/wp\/v2\/product\/4259","targetHints":{"allow":["GET"]}}],"collection":[{"href":"https:\/\/www.vechtdalmeubels.nl\/de\/wp-json\/wp\/v2\/product"}],"about":[{"href":"https:\/\/www.vechtdalmeubels.nl\/de\/wp-json\/wp\/v2\/types\/product"}],"replies":[{"embeddable":true,"href":"https:\/\/www.vechtdalmeubels.nl\/de\/wp-json\/wp\/v2\/comments?post=4259"}],"wp:featuredmedia":[{"embeddable":true,"href":"https:\/\/www.vechtdalmeubels.nl\/de\/wp-json\/wp\/v2\/media\/4260"}],"wp:attachment":[{"href":"https:\/\/www.vechtdalmeubels.nl\/de\/wp-json\/wp\/v2\/media?parent=4259"}],"wp:term":[{"taxonomy":"product_brand","embeddable":true,"href":"https:\/\/www.vechtdalmeubels.nl\/de\/wp-json\/wp\/v2\/product_brand?post=4259"},{"taxonomy":"product_cat","embeddable":true,"href":"https:\/\/www.vechtdalmeubels.nl\/de\/wp-json\/wp\/v2\/product_cat?post=4259"},{"taxonomy":"product_tag","embeddable":true,"href":"https:\/\/www.vechtdalmeubels.nl\/de\/wp-json\/wp\/v2\/product_tag?post=4259"}],"curies":[{"name":"wp","href":"https:\/\/api.w.org\/{rel}","templated":true}]}}