{"id":4362,"date":"2024-12-09T14:02:53","date_gmt":"2024-12-09T13:02:53","guid":{"rendered":"https:\/\/www.vechtdalmeubels.nl\/product\/wunderschoene-niels-otto-moller-modell-71-stuehle\/"},"modified":"2026-02-08T18:05:54","modified_gmt":"2026-02-08T17:05:54","slug":"wunderschoene-niels-otto-moller-modell-71-stuehle","status":"publish","type":"product","link":"https:\/\/www.vechtdalmeubels.nl\/de\/produkt\/wunderschoene-niels-otto-moller-modell-71-stuehle\/","title":{"rendered":"Wundersch\u00f6ne Niels Otto M\u00f8ller Modell 71 St\u00fchle"},"content":{"rendered":"<p>Wundersch\u00f6nes Set von Niels Otto M\u00f8ller Modell 71 aus Teakholz. Alle St\u00fchle sind mit neuem Papercord-Geflecht ausgestattet und wurden frisch mit Teak\u00f6l behandelt. Des Weiteren ist das gesamte Holzwerk in Top-Zustand, ohne Besch\u00e4digungen.   Dies ist der erste Entwurf von Niels Otto M\u00f8ller aus dem Jahr 1951. Die St\u00fchle wurden in Hojbjerg, D\u00e4nemark, hergestellt. <\/p>\n<p>Ma\u00dfe:<\/p>\n<p>Sitzh\u00f6he: 45 cm<br \/>\nTiefe: 50 cm<br \/>\nBreite: 50 cm<br \/>\nH\u00f6he: 80 cm<\/p>\n<p>Entdecken Sie die zeitlose Eleganz d\u00e4nischer M\u00f6belkunst mit diesem Set von vier Niels Otto M\u00f8ller Modell 71 St\u00fchlen, gefertigt aus hochwertigem Teakholz. Diese ikonischen St\u00fchle verbinden raffiniertes Design mit au\u00dfergew\u00f6hnlichem Sitzkomfort, ideal f\u00fcr jedes Esszimmer oder jeden Wohnbereich. <\/p>\n<p><strong>Merkmale:<\/strong><\/p>\n<ul>\n<li><strong>Designer:<\/strong> Niels Otto M\u00f8ller<\/li>\n<li><strong>Modell:<\/strong> 71<\/li>\n<li><strong>Material:<\/strong> Hochwertiges Teakholz<\/li>\n<li><strong>Zustand:<\/strong> Ausgezeichneter Vintage-Zustand, sorgf\u00e4ltig gepflegt<\/li>\n<\/ul>\n<p><strong>Warum Niels Otto M\u00f8ller St\u00fchle w\u00e4hlen?<\/strong> Diese St\u00fchle sind nicht nur optisch ansprechend, sondern bieten auch hervorragende Haltbarkeit und Komfort. Das Teakholz verleiht eine warme, nat\u00fcrliche Ausstrahlung, die perfekt zu modernen wie auch klassischen Interieurs passt. Ein wahrer Blickfang f\u00fcr Liebhaber von Vintage-Design.  <\/p>\n<p><strong>Vorteile:<\/strong><\/p>\n<ul>\n<li>Zeitloses d\u00e4nisches Design<\/li>\n<li>Langlebiges und robustes Teakholz<\/li>\n<li>Hervorragender Sitzkomfort<\/li>\n<li>Wertvolle Erg\u00e4nzung f\u00fcr jeden Einrichtungsstil<\/li>\n<\/ul>\n<p>Verpassen Sie nicht die Gelegenheit, ein St\u00fcck Vintage in Ihr Zuhause zu holen. Bestellen Sie noch heute und genie\u00dfen Sie die perfekte Mischung aus Stil und Komfort! <\/p>\n<p>Informieren Sie sich \u00fcber die M\u00f6glichkeiten!<\/p>\n","protected":false},"excerpt":{"rendered":"<p>Dies ist der erste Entwurf von Niels Otto M\u00f8ller aus dem Jahr 1951.<\/p>\n","protected":false},"featured_media":5501,"comment_status":"closed","ping_status":"closed","template":"","meta":{"_acf_changed":false},"product_brand":[],"product_cat":[277],"product_tag":[],"class_list":{"0":"post-4362","1":"product","2":"type-product","3":"status-publish","4":"has-post-thumbnail","6":"product_cat-vintage-de","8":"first","9":"onbackorder","10":"purchasable","11":"product-type-simple"},"acf":[],"yoast_head":"<!-- This site is optimized with the Yoast SEO plugin v27.5 - https:\/\/yoast.com\/product\/yoast-seo-wordpress\/ -->\n<title>Wundersch\u00f6ne Niels Otto M\u00f8ller Modell 71 St\u00fchle | Vechtdal Meubels<\/title>\n<meta name=\"description\" content=\"Wundersch\u00f6ne Niels Otto M\u00f8ller Modell 71 St\u00fchle kopen? Wij zijn de goedkoopste op de markt! \u2713 14 dagen bedenktijd! \u2713 Bestel nu!\" \/>\n<meta name=\"robots\" content=\"index, follow, max-snippet:-1, max-image-preview:large, max-video-preview:-1\" \/>\n<meta property=\"og:locale\" content=\"de_DE\" \/>\n<meta property=\"og:type\" content=\"article\" \/>\n<meta property=\"og:title\" content=\"Wundersch\u00f6ne Niels Otto M\u00f8ller Modell 71 St\u00fchle | Vechtdal Meubels\" \/>\n<meta property=\"og:description\" content=\"Wundersch\u00f6ne Niels Otto M\u00f8ller Modell 71 St\u00fchle kopen? Wij zijn de goedkoopste op de markt! \u2713 14 dagen bedenktijd! \u2713 Bestel nu!\" \/>\n<meta property=\"og:url\" content=\"https:\/\/www.vechtdalmeubels.nl\/de\/produkt\/wunderschoene-niels-otto-moller-modell-71-stuehle\/\" \/>\n<meta property=\"og:site_name\" content=\"Vechtdal Meubels\" \/>\n<meta property=\"article:modified_time\" content=\"2026-02-08T17:05:54+00:00\" \/>\n<meta property=\"og:image\" content=\"https:\/\/www.searchflow.dev\/vechtdal\/wp-content\/uploads\/2024\/12\/IMG_4806-bewerkt-2-scaled-1-1024x709.jpg\" \/>\n<meta name=\"twitter:card\" content=\"summary_large_image\" \/>\n<meta name=\"twitter:image\" content=\"https:\/\/www.searchflow.dev\/vechtdal\/wp-content\/uploads\/2024\/12\/IMG_4806-bewerkt-2-scaled-1-1024x709.jpg\" \/>\n<!-- \/ Yoast SEO plugin. -->","yoast_head_json":{"title":"Wundersch\u00f6ne Niels Otto M\u00f8ller Modell 71 St\u00fchle | Vechtdal Meubels","description":"Wundersch\u00f6ne Niels Otto M\u00f8ller Modell 71 St\u00fchle kopen? Wij zijn de goedkoopste op de markt! \u2713 14 dagen bedenktijd! \u2713 Bestel nu!","robots":{"index":"index","follow":"follow","max-snippet":"max-snippet:-1","max-image-preview":"max-image-preview:large","max-video-preview":"max-video-preview:-1"},"og_locale":"de_DE","og_type":"article","og_title":"Wundersch\u00f6ne Niels Otto M\u00f8ller Modell 71 St\u00fchle | Vechtdal Meubels","og_description":"Wundersch\u00f6ne Niels Otto M\u00f8ller Modell 71 St\u00fchle kopen? Wij zijn de goedkoopste op de markt! \u2713 14 dagen bedenktijd! \u2713 Bestel nu!","og_url":"https:\/\/www.vechtdalmeubels.nl\/de\/produkt\/wunderschoene-niels-otto-moller-modell-71-stuehle\/","og_site_name":"Vechtdal Meubels","article_modified_time":"2026-02-08T17:05:54+00:00","og_image":[{"url":"https:\/\/www.searchflow.dev\/vechtdal\/wp-content\/uploads\/2024\/12\/IMG_4806-bewerkt-2-scaled-1-1024x709.jpg","type":"","width":"","height":""}],"twitter_card":"summary_large_image","twitter_image":"https:\/\/www.searchflow.dev\/vechtdal\/wp-content\/uploads\/2024\/12\/IMG_4806-bewerkt-2-scaled-1-1024x709.jpg","schema":{"@context":"https:\/\/schema.org","@graph":[{"@type":"WebPage","@id":"https:\/\/www.vechtdalmeubels.nl\/de\/produkt\/wunderschoene-niels-otto-moller-modell-71-stuehle\/","url":"https:\/\/www.vechtdalmeubels.nl\/de\/produkt\/wunderschoene-niels-otto-moller-modell-71-stuehle\/","name":"Wundersch\u00f6ne Niels Otto M\u00f8ller Modell 71 St\u00fchle | Vechtdal Meubels","isPartOf":{"@id":"https:\/\/www.vechtdalmeubels.nl\/#website"},"primaryImageOfPage":{"@id":"https:\/\/www.vechtdalmeubels.nl\/de\/produkt\/wunderschoene-niels-otto-moller-modell-71-stuehle\/#primaryimage"},"image":{"@id":"https:\/\/www.vechtdalmeubels.nl\/de\/produkt\/wunderschoene-niels-otto-moller-modell-71-stuehle\/#primaryimage"},"thumbnailUrl":"https:\/\/www.vechtdalmeubels.nl\/wp-content\/uploads\/2024\/12\/Vechtdal_Meubels_29_sept_2025_LOW-16-scaled.jpg","datePublished":"2024-12-09T13:02:53+00:00","dateModified":"2026-02-08T17:05:54+00:00","description":"Wundersch\u00f6ne Niels Otto M\u00f8ller Modell 71 St\u00fchle kopen? Wij zijn de goedkoopste op de markt! \u2713 14 dagen bedenktijd! \u2713 Bestel nu!","breadcrumb":{"@id":"https:\/\/www.vechtdalmeubels.nl\/de\/produkt\/wunderschoene-niels-otto-moller-modell-71-stuehle\/#breadcrumb"},"inLanguage":"de","potentialAction":[{"@type":"ReadAction","target":["https:\/\/www.vechtdalmeubels.nl\/de\/produkt\/wunderschoene-niels-otto-moller-modell-71-stuehle\/"]}]},{"@type":"ImageObject","inLanguage":"de","@id":"https:\/\/www.vechtdalmeubels.nl\/de\/produkt\/wunderschoene-niels-otto-moller-modell-71-stuehle\/#primaryimage","url":"https:\/\/www.vechtdalmeubels.nl\/wp-content\/uploads\/2024\/12\/Vechtdal_Meubels_29_sept_2025_LOW-16-scaled.jpg","contentUrl":"https:\/\/www.vechtdalmeubels.nl\/wp-content\/uploads\/2024\/12\/Vechtdal_Meubels_29_sept_2025_LOW-16-scaled.jpg","width":1707,"height":2560},{"@type":"BreadcrumbList","@id":"https:\/\/www.vechtdalmeubels.nl\/de\/produkt\/wunderschoene-niels-otto-moller-modell-71-stuehle\/#breadcrumb","itemListElement":[{"@type":"ListItem","position":1,"name":"Home","item":"https:\/\/www.vechtdalmeubels.nl\/de\/startseite\/"},{"@type":"ListItem","position":2,"name":"Shop","item":"https:\/\/www.vechtdalmeubels.nl\/de\/winkel\/"},{"@type":"ListItem","position":3,"name":"Wundersch\u00f6ne Niels Otto M\u00f8ller Modell 71 St\u00fchle"}]},{"@type":"WebSite","@id":"https:\/\/www.vechtdalmeubels.nl\/#website","url":"https:\/\/www.vechtdalmeubels.nl\/","name":"Vechtdal Meubels","description":"","publisher":{"@id":"https:\/\/www.vechtdalmeubels.nl\/#organization"},"potentialAction":[{"@type":"SearchAction","target":{"@type":"EntryPoint","urlTemplate":"https:\/\/www.vechtdalmeubels.nl\/?s={search_term_string}"},"query-input":{"@type":"PropertyValueSpecification","valueRequired":true,"valueName":"search_term_string"}}],"inLanguage":"de"},{"@type":"Organization","@id":"https:\/\/www.vechtdalmeubels.nl\/#organization","name":"Vechtdal Meubels","alternateName":"Vechtdal Meubels","url":"https:\/\/www.vechtdalmeubels.nl\/","logo":{"@type":"ImageObject","inLanguage":"de","@id":"https:\/\/www.vechtdalmeubels.nl\/#\/schema\/logo\/image\/","url":"https:\/\/www.vechtdalmeubels.nl\/wp-content\/uploads\/2024\/11\/Logo-vechtdal-v2.svg","contentUrl":"https:\/\/www.vechtdalmeubels.nl\/wp-content\/uploads\/2024\/11\/Logo-vechtdal-v2.svg","caption":"Vechtdal Meubels"},"image":{"@id":"https:\/\/www.vechtdalmeubels.nl\/#\/schema\/logo\/image\/"}}]}},"_links":{"self":[{"href":"https:\/\/www.vechtdalmeubels.nl\/de\/wp-json\/wp\/v2\/product\/4362","targetHints":{"allow":["GET"]}}],"collection":[{"href":"https:\/\/www.vechtdalmeubels.nl\/de\/wp-json\/wp\/v2\/product"}],"about":[{"href":"https:\/\/www.vechtdalmeubels.nl\/de\/wp-json\/wp\/v2\/types\/product"}],"replies":[{"embeddable":true,"href":"https:\/\/www.vechtdalmeubels.nl\/de\/wp-json\/wp\/v2\/comments?post=4362"}],"wp:featuredmedia":[{"embeddable":true,"href":"https:\/\/www.vechtdalmeubels.nl\/de\/wp-json\/wp\/v2\/media\/5501"}],"wp:attachment":[{"href":"https:\/\/www.vechtdalmeubels.nl\/de\/wp-json\/wp\/v2\/media?parent=4362"}],"wp:term":[{"taxonomy":"product_brand","embeddable":true,"href":"https:\/\/www.vechtdalmeubels.nl\/de\/wp-json\/wp\/v2\/product_brand?post=4362"},{"taxonomy":"product_cat","embeddable":true,"href":"https:\/\/www.vechtdalmeubels.nl\/de\/wp-json\/wp\/v2\/product_cat?post=4362"},{"taxonomy":"product_tag","embeddable":true,"href":"https:\/\/www.vechtdalmeubels.nl\/de\/wp-json\/wp\/v2\/product_tag?post=4362"}],"curies":[{"name":"wp","href":"https:\/\/api.w.org\/{rel}","templated":true}]}}