{"id":4443,"date":"2024-12-09T14:02:46","date_gmt":"2024-12-09T13:02:46","guid":{"rendered":"https:\/\/www.vechtdalmeubels.nl\/product\/esszimmerstuhl-calm-brown-teddy\/"},"modified":"2026-03-06T21:16:40","modified_gmt":"2026-03-06T20:16:40","slug":"esszimmerstuhl-calm-brown-teddy","status":"publish","type":"product","link":"https:\/\/www.vechtdalmeubels.nl\/de\/produkt\/esszimmerstuhl-calm-brown-teddy\/","title":{"rendered":"Esszimmerstuhl Calm | Natur | Teddy"},"content":{"rendered":"<p>Exklusive Eichenholzst\u00fchle im Japandi- &amp; Skandinavischen Stil!<\/p>\n<p>Verwandeln Sie Ihren Raum mit unseren wundersch\u00f6nen Eichenholzst\u00fchlen, inspiriert von der harmonischen Mischung aus Japandi- und skandinavischem Stil. Ein perfektes Gleichgewicht zwischen Eleganz und Einfachheit \u2013 diese St\u00fchle bringen W\u00e4rme und Raffinesse in jedes Interieur.  Bringen Sie die beruhigende Atmosph\u00e4re des Japandi- und skandinavischen Stils mit unseren Eichenholzst\u00fchlen in Ihr Zuhause. Erleben Sie die perfekte Kombination aus Funktionalit\u00e4t und Design.  Bestellen Sie noch heute Ihren Stuhl und schaffen Sie einen Raum, der Ruhe und Sch\u00f6nheit ausstrahlt. Jeder Stuhl ist sorgf\u00e4ltig gefertigt, um die Essenz des gem\u00fctlichen Japandi-Stils mit der raffinierten Einfachheit skandinavischen Designs zu verbinden. <\/p>\n<p>Warum sind unsere Eichenholzst\u00fchle ein Must-have?<br \/>\n\u2728 Hergestellt aus hochwertigem Eichenholz f\u00fcr Langlebigkeit und nat\u00fcrliche Sch\u00f6nheit<br \/>\n\u2728 Design, inspiriert von der minimalistischen \u00c4sthetik Japandis und der Leichtigkeit skandinavischer Designs<br \/>\n\u2728 Eine zeitlose Erg\u00e4nzung f\u00fcr jedes Interieur, von modern bis klassisch<\/p>\n<p>Das wundersch\u00f6ne minimalistische Design der \u201eCalm\u201c-St\u00fchle vermag es, jedes Interieur in eine Oase der Ruhe und Gelassenheit zu verwandeln. Aus Eichenholz gefertigt. Es kombiniert gekonnt sanfte Farben im Stoff und in der Verarbeitung mit einer ergonomischen Konstruktion, die f\u00fcr bequemen Sitz und R\u00fcckenst\u00fctze sorgt.<\/p>\n<p>Kauf auf Rechnung ist \u00fcber Klarna m\u00f6glich.<\/p>\n<p><strong>Produkteigenschaften:<br \/>\n<\/strong>Farbe: Ge\u00f6ltes Natureichenholz und gebrochen wei\u00dfer Teddy-Stoff<br \/>\nMaterial: Eichenholz und Teddy-Stoff<br \/>\nAbmessungen (BxTxH): 56x52x72 cm<br \/>\nSitztiefe: 42 cm<br \/>\nSitzh\u00f6he: 46 cm<br \/>\nStil: Modernes Design, Skandinavisch und Japandi<\/p>\n<p>Sollte der Stuhl nicht passen, k\u00f6nnen Sie diesen innerhalb von 14 Tagen zur\u00fccksenden. <strong>St\u00fchle werden montiert geliefert!<\/strong><\/p>\n","protected":false},"excerpt":{"rendered":"<p>Minimalistischer Eichenholz Designerstuhl mit Teddystoff<\/p>\n","protected":false},"featured_media":4444,"comment_status":"closed","ping_status":"closed","template":"","meta":{"_acf_changed":false},"product_brand":[],"product_cat":[285,591,283],"product_tag":[],"class_list":{"0":"post-4443","1":"product","2":"type-product","3":"status-publish","4":"has-post-thumbnail","6":"product_cat-japandi-esszimmerstuhle","7":"product_cat-scandinavische-eetkamerstoelen","8":"product_cat-stuhle","10":"first","11":"onbackorder","12":"sale","13":"taxable","14":"shipping-taxable","15":"purchasable","16":"product-type-simple"},"acf":[],"yoast_head":"<!-- This site is optimized with the Yoast SEO plugin v27.5 - https:\/\/yoast.com\/product\/yoast-seo-wordpress\/ -->\n<title>Esszimmerstuhl Calm | Natur | Teddy | Vechtdal Meubels<\/title>\n<meta name=\"description\" content=\"Esszimmerstuhl Calm | Natur | Teddy kopen? Wij zijn de goedkoopste op de markt! \u2713 14 dagen bedenktijd! \u2713 Bestel nu!\" \/>\n<meta name=\"robots\" content=\"index, follow, max-snippet:-1, max-image-preview:large, max-video-preview:-1\" \/>\n<meta property=\"og:locale\" content=\"de_DE\" \/>\n<meta property=\"og:type\" content=\"article\" \/>\n<meta property=\"og:title\" content=\"Esszimmerstuhl Calm | Natur | Teddy | Vechtdal Meubels\" \/>\n<meta property=\"og:description\" content=\"Esszimmerstuhl Calm | Natur | Teddy kopen? Wij zijn de goedkoopste op de markt! \u2713 14 dagen bedenktijd! \u2713 Bestel nu!\" \/>\n<meta property=\"og:url\" content=\"https:\/\/www.vechtdalmeubels.nl\/de\/produkt\/esszimmerstuhl-calm-brown-teddy\/\" \/>\n<meta property=\"og:site_name\" content=\"Vechtdal Meubels\" \/>\n<meta property=\"article:modified_time\" content=\"2026-03-06T20:16:40+00:00\" \/>\n<meta property=\"og:image\" content=\"https:\/\/www.searchflow.dev\/vechtdal\/wp-content\/uploads\/2024\/12\/0O6A9615-scaled-1-200x300.jpg\" \/>\n<meta name=\"twitter:card\" content=\"summary_large_image\" \/>\n<meta name=\"twitter:image\" content=\"https:\/\/www.searchflow.dev\/vechtdal\/wp-content\/uploads\/2024\/12\/0O6A9615-scaled-1-683x1024.jpg\" \/>\n<!-- \/ Yoast SEO plugin. -->","yoast_head_json":{"title":"Esszimmerstuhl Calm | Natur | Teddy | Vechtdal Meubels","description":"Esszimmerstuhl Calm | Natur | Teddy kopen? Wij zijn de goedkoopste op de markt! \u2713 14 dagen bedenktijd! \u2713 Bestel nu!","robots":{"index":"index","follow":"follow","max-snippet":"max-snippet:-1","max-image-preview":"max-image-preview:large","max-video-preview":"max-video-preview:-1"},"og_locale":"de_DE","og_type":"article","og_title":"Esszimmerstuhl Calm | Natur | Teddy | Vechtdal Meubels","og_description":"Esszimmerstuhl Calm | Natur | Teddy kopen? Wij zijn de goedkoopste op de markt! \u2713 14 dagen bedenktijd! \u2713 Bestel nu!","og_url":"https:\/\/www.vechtdalmeubels.nl\/de\/produkt\/esszimmerstuhl-calm-brown-teddy\/","og_site_name":"Vechtdal Meubels","article_modified_time":"2026-03-06T20:16:40+00:00","og_image":[{"url":"https:\/\/www.searchflow.dev\/vechtdal\/wp-content\/uploads\/2024\/12\/0O6A9615-scaled-1-200x300.jpg","type":"","width":"","height":""}],"twitter_card":"summary_large_image","twitter_image":"https:\/\/www.searchflow.dev\/vechtdal\/wp-content\/uploads\/2024\/12\/0O6A9615-scaled-1-683x1024.jpg","schema":{"@context":"https:\/\/schema.org","@graph":[{"@type":"WebPage","@id":"https:\/\/www.vechtdalmeubels.nl\/de\/produkt\/esszimmerstuhl-calm-brown-teddy\/","url":"https:\/\/www.vechtdalmeubels.nl\/de\/produkt\/esszimmerstuhl-calm-brown-teddy\/","name":"Esszimmerstuhl Calm | Natur | Teddy | Vechtdal Meubels","isPartOf":{"@id":"https:\/\/www.vechtdalmeubels.nl\/#website"},"primaryImageOfPage":{"@id":"https:\/\/www.vechtdalmeubels.nl\/de\/produkt\/esszimmerstuhl-calm-brown-teddy\/#primaryimage"},"image":{"@id":"https:\/\/www.vechtdalmeubels.nl\/de\/produkt\/esszimmerstuhl-calm-brown-teddy\/#primaryimage"},"thumbnailUrl":"https:\/\/www.vechtdalmeubels.nl\/wp-content\/uploads\/2024\/12\/0O6A9606-scaled-1.jpg","datePublished":"2024-12-09T13:02:46+00:00","dateModified":"2026-03-06T20:16:40+00:00","description":"Esszimmerstuhl Calm | Natur | Teddy kopen? Wij zijn de goedkoopste op de markt! \u2713 14 dagen bedenktijd! \u2713 Bestel nu!","breadcrumb":{"@id":"https:\/\/www.vechtdalmeubels.nl\/de\/produkt\/esszimmerstuhl-calm-brown-teddy\/#breadcrumb"},"inLanguage":"de","potentialAction":[{"@type":"ReadAction","target":["https:\/\/www.vechtdalmeubels.nl\/de\/produkt\/esszimmerstuhl-calm-brown-teddy\/"]}]},{"@type":"ImageObject","inLanguage":"de","@id":"https:\/\/www.vechtdalmeubels.nl\/de\/produkt\/esszimmerstuhl-calm-brown-teddy\/#primaryimage","url":"https:\/\/www.vechtdalmeubels.nl\/wp-content\/uploads\/2024\/12\/0O6A9606-scaled-1.jpg","contentUrl":"https:\/\/www.vechtdalmeubels.nl\/wp-content\/uploads\/2024\/12\/0O6A9606-scaled-1.jpg","width":1707,"height":2560},{"@type":"BreadcrumbList","@id":"https:\/\/www.vechtdalmeubels.nl\/de\/produkt\/esszimmerstuhl-calm-brown-teddy\/#breadcrumb","itemListElement":[{"@type":"ListItem","position":1,"name":"Home","item":"https:\/\/www.vechtdalmeubels.nl\/de\/startseite\/"},{"@type":"ListItem","position":2,"name":"Shop","item":"https:\/\/www.vechtdalmeubels.nl\/de\/winkel\/"},{"@type":"ListItem","position":3,"name":"Esszimmerstuhl Calm | Natur | Teddy"}]},{"@type":"WebSite","@id":"https:\/\/www.vechtdalmeubels.nl\/#website","url":"https:\/\/www.vechtdalmeubels.nl\/","name":"Vechtdal Meubels","description":"","publisher":{"@id":"https:\/\/www.vechtdalmeubels.nl\/#organization"},"potentialAction":[{"@type":"SearchAction","target":{"@type":"EntryPoint","urlTemplate":"https:\/\/www.vechtdalmeubels.nl\/?s={search_term_string}"},"query-input":{"@type":"PropertyValueSpecification","valueRequired":true,"valueName":"search_term_string"}}],"inLanguage":"de"},{"@type":"Organization","@id":"https:\/\/www.vechtdalmeubels.nl\/#organization","name":"Vechtdal Meubels","alternateName":"Vechtdal Meubels","url":"https:\/\/www.vechtdalmeubels.nl\/","logo":{"@type":"ImageObject","inLanguage":"de","@id":"https:\/\/www.vechtdalmeubels.nl\/#\/schema\/logo\/image\/","url":"https:\/\/www.vechtdalmeubels.nl\/wp-content\/uploads\/2024\/11\/Logo-vechtdal-v2.svg","contentUrl":"https:\/\/www.vechtdalmeubels.nl\/wp-content\/uploads\/2024\/11\/Logo-vechtdal-v2.svg","caption":"Vechtdal Meubels"},"image":{"@id":"https:\/\/www.vechtdalmeubels.nl\/#\/schema\/logo\/image\/"}}]}},"_links":{"self":[{"href":"https:\/\/www.vechtdalmeubels.nl\/de\/wp-json\/wp\/v2\/product\/4443","targetHints":{"allow":["GET"]}}],"collection":[{"href":"https:\/\/www.vechtdalmeubels.nl\/de\/wp-json\/wp\/v2\/product"}],"about":[{"href":"https:\/\/www.vechtdalmeubels.nl\/de\/wp-json\/wp\/v2\/types\/product"}],"replies":[{"embeddable":true,"href":"https:\/\/www.vechtdalmeubels.nl\/de\/wp-json\/wp\/v2\/comments?post=4443"}],"wp:featuredmedia":[{"embeddable":true,"href":"https:\/\/www.vechtdalmeubels.nl\/de\/wp-json\/wp\/v2\/media\/4444"}],"wp:attachment":[{"href":"https:\/\/www.vechtdalmeubels.nl\/de\/wp-json\/wp\/v2\/media?parent=4443"}],"wp:term":[{"taxonomy":"product_brand","embeddable":true,"href":"https:\/\/www.vechtdalmeubels.nl\/de\/wp-json\/wp\/v2\/product_brand?post=4443"},{"taxonomy":"product_cat","embeddable":true,"href":"https:\/\/www.vechtdalmeubels.nl\/de\/wp-json\/wp\/v2\/product_cat?post=4443"},{"taxonomy":"product_tag","embeddable":true,"href":"https:\/\/www.vechtdalmeubels.nl\/de\/wp-json\/wp\/v2\/product_tag?post=4443"}],"curies":[{"name":"wp","href":"https:\/\/api.w.org\/{rel}","templated":true}]}}