{"id":4454,"date":"2024-12-09T14:02:46","date_gmt":"2024-12-09T13:02:46","guid":{"rendered":"https:\/\/www.vechtdalmeubels.nl\/product\/esszimmerstuhl-anna-natur-blau\/"},"modified":"2026-01-08T16:01:49","modified_gmt":"2026-01-08T15:01:49","slug":"esszimmerstuhl-anna-natur-blau","status":"publish","type":"product","link":"https:\/\/www.vechtdalmeubels.nl\/de\/produkt\/esszimmerstuhl-anna-natur-blau\/","title":{"rendered":"Esszimmerstuhl Anna | Natur | Blau"},"content":{"rendered":"<p>Exklusive Eichenholzst\u00fchle im Japandi- &amp; Skandinavischen Stil!<\/p>\n<p>Verwandeln Sie Ihren Raum mit unseren wundersch\u00f6nen Eichenholzst\u00fchlen, inspiriert von der harmonischen Mischung aus Japandi- und skandinavischem Stil. Ein perfektes Gleichgewicht zwischen Eleganz und Einfachheit \u2013 diese St\u00fchle bringen W\u00e4rme und Raffinesse in jedes Interieur.  Das wundersch\u00f6ne minimalistische Design der \u201eAnna\u201c-St\u00fchle verwandelt jedes Interieur in eine Oase der Ruhe und Gelassenheit. Hergestellt aus Eichenholz. Es kombiniert gekonnt sanfte Farben in Stoff und Verarbeitung mit einer ergonomischen Konstruktion, die f\u00fcr bequemen Sitz- und R\u00fcckenhalt sorgt.  <\/p>\n<p><strong>Kauf auf Rechnung ist m\u00f6glich. <\/strong><\/p>\n<p><strong>Produkteigenschaften:<br \/>\n<\/strong>Farbe: Natur ge\u00f6lt \u2013 Stoff Hellblau<br \/>\nMaterial: Eichenholz und Stoff<br \/>\nAbmessungen (BxTxH): 58x52x74 cm<br \/>\nSitztiefe: 49 cm<br \/>\nSitzh\u00f6he: 46 cm<\/p>\n<p>Wir liefern in die gesamten Niederlande und nach Belgien. Sollte der Stuhl nicht passen, k\u00f6nnen Sie ihn innerhalb von 14 Tagen zur\u00fccksenden.  St\u00fchle werden montiert geliefert!<\/p>\n","protected":false},"excerpt":{"rendered":"<p>Eleganter Designerstuhl mit hoher R\u00fcckenlehne, bequem, stilvoll und ein echter Blickfang.<\/p>\n","protected":false},"featured_media":4455,"comment_status":"closed","ping_status":"closed","template":"","meta":{"_acf_changed":false},"product_brand":[],"product_cat":[285,283],"product_tag":[],"class_list":{"0":"post-4454","1":"product","2":"type-product","3":"status-publish","4":"has-post-thumbnail","6":"product_cat-japandi-esszimmerstuhle","7":"product_cat-stuhle","9":"first","10":"onbackorder","11":"sale","12":"taxable","13":"shipping-taxable","14":"purchasable","15":"product-type-simple"},"acf":[],"yoast_head":"<!-- This site is optimized with the Yoast SEO plugin v27.5 - https:\/\/yoast.com\/product\/yoast-seo-wordpress\/ -->\n<title>Esszimmerstuhl Anna | Natur | Blau | Vechtdal Meubels<\/title>\n<meta name=\"description\" content=\"Esszimmerstuhl Anna | Natur | Blau kopen? Wij zijn de goedkoopste op de markt! \u2713 14 dagen bedenktijd! \u2713 Bestel nu!\" \/>\n<meta name=\"robots\" content=\"index, follow, max-snippet:-1, max-image-preview:large, max-video-preview:-1\" \/>\n<meta property=\"og:locale\" content=\"de_DE\" \/>\n<meta property=\"og:type\" content=\"article\" \/>\n<meta property=\"og:title\" content=\"Esszimmerstuhl Anna | Natur | Blau | Vechtdal Meubels\" \/>\n<meta property=\"og:description\" content=\"Esszimmerstuhl Anna | Natur | Blau kopen? Wij zijn de goedkoopste op de markt! \u2713 14 dagen bedenktijd! \u2713 Bestel nu!\" \/>\n<meta property=\"og:url\" content=\"https:\/\/www.vechtdalmeubels.nl\/de\/produkt\/esszimmerstuhl-anna-natur-blau\/\" \/>\n<meta property=\"og:site_name\" content=\"Vechtdal Meubels\" \/>\n<meta property=\"article:modified_time\" content=\"2026-01-08T15:01:49+00:00\" \/>\n<meta property=\"og:image\" content=\"https:\/\/www.searchflow.dev\/vechtdal\/wp-content\/uploads\/2024\/12\/VECHTDAL-3-scaled-1-200x300.jpg\" \/>\n<meta name=\"twitter:card\" content=\"summary_large_image\" \/>\n<meta name=\"twitter:image\" content=\"https:\/\/www.searchflow.dev\/vechtdal\/wp-content\/uploads\/2024\/12\/VECHTDAL-3-scaled-1-683x1024.jpg\" \/>\n<!-- \/ Yoast SEO plugin. -->","yoast_head_json":{"title":"Esszimmerstuhl Anna | Natur | Blau | Vechtdal Meubels","description":"Esszimmerstuhl Anna | Natur | Blau kopen? Wij zijn de goedkoopste op de markt! \u2713 14 dagen bedenktijd! \u2713 Bestel nu!","robots":{"index":"index","follow":"follow","max-snippet":"max-snippet:-1","max-image-preview":"max-image-preview:large","max-video-preview":"max-video-preview:-1"},"og_locale":"de_DE","og_type":"article","og_title":"Esszimmerstuhl Anna | Natur | Blau | Vechtdal Meubels","og_description":"Esszimmerstuhl Anna | Natur | Blau kopen? Wij zijn de goedkoopste op de markt! \u2713 14 dagen bedenktijd! \u2713 Bestel nu!","og_url":"https:\/\/www.vechtdalmeubels.nl\/de\/produkt\/esszimmerstuhl-anna-natur-blau\/","og_site_name":"Vechtdal Meubels","article_modified_time":"2026-01-08T15:01:49+00:00","og_image":[{"url":"https:\/\/www.searchflow.dev\/vechtdal\/wp-content\/uploads\/2024\/12\/VECHTDAL-3-scaled-1-200x300.jpg","type":"","width":"","height":""}],"twitter_card":"summary_large_image","twitter_image":"https:\/\/www.searchflow.dev\/vechtdal\/wp-content\/uploads\/2024\/12\/VECHTDAL-3-scaled-1-683x1024.jpg","schema":{"@context":"https:\/\/schema.org","@graph":[{"@type":"WebPage","@id":"https:\/\/www.vechtdalmeubels.nl\/de\/produkt\/esszimmerstuhl-anna-natur-blau\/","url":"https:\/\/www.vechtdalmeubels.nl\/de\/produkt\/esszimmerstuhl-anna-natur-blau\/","name":"Esszimmerstuhl Anna | Natur | Blau | Vechtdal Meubels","isPartOf":{"@id":"https:\/\/www.vechtdalmeubels.nl\/#website"},"primaryImageOfPage":{"@id":"https:\/\/www.vechtdalmeubels.nl\/de\/produkt\/esszimmerstuhl-anna-natur-blau\/#primaryimage"},"image":{"@id":"https:\/\/www.vechtdalmeubels.nl\/de\/produkt\/esszimmerstuhl-anna-natur-blau\/#primaryimage"},"thumbnailUrl":"https:\/\/www.vechtdalmeubels.nl\/wp-content\/uploads\/2024\/12\/VECHTDAL-MEUBELS-34-scaled-2.jpg","datePublished":"2024-12-09T13:02:46+00:00","dateModified":"2026-01-08T15:01:49+00:00","description":"Esszimmerstuhl Anna | Natur | Blau kopen? Wij zijn de goedkoopste op de markt! \u2713 14 dagen bedenktijd! \u2713 Bestel nu!","breadcrumb":{"@id":"https:\/\/www.vechtdalmeubels.nl\/de\/produkt\/esszimmerstuhl-anna-natur-blau\/#breadcrumb"},"inLanguage":"de","potentialAction":[{"@type":"ReadAction","target":["https:\/\/www.vechtdalmeubels.nl\/de\/produkt\/esszimmerstuhl-anna-natur-blau\/"]}]},{"@type":"ImageObject","inLanguage":"de","@id":"https:\/\/www.vechtdalmeubels.nl\/de\/produkt\/esszimmerstuhl-anna-natur-blau\/#primaryimage","url":"https:\/\/www.vechtdalmeubels.nl\/wp-content\/uploads\/2024\/12\/VECHTDAL-MEUBELS-34-scaled-2.jpg","contentUrl":"https:\/\/www.vechtdalmeubels.nl\/wp-content\/uploads\/2024\/12\/VECHTDAL-MEUBELS-34-scaled-2.jpg","width":1707,"height":2560},{"@type":"BreadcrumbList","@id":"https:\/\/www.vechtdalmeubels.nl\/de\/produkt\/esszimmerstuhl-anna-natur-blau\/#breadcrumb","itemListElement":[{"@type":"ListItem","position":1,"name":"Home","item":"https:\/\/www.vechtdalmeubels.nl\/de\/startseite\/"},{"@type":"ListItem","position":2,"name":"Shop","item":"https:\/\/www.vechtdalmeubels.nl\/de\/winkel\/"},{"@type":"ListItem","position":3,"name":"Esszimmerstuhl Anna | Natur | Blau"}]},{"@type":"WebSite","@id":"https:\/\/www.vechtdalmeubels.nl\/#website","url":"https:\/\/www.vechtdalmeubels.nl\/","name":"Vechtdal Meubels","description":"","publisher":{"@id":"https:\/\/www.vechtdalmeubels.nl\/#organization"},"potentialAction":[{"@type":"SearchAction","target":{"@type":"EntryPoint","urlTemplate":"https:\/\/www.vechtdalmeubels.nl\/?s={search_term_string}"},"query-input":{"@type":"PropertyValueSpecification","valueRequired":true,"valueName":"search_term_string"}}],"inLanguage":"de"},{"@type":"Organization","@id":"https:\/\/www.vechtdalmeubels.nl\/#organization","name":"Vechtdal Meubels","alternateName":"Vechtdal Meubels","url":"https:\/\/www.vechtdalmeubels.nl\/","logo":{"@type":"ImageObject","inLanguage":"de","@id":"https:\/\/www.vechtdalmeubels.nl\/#\/schema\/logo\/image\/","url":"https:\/\/www.vechtdalmeubels.nl\/wp-content\/uploads\/2024\/11\/Logo-vechtdal-v2.svg","contentUrl":"https:\/\/www.vechtdalmeubels.nl\/wp-content\/uploads\/2024\/11\/Logo-vechtdal-v2.svg","caption":"Vechtdal Meubels"},"image":{"@id":"https:\/\/www.vechtdalmeubels.nl\/#\/schema\/logo\/image\/"}}]}},"_links":{"self":[{"href":"https:\/\/www.vechtdalmeubels.nl\/de\/wp-json\/wp\/v2\/product\/4454","targetHints":{"allow":["GET"]}}],"collection":[{"href":"https:\/\/www.vechtdalmeubels.nl\/de\/wp-json\/wp\/v2\/product"}],"about":[{"href":"https:\/\/www.vechtdalmeubels.nl\/de\/wp-json\/wp\/v2\/types\/product"}],"replies":[{"embeddable":true,"href":"https:\/\/www.vechtdalmeubels.nl\/de\/wp-json\/wp\/v2\/comments?post=4454"}],"wp:featuredmedia":[{"embeddable":true,"href":"https:\/\/www.vechtdalmeubels.nl\/de\/wp-json\/wp\/v2\/media\/4455"}],"wp:attachment":[{"href":"https:\/\/www.vechtdalmeubels.nl\/de\/wp-json\/wp\/v2\/media?parent=4454"}],"wp:term":[{"taxonomy":"product_brand","embeddable":true,"href":"https:\/\/www.vechtdalmeubels.nl\/de\/wp-json\/wp\/v2\/product_brand?post=4454"},{"taxonomy":"product_cat","embeddable":true,"href":"https:\/\/www.vechtdalmeubels.nl\/de\/wp-json\/wp\/v2\/product_cat?post=4454"},{"taxonomy":"product_tag","embeddable":true,"href":"https:\/\/www.vechtdalmeubels.nl\/de\/wp-json\/wp\/v2\/product_tag?post=4454"}],"curies":[{"name":"wp","href":"https:\/\/api.w.org\/{rel}","templated":true}]}}