{"id":4534,"date":"2025-01-07T20:35:27","date_gmt":"2025-01-07T19:35:27","guid":{"rendered":"https:\/\/www.vechtdalmeubels.nl\/product\/niels-otto-moller-stuehle\/"},"modified":"2026-01-08T16:00:34","modified_gmt":"2026-01-08T15:00:34","slug":"niels-otto-moller-stuehle","status":"publish","type":"product","link":"https:\/\/www.vechtdalmeubels.nl\/de\/produkt\/niels-otto-moller-stuehle\/","title":{"rendered":"Niels Otto M\u00f8ller St\u00fchle"},"content":{"rendered":"<p>Wundersch\u00f6ne St\u00fchle von Niels Otto M\u00f8ller. Alle St\u00fchle sind in Top-Zustand, alle Gestelle wurden poliert. Wundersch\u00f6ne restaurierte Vintage-St\u00fchle von Niels Otto M\u00f8ller. Die St\u00fchle sind aus Teakholz mit einer Sitzfl\u00e4che aus Papierkordel gefertigt.   <\/p>\n<p>Bringen Sie einen Hauch Retro-Eleganz in Ihr Interieur mit unseren Vintage-St\u00fchlen von Niels Otto M\u00f8ller! Diese ikonischen Designklassiker verbinden Funktionalit\u00e4t mit zeitloser \u00c4sthetik, perfekt f\u00fcr jeden modernen oder klassischen Raum. Hergestellt aus hochwertigem Stahl und nat\u00fcrlichem Rattan, bieten diese St\u00fchle nicht nur Komfort, sondern sind auch ein Statement-St\u00fcck in Ihrem Esszimmer oder Arbeitszimmer. Egal, ob Sie ein Liebhaber von Vintage-M\u00f6beln sind oder einfach nur nach einzigartigen Akzenten f\u00fcr Ihr Interieur suchen, die St\u00fchle von Niels Otto M\u00f8ller sind die perfekte Wahl.   <\/p>\n<p>Auf Anfrage erh\u00e4ltlich. Informieren Sie sich \u00fcber die M\u00f6glichkeiten! <\/p>\n","protected":false},"excerpt":{"rendered":"<p>Bringen Sie einen Hauch Retro-Eleganz in Ihr Interieur mit unseren Vintage-St\u00fchlen von Niels Otto M\u00f8ller!<\/p>\n","protected":false},"featured_media":4535,"comment_status":"closed","ping_status":"closed","template":"","meta":{"_acf_changed":false},"product_brand":[],"product_cat":[277],"product_tag":[],"class_list":{"0":"post-4534","1":"product","2":"type-product","3":"status-publish","4":"has-post-thumbnail","6":"product_cat-vintage-de","8":"first","9":"onbackorder","10":"taxable","11":"shipping-taxable","12":"purchasable","13":"product-type-simple"},"acf":[],"yoast_head":"<!-- This site is optimized with the Yoast SEO plugin v27.5 - https:\/\/yoast.com\/product\/yoast-seo-wordpress\/ -->\n<title>Niels Otto M\u00f8ller St\u00fchle | Vechtdal Meubels<\/title>\n<meta name=\"description\" content=\"Niels Otto M\u00f8ller St\u00fchle kopen? Wij zijn de goedkoopste op de markt! \u2713 14 dagen bedenktijd! \u2713 Bestel nu!\" \/>\n<meta name=\"robots\" content=\"index, follow, max-snippet:-1, max-image-preview:large, max-video-preview:-1\" \/>\n<meta property=\"og:locale\" content=\"de_DE\" \/>\n<meta property=\"og:type\" content=\"article\" \/>\n<meta property=\"og:title\" content=\"Niels Otto M\u00f8ller St\u00fchle | Vechtdal Meubels\" \/>\n<meta property=\"og:description\" content=\"Niels Otto M\u00f8ller St\u00fchle kopen? Wij zijn de goedkoopste op de markt! \u2713 14 dagen bedenktijd! \u2713 Bestel nu!\" \/>\n<meta property=\"og:url\" content=\"https:\/\/www.vechtdalmeubels.nl\/de\/produkt\/niels-otto-moller-stuehle\/\" \/>\n<meta property=\"og:site_name\" content=\"Vechtdal Meubels\" \/>\n<meta property=\"article:modified_time\" content=\"2026-01-08T15:00:34+00:00\" \/>\n<meta property=\"og:image\" content=\"https:\/\/www.searchflow.dev\/vechtdal\/wp-content\/uploads\/2024\/12\/WhatsApp-Image-2024-07-26-at-20.12.13-1024x682.jpeg\" \/>\n<meta name=\"twitter:card\" content=\"summary_large_image\" \/>\n<meta name=\"twitter:image\" content=\"https:\/\/www.searchflow.dev\/vechtdal\/wp-content\/uploads\/2024\/12\/WhatsApp-Image-2024-07-26-at-20.12.13-1024x682.jpeg\" \/>\n<!-- \/ Yoast SEO plugin. -->","yoast_head_json":{"title":"Niels Otto M\u00f8ller St\u00fchle | Vechtdal Meubels","description":"Niels Otto M\u00f8ller St\u00fchle kopen? Wij zijn de goedkoopste op de markt! \u2713 14 dagen bedenktijd! \u2713 Bestel nu!","robots":{"index":"index","follow":"follow","max-snippet":"max-snippet:-1","max-image-preview":"max-image-preview:large","max-video-preview":"max-video-preview:-1"},"og_locale":"de_DE","og_type":"article","og_title":"Niels Otto M\u00f8ller St\u00fchle | Vechtdal Meubels","og_description":"Niels Otto M\u00f8ller St\u00fchle kopen? Wij zijn de goedkoopste op de markt! \u2713 14 dagen bedenktijd! \u2713 Bestel nu!","og_url":"https:\/\/www.vechtdalmeubels.nl\/de\/produkt\/niels-otto-moller-stuehle\/","og_site_name":"Vechtdal Meubels","article_modified_time":"2026-01-08T15:00:34+00:00","og_image":[{"url":"https:\/\/www.searchflow.dev\/vechtdal\/wp-content\/uploads\/2024\/12\/WhatsApp-Image-2024-07-26-at-20.12.13-1024x682.jpeg","type":"","width":"","height":""}],"twitter_card":"summary_large_image","twitter_image":"https:\/\/www.searchflow.dev\/vechtdal\/wp-content\/uploads\/2024\/12\/WhatsApp-Image-2024-07-26-at-20.12.13-1024x682.jpeg","schema":{"@context":"https:\/\/schema.org","@graph":[{"@type":"WebPage","@id":"https:\/\/www.vechtdalmeubels.nl\/de\/produkt\/niels-otto-moller-stuehle\/","url":"https:\/\/www.vechtdalmeubels.nl\/de\/produkt\/niels-otto-moller-stuehle\/","name":"Niels Otto M\u00f8ller St\u00fchle | Vechtdal Meubels","isPartOf":{"@id":"https:\/\/www.vechtdalmeubels.nl\/#website"},"primaryImageOfPage":{"@id":"https:\/\/www.vechtdalmeubels.nl\/de\/produkt\/niels-otto-moller-stuehle\/#primaryimage"},"image":{"@id":"https:\/\/www.vechtdalmeubels.nl\/de\/produkt\/niels-otto-moller-stuehle\/#primaryimage"},"thumbnailUrl":"https:\/\/www.vechtdalmeubels.nl\/wp-content\/uploads\/2025\/01\/IMG_3720-scaled.jpg","datePublished":"2025-01-07T19:35:27+00:00","dateModified":"2026-01-08T15:00:34+00:00","description":"Niels Otto M\u00f8ller St\u00fchle kopen? Wij zijn de goedkoopste op de markt! \u2713 14 dagen bedenktijd! \u2713 Bestel nu!","breadcrumb":{"@id":"https:\/\/www.vechtdalmeubels.nl\/de\/produkt\/niels-otto-moller-stuehle\/#breadcrumb"},"inLanguage":"de","potentialAction":[{"@type":"ReadAction","target":["https:\/\/www.vechtdalmeubels.nl\/de\/produkt\/niels-otto-moller-stuehle\/"]}]},{"@type":"ImageObject","inLanguage":"de","@id":"https:\/\/www.vechtdalmeubels.nl\/de\/produkt\/niels-otto-moller-stuehle\/#primaryimage","url":"https:\/\/www.vechtdalmeubels.nl\/wp-content\/uploads\/2025\/01\/IMG_3720-scaled.jpg","contentUrl":"https:\/\/www.vechtdalmeubels.nl\/wp-content\/uploads\/2025\/01\/IMG_3720-scaled.jpg","width":2560,"height":1795},{"@type":"BreadcrumbList","@id":"https:\/\/www.vechtdalmeubels.nl\/de\/produkt\/niels-otto-moller-stuehle\/#breadcrumb","itemListElement":[{"@type":"ListItem","position":1,"name":"Home","item":"https:\/\/www.vechtdalmeubels.nl\/de\/startseite\/"},{"@type":"ListItem","position":2,"name":"Shop","item":"https:\/\/www.vechtdalmeubels.nl\/de\/winkel\/"},{"@type":"ListItem","position":3,"name":"Niels Otto M\u00f8ller St\u00fchle"}]},{"@type":"WebSite","@id":"https:\/\/www.vechtdalmeubels.nl\/#website","url":"https:\/\/www.vechtdalmeubels.nl\/","name":"Vechtdal Meubels","description":"","publisher":{"@id":"https:\/\/www.vechtdalmeubels.nl\/#organization"},"potentialAction":[{"@type":"SearchAction","target":{"@type":"EntryPoint","urlTemplate":"https:\/\/www.vechtdalmeubels.nl\/?s={search_term_string}"},"query-input":{"@type":"PropertyValueSpecification","valueRequired":true,"valueName":"search_term_string"}}],"inLanguage":"de"},{"@type":"Organization","@id":"https:\/\/www.vechtdalmeubels.nl\/#organization","name":"Vechtdal Meubels","alternateName":"Vechtdal Meubels","url":"https:\/\/www.vechtdalmeubels.nl\/","logo":{"@type":"ImageObject","inLanguage":"de","@id":"https:\/\/www.vechtdalmeubels.nl\/#\/schema\/logo\/image\/","url":"https:\/\/www.vechtdalmeubels.nl\/wp-content\/uploads\/2024\/11\/Logo-vechtdal-v2.svg","contentUrl":"https:\/\/www.vechtdalmeubels.nl\/wp-content\/uploads\/2024\/11\/Logo-vechtdal-v2.svg","caption":"Vechtdal Meubels"},"image":{"@id":"https:\/\/www.vechtdalmeubels.nl\/#\/schema\/logo\/image\/"}}]}},"_links":{"self":[{"href":"https:\/\/www.vechtdalmeubels.nl\/de\/wp-json\/wp\/v2\/product\/4534","targetHints":{"allow":["GET"]}}],"collection":[{"href":"https:\/\/www.vechtdalmeubels.nl\/de\/wp-json\/wp\/v2\/product"}],"about":[{"href":"https:\/\/www.vechtdalmeubels.nl\/de\/wp-json\/wp\/v2\/types\/product"}],"replies":[{"embeddable":true,"href":"https:\/\/www.vechtdalmeubels.nl\/de\/wp-json\/wp\/v2\/comments?post=4534"}],"wp:featuredmedia":[{"embeddable":true,"href":"https:\/\/www.vechtdalmeubels.nl\/de\/wp-json\/wp\/v2\/media\/4535"}],"wp:attachment":[{"href":"https:\/\/www.vechtdalmeubels.nl\/de\/wp-json\/wp\/v2\/media?parent=4534"}],"wp:term":[{"taxonomy":"product_brand","embeddable":true,"href":"https:\/\/www.vechtdalmeubels.nl\/de\/wp-json\/wp\/v2\/product_brand?post=4534"},{"taxonomy":"product_cat","embeddable":true,"href":"https:\/\/www.vechtdalmeubels.nl\/de\/wp-json\/wp\/v2\/product_cat?post=4534"},{"taxonomy":"product_tag","embeddable":true,"href":"https:\/\/www.vechtdalmeubels.nl\/de\/wp-json\/wp\/v2\/product_tag?post=4534"}],"curies":[{"name":"wp","href":"https:\/\/api.w.org\/{rel}","templated":true}]}}