{"id":4643,"date":"2025-01-12T13:30:21","date_gmt":"2025-01-12T12:30:21","guid":{"rendered":"https:\/\/www.vechtdalmeubels.nl\/product\/esszimmerstuhl-julia-natur-beige\/"},"modified":"2026-05-16T10:24:03","modified_gmt":"2026-05-16T08:24:03","slug":"eetkamerstoel-julia-natural-beige","status":"publish","type":"product","link":"https:\/\/www.vechtdalmeubels.nl\/de\/produkt\/eetkamerstoel-julia-natural-beige\/","title":{"rendered":"Esszimmerstuhl Julia | Natur | Beige"},"content":{"rendered":"<p>Erreichen Sie ultimative Raffinesse und subtile Eleganz in Ihrem Esszimmer mit unserer wundersch\u00f6nen Kollektion beiger Esszimmerst\u00fchle, gefertigt in einem makellosen skandinavischen und Japandi-Design. Jedes Detail ist durchdacht; der warme Farbton von nat\u00fcrlichem Eichenholz harmoniert perfekt mit dem beruhigenden beigen Stoff, wodurch eine zeitlose \u00c4sthetik entsteht, die sowohl modern als auch klassisch ist.  Diese Esszimmerst\u00fchle sind nicht nur eine Augenweide, sondern versprechen auch unvergleichlichen Komfort und Langlebigkeit. Die robuste Konstruktion und ergonomische Form sorgen daf\u00fcr, dass jedes Abendessen, jede Zusammenkunft und jeder Moment am Tisch zu einem Vergn\u00fcgen wird. <\/p>\n<p>Bringen Sie einen Hauch skandinavischer und Japandi-Gelassenheit in Ihr Zuhause und setzen Sie ein Statement mit diesen wundersch\u00f6nen Esszimmerst\u00fchlen. Bereichern Sie Ihren Wohnraum mit der perfekten Kombination aus Stil und Funktionalit\u00e4t. Lassen Sie sich inspirieren und verwandeln Sie Ihr Esszimmer in eine Oase der Ruhe und Eleganz.  <\/p>\n<p><strong>Produkteigenschaften:<br \/>\n<\/strong>Farbe: Ge\u00f6ltes Natureichenholz<br \/>\nMaterial: Eichenholz und beiger Stoff<br \/>\nMa\u00dfe (BxTxH): 58x52x75 cm<br \/>\nSitztiefe: 42 cm<br \/>\nSitzh\u00f6he: 48 cm<\/p>\n<p>Sollte der Stuhl nicht passen, k\u00f6nnen Sie diesen innerhalb von 14 Tagen zur\u00fccksenden. St\u00fchle werden montiert geliefert! <\/p>\n","protected":false},"excerpt":{"rendered":"<p>Japandi Esszimmerstuhl aus Natureichenholz mit beigem Boucl\u00e9-Stoff<\/p>\n","protected":false},"featured_media":6139,"comment_status":"closed","ping_status":"closed","template":"","meta":{"_acf_changed":false},"product_brand":[],"product_cat":[285,603,604,284,283],"product_tag":[],"class_list":{"0":"post-4643","1":"product","2":"type-product","3":"status-publish","4":"has-post-thumbnail","6":"product_cat-japandi-esszimmerstuhle","7":"product_cat-skandinavische-esszimmerstuhle","8":"product_cat-skandinavische-mobel","9":"product_cat-startseite-angebote","10":"product_cat-stuhle","12":"first","13":"onbackorder","14":"sale","15":"taxable","16":"shipping-taxable","17":"purchasable","18":"product-type-simple"},"acf":[],"yoast_head":"<!-- This site is optimized with the Yoast SEO plugin v27.5 - https:\/\/yoast.com\/product\/yoast-seo-wordpress\/ -->\n<title>Esszimmerstuhl Julia | Natur | Beige | Vechtdal Meubels<\/title>\n<meta name=\"description\" content=\"Esszimmerstuhl Julia | Natur | Beige kopen? Wij zijn de goedkoopste op de markt! \u2713 14 dagen bedenktijd! \u2713 Bestel nu!\" \/>\n<meta name=\"robots\" content=\"index, follow, max-snippet:-1, max-image-preview:large, max-video-preview:-1\" \/>\n<meta property=\"og:locale\" content=\"de_DE\" \/>\n<meta property=\"og:type\" content=\"article\" \/>\n<meta property=\"og:title\" content=\"Esszimmerstuhl Julia | Natur | Beige | Vechtdal Meubels\" \/>\n<meta property=\"og:description\" content=\"Esszimmerstuhl Julia | Natur | Beige kopen? Wij zijn de goedkoopste op de markt! \u2713 14 dagen bedenktijd! \u2713 Bestel nu!\" \/>\n<meta property=\"og:url\" content=\"https:\/\/www.vechtdalmeubels.nl\/de\/produkt\/eetkamerstoel-julia-natural-beige\/\" \/>\n<meta property=\"og:site_name\" content=\"Vechtdal Meubels\" \/>\n<meta property=\"article:modified_time\" content=\"2026-05-16T08:24:03+00:00\" \/>\n<meta property=\"og:image\" content=\"https:\/\/www.searchflow.dev\/vechtdal\/wp-content\/uploads\/2024\/12\/LUTO2319-2-scaled-2-225x300.jpg\" \/>\n<meta name=\"twitter:card\" content=\"summary_large_image\" \/>\n<meta name=\"twitter:image\" content=\"https:\/\/www.searchflow.dev\/vechtdal\/wp-content\/uploads\/2024\/12\/LUTO2319-2-scaled-2-768x1024.jpg\" \/>\n<!-- \/ Yoast SEO plugin. -->","yoast_head_json":{"title":"Esszimmerstuhl Julia | Natur | Beige | Vechtdal Meubels","description":"Esszimmerstuhl Julia | Natur | Beige kopen? Wij zijn de goedkoopste op de markt! \u2713 14 dagen bedenktijd! \u2713 Bestel nu!","robots":{"index":"index","follow":"follow","max-snippet":"max-snippet:-1","max-image-preview":"max-image-preview:large","max-video-preview":"max-video-preview:-1"},"og_locale":"de_DE","og_type":"article","og_title":"Esszimmerstuhl Julia | Natur | Beige | Vechtdal Meubels","og_description":"Esszimmerstuhl Julia | Natur | Beige kopen? Wij zijn de goedkoopste op de markt! \u2713 14 dagen bedenktijd! \u2713 Bestel nu!","og_url":"https:\/\/www.vechtdalmeubels.nl\/de\/produkt\/eetkamerstoel-julia-natural-beige\/","og_site_name":"Vechtdal Meubels","article_modified_time":"2026-05-16T08:24:03+00:00","og_image":[{"url":"https:\/\/www.searchflow.dev\/vechtdal\/wp-content\/uploads\/2024\/12\/LUTO2319-2-scaled-2-225x300.jpg","type":"","width":"","height":""}],"twitter_card":"summary_large_image","twitter_image":"https:\/\/www.searchflow.dev\/vechtdal\/wp-content\/uploads\/2024\/12\/LUTO2319-2-scaled-2-768x1024.jpg","schema":{"@context":"https:\/\/schema.org","@graph":[{"@type":"WebPage","@id":"https:\/\/www.vechtdalmeubels.nl\/de\/produkt\/eetkamerstoel-julia-natural-beige\/","url":"https:\/\/www.vechtdalmeubels.nl\/de\/produkt\/eetkamerstoel-julia-natural-beige\/","name":"Esszimmerstuhl Julia | Natur | Beige | Vechtdal Meubels","isPartOf":{"@id":"https:\/\/www.vechtdalmeubels.nl\/#website"},"primaryImageOfPage":{"@id":"https:\/\/www.vechtdalmeubels.nl\/de\/produkt\/eetkamerstoel-julia-natural-beige\/#primaryimage"},"image":{"@id":"https:\/\/www.vechtdalmeubels.nl\/de\/produkt\/eetkamerstoel-julia-natural-beige\/#primaryimage"},"thumbnailUrl":"https:\/\/www.vechtdalmeubels.nl\/wp-content\/uploads\/2025\/01\/image00004-scaled.jpeg","datePublished":"2025-01-12T12:30:21+00:00","dateModified":"2026-05-16T08:24:03+00:00","description":"Esszimmerstuhl Julia | Natur | Beige kopen? Wij zijn de goedkoopste op de markt! \u2713 14 dagen bedenktijd! \u2713 Bestel nu!","breadcrumb":{"@id":"https:\/\/www.vechtdalmeubels.nl\/de\/produkt\/eetkamerstoel-julia-natural-beige\/#breadcrumb"},"inLanguage":"de","potentialAction":[{"@type":"ReadAction","target":["https:\/\/www.vechtdalmeubels.nl\/de\/produkt\/eetkamerstoel-julia-natural-beige\/"]}]},{"@type":"ImageObject","inLanguage":"de","@id":"https:\/\/www.vechtdalmeubels.nl\/de\/produkt\/eetkamerstoel-julia-natural-beige\/#primaryimage","url":"https:\/\/www.vechtdalmeubels.nl\/wp-content\/uploads\/2025\/01\/image00004-scaled.jpeg","contentUrl":"https:\/\/www.vechtdalmeubels.nl\/wp-content\/uploads\/2025\/01\/image00004-scaled.jpeg","width":1707,"height":2560},{"@type":"BreadcrumbList","@id":"https:\/\/www.vechtdalmeubels.nl\/de\/produkt\/eetkamerstoel-julia-natural-beige\/#breadcrumb","itemListElement":[{"@type":"ListItem","position":1,"name":"Home","item":"https:\/\/www.vechtdalmeubels.nl\/de\/startseite\/"},{"@type":"ListItem","position":2,"name":"Shop","item":"https:\/\/www.vechtdalmeubels.nl\/de\/winkel\/"},{"@type":"ListItem","position":3,"name":"Esszimmerstuhl Julia | Natur | Beige"}]},{"@type":"WebSite","@id":"https:\/\/www.vechtdalmeubels.nl\/#website","url":"https:\/\/www.vechtdalmeubels.nl\/","name":"Vechtdal Meubels","description":"","publisher":{"@id":"https:\/\/www.vechtdalmeubels.nl\/#organization"},"potentialAction":[{"@type":"SearchAction","target":{"@type":"EntryPoint","urlTemplate":"https:\/\/www.vechtdalmeubels.nl\/?s={search_term_string}"},"query-input":{"@type":"PropertyValueSpecification","valueRequired":true,"valueName":"search_term_string"}}],"inLanguage":"de"},{"@type":"Organization","@id":"https:\/\/www.vechtdalmeubels.nl\/#organization","name":"Vechtdal Meubels","alternateName":"Vechtdal Meubels","url":"https:\/\/www.vechtdalmeubels.nl\/","logo":{"@type":"ImageObject","inLanguage":"de","@id":"https:\/\/www.vechtdalmeubels.nl\/#\/schema\/logo\/image\/","url":"https:\/\/www.vechtdalmeubels.nl\/wp-content\/uploads\/2024\/11\/Logo-vechtdal-v2.svg","contentUrl":"https:\/\/www.vechtdalmeubels.nl\/wp-content\/uploads\/2024\/11\/Logo-vechtdal-v2.svg","caption":"Vechtdal Meubels"},"image":{"@id":"https:\/\/www.vechtdalmeubels.nl\/#\/schema\/logo\/image\/"}}]}},"_links":{"self":[{"href":"https:\/\/www.vechtdalmeubels.nl\/de\/wp-json\/wp\/v2\/product\/4643","targetHints":{"allow":["GET"]}}],"collection":[{"href":"https:\/\/www.vechtdalmeubels.nl\/de\/wp-json\/wp\/v2\/product"}],"about":[{"href":"https:\/\/www.vechtdalmeubels.nl\/de\/wp-json\/wp\/v2\/types\/product"}],"replies":[{"embeddable":true,"href":"https:\/\/www.vechtdalmeubels.nl\/de\/wp-json\/wp\/v2\/comments?post=4643"}],"wp:featuredmedia":[{"embeddable":true,"href":"https:\/\/www.vechtdalmeubels.nl\/de\/wp-json\/wp\/v2\/media\/6139"}],"wp:attachment":[{"href":"https:\/\/www.vechtdalmeubels.nl\/de\/wp-json\/wp\/v2\/media?parent=4643"}],"wp:term":[{"taxonomy":"product_brand","embeddable":true,"href":"https:\/\/www.vechtdalmeubels.nl\/de\/wp-json\/wp\/v2\/product_brand?post=4643"},{"taxonomy":"product_cat","embeddable":true,"href":"https:\/\/www.vechtdalmeubels.nl\/de\/wp-json\/wp\/v2\/product_cat?post=4643"},{"taxonomy":"product_tag","embeddable":true,"href":"https:\/\/www.vechtdalmeubels.nl\/de\/wp-json\/wp\/v2\/product_tag?post=4643"}],"curies":[{"name":"wp","href":"https:\/\/api.w.org\/{rel}","templated":true}]}}