{"id":4676,"date":"2024-12-09T14:02:55","date_gmt":"2024-12-09T13:02:55","guid":{"rendered":"https:\/\/www.vechtdalmeubels.nl\/product\/cesca-marcel-breuer-stuhl\/"},"modified":"2026-02-24T06:52:15","modified_gmt":"2026-02-24T05:52:15","slug":"cesca-marcel-breuer-stuhl","status":"publish","type":"product","link":"https:\/\/www.vechtdalmeubels.nl\/de\/produkt\/cesca-marcel-breuer-stuhl\/","title":{"rendered":"Cesca Marcel Breuer Stuhl"},"content":{"rendered":"<p>Wundersch\u00f6ne Vintage-St\u00fchle von Cesca im Marcel Breuer Stil. Alle St\u00fchle sind in Top-Zustand, alle Gestelle wurden poliert. Alle Sitzfl\u00e4chen und R\u00fcckenlehnen wurden neu bespannt.  <\/p>\n<p>Verleihen Sie Ihrem Interieur einen Hauch von Retro-Eleganz mit unseren Vintage Cesca St\u00fchlen von Marcel Breuer! Diese ikonischen Designklassiker verbinden Funktionalit\u00e4t mit zeitloser \u00c4sthetik, perfekt f\u00fcr jeden modernen oder klassischen Raum. Gefertigt aus hochwertigem Stahl und nat\u00fcrlichem Rohrgeflecht, bieten diese St\u00fchle nicht nur Komfort, sondern sind auch ein Statement-St\u00fcck in Ihrem Esszimmer oder Arbeitszimmer. Ob Sie ein Liebhaber von Vintage-M\u00f6beln sind oder einfach nur einzigartige Akzente f\u00fcr Ihr Interieur suchen, die Cesca St\u00fchle sind die perfekte Wahl.   <\/p>\n<p>Verpassen Sie nicht die Gelegenheit, Ihrem Zuhause ein St\u00fcck Vintage-Charme zu verleihen. Bestellen Sie jetzt und erleben Sie die perfekte Kombination aus Stil und Komfort! <\/p>\n<p>H\u00f6he: 83 cm<br \/>\nBreite: 47 cm<br \/>\nTiefe: 50 cm<br \/>\nSitzh\u00f6he: 45 cm<\/p>\n<p>Die Vintage-St\u00fchle sind die Cesca-St\u00fchle Made in Italy.<\/p>\n<p>Informieren Sie sich \u00fcber die M\u00f6glichkeiten!<\/p>\n","protected":false},"excerpt":{"rendered":"<p>Bringen Sie einen Hauch von Vintage in Ihr Interieur mit unseren Vintage Cesca St\u00fchlen von Marcel Breuer!<\/p>\n","protected":false},"featured_media":4677,"comment_status":"closed","ping_status":"closed","template":"","meta":{"_acf_changed":false},"product_brand":[],"product_cat":[277],"product_tag":[],"class_list":{"0":"post-4676","1":"product","2":"type-product","3":"status-publish","4":"has-post-thumbnail","6":"product_cat-vintage-de","8":"first","9":"onbackorder","10":"purchasable","11":"product-type-simple"},"acf":[],"yoast_head":"<!-- This site is optimized with the Yoast SEO plugin v27.5 - https:\/\/yoast.com\/product\/yoast-seo-wordpress\/ -->\n<title>Cesca Marcel Breuer Stuhl | Vechtdal Meubels<\/title>\n<meta name=\"description\" content=\"Cesca Marcel Breuer Stuhl kopen? Wij zijn de goedkoopste op de markt! \u2713 14 dagen bedenktijd! \u2713 Bestel nu!\" \/>\n<meta name=\"robots\" content=\"index, follow, max-snippet:-1, max-image-preview:large, max-video-preview:-1\" \/>\n<meta property=\"og:locale\" content=\"de_DE\" \/>\n<meta property=\"og:type\" content=\"article\" \/>\n<meta property=\"og:title\" content=\"Cesca Marcel Breuer Stuhl | Vechtdal Meubels\" \/>\n<meta property=\"og:description\" content=\"Cesca Marcel Breuer Stuhl kopen? Wij zijn de goedkoopste op de markt! \u2713 14 dagen bedenktijd! \u2713 Bestel nu!\" \/>\n<meta property=\"og:url\" content=\"https:\/\/www.vechtdalmeubels.nl\/de\/produkt\/cesca-marcel-breuer-stuhl\/\" \/>\n<meta property=\"og:site_name\" content=\"Vechtdal Meubels\" \/>\n<meta property=\"article:modified_time\" content=\"2026-02-24T05:52:15+00:00\" \/>\n<meta property=\"og:image\" content=\"https:\/\/www.searchflow.dev\/vechtdal\/wp-content\/uploads\/2024\/12\/WhatsApp-Image-2024-07-26-at-20.12.13-1024x682.jpeg\" \/>\n<meta name=\"twitter:card\" content=\"summary_large_image\" \/>\n<meta name=\"twitter:image\" content=\"https:\/\/www.searchflow.dev\/vechtdal\/wp-content\/uploads\/2024\/12\/WhatsApp-Image-2024-07-26-at-20.12.13-1024x682.jpeg\" \/>\n<!-- \/ Yoast SEO plugin. -->","yoast_head_json":{"title":"Cesca Marcel Breuer Stuhl | Vechtdal Meubels","description":"Cesca Marcel Breuer Stuhl kopen? Wij zijn de goedkoopste op de markt! \u2713 14 dagen bedenktijd! \u2713 Bestel nu!","robots":{"index":"index","follow":"follow","max-snippet":"max-snippet:-1","max-image-preview":"max-image-preview:large","max-video-preview":"max-video-preview:-1"},"og_locale":"de_DE","og_type":"article","og_title":"Cesca Marcel Breuer Stuhl | Vechtdal Meubels","og_description":"Cesca Marcel Breuer Stuhl kopen? Wij zijn de goedkoopste op de markt! \u2713 14 dagen bedenktijd! \u2713 Bestel nu!","og_url":"https:\/\/www.vechtdalmeubels.nl\/de\/produkt\/cesca-marcel-breuer-stuhl\/","og_site_name":"Vechtdal Meubels","article_modified_time":"2026-02-24T05:52:15+00:00","og_image":[{"url":"https:\/\/www.searchflow.dev\/vechtdal\/wp-content\/uploads\/2024\/12\/WhatsApp-Image-2024-07-26-at-20.12.13-1024x682.jpeg","type":"","width":"","height":""}],"twitter_card":"summary_large_image","twitter_image":"https:\/\/www.searchflow.dev\/vechtdal\/wp-content\/uploads\/2024\/12\/WhatsApp-Image-2024-07-26-at-20.12.13-1024x682.jpeg","schema":{"@context":"https:\/\/schema.org","@graph":[{"@type":"WebPage","@id":"https:\/\/www.vechtdalmeubels.nl\/de\/produkt\/cesca-marcel-breuer-stuhl\/","url":"https:\/\/www.vechtdalmeubels.nl\/de\/produkt\/cesca-marcel-breuer-stuhl\/","name":"Cesca Marcel Breuer Stuhl | Vechtdal Meubels","isPartOf":{"@id":"https:\/\/www.vechtdalmeubels.nl\/#website"},"primaryImageOfPage":{"@id":"https:\/\/www.vechtdalmeubels.nl\/de\/produkt\/cesca-marcel-breuer-stuhl\/#primaryimage"},"image":{"@id":"https:\/\/www.vechtdalmeubels.nl\/de\/produkt\/cesca-marcel-breuer-stuhl\/#primaryimage"},"thumbnailUrl":"https:\/\/www.vechtdalmeubels.nl\/wp-content\/uploads\/2024\/12\/WhatsApp-Image-2024-07-26-at-20.12.12-2-rotated-1.jpeg","datePublished":"2024-12-09T13:02:55+00:00","dateModified":"2026-02-24T05:52:15+00:00","description":"Cesca Marcel Breuer Stuhl kopen? Wij zijn de goedkoopste op de markt! \u2713 14 dagen bedenktijd! \u2713 Bestel nu!","breadcrumb":{"@id":"https:\/\/www.vechtdalmeubels.nl\/de\/produkt\/cesca-marcel-breuer-stuhl\/#breadcrumb"},"inLanguage":"de","potentialAction":[{"@type":"ReadAction","target":["https:\/\/www.vechtdalmeubels.nl\/de\/produkt\/cesca-marcel-breuer-stuhl\/"]}]},{"@type":"ImageObject","inLanguage":"de","@id":"https:\/\/www.vechtdalmeubels.nl\/de\/produkt\/cesca-marcel-breuer-stuhl\/#primaryimage","url":"https:\/\/www.vechtdalmeubels.nl\/wp-content\/uploads\/2024\/12\/WhatsApp-Image-2024-07-26-at-20.12.12-2-rotated-1.jpeg","contentUrl":"https:\/\/www.vechtdalmeubels.nl\/wp-content\/uploads\/2024\/12\/WhatsApp-Image-2024-07-26-at-20.12.12-2-rotated-1.jpeg","width":1066,"height":1600},{"@type":"BreadcrumbList","@id":"https:\/\/www.vechtdalmeubels.nl\/de\/produkt\/cesca-marcel-breuer-stuhl\/#breadcrumb","itemListElement":[{"@type":"ListItem","position":1,"name":"Home","item":"https:\/\/www.vechtdalmeubels.nl\/de\/startseite\/"},{"@type":"ListItem","position":2,"name":"Shop","item":"https:\/\/www.vechtdalmeubels.nl\/de\/winkel\/"},{"@type":"ListItem","position":3,"name":"Cesca Marcel Breuer Stuhl"}]},{"@type":"WebSite","@id":"https:\/\/www.vechtdalmeubels.nl\/#website","url":"https:\/\/www.vechtdalmeubels.nl\/","name":"Vechtdal Meubels","description":"","publisher":{"@id":"https:\/\/www.vechtdalmeubels.nl\/#organization"},"potentialAction":[{"@type":"SearchAction","target":{"@type":"EntryPoint","urlTemplate":"https:\/\/www.vechtdalmeubels.nl\/?s={search_term_string}"},"query-input":{"@type":"PropertyValueSpecification","valueRequired":true,"valueName":"search_term_string"}}],"inLanguage":"de"},{"@type":"Organization","@id":"https:\/\/www.vechtdalmeubels.nl\/#organization","name":"Vechtdal Meubels","alternateName":"Vechtdal Meubels","url":"https:\/\/www.vechtdalmeubels.nl\/","logo":{"@type":"ImageObject","inLanguage":"de","@id":"https:\/\/www.vechtdalmeubels.nl\/#\/schema\/logo\/image\/","url":"https:\/\/www.vechtdalmeubels.nl\/wp-content\/uploads\/2024\/11\/Logo-vechtdal-v2.svg","contentUrl":"https:\/\/www.vechtdalmeubels.nl\/wp-content\/uploads\/2024\/11\/Logo-vechtdal-v2.svg","caption":"Vechtdal Meubels"},"image":{"@id":"https:\/\/www.vechtdalmeubels.nl\/#\/schema\/logo\/image\/"}}]}},"_links":{"self":[{"href":"https:\/\/www.vechtdalmeubels.nl\/de\/wp-json\/wp\/v2\/product\/4676","targetHints":{"allow":["GET"]}}],"collection":[{"href":"https:\/\/www.vechtdalmeubels.nl\/de\/wp-json\/wp\/v2\/product"}],"about":[{"href":"https:\/\/www.vechtdalmeubels.nl\/de\/wp-json\/wp\/v2\/types\/product"}],"replies":[{"embeddable":true,"href":"https:\/\/www.vechtdalmeubels.nl\/de\/wp-json\/wp\/v2\/comments?post=4676"}],"wp:featuredmedia":[{"embeddable":true,"href":"https:\/\/www.vechtdalmeubels.nl\/de\/wp-json\/wp\/v2\/media\/4677"}],"wp:attachment":[{"href":"https:\/\/www.vechtdalmeubels.nl\/de\/wp-json\/wp\/v2\/media?parent=4676"}],"wp:term":[{"taxonomy":"product_brand","embeddable":true,"href":"https:\/\/www.vechtdalmeubels.nl\/de\/wp-json\/wp\/v2\/product_brand?post=4676"},{"taxonomy":"product_cat","embeddable":true,"href":"https:\/\/www.vechtdalmeubels.nl\/de\/wp-json\/wp\/v2\/product_cat?post=4676"},{"taxonomy":"product_tag","embeddable":true,"href":"https:\/\/www.vechtdalmeubels.nl\/de\/wp-json\/wp\/v2\/product_tag?post=4676"}],"curies":[{"name":"wp","href":"https:\/\/api.w.org\/{rel}","templated":true}]}}