{"id":4808,"date":"2025-03-24T16:42:29","date_gmt":"2025-03-24T15:42:29","guid":{"rendered":"https:\/\/www.vechtdalmeubels.nl\/product\/esszimmerstuhl-rosa-natur-creme\/"},"modified":"2026-01-26T13:37:33","modified_gmt":"2026-01-26T12:37:33","slug":"esszimmerstuhl-rosa-natur-creme","status":"publish","type":"product","link":"https:\/\/www.vechtdalmeubels.nl\/de\/produkt\/esszimmerstuhl-rosa-natur-creme\/","title":{"rendered":"Esszimmerstuhl Rosa | Natur | Teddy"},"content":{"rendered":"<p>Exklusive Eichenholzst\u00fchle im Japandi- &amp; Skandinavischen Stil!<\/p>\n<p>Verwandeln Sie Ihren Raum mit unseren wundersch\u00f6nen Eichenholzst\u00fchlen, inspiriert von der harmonischen Mischung aus Japandi- und skandinavischem Stil. Ein perfektes Gleichgewicht zwischen Eleganz und Einfachheit \u2013 diese St\u00fchle bringen W\u00e4rme und Raffinesse in jedes Interieur.  Jetzt in massivem Eichenholz erh\u00e4ltlich. Jeder Stuhl wird sorgf\u00e4ltig gefertigt, um die Essenz des gem\u00fctlichen Japandi-Stils mit der raffinierten Einfachheit des skandinavischen Designs zu verbinden. <\/p>\n<p>Warum sind unsere Eichenholzst\u00fchle ein Must-have?<br \/>\n\u2728 Hergestellt aus hochwertigem Eichenholz f\u00fcr Langlebigkeit und nat\u00fcrliche Sch\u00f6nheit<br \/>\n\u2728 Design, inspiriert von der minimalistischen \u00c4sthetik des Japandi-Stils und der Leichtigkeit skandinavischer Designs<br \/>\n\u2728 Sanfte Linien und bequeme Sitzfl\u00e4che f\u00fcr ultimativen Sitzkomfort<br \/>\n\u2728 Eine zeitlose Erg\u00e4nzung f\u00fcr jedes Interieur, von modern bis klassisch<\/p>\n<p>Bringen Sie die beruhigende Atmosph\u00e4re des Japandi- und skandinavischen Stils mit unseren Eichenholzst\u00fchlen in Ihr Zuhause. Erleben Sie die perfekte Kombination aus Funktionalit\u00e4t und Design.  Bestellen Sie noch heute Ihren Stuhl und schaffen Sie einen Raum, der Ruhe und Sch\u00f6nheit ausstrahlt.<\/p>\n<p><strong>Produkteigenschaften:<\/strong><br \/>\nMaterial: Eichenholz und Teddy-Stoff<br \/>\nMa\u00dfe (BxTxH): 56x52x85 cm<br \/>\nSitztiefe: 46 cm<br \/>\nSitzh\u00f6he: 46 cm<br \/>\nStil: Modernes Design, Skandinavisch und Japandi<\/p>\n<p><strong>Kauf auf Rechnung ist \u00fcber Klarna m\u00f6glich. <\/strong><\/p>\n","protected":false},"excerpt":{"rendered":"<p>Exklusive Eichenholzst\u00fchle im Japandi- &amp; Skandinavischen Stil!<\/p>\n","protected":false},"featured_media":4809,"comment_status":"closed","ping_status":"closed","template":"","meta":{"_acf_changed":false},"product_brand":[],"product_cat":[285,605,604,283],"product_tag":[],"class_list":{"0":"post-4808","1":"product","2":"type-product","3":"status-publish","4":"has-post-thumbnail","6":"product_cat-japandi-esszimmerstuhle","7":"product_cat-japandi-mobel","8":"product_cat-skandinavische-mobel","9":"product_cat-stuhle","11":"first","12":"onbackorder","13":"sale","14":"taxable","15":"shipping-taxable","16":"purchasable","17":"product-type-simple"},"acf":[],"yoast_head":"<!-- This site is optimized with the Yoast SEO plugin v27.5 - https:\/\/yoast.com\/product\/yoast-seo-wordpress\/ -->\n<title>Esszimmerstuhl Rosa | Natur | Teddy | Vechtdal Meubels<\/title>\n<meta name=\"description\" content=\"Esszimmerstuhl Rosa | Natur | Teddy kopen? Wij zijn de goedkoopste op de markt! \u2713 14 dagen bedenktijd! \u2713 Bestel nu!\" \/>\n<meta name=\"robots\" content=\"index, follow, max-snippet:-1, max-image-preview:large, max-video-preview:-1\" \/>\n<meta property=\"og:locale\" content=\"de_DE\" \/>\n<meta property=\"og:type\" content=\"article\" \/>\n<meta property=\"og:title\" content=\"Esszimmerstuhl Rosa | Natur | Teddy | Vechtdal Meubels\" \/>\n<meta property=\"og:description\" content=\"Esszimmerstuhl Rosa | Natur | Teddy kopen? Wij zijn de goedkoopste op de markt! \u2713 14 dagen bedenktijd! \u2713 Bestel nu!\" \/>\n<meta property=\"og:url\" content=\"https:\/\/www.vechtdalmeubels.nl\/de\/produkt\/esszimmerstuhl-rosa-natur-creme\/\" \/>\n<meta property=\"og:site_name\" content=\"Vechtdal Meubels\" \/>\n<meta property=\"article:modified_time\" content=\"2026-01-26T12:37:33+00:00\" \/>\n<meta property=\"og:image\" content=\"https:\/\/www.vechtdalmeubels.nl\/wp-content\/uploads\/2025\/03\/DSC_2184-1.jpg\" \/>\n\t<meta property=\"og:image:width\" content=\"627\" \/>\n\t<meta property=\"og:image:height\" content=\"941\" \/>\n\t<meta property=\"og:image:type\" content=\"image\/jpeg\" \/>\n<meta name=\"twitter:card\" content=\"summary_large_image\" \/>\n<!-- \/ Yoast SEO plugin. -->","yoast_head_json":{"title":"Esszimmerstuhl Rosa | Natur | Teddy | Vechtdal Meubels","description":"Esszimmerstuhl Rosa | Natur | Teddy kopen? Wij zijn de goedkoopste op de markt! \u2713 14 dagen bedenktijd! \u2713 Bestel nu!","robots":{"index":"index","follow":"follow","max-snippet":"max-snippet:-1","max-image-preview":"max-image-preview:large","max-video-preview":"max-video-preview:-1"},"og_locale":"de_DE","og_type":"article","og_title":"Esszimmerstuhl Rosa | Natur | Teddy | Vechtdal Meubels","og_description":"Esszimmerstuhl Rosa | Natur | Teddy kopen? Wij zijn de goedkoopste op de markt! \u2713 14 dagen bedenktijd! \u2713 Bestel nu!","og_url":"https:\/\/www.vechtdalmeubels.nl\/de\/produkt\/esszimmerstuhl-rosa-natur-creme\/","og_site_name":"Vechtdal Meubels","article_modified_time":"2026-01-26T12:37:33+00:00","og_image":[{"width":627,"height":941,"url":"https:\/\/www.vechtdalmeubels.nl\/wp-content\/uploads\/2025\/03\/DSC_2184-1.jpg","type":"image\/jpeg"}],"twitter_card":"summary_large_image","schema":{"@context":"https:\/\/schema.org","@graph":[{"@type":"WebPage","@id":"https:\/\/www.vechtdalmeubels.nl\/de\/produkt\/esszimmerstuhl-rosa-natur-creme\/","url":"https:\/\/www.vechtdalmeubels.nl\/de\/produkt\/esszimmerstuhl-rosa-natur-creme\/","name":"Esszimmerstuhl Rosa | Natur | Teddy | Vechtdal Meubels","isPartOf":{"@id":"https:\/\/www.vechtdalmeubels.nl\/#website"},"primaryImageOfPage":{"@id":"https:\/\/www.vechtdalmeubels.nl\/de\/produkt\/esszimmerstuhl-rosa-natur-creme\/#primaryimage"},"image":{"@id":"https:\/\/www.vechtdalmeubels.nl\/de\/produkt\/esszimmerstuhl-rosa-natur-creme\/#primaryimage"},"thumbnailUrl":"https:\/\/www.vechtdalmeubels.nl\/wp-content\/uploads\/2025\/03\/DSC_2184-1.jpg","datePublished":"2025-03-24T15:42:29+00:00","dateModified":"2026-01-26T12:37:33+00:00","description":"Esszimmerstuhl Rosa | Natur | Teddy kopen? Wij zijn de goedkoopste op de markt! \u2713 14 dagen bedenktijd! \u2713 Bestel nu!","breadcrumb":{"@id":"https:\/\/www.vechtdalmeubels.nl\/de\/produkt\/esszimmerstuhl-rosa-natur-creme\/#breadcrumb"},"inLanguage":"de","potentialAction":[{"@type":"ReadAction","target":["https:\/\/www.vechtdalmeubels.nl\/de\/produkt\/esszimmerstuhl-rosa-natur-creme\/"]}]},{"@type":"ImageObject","inLanguage":"de","@id":"https:\/\/www.vechtdalmeubels.nl\/de\/produkt\/esszimmerstuhl-rosa-natur-creme\/#primaryimage","url":"https:\/\/www.vechtdalmeubels.nl\/wp-content\/uploads\/2025\/03\/DSC_2184-1.jpg","contentUrl":"https:\/\/www.vechtdalmeubels.nl\/wp-content\/uploads\/2025\/03\/DSC_2184-1.jpg","width":627,"height":941},{"@type":"BreadcrumbList","@id":"https:\/\/www.vechtdalmeubels.nl\/de\/produkt\/esszimmerstuhl-rosa-natur-creme\/#breadcrumb","itemListElement":[{"@type":"ListItem","position":1,"name":"Home","item":"https:\/\/www.vechtdalmeubels.nl\/de\/startseite\/"},{"@type":"ListItem","position":2,"name":"Shop","item":"https:\/\/www.vechtdalmeubels.nl\/de\/winkel\/"},{"@type":"ListItem","position":3,"name":"Esszimmerstuhl Rosa | Natur | Teddy"}]},{"@type":"WebSite","@id":"https:\/\/www.vechtdalmeubels.nl\/#website","url":"https:\/\/www.vechtdalmeubels.nl\/","name":"Vechtdal Meubels","description":"","publisher":{"@id":"https:\/\/www.vechtdalmeubels.nl\/#organization"},"potentialAction":[{"@type":"SearchAction","target":{"@type":"EntryPoint","urlTemplate":"https:\/\/www.vechtdalmeubels.nl\/?s={search_term_string}"},"query-input":{"@type":"PropertyValueSpecification","valueRequired":true,"valueName":"search_term_string"}}],"inLanguage":"de"},{"@type":"Organization","@id":"https:\/\/www.vechtdalmeubels.nl\/#organization","name":"Vechtdal Meubels","alternateName":"Vechtdal Meubels","url":"https:\/\/www.vechtdalmeubels.nl\/","logo":{"@type":"ImageObject","inLanguage":"de","@id":"https:\/\/www.vechtdalmeubels.nl\/#\/schema\/logo\/image\/","url":"https:\/\/www.vechtdalmeubels.nl\/wp-content\/uploads\/2024\/11\/Logo-vechtdal-v2.svg","contentUrl":"https:\/\/www.vechtdalmeubels.nl\/wp-content\/uploads\/2024\/11\/Logo-vechtdal-v2.svg","caption":"Vechtdal Meubels"},"image":{"@id":"https:\/\/www.vechtdalmeubels.nl\/#\/schema\/logo\/image\/"}}]}},"_links":{"self":[{"href":"https:\/\/www.vechtdalmeubels.nl\/de\/wp-json\/wp\/v2\/product\/4808","targetHints":{"allow":["GET"]}}],"collection":[{"href":"https:\/\/www.vechtdalmeubels.nl\/de\/wp-json\/wp\/v2\/product"}],"about":[{"href":"https:\/\/www.vechtdalmeubels.nl\/de\/wp-json\/wp\/v2\/types\/product"}],"replies":[{"embeddable":true,"href":"https:\/\/www.vechtdalmeubels.nl\/de\/wp-json\/wp\/v2\/comments?post=4808"}],"wp:featuredmedia":[{"embeddable":true,"href":"https:\/\/www.vechtdalmeubels.nl\/de\/wp-json\/wp\/v2\/media\/4809"}],"wp:attachment":[{"href":"https:\/\/www.vechtdalmeubels.nl\/de\/wp-json\/wp\/v2\/media?parent=4808"}],"wp:term":[{"taxonomy":"product_brand","embeddable":true,"href":"https:\/\/www.vechtdalmeubels.nl\/de\/wp-json\/wp\/v2\/product_brand?post=4808"},{"taxonomy":"product_cat","embeddable":true,"href":"https:\/\/www.vechtdalmeubels.nl\/de\/wp-json\/wp\/v2\/product_cat?post=4808"},{"taxonomy":"product_tag","embeddable":true,"href":"https:\/\/www.vechtdalmeubels.nl\/de\/wp-json\/wp\/v2\/product_tag?post=4808"}],"curies":[{"name":"wp","href":"https:\/\/api.w.org\/{rel}","templated":true}]}}