{"id":4984,"date":"2025-04-09T20:54:49","date_gmt":"2025-04-09T18:54:49","guid":{"rendered":"https:\/\/www.vechtdalmeubels.nl\/?post_type=product&#038;p=4984"},"modified":"2026-04-16T14:51:09","modified_gmt":"2026-04-16T12:51:09","slug":"esszimmerstuhl-elysian-dunkel","status":"publish","type":"product","link":"https:\/\/www.vechtdalmeubels.nl\/de\/produkt\/esszimmerstuhl-elysian-dunkel\/","title":{"rendered":"Esszimmerstuhl Elysian | Black"},"content":{"rendered":"<p class=\"\" data-start=\"69\" data-end=\"397\">Entdecken Sie den Esszimmerstuhl Elysian, einen exklusiven Designerstuhl, der die perfekte Balance zwischen Eleganz und Funktionalit\u00e4t bietet. Gefertigt aus 100 % hochwertigem Eichenholz, ist der Elysian Stuhl ein Statement f\u00fcr Nachhaltigkeit und Handwerkskunst. Das raffinierte Design verleiht jedem Esszimmer, Wohnzimmer oder B\u00fcro einen Hauch von Luxus. Dieser Eichenholzstuhl strahlt zeitlosen Charme aus und f\u00fcgt sich nahtlos in moderne wie klassische Interieurs ein. Das robuste Eichenholzgestell gew\u00e4hrleistet eine langlebige Qualit\u00e4t, w\u00e4hrend die subtile Verarbeitung den nat\u00fcrlichen Charakter des Holzes hervorhebt. Das elegante Design macht den Elysian nicht nur zu einem praktischen Sitzplatz, sondern auch zu einem wahren Kunstwerk, das Ihr Interieur bereichert.     <\/p>\n<p class=\"\" data-start=\"1573\" data-end=\"1666\"><strong data-start=\"1573\" data-end=\"1666\">Bestellen Sie jetzt den Elysian Stuhl und verleihen Sie Ihrem Interieur die elegante Ausstrahlung, die es verdient!<\/strong><\/p>\n<p class=\"\" data-start=\"1668\" data-end=\"1821\">Haben Sie weitere Fragen zum Elysian Stuhl oder m\u00f6chten Sie mehr \u00fcber die verschiedenen Ausf\u00fchrungen erfahren? Kontaktieren Sie uns gerne f\u00fcr weitere Informationen! <\/p>\n<p><strong>Produkteigenschaften:<\/strong><br \/>\nMaterial: Eichenholz<br \/>\nAbmessungen (BxTxH): 50x50x80 cm<br \/>\nSitztiefe: 42 cm<br \/>\nSitzh\u00f6he: 46 cm<br \/>\nStil: Modernes Design, Skandinavisch und Japandi<\/p>\n<p>Wir liefern in die gesamten Niederlande, nach Deutschland und Belgien. Sollte der Stuhl nicht passen, k\u00f6nnen Sie ihn innerhalb von 14 Tagen zur\u00fccksenden. Die St\u00fchle werden montiert geliefert!  <\/p>\n<p>In verschiedenen Farben erh\u00e4ltlich, informieren Sie sich \u00fcber die M\u00f6glichkeiten.<\/p>\n<div class=\"kh-material-block__content__wrapper\">\n<div class=\"kh-material-block__content\"><\/div>\n<\/div>\n<div class=\"kh-material-block__image\"><\/div>\n","protected":false},"excerpt":{"rendered":"<p>Mit dem Elysian Stuhl holen Sie nicht nur ein funktionales M\u00f6belst\u00fcck ins Haus, sondern auch ein Kunstwerk, das Ihnen jahrelang Freude bereiten wird.<\/p>\n","protected":false},"featured_media":9550,"comment_status":"closed","ping_status":"closed","template":"","meta":{"_acf_changed":false},"product_brand":[],"product_cat":[285,605,603,604,283],"product_tag":[],"class_list":{"0":"post-4984","1":"product","2":"type-product","3":"status-publish","4":"has-post-thumbnail","6":"product_cat-japandi-esszimmerstuhle","7":"product_cat-japandi-mobel","8":"product_cat-skandinavische-esszimmerstuhle","9":"product_cat-skandinavische-mobel","10":"product_cat-stuhle","12":"first","13":"onbackorder","14":"sale","15":"taxable","16":"shipping-taxable","17":"purchasable","18":"product-type-simple"},"acf":[],"yoast_head":"<!-- This site is optimized with the Yoast SEO plugin v27.5 - https:\/\/yoast.com\/product\/yoast-seo-wordpress\/ -->\n<title>Esszimmerstuhl Elysian | Black | Vechtdal Meubels<\/title>\n<meta name=\"description\" content=\"Esszimmerstuhl Elysian | Black kopen? Wij zijn de goedkoopste op de markt! \u2713 14 dagen bedenktijd! \u2713 Bestel nu!\" \/>\n<meta name=\"robots\" content=\"index, follow, max-snippet:-1, max-image-preview:large, max-video-preview:-1\" \/>\n<meta property=\"og:locale\" content=\"de_DE\" \/>\n<meta property=\"og:type\" content=\"article\" \/>\n<meta property=\"og:title\" content=\"Esszimmerstuhl Elysian | Black | Vechtdal Meubels\" \/>\n<meta property=\"og:description\" content=\"Esszimmerstuhl Elysian | Black kopen? Wij zijn de goedkoopste op de markt! \u2713 14 dagen bedenktijd! \u2713 Bestel nu!\" \/>\n<meta property=\"og:url\" content=\"https:\/\/www.vechtdalmeubels.nl\/de\/produkt\/esszimmerstuhl-elysian-dunkel\/\" \/>\n<meta property=\"og:site_name\" content=\"Vechtdal Meubels\" \/>\n<meta property=\"article:modified_time\" content=\"2026-04-16T12:51:09+00:00\" \/>\n<meta property=\"og:image\" content=\"https:\/\/www.searchflow.dev\/vechtdal\/wp-content\/uploads\/2024\/12\/VECHTDAL-MEUBELS-30-scaled-1-200x300.jpg\" \/>\n<meta name=\"twitter:card\" content=\"summary_large_image\" \/>\n<meta name=\"twitter:image\" content=\"https:\/\/www.searchflow.dev\/vechtdal\/wp-content\/uploads\/2024\/12\/VECHTDAL-MEUBELS-30-scaled-1-683x1024.jpg\" \/>\n<!-- \/ Yoast SEO plugin. -->","yoast_head_json":{"title":"Esszimmerstuhl Elysian | Black | Vechtdal Meubels","description":"Esszimmerstuhl Elysian | Black kopen? Wij zijn de goedkoopste op de markt! \u2713 14 dagen bedenktijd! \u2713 Bestel nu!","robots":{"index":"index","follow":"follow","max-snippet":"max-snippet:-1","max-image-preview":"max-image-preview:large","max-video-preview":"max-video-preview:-1"},"og_locale":"de_DE","og_type":"article","og_title":"Esszimmerstuhl Elysian | Black | Vechtdal Meubels","og_description":"Esszimmerstuhl Elysian | Black kopen? Wij zijn de goedkoopste op de markt! \u2713 14 dagen bedenktijd! \u2713 Bestel nu!","og_url":"https:\/\/www.vechtdalmeubels.nl\/de\/produkt\/esszimmerstuhl-elysian-dunkel\/","og_site_name":"Vechtdal Meubels","article_modified_time":"2026-04-16T12:51:09+00:00","og_image":[{"url":"https:\/\/www.searchflow.dev\/vechtdal\/wp-content\/uploads\/2024\/12\/VECHTDAL-MEUBELS-30-scaled-1-200x300.jpg","type":"","width":"","height":""}],"twitter_card":"summary_large_image","twitter_image":"https:\/\/www.searchflow.dev\/vechtdal\/wp-content\/uploads\/2024\/12\/VECHTDAL-MEUBELS-30-scaled-1-683x1024.jpg","schema":{"@context":"https:\/\/schema.org","@graph":[{"@type":"WebPage","@id":"https:\/\/www.vechtdalmeubels.nl\/de\/produkt\/esszimmerstuhl-elysian-dunkel\/","url":"https:\/\/www.vechtdalmeubels.nl\/de\/produkt\/esszimmerstuhl-elysian-dunkel\/","name":"Esszimmerstuhl Elysian | Black | Vechtdal Meubels","isPartOf":{"@id":"https:\/\/www.vechtdalmeubels.nl\/#website"},"primaryImageOfPage":{"@id":"https:\/\/www.vechtdalmeubels.nl\/de\/produkt\/esszimmerstuhl-elysian-dunkel\/#primaryimage"},"image":{"@id":"https:\/\/www.vechtdalmeubels.nl\/de\/produkt\/esszimmerstuhl-elysian-dunkel\/#primaryimage"},"thumbnailUrl":"https:\/\/www.vechtdalmeubels.nl\/wp-content\/uploads\/2025\/04\/VM_0015-scaled.jpg","datePublished":"2025-04-09T18:54:49+00:00","dateModified":"2026-04-16T12:51:09+00:00","description":"Esszimmerstuhl Elysian | Black kopen? Wij zijn de goedkoopste op de markt! \u2713 14 dagen bedenktijd! \u2713 Bestel nu!","breadcrumb":{"@id":"https:\/\/www.vechtdalmeubels.nl\/de\/produkt\/esszimmerstuhl-elysian-dunkel\/#breadcrumb"},"inLanguage":"de","potentialAction":[{"@type":"ReadAction","target":["https:\/\/www.vechtdalmeubels.nl\/de\/produkt\/esszimmerstuhl-elysian-dunkel\/"]}]},{"@type":"ImageObject","inLanguage":"de","@id":"https:\/\/www.vechtdalmeubels.nl\/de\/produkt\/esszimmerstuhl-elysian-dunkel\/#primaryimage","url":"https:\/\/www.vechtdalmeubels.nl\/wp-content\/uploads\/2025\/04\/VM_0015-scaled.jpg","contentUrl":"https:\/\/www.vechtdalmeubels.nl\/wp-content\/uploads\/2025\/04\/VM_0015-scaled.jpg","width":1706,"height":2560},{"@type":"BreadcrumbList","@id":"https:\/\/www.vechtdalmeubels.nl\/de\/produkt\/esszimmerstuhl-elysian-dunkel\/#breadcrumb","itemListElement":[{"@type":"ListItem","position":1,"name":"Home","item":"https:\/\/www.vechtdalmeubels.nl\/de\/startseite\/"},{"@type":"ListItem","position":2,"name":"Shop","item":"https:\/\/www.vechtdalmeubels.nl\/de\/winkel\/"},{"@type":"ListItem","position":3,"name":"Esszimmerstuhl Elysian | Black"}]},{"@type":"WebSite","@id":"https:\/\/www.vechtdalmeubels.nl\/#website","url":"https:\/\/www.vechtdalmeubels.nl\/","name":"Vechtdal Meubels","description":"","publisher":{"@id":"https:\/\/www.vechtdalmeubels.nl\/#organization"},"potentialAction":[{"@type":"SearchAction","target":{"@type":"EntryPoint","urlTemplate":"https:\/\/www.vechtdalmeubels.nl\/?s={search_term_string}"},"query-input":{"@type":"PropertyValueSpecification","valueRequired":true,"valueName":"search_term_string"}}],"inLanguage":"de"},{"@type":"Organization","@id":"https:\/\/www.vechtdalmeubels.nl\/#organization","name":"Vechtdal Meubels","alternateName":"Vechtdal Meubels","url":"https:\/\/www.vechtdalmeubels.nl\/","logo":{"@type":"ImageObject","inLanguage":"de","@id":"https:\/\/www.vechtdalmeubels.nl\/#\/schema\/logo\/image\/","url":"https:\/\/www.vechtdalmeubels.nl\/wp-content\/uploads\/2024\/11\/Logo-vechtdal-v2.svg","contentUrl":"https:\/\/www.vechtdalmeubels.nl\/wp-content\/uploads\/2024\/11\/Logo-vechtdal-v2.svg","caption":"Vechtdal Meubels"},"image":{"@id":"https:\/\/www.vechtdalmeubels.nl\/#\/schema\/logo\/image\/"}}]}},"_links":{"self":[{"href":"https:\/\/www.vechtdalmeubels.nl\/de\/wp-json\/wp\/v2\/product\/4984","targetHints":{"allow":["GET"]}}],"collection":[{"href":"https:\/\/www.vechtdalmeubels.nl\/de\/wp-json\/wp\/v2\/product"}],"about":[{"href":"https:\/\/www.vechtdalmeubels.nl\/de\/wp-json\/wp\/v2\/types\/product"}],"replies":[{"embeddable":true,"href":"https:\/\/www.vechtdalmeubels.nl\/de\/wp-json\/wp\/v2\/comments?post=4984"}],"wp:featuredmedia":[{"embeddable":true,"href":"https:\/\/www.vechtdalmeubels.nl\/de\/wp-json\/wp\/v2\/media\/9550"}],"wp:attachment":[{"href":"https:\/\/www.vechtdalmeubels.nl\/de\/wp-json\/wp\/v2\/media?parent=4984"}],"wp:term":[{"taxonomy":"product_brand","embeddable":true,"href":"https:\/\/www.vechtdalmeubels.nl\/de\/wp-json\/wp\/v2\/product_brand?post=4984"},{"taxonomy":"product_cat","embeddable":true,"href":"https:\/\/www.vechtdalmeubels.nl\/de\/wp-json\/wp\/v2\/product_cat?post=4984"},{"taxonomy":"product_tag","embeddable":true,"href":"https:\/\/www.vechtdalmeubels.nl\/de\/wp-json\/wp\/v2\/product_tag?post=4984"}],"curies":[{"name":"wp","href":"https:\/\/api.w.org\/{rel}","templated":true}]}}