{"id":6092,"date":"2025-11-09T13:32:54","date_gmt":"2025-11-09T12:32:54","guid":{"rendered":"https:\/\/www.vechtdalmeubels.nl\/?post_type=product&#038;p=6092"},"modified":"2026-01-08T15:46:55","modified_gmt":"2026-01-08T14:46:55","slug":"lounge-lora-creme-teddy","status":"publish","type":"product","link":"https:\/\/www.vechtdalmeubels.nl\/de\/produkt\/lounge-lora-creme-teddy\/","title":{"rendered":"Loungesessel Lora | Creme | Teddy"},"content":{"rendered":"<p>Entdecken Sie ultimativen Komfort mit unserem gro\u00dfen Loungesessel Lora aus Teddy-Stoff, dem Blickfang f\u00fcr jedes moderne Interieur. Dieser royale Loungesessel kombiniert weiche, runde Formen mit der warmen, anschmiegsamen Ausstrahlung von Teddy. Das Ergebnis? Ein stilvoller Sessel, der nicht nur herrlich sitzt, sondern Ihrem Wohnraum sofort eine luxuri\u00f6se und gem\u00fctliche Atmosph\u00e4re verleiht.   <\/p>\n<p>Die Teddy-Polsterung f\u00fchlt sich au\u00dfergew\u00f6hnlich weich an und l\u00e4dt zu entspannten Momenten mit einem Buch, einer Serie oder einer Tasse Tee ein. Dank der gro\u00dfz\u00fcgigen Sitzhaltung und der organischen Rundungen unterst\u00fctzt der Sessel den K\u00f6rper optimal, wodurch er perfekt in ein Wohnzimmer, Schlafzimmer, eine Leseecke oder eine luxuri\u00f6se Lobby passt. <\/p>\n<p><strong>Produkteigenschaften:<\/strong><br \/>\nMaterial: Teddy-Stoff<br \/>\nAbmessungen (BxTxH):<br \/>\nSitztiefe:<br \/>\nSitzh\u00f6he:<\/p>\n<p style=\"font-weight: 400;\">Loungesessel liefern wir in die gesamten Niederlande. Wenn Sie einen Tisch im Ausland erhalten m\u00f6chten, nehmen Sie bitte Kontakt mit uns auf.<\/p>\n<p><strong>Kauf auf Rechnung ist \u00fcber Klarna m\u00f6glich. <\/strong><\/p>\n","protected":false},"excerpt":{"rendered":"<p>Lora ist ein moderner Loungesessel mit weichem Teddy-Stoff und eleganten runden Formen. Der Sessel bietet einen herrlichen, bequemen Sitz und bringt sofort W\u00e4rme und Stil in jeden Raum. Dank des organischen Designs und der anschmiegsamen Polsterung ist Lora die perfekte Kombination aus Trend und zeitlosem Komfort.  <\/p>\n","protected":false},"featured_media":6101,"comment_status":"closed","ping_status":"closed","template":"","meta":{"_acf_changed":false},"product_brand":[],"product_cat":[285,283],"product_tag":[],"class_list":{"0":"post-6092","1":"product","2":"type-product","3":"status-publish","4":"has-post-thumbnail","6":"product_cat-japandi-esszimmerstuhle","7":"product_cat-stuhle","8":"product_shipping_class-verzending-nl-de","10":"first","11":"instock","12":"sale","13":"taxable","14":"shipping-taxable","15":"purchasable","16":"product-type-simple"},"acf":[],"yoast_head":"<!-- This site is optimized with the Yoast SEO plugin v27.5 - https:\/\/yoast.com\/product\/yoast-seo-wordpress\/ -->\n<title>Loungesessel Lora | Creme | Teddy | Vechtdal Meubels<\/title>\n<meta name=\"description\" content=\"Loungesessel Lora | Creme | Teddy kopen? Wij zijn de goedkoopste op de markt! \u2713 14 dagen bedenktijd! \u2713 Bestel nu!\" \/>\n<meta name=\"robots\" content=\"index, follow, max-snippet:-1, max-image-preview:large, max-video-preview:-1\" \/>\n<meta property=\"og:locale\" content=\"de_DE\" \/>\n<meta property=\"og:type\" content=\"article\" \/>\n<meta property=\"og:title\" content=\"Loungesessel Lora | Creme | Teddy | Vechtdal Meubels\" \/>\n<meta property=\"og:description\" content=\"Loungesessel Lora | Creme | Teddy kopen? Wij zijn de goedkoopste op de markt! \u2713 14 dagen bedenktijd! \u2713 Bestel nu!\" \/>\n<meta property=\"og:url\" content=\"https:\/\/www.vechtdalmeubels.nl\/de\/produkt\/lounge-lora-creme-teddy\/\" \/>\n<meta property=\"og:site_name\" content=\"Vechtdal Meubels\" \/>\n<meta property=\"article:modified_time\" content=\"2026-01-08T14:46:55+00:00\" \/>\n<meta property=\"og:image\" content=\"https:\/\/www.vechtdalmeubels.nl\/wp-content\/uploads\/2025\/11\/IMG_5735-bewerkt-scaled.jpg\" \/>\n\t<meta property=\"og:image:width\" content=\"1707\" \/>\n\t<meta property=\"og:image:height\" content=\"2560\" \/>\n\t<meta property=\"og:image:type\" content=\"image\/jpeg\" \/>\n<meta name=\"twitter:card\" content=\"summary_large_image\" \/>\n<!-- \/ Yoast SEO plugin. -->","yoast_head_json":{"title":"Loungesessel Lora | Creme | Teddy | Vechtdal Meubels","description":"Loungesessel Lora | Creme | Teddy kopen? Wij zijn de goedkoopste op de markt! \u2713 14 dagen bedenktijd! \u2713 Bestel nu!","robots":{"index":"index","follow":"follow","max-snippet":"max-snippet:-1","max-image-preview":"max-image-preview:large","max-video-preview":"max-video-preview:-1"},"og_locale":"de_DE","og_type":"article","og_title":"Loungesessel Lora | Creme | Teddy | Vechtdal Meubels","og_description":"Loungesessel Lora | Creme | Teddy kopen? Wij zijn de goedkoopste op de markt! \u2713 14 dagen bedenktijd! \u2713 Bestel nu!","og_url":"https:\/\/www.vechtdalmeubels.nl\/de\/produkt\/lounge-lora-creme-teddy\/","og_site_name":"Vechtdal Meubels","article_modified_time":"2026-01-08T14:46:55+00:00","og_image":[{"width":1707,"height":2560,"url":"https:\/\/www.vechtdalmeubels.nl\/wp-content\/uploads\/2025\/11\/IMG_5735-bewerkt-scaled.jpg","type":"image\/jpeg"}],"twitter_card":"summary_large_image","schema":{"@context":"https:\/\/schema.org","@graph":[{"@type":"WebPage","@id":"https:\/\/www.vechtdalmeubels.nl\/de\/produkt\/lounge-lora-creme-teddy\/","url":"https:\/\/www.vechtdalmeubels.nl\/de\/produkt\/lounge-lora-creme-teddy\/","name":"Loungesessel Lora | Creme | Teddy | Vechtdal Meubels","isPartOf":{"@id":"https:\/\/www.vechtdalmeubels.nl\/#website"},"primaryImageOfPage":{"@id":"https:\/\/www.vechtdalmeubels.nl\/de\/produkt\/lounge-lora-creme-teddy\/#primaryimage"},"image":{"@id":"https:\/\/www.vechtdalmeubels.nl\/de\/produkt\/lounge-lora-creme-teddy\/#primaryimage"},"thumbnailUrl":"https:\/\/www.vechtdalmeubels.nl\/wp-content\/uploads\/2025\/11\/IMG_5735-bewerkt-scaled.jpg","datePublished":"2025-11-09T12:32:54+00:00","dateModified":"2026-01-08T14:46:55+00:00","description":"Loungesessel Lora | Creme | Teddy kopen? Wij zijn de goedkoopste op de markt! \u2713 14 dagen bedenktijd! \u2713 Bestel nu!","breadcrumb":{"@id":"https:\/\/www.vechtdalmeubels.nl\/de\/produkt\/lounge-lora-creme-teddy\/#breadcrumb"},"inLanguage":"de","potentialAction":[{"@type":"ReadAction","target":["https:\/\/www.vechtdalmeubels.nl\/de\/produkt\/lounge-lora-creme-teddy\/"]}]},{"@type":"ImageObject","inLanguage":"de","@id":"https:\/\/www.vechtdalmeubels.nl\/de\/produkt\/lounge-lora-creme-teddy\/#primaryimage","url":"https:\/\/www.vechtdalmeubels.nl\/wp-content\/uploads\/2025\/11\/IMG_5735-bewerkt-scaled.jpg","contentUrl":"https:\/\/www.vechtdalmeubels.nl\/wp-content\/uploads\/2025\/11\/IMG_5735-bewerkt-scaled.jpg","width":1707,"height":2560},{"@type":"BreadcrumbList","@id":"https:\/\/www.vechtdalmeubels.nl\/de\/produkt\/lounge-lora-creme-teddy\/#breadcrumb","itemListElement":[{"@type":"ListItem","position":1,"name":"Home","item":"https:\/\/www.vechtdalmeubels.nl\/de\/startseite\/"},{"@type":"ListItem","position":2,"name":"Shop","item":"https:\/\/www.vechtdalmeubels.nl\/de\/winkel\/"},{"@type":"ListItem","position":3,"name":"Loungesessel Lora | Creme | Teddy"}]},{"@type":"WebSite","@id":"https:\/\/www.vechtdalmeubels.nl\/#website","url":"https:\/\/www.vechtdalmeubels.nl\/","name":"Vechtdal Meubels","description":"","publisher":{"@id":"https:\/\/www.vechtdalmeubels.nl\/#organization"},"potentialAction":[{"@type":"SearchAction","target":{"@type":"EntryPoint","urlTemplate":"https:\/\/www.vechtdalmeubels.nl\/?s={search_term_string}"},"query-input":{"@type":"PropertyValueSpecification","valueRequired":true,"valueName":"search_term_string"}}],"inLanguage":"de"},{"@type":"Organization","@id":"https:\/\/www.vechtdalmeubels.nl\/#organization","name":"Vechtdal Meubels","alternateName":"Vechtdal Meubels","url":"https:\/\/www.vechtdalmeubels.nl\/","logo":{"@type":"ImageObject","inLanguage":"de","@id":"https:\/\/www.vechtdalmeubels.nl\/#\/schema\/logo\/image\/","url":"https:\/\/www.vechtdalmeubels.nl\/wp-content\/uploads\/2024\/11\/Logo-vechtdal-v2.svg","contentUrl":"https:\/\/www.vechtdalmeubels.nl\/wp-content\/uploads\/2024\/11\/Logo-vechtdal-v2.svg","caption":"Vechtdal Meubels"},"image":{"@id":"https:\/\/www.vechtdalmeubels.nl\/#\/schema\/logo\/image\/"}}]}},"_links":{"self":[{"href":"https:\/\/www.vechtdalmeubels.nl\/de\/wp-json\/wp\/v2\/product\/6092","targetHints":{"allow":["GET"]}}],"collection":[{"href":"https:\/\/www.vechtdalmeubels.nl\/de\/wp-json\/wp\/v2\/product"}],"about":[{"href":"https:\/\/www.vechtdalmeubels.nl\/de\/wp-json\/wp\/v2\/types\/product"}],"replies":[{"embeddable":true,"href":"https:\/\/www.vechtdalmeubels.nl\/de\/wp-json\/wp\/v2\/comments?post=6092"}],"wp:featuredmedia":[{"embeddable":true,"href":"https:\/\/www.vechtdalmeubels.nl\/de\/wp-json\/wp\/v2\/media\/6101"}],"wp:attachment":[{"href":"https:\/\/www.vechtdalmeubels.nl\/de\/wp-json\/wp\/v2\/media?parent=6092"}],"wp:term":[{"taxonomy":"product_brand","embeddable":true,"href":"https:\/\/www.vechtdalmeubels.nl\/de\/wp-json\/wp\/v2\/product_brand?post=6092"},{"taxonomy":"product_cat","embeddable":true,"href":"https:\/\/www.vechtdalmeubels.nl\/de\/wp-json\/wp\/v2\/product_cat?post=6092"},{"taxonomy":"product_tag","embeddable":true,"href":"https:\/\/www.vechtdalmeubels.nl\/de\/wp-json\/wp\/v2\/product_tag?post=6092"}],"curies":[{"name":"wp","href":"https:\/\/api.w.org\/{rel}","templated":true}]}}