{"id":6145,"date":"2025-11-12T20:17:17","date_gmt":"2025-11-12T19:17:17","guid":{"rendered":"https:\/\/www.vechtdalmeubels.nl\/?post_type=product&#038;p=6145"},"modified":"2026-04-17T14:02:35","modified_gmt":"2026-04-17T12:02:35","slug":"esstisch-moda-ebony-ausziehbar-kopie","status":"publish","type":"product","link":"https:\/\/www.vechtdalmeubels.nl\/de\/produkt\/esstisch-moda-ebony-ausziehbar-kopie\/","title":{"rendered":"Esstisch Mori | Ebony | 120 cm"},"content":{"rendered":"<p data-start=\"354\" data-end=\"633\">Der Esstisch Mori verk\u00f6rpert die Essenz des Japandi-Designs: eine perfekte Balance zwischen Einfachheit, Natur und raffinierter Eleganz. Mit seiner runden Form l\u00e4dt er zu Geselligkeit und Harmonie ein, w\u00e4hrend das zeitlose Silhouette m\u00fchelos mit jedem Interieur verschmilzt. <\/p>\n<p data-start=\"635\" data-end=\"977\">Vollst\u00e4ndig aus hochwertigem massivem Eichenholz gefertigt und mit einem Furnier in Schwarz veredelt, strahlt der Mori eine stille Kraft aus. Die sanften Rundungen und das raffinierte Finish unterstreichen den handwerklichen Charakter dieses Designtisches. Dank des stabilen Mittelfu\u00dfes beh\u00e4lt der Entwurf seine Leichtigkeit und bietet viel Platz rund um den Tisch.  <\/p>\n<p><strong>Produkteigenschaften:<br \/>\n<\/strong>Farbe: Ebony<br \/>\nMaterial: Eiche mit Furnier<br \/>\nMa\u00dfe (\u00d8): 120 cm<br \/>\nH\u00f6he: 77 cm<br \/>\nStil: Modernes Design, Skandinavisch und Japandi<\/p>\n<p>Wir liefern in die gesamten Niederlande. Sollten Sie eine Lieferung dieses Tisches ins Ausland w\u00fcnschen, kontaktieren Sie uns bitte. Die Montage kann bei Verf\u00fcgbarkeit durchgef\u00fchrt werden.  <\/p>\n","protected":false},"excerpt":{"rendered":"<p>Die Kunst der Einfachheit, geformt in Holz.<\/p>\n","protected":false},"featured_media":6163,"comment_status":"closed","ping_status":"closed","template":"","meta":{"_acf_changed":false},"product_brand":[],"product_cat":[605,621,608,604,286],"product_tag":[],"class_list":{"0":"post-6145","1":"product","2":"type-product","3":"status-publish","4":"has-post-thumbnail","6":"product_cat-japandi-mobel","7":"product_cat-japandi-tische","8":"product_cat-skandinavische-esstische","9":"product_cat-skandinavische-mobel","10":"product_cat-tische","11":"product_shipping_class-verzending-nl-de","13":"first","14":"onbackorder","15":"sale","16":"taxable","17":"shipping-taxable","18":"purchasable","19":"product-type-simple"},"acf":[],"yoast_head":"<!-- This site is optimized with the Yoast SEO plugin v27.5 - https:\/\/yoast.com\/product\/yoast-seo-wordpress\/ -->\n<title>Esstisch Mori | Ebony | 120 cm | Vechtdal Meubels<\/title>\n<meta name=\"description\" content=\"Esstisch Mori | Ebony | 120 cm kopen? Wij zijn de goedkoopste op de markt! \u2713 14 dagen bedenktijd! \u2713 Bestel nu!\" \/>\n<meta name=\"robots\" content=\"index, follow, max-snippet:-1, max-image-preview:large, max-video-preview:-1\" \/>\n<meta property=\"og:locale\" content=\"de_DE\" \/>\n<meta property=\"og:type\" content=\"article\" \/>\n<meta property=\"og:title\" content=\"Esstisch Mori | Ebony | 120 cm | Vechtdal Meubels\" \/>\n<meta property=\"og:description\" content=\"Esstisch Mori | Ebony | 120 cm kopen? Wij zijn de goedkoopste op de markt! \u2713 14 dagen bedenktijd! \u2713 Bestel nu!\" \/>\n<meta property=\"og:url\" content=\"https:\/\/www.vechtdalmeubels.nl\/de\/produkt\/esstisch-moda-ebony-ausziehbar-kopie\/\" \/>\n<meta property=\"og:site_name\" content=\"Vechtdal Meubels\" \/>\n<meta property=\"article:modified_time\" content=\"2026-04-17T12:02:35+00:00\" \/>\n<meta property=\"og:image\" content=\"https:\/\/www.searchflow.dev\/vechtdal\/wp-content\/uploads\/2024\/12\/DSCF6081-scaled-1-200x300.jpg\" \/>\n<meta name=\"twitter:card\" content=\"summary_large_image\" \/>\n<meta name=\"twitter:image\" content=\"https:\/\/www.searchflow.dev\/vechtdal\/wp-content\/uploads\/2024\/12\/DSCF6081-scaled-1-683x1024.jpg\" \/>\n<!-- \/ Yoast SEO plugin. -->","yoast_head_json":{"title":"Esstisch Mori | Ebony | 120 cm | Vechtdal Meubels","description":"Esstisch Mori | Ebony | 120 cm kopen? Wij zijn de goedkoopste op de markt! \u2713 14 dagen bedenktijd! \u2713 Bestel nu!","robots":{"index":"index","follow":"follow","max-snippet":"max-snippet:-1","max-image-preview":"max-image-preview:large","max-video-preview":"max-video-preview:-1"},"og_locale":"de_DE","og_type":"article","og_title":"Esstisch Mori | Ebony | 120 cm | Vechtdal Meubels","og_description":"Esstisch Mori | Ebony | 120 cm kopen? Wij zijn de goedkoopste op de markt! \u2713 14 dagen bedenktijd! \u2713 Bestel nu!","og_url":"https:\/\/www.vechtdalmeubels.nl\/de\/produkt\/esstisch-moda-ebony-ausziehbar-kopie\/","og_site_name":"Vechtdal Meubels","article_modified_time":"2026-04-17T12:02:35+00:00","og_image":[{"url":"https:\/\/www.searchflow.dev\/vechtdal\/wp-content\/uploads\/2024\/12\/DSCF6081-scaled-1-200x300.jpg","type":"","width":"","height":""}],"twitter_card":"summary_large_image","twitter_image":"https:\/\/www.searchflow.dev\/vechtdal\/wp-content\/uploads\/2024\/12\/DSCF6081-scaled-1-683x1024.jpg","schema":{"@context":"https:\/\/schema.org","@graph":[{"@type":"WebPage","@id":"https:\/\/www.vechtdalmeubels.nl\/de\/produkt\/esstisch-moda-ebony-ausziehbar-kopie\/","url":"https:\/\/www.vechtdalmeubels.nl\/de\/produkt\/esstisch-moda-ebony-ausziehbar-kopie\/","name":"Esstisch Mori | Ebony | 120 cm | Vechtdal Meubels","isPartOf":{"@id":"https:\/\/www.vechtdalmeubels.nl\/#website"},"primaryImageOfPage":{"@id":"https:\/\/www.vechtdalmeubels.nl\/de\/produkt\/esstisch-moda-ebony-ausziehbar-kopie\/#primaryimage"},"image":{"@id":"https:\/\/www.vechtdalmeubels.nl\/de\/produkt\/esstisch-moda-ebony-ausziehbar-kopie\/#primaryimage"},"thumbnailUrl":"https:\/\/www.vechtdalmeubels.nl\/wp-content\/uploads\/2025\/11\/DSC_2046-1-scaled.jpg","datePublished":"2025-11-12T19:17:17+00:00","dateModified":"2026-04-17T12:02:35+00:00","description":"Esstisch Mori | Ebony | 120 cm kopen? Wij zijn de goedkoopste op de markt! \u2713 14 dagen bedenktijd! \u2713 Bestel nu!","breadcrumb":{"@id":"https:\/\/www.vechtdalmeubels.nl\/de\/produkt\/esstisch-moda-ebony-ausziehbar-kopie\/#breadcrumb"},"inLanguage":"de","potentialAction":[{"@type":"ReadAction","target":["https:\/\/www.vechtdalmeubels.nl\/de\/produkt\/esstisch-moda-ebony-ausziehbar-kopie\/"]}]},{"@type":"ImageObject","inLanguage":"de","@id":"https:\/\/www.vechtdalmeubels.nl\/de\/produkt\/esstisch-moda-ebony-ausziehbar-kopie\/#primaryimage","url":"https:\/\/www.vechtdalmeubels.nl\/wp-content\/uploads\/2025\/11\/DSC_2046-1-scaled.jpg","contentUrl":"https:\/\/www.vechtdalmeubels.nl\/wp-content\/uploads\/2025\/11\/DSC_2046-1-scaled.jpg","width":2560,"height":1707},{"@type":"BreadcrumbList","@id":"https:\/\/www.vechtdalmeubels.nl\/de\/produkt\/esstisch-moda-ebony-ausziehbar-kopie\/#breadcrumb","itemListElement":[{"@type":"ListItem","position":1,"name":"Home","item":"https:\/\/www.vechtdalmeubels.nl\/de\/startseite\/"},{"@type":"ListItem","position":2,"name":"Shop","item":"https:\/\/www.vechtdalmeubels.nl\/de\/winkel\/"},{"@type":"ListItem","position":3,"name":"Esstisch Mori | Ebony | 120 cm"}]},{"@type":"WebSite","@id":"https:\/\/www.vechtdalmeubels.nl\/#website","url":"https:\/\/www.vechtdalmeubels.nl\/","name":"Vechtdal Meubels","description":"","publisher":{"@id":"https:\/\/www.vechtdalmeubels.nl\/#organization"},"potentialAction":[{"@type":"SearchAction","target":{"@type":"EntryPoint","urlTemplate":"https:\/\/www.vechtdalmeubels.nl\/?s={search_term_string}"},"query-input":{"@type":"PropertyValueSpecification","valueRequired":true,"valueName":"search_term_string"}}],"inLanguage":"de"},{"@type":"Organization","@id":"https:\/\/www.vechtdalmeubels.nl\/#organization","name":"Vechtdal Meubels","alternateName":"Vechtdal Meubels","url":"https:\/\/www.vechtdalmeubels.nl\/","logo":{"@type":"ImageObject","inLanguage":"de","@id":"https:\/\/www.vechtdalmeubels.nl\/#\/schema\/logo\/image\/","url":"https:\/\/www.vechtdalmeubels.nl\/wp-content\/uploads\/2024\/11\/Logo-vechtdal-v2.svg","contentUrl":"https:\/\/www.vechtdalmeubels.nl\/wp-content\/uploads\/2024\/11\/Logo-vechtdal-v2.svg","caption":"Vechtdal Meubels"},"image":{"@id":"https:\/\/www.vechtdalmeubels.nl\/#\/schema\/logo\/image\/"}}]}},"_links":{"self":[{"href":"https:\/\/www.vechtdalmeubels.nl\/de\/wp-json\/wp\/v2\/product\/6145","targetHints":{"allow":["GET"]}}],"collection":[{"href":"https:\/\/www.vechtdalmeubels.nl\/de\/wp-json\/wp\/v2\/product"}],"about":[{"href":"https:\/\/www.vechtdalmeubels.nl\/de\/wp-json\/wp\/v2\/types\/product"}],"replies":[{"embeddable":true,"href":"https:\/\/www.vechtdalmeubels.nl\/de\/wp-json\/wp\/v2\/comments?post=6145"}],"wp:featuredmedia":[{"embeddable":true,"href":"https:\/\/www.vechtdalmeubels.nl\/de\/wp-json\/wp\/v2\/media\/6163"}],"wp:attachment":[{"href":"https:\/\/www.vechtdalmeubels.nl\/de\/wp-json\/wp\/v2\/media?parent=6145"}],"wp:term":[{"taxonomy":"product_brand","embeddable":true,"href":"https:\/\/www.vechtdalmeubels.nl\/de\/wp-json\/wp\/v2\/product_brand?post=6145"},{"taxonomy":"product_cat","embeddable":true,"href":"https:\/\/www.vechtdalmeubels.nl\/de\/wp-json\/wp\/v2\/product_cat?post=6145"},{"taxonomy":"product_tag","embeddable":true,"href":"https:\/\/www.vechtdalmeubels.nl\/de\/wp-json\/wp\/v2\/product_tag?post=6145"}],"curies":[{"name":"wp","href":"https:\/\/api.w.org\/{rel}","templated":true}]}}