{"id":10609,"date":"2026-04-16T14:57:51","date_gmt":"2026-04-16T12:57:51","guid":{"rendered":"https:\/\/www.vechtdalmeubels.nl\/?post_type=product&#038;p=10609"},"modified":"2026-04-16T15:46:57","modified_gmt":"2026-04-16T13:46:57","slug":"fauteuil-lora-creme-teddy-kopie-kopie","status":"publish","type":"product","link":"https:\/\/www.vechtdalmeubels.nl\/fr\/produit\/fauteuil-lora-creme-teddy-kopie-kopie\/","title":{"rendered":"Fauteuil lounge Dunya | Brun | Beige"},"content":{"rendered":"<p data-start=\"84\" data-end=\"105\"><strong data-start=\"84\" data-end=\"105\">Fauteuil lounge Dunya<\/strong><\/p>\n<p data-start=\"107\" data-end=\"372\">Apportez calme et raffinement \u00e0 votre int\u00e9rieur avec le fauteuil lounge Dunya. Ce fauteuil \u00e9l\u00e9gant combine un design intemporel avec un confort optimal. Le rev\u00eatement gris doux cr\u00e9e un beau contraste avec le ch\u00eane naturel, offrant une allure chaleureuse et moderne. Le cadre robuste est fabriqu\u00e9 en ch\u00eane avec un placage de haute qualit\u00e9. Gr\u00e2ce \u00e0 son assise confortable et son dossier l\u00e9g\u00e8rement inclin\u00e9, Dunya est l\u2019endroit id\u00e9al pour se d\u00e9tendre.    <\/p>\n<p data-start=\"654\" data-end=\"896\">Avec ses dimensions compactes de 740 x 870 x 820 mm, ce fauteuil lounge s\u2019int\u00e8gre sans effort dans les petits comme dans les grands espaces. De plus, Dunya est disponible en plusieurs coloris de bois et de tissus, vous permettant de l\u2019accorder parfaitement \u00e0 votre int\u00e9rieur. <\/p>\n<p><strong>Caract\u00e9ristiques du produit :<\/strong><br \/>\nMat\u00e9riau : Ch\u00eane avec placage et tissu<br \/>\nDimensions (LxPxH) : 74 x 87 x 82 cm<\/p>\n<p style=\"font-weight: 400;\">Nous livrons des fauteuils dans toute la France. Si vous souhaitez recevoir une table \u00e0 l&rsquo;\u00e9tranger, veuillez nous contacter.<\/p>\n<p><strong>Le paiement ult\u00e9rieur est possible via Klarna. <\/strong><\/p>\n","protected":false},"excerpt":{"rendered":"<p>Un accroche-regard \u00e9l\u00e9gant qui allie harmonieusement confort et design.<\/p>\n","protected":false},"featured_media":10621,"comment_status":"closed","ping_status":"closed","template":"","meta":{"_acf_changed":false},"product_brand":[],"product_cat":[487,488,600,602,601],"product_tag":[],"class_list":{"0":"post-10609","1":"product","2":"type-product","3":"status-publish","4":"has-post-thumbnail","6":"product_cat-chaises","7":"product_cat-chaises-de-salle-a-manger-japandi","8":"product_cat-chaises-de-salle-a-manger-scandinaves","9":"product_cat-meubles-japandi","10":"product_cat-mobilier-scandinave","12":"first","13":"onbackorder","14":"sale","15":"taxable","16":"shipping-taxable","17":"purchasable","18":"product-type-simple"},"acf":[],"yoast_head":"<!-- This site is optimized with the Yoast SEO plugin v27.3 - https:\/\/yoast.com\/product\/yoast-seo-wordpress\/ -->\n<title>Fauteuil lounge Dunya | Brun | Beige | Vechtdal Meubels<\/title>\n<meta name=\"description\" content=\"Fauteuil lounge Dunya | Brun | Beige kopen? Wij zijn de goedkoopste op de markt! \u2713 14 dagen bedenktijd! \u2713 Bestel nu!\" \/>\n<meta name=\"robots\" content=\"index, follow, max-snippet:-1, max-image-preview:large, max-video-preview:-1\" \/>\n<meta property=\"og:locale\" content=\"fr_FR\" \/>\n<meta property=\"og:type\" content=\"article\" \/>\n<meta property=\"og:title\" content=\"Fauteuil lounge Dunya | Brun | Beige | Vechtdal Meubels\" \/>\n<meta property=\"og:description\" content=\"Fauteuil lounge Dunya | Brun | Beige kopen? Wij zijn de goedkoopste op de markt! \u2713 14 dagen bedenktijd! \u2713 Bestel nu!\" \/>\n<meta property=\"og:url\" content=\"https:\/\/www.vechtdalmeubels.nl\/fr\/produit\/fauteuil-lora-creme-teddy-kopie-kopie\/\" \/>\n<meta property=\"og:site_name\" content=\"Vechtdal Meubels\" \/>\n<meta property=\"article:modified_time\" content=\"2026-04-16T13:46:57+00:00\" \/>\n<meta property=\"og:image\" content=\"https:\/\/www.vechtdalmeubels.nl\/wp-content\/uploads\/2026\/04\/DSC_4264-1-scaled.jpg\" \/>\n\t<meta property=\"og:image:width\" content=\"1707\" \/>\n\t<meta property=\"og:image:height\" content=\"2560\" \/>\n\t<meta property=\"og:image:type\" content=\"image\/jpeg\" \/>\n<meta name=\"twitter:card\" content=\"summary_large_image\" \/>\n<!-- \/ Yoast SEO plugin. -->","yoast_head_json":{"title":"Fauteuil lounge Dunya | Brun | Beige | Vechtdal Meubels","description":"Fauteuil lounge Dunya | Brun | Beige kopen? Wij zijn de goedkoopste op de markt! \u2713 14 dagen bedenktijd! \u2713 Bestel nu!","robots":{"index":"index","follow":"follow","max-snippet":"max-snippet:-1","max-image-preview":"max-image-preview:large","max-video-preview":"max-video-preview:-1"},"og_locale":"fr_FR","og_type":"article","og_title":"Fauteuil lounge Dunya | Brun | Beige | Vechtdal Meubels","og_description":"Fauteuil lounge Dunya | Brun | Beige kopen? Wij zijn de goedkoopste op de markt! \u2713 14 dagen bedenktijd! \u2713 Bestel nu!","og_url":"https:\/\/www.vechtdalmeubels.nl\/fr\/produit\/fauteuil-lora-creme-teddy-kopie-kopie\/","og_site_name":"Vechtdal Meubels","article_modified_time":"2026-04-16T13:46:57+00:00","og_image":[{"width":1707,"height":2560,"url":"https:\/\/www.vechtdalmeubels.nl\/wp-content\/uploads\/2026\/04\/DSC_4264-1-scaled.jpg","type":"image\/jpeg"}],"twitter_card":"summary_large_image","schema":{"@context":"https:\/\/schema.org","@graph":[{"@type":"WebPage","@id":"https:\/\/www.vechtdalmeubels.nl\/fr\/produit\/fauteuil-lora-creme-teddy-kopie-kopie\/","url":"https:\/\/www.vechtdalmeubels.nl\/fr\/produit\/fauteuil-lora-creme-teddy-kopie-kopie\/","name":"Fauteuil lounge Dunya | Brun | Beige | Vechtdal Meubels","isPartOf":{"@id":"https:\/\/www.vechtdalmeubels.nl\/#website"},"primaryImageOfPage":{"@id":"https:\/\/www.vechtdalmeubels.nl\/fr\/produit\/fauteuil-lora-creme-teddy-kopie-kopie\/#primaryimage"},"image":{"@id":"https:\/\/www.vechtdalmeubels.nl\/fr\/produit\/fauteuil-lora-creme-teddy-kopie-kopie\/#primaryimage"},"thumbnailUrl":"https:\/\/www.vechtdalmeubels.nl\/wp-content\/uploads\/2026\/04\/DSC_4264-1-scaled.jpg","datePublished":"2026-04-16T12:57:51+00:00","dateModified":"2026-04-16T13:46:57+00:00","description":"Fauteuil lounge Dunya | Brun | Beige kopen? Wij zijn de goedkoopste op de markt! \u2713 14 dagen bedenktijd! \u2713 Bestel nu!","breadcrumb":{"@id":"https:\/\/www.vechtdalmeubels.nl\/fr\/produit\/fauteuil-lora-creme-teddy-kopie-kopie\/#breadcrumb"},"inLanguage":"fr-FR","potentialAction":[{"@type":"ReadAction","target":["https:\/\/www.vechtdalmeubels.nl\/fr\/produit\/fauteuil-lora-creme-teddy-kopie-kopie\/"]}]},{"@type":"ImageObject","inLanguage":"fr-FR","@id":"https:\/\/www.vechtdalmeubels.nl\/fr\/produit\/fauteuil-lora-creme-teddy-kopie-kopie\/#primaryimage","url":"https:\/\/www.vechtdalmeubels.nl\/wp-content\/uploads\/2026\/04\/DSC_4264-1-scaled.jpg","contentUrl":"https:\/\/www.vechtdalmeubels.nl\/wp-content\/uploads\/2026\/04\/DSC_4264-1-scaled.jpg","width":1707,"height":2560},{"@type":"BreadcrumbList","@id":"https:\/\/www.vechtdalmeubels.nl\/fr\/produit\/fauteuil-lora-creme-teddy-kopie-kopie\/#breadcrumb","itemListElement":[{"@type":"ListItem","position":1,"name":"Home","item":"https:\/\/www.vechtdalmeubels.nl\/fr\/accueil\/"},{"@type":"ListItem","position":2,"name":"Boutique","item":"https:\/\/www.vechtdalmeubels.nl\/winkel\/"},{"@type":"ListItem","position":3,"name":"Fauteuil lounge Dunya | Brun | Beige"}]},{"@type":"WebSite","@id":"https:\/\/www.vechtdalmeubels.nl\/#website","url":"https:\/\/www.vechtdalmeubels.nl\/","name":"Vechtdal Meubels","description":"","publisher":{"@id":"https:\/\/www.vechtdalmeubels.nl\/#organization"},"potentialAction":[{"@type":"SearchAction","target":{"@type":"EntryPoint","urlTemplate":"https:\/\/www.vechtdalmeubels.nl\/?s={search_term_string}"},"query-input":{"@type":"PropertyValueSpecification","valueRequired":true,"valueName":"search_term_string"}}],"inLanguage":"fr-FR"},{"@type":"Organization","@id":"https:\/\/www.vechtdalmeubels.nl\/#organization","name":"Vechtdal Meubels","alternateName":"Vechtdal Meubels","url":"https:\/\/www.vechtdalmeubels.nl\/","logo":{"@type":"ImageObject","inLanguage":"fr-FR","@id":"https:\/\/www.vechtdalmeubels.nl\/#\/schema\/logo\/image\/","url":"https:\/\/www.vechtdalmeubels.nl\/wp-content\/uploads\/2024\/11\/Logo-vechtdal-v2.svg","contentUrl":"https:\/\/www.vechtdalmeubels.nl\/wp-content\/uploads\/2024\/11\/Logo-vechtdal-v2.svg","caption":"Vechtdal Meubels"},"image":{"@id":"https:\/\/www.vechtdalmeubels.nl\/#\/schema\/logo\/image\/"}}]}},"_links":{"self":[{"href":"https:\/\/www.vechtdalmeubels.nl\/fr\/wp-json\/wp\/v2\/product\/10609","targetHints":{"allow":["GET"]}}],"collection":[{"href":"https:\/\/www.vechtdalmeubels.nl\/fr\/wp-json\/wp\/v2\/product"}],"about":[{"href":"https:\/\/www.vechtdalmeubels.nl\/fr\/wp-json\/wp\/v2\/types\/product"}],"replies":[{"embeddable":true,"href":"https:\/\/www.vechtdalmeubels.nl\/fr\/wp-json\/wp\/v2\/comments?post=10609"}],"wp:featuredmedia":[{"embeddable":true,"href":"https:\/\/www.vechtdalmeubels.nl\/fr\/wp-json\/wp\/v2\/media\/10621"}],"wp:attachment":[{"href":"https:\/\/www.vechtdalmeubels.nl\/fr\/wp-json\/wp\/v2\/media?parent=10609"}],"wp:term":[{"taxonomy":"product_brand","embeddable":true,"href":"https:\/\/www.vechtdalmeubels.nl\/fr\/wp-json\/wp\/v2\/product_brand?post=10609"},{"taxonomy":"product_cat","embeddable":true,"href":"https:\/\/www.vechtdalmeubels.nl\/fr\/wp-json\/wp\/v2\/product_cat?post=10609"},{"taxonomy":"product_tag","embeddable":true,"href":"https:\/\/www.vechtdalmeubels.nl\/fr\/wp-json\/wp\/v2\/product_tag?post=10609"}],"curies":[{"name":"wp","href":"https:\/\/api.w.org\/{rel}","templated":true}]}}