{"id":10695,"date":"2026-04-16T16:39:30","date_gmt":"2026-04-16T14:39:30","guid":{"rendered":"https:\/\/www.vechtdalmeubels.nl\/?post_type=product&#038;p=10695"},"modified":"2026-04-16T16:50:09","modified_gmt":"2026-04-16T14:50:09","slug":"fauteuil-lora-creme-teddy-kopie-2","status":"publish","type":"product","link":"https:\/\/www.vechtdalmeubels.nl\/fr\/produit\/fauteuil-lora-creme-teddy-kopie-2\/","title":{"rendered":"Chaise pivotante Mochi | Cr\u00e8me | Teddy"},"content":{"rendered":"<p data-start=\"27\" data-end=\"253\">D\u00e9couvrez la chaise Mochi : un m\u00e9lange parfait de confort et de design ludique. Cette chaise pivotante enti\u00e8rement rembourr\u00e9e est rev\u00eatue d\u2019un tissu teddy doux, offrant un aspect chaleureux et accueillant ainsi qu\u2019une sensation de confort absolu. <\/p>\n<p data-start=\"255\" data-end=\"525\">Gr\u00e2ce \u00e0 sa fonction pivotante, Mochi offre non seulement de la flexibilit\u00e9, mais aussi une grande facilit\u00e9 d\u2019utilisation dans chaque pi\u00e8ce. L\u2019assise g\u00e9n\u00e9reuse et la forme confortable invitent \u00e0 la d\u00e9tente, que ce soit pour un moment de repos ou un repas convivial. Mochi est plus qu\u2019une chaise : c\u2019est un v\u00e9ritable accroche-regard qui allie douceur et design moderne. Parfait pour ceux qui souhaitent combiner le confort avec un look \u00e9l\u00e9gant et contemporain.   <\/p>\n<p style=\"font-weight: 400;\">Nous livrons nos chaises lounge dans tous les Pays-Bas ; si vous souhaitez recevoir une table \u00e0 l\u2019\u00e9tranger, nous vous invitons \u00e0 nous contacter.<\/p>\n<p><strong>Le paiement ult\u00e9rieur est possible via Klarna. <\/strong><\/p>\n","protected":false},"excerpt":{"rendered":"<p>Cette chaise pivotante enti\u00e8rement rembourr\u00e9e est rev\u00eatue d\u2019un tissu teddy doux, offrant un aspect chaleureux et accueillant ainsi qu\u2019une sensation de confort absolu.<\/p>\n","protected":false},"featured_media":10706,"comment_status":"closed","ping_status":"closed","template":"","meta":{"_acf_changed":false},"product_brand":[],"product_cat":[487,488,600,602,601],"product_tag":[],"class_list":{"0":"post-10695","1":"product","2":"type-product","3":"status-publish","4":"has-post-thumbnail","6":"product_cat-chaises","7":"product_cat-chaises-de-salle-a-manger-japandi","8":"product_cat-chaises-de-salle-a-manger-scandinaves","9":"product_cat-meubles-japandi","10":"product_cat-mobilier-scandinave","11":"product_shipping_class-livraison-aux-pays-bas","13":"first","14":"onbackorder","15":"sale","16":"taxable","17":"shipping-taxable","18":"purchasable","19":"product-type-simple"},"acf":[],"yoast_head":"<!-- This site is optimized with the Yoast SEO plugin v27.3 - https:\/\/yoast.com\/product\/yoast-seo-wordpress\/ -->\n<title>Chaise pivotante Mochi | Cr\u00e8me | Teddy | Vechtdal Meubels<\/title>\n<meta name=\"description\" content=\"Chaise pivotante Mochi | Cr\u00e8me | Teddy kopen? Wij zijn de goedkoopste op de markt! \u2713 14 dagen bedenktijd! \u2713 Bestel nu!\" \/>\n<meta name=\"robots\" content=\"index, follow, max-snippet:-1, max-image-preview:large, max-video-preview:-1\" \/>\n<meta property=\"og:locale\" content=\"fr_FR\" \/>\n<meta property=\"og:type\" content=\"article\" \/>\n<meta property=\"og:title\" content=\"Chaise pivotante Mochi | Cr\u00e8me | Teddy | Vechtdal Meubels\" \/>\n<meta property=\"og:description\" content=\"Chaise pivotante Mochi | Cr\u00e8me | Teddy kopen? Wij zijn de goedkoopste op de markt! \u2713 14 dagen bedenktijd! \u2713 Bestel nu!\" \/>\n<meta property=\"og:url\" content=\"https:\/\/www.vechtdalmeubels.nl\/fr\/produit\/fauteuil-lora-creme-teddy-kopie-2\/\" \/>\n<meta property=\"og:site_name\" content=\"Vechtdal Meubels\" \/>\n<meta property=\"article:modified_time\" content=\"2026-04-16T14:50:09+00:00\" \/>\n<meta property=\"og:image\" content=\"https:\/\/www.vechtdalmeubels.nl\/wp-content\/uploads\/2026\/04\/1H7A0846-scaled.jpg\" \/>\n\t<meta property=\"og:image:width\" content=\"1707\" \/>\n\t<meta property=\"og:image:height\" content=\"2560\" \/>\n\t<meta property=\"og:image:type\" content=\"image\/jpeg\" \/>\n<meta name=\"twitter:card\" content=\"summary_large_image\" \/>\n<!-- \/ Yoast SEO plugin. -->","yoast_head_json":{"title":"Chaise pivotante Mochi | Cr\u00e8me | Teddy | Vechtdal Meubels","description":"Chaise pivotante Mochi | Cr\u00e8me | Teddy kopen? Wij zijn de goedkoopste op de markt! \u2713 14 dagen bedenktijd! \u2713 Bestel nu!","robots":{"index":"index","follow":"follow","max-snippet":"max-snippet:-1","max-image-preview":"max-image-preview:large","max-video-preview":"max-video-preview:-1"},"og_locale":"fr_FR","og_type":"article","og_title":"Chaise pivotante Mochi | Cr\u00e8me | Teddy | Vechtdal Meubels","og_description":"Chaise pivotante Mochi | Cr\u00e8me | Teddy kopen? Wij zijn de goedkoopste op de markt! \u2713 14 dagen bedenktijd! \u2713 Bestel nu!","og_url":"https:\/\/www.vechtdalmeubels.nl\/fr\/produit\/fauteuil-lora-creme-teddy-kopie-2\/","og_site_name":"Vechtdal Meubels","article_modified_time":"2026-04-16T14:50:09+00:00","og_image":[{"width":1707,"height":2560,"url":"https:\/\/www.vechtdalmeubels.nl\/wp-content\/uploads\/2026\/04\/1H7A0846-scaled.jpg","type":"image\/jpeg"}],"twitter_card":"summary_large_image","schema":{"@context":"https:\/\/schema.org","@graph":[{"@type":"WebPage","@id":"https:\/\/www.vechtdalmeubels.nl\/fr\/produit\/fauteuil-lora-creme-teddy-kopie-2\/","url":"https:\/\/www.vechtdalmeubels.nl\/fr\/produit\/fauteuil-lora-creme-teddy-kopie-2\/","name":"Chaise pivotante Mochi | Cr\u00e8me | Teddy | Vechtdal Meubels","isPartOf":{"@id":"https:\/\/www.vechtdalmeubels.nl\/#website"},"primaryImageOfPage":{"@id":"https:\/\/www.vechtdalmeubels.nl\/fr\/produit\/fauteuil-lora-creme-teddy-kopie-2\/#primaryimage"},"image":{"@id":"https:\/\/www.vechtdalmeubels.nl\/fr\/produit\/fauteuil-lora-creme-teddy-kopie-2\/#primaryimage"},"thumbnailUrl":"https:\/\/www.vechtdalmeubels.nl\/wp-content\/uploads\/2026\/04\/1H7A0846-scaled.jpg","datePublished":"2026-04-16T14:39:30+00:00","dateModified":"2026-04-16T14:50:09+00:00","description":"Chaise pivotante Mochi | Cr\u00e8me | Teddy kopen? Wij zijn de goedkoopste op de markt! \u2713 14 dagen bedenktijd! \u2713 Bestel nu!","breadcrumb":{"@id":"https:\/\/www.vechtdalmeubels.nl\/fr\/produit\/fauteuil-lora-creme-teddy-kopie-2\/#breadcrumb"},"inLanguage":"fr-FR","potentialAction":[{"@type":"ReadAction","target":["https:\/\/www.vechtdalmeubels.nl\/fr\/produit\/fauteuil-lora-creme-teddy-kopie-2\/"]}]},{"@type":"ImageObject","inLanguage":"fr-FR","@id":"https:\/\/www.vechtdalmeubels.nl\/fr\/produit\/fauteuil-lora-creme-teddy-kopie-2\/#primaryimage","url":"https:\/\/www.vechtdalmeubels.nl\/wp-content\/uploads\/2026\/04\/1H7A0846-scaled.jpg","contentUrl":"https:\/\/www.vechtdalmeubels.nl\/wp-content\/uploads\/2026\/04\/1H7A0846-scaled.jpg","width":1707,"height":2560},{"@type":"BreadcrumbList","@id":"https:\/\/www.vechtdalmeubels.nl\/fr\/produit\/fauteuil-lora-creme-teddy-kopie-2\/#breadcrumb","itemListElement":[{"@type":"ListItem","position":1,"name":"Home","item":"https:\/\/www.vechtdalmeubels.nl\/fr\/accueil\/"},{"@type":"ListItem","position":2,"name":"Boutique","item":"https:\/\/www.vechtdalmeubels.nl\/winkel\/"},{"@type":"ListItem","position":3,"name":"Chaise pivotante Mochi | Cr\u00e8me | Teddy"}]},{"@type":"WebSite","@id":"https:\/\/www.vechtdalmeubels.nl\/#website","url":"https:\/\/www.vechtdalmeubels.nl\/","name":"Vechtdal Meubels","description":"","publisher":{"@id":"https:\/\/www.vechtdalmeubels.nl\/#organization"},"potentialAction":[{"@type":"SearchAction","target":{"@type":"EntryPoint","urlTemplate":"https:\/\/www.vechtdalmeubels.nl\/?s={search_term_string}"},"query-input":{"@type":"PropertyValueSpecification","valueRequired":true,"valueName":"search_term_string"}}],"inLanguage":"fr-FR"},{"@type":"Organization","@id":"https:\/\/www.vechtdalmeubels.nl\/#organization","name":"Vechtdal Meubels","alternateName":"Vechtdal Meubels","url":"https:\/\/www.vechtdalmeubels.nl\/","logo":{"@type":"ImageObject","inLanguage":"fr-FR","@id":"https:\/\/www.vechtdalmeubels.nl\/#\/schema\/logo\/image\/","url":"https:\/\/www.vechtdalmeubels.nl\/wp-content\/uploads\/2024\/11\/Logo-vechtdal-v2.svg","contentUrl":"https:\/\/www.vechtdalmeubels.nl\/wp-content\/uploads\/2024\/11\/Logo-vechtdal-v2.svg","caption":"Vechtdal Meubels"},"image":{"@id":"https:\/\/www.vechtdalmeubels.nl\/#\/schema\/logo\/image\/"}}]}},"_links":{"self":[{"href":"https:\/\/www.vechtdalmeubels.nl\/fr\/wp-json\/wp\/v2\/product\/10695","targetHints":{"allow":["GET"]}}],"collection":[{"href":"https:\/\/www.vechtdalmeubels.nl\/fr\/wp-json\/wp\/v2\/product"}],"about":[{"href":"https:\/\/www.vechtdalmeubels.nl\/fr\/wp-json\/wp\/v2\/types\/product"}],"replies":[{"embeddable":true,"href":"https:\/\/www.vechtdalmeubels.nl\/fr\/wp-json\/wp\/v2\/comments?post=10695"}],"wp:featuredmedia":[{"embeddable":true,"href":"https:\/\/www.vechtdalmeubels.nl\/fr\/wp-json\/wp\/v2\/media\/10706"}],"wp:attachment":[{"href":"https:\/\/www.vechtdalmeubels.nl\/fr\/wp-json\/wp\/v2\/media?parent=10695"}],"wp:term":[{"taxonomy":"product_brand","embeddable":true,"href":"https:\/\/www.vechtdalmeubels.nl\/fr\/wp-json\/wp\/v2\/product_brand?post=10695"},{"taxonomy":"product_cat","embeddable":true,"href":"https:\/\/www.vechtdalmeubels.nl\/fr\/wp-json\/wp\/v2\/product_cat?post=10695"},{"taxonomy":"product_tag","embeddable":true,"href":"https:\/\/www.vechtdalmeubels.nl\/fr\/wp-json\/wp\/v2\/product_tag?post=10695"}],"curies":[{"name":"wp","href":"https:\/\/api.w.org\/{rel}","templated":true}]}}