{"id":10843,"date":"2026-05-07T13:18:11","date_gmt":"2026-05-07T11:18:11","guid":{"rendered":"https:\/\/www.vechtdalmeubels.nl\/?post_type=product&#038;p=10843"},"modified":"2026-05-07T13:36:54","modified_gmt":"2026-05-07T11:36:54","slug":"eetkamerstoel-odessa-brownie-boucle","status":"publish","type":"product","link":"https:\/\/www.vechtdalmeubels.nl\/fr\/produit\/eetkamerstoel-odessa-brownie-boucle\/","title":{"rendered":"Chaise de salle \u00e0 manger Odessa | Brownie | Boucl\u00e9"},"content":{"rendered":"<p>\u00cates-vous \u00e0 la recherche d&rsquo;une chaise de salle \u00e0 manger qui soit non seulement fonctionnelle, mais qui fasse \u00e9galement sensation dans votre int\u00e9rieur ? Avec son allure contemporaine et sa finition de haute qualit\u00e9, cette chaise ajoute une touche d&rsquo;\u00e9l\u00e9gance \u00e0 tout espace de repas. <\/p>\n<p><strong>Caract\u00e9ristiques du produit :<br \/>\n<\/strong>Couleur : Brownie<br \/>\nMat\u00e9riau : ch\u00eane avec placage et tissu boucl\u00e9<br \/>\nDimensions (LxPxH) : 58x52x75 cm<br \/>\nProfondeur d\u2019assise : 49 cm<br \/>\nHauteur d\u2019assise : 45 cm<\/p>\n","protected":false},"excerpt":{"rendered":"<p>La chaise de salle \u00e0 manger Odessa est le choix parfait pour attirer l&rsquo;attention dans votre int\u00e9rieur !<\/p>\n","protected":false},"featured_media":10846,"comment_status":"closed","ping_status":"closed","template":"","meta":{"_acf_changed":false},"product_brand":[],"product_cat":[487,488,600,602,601,485],"product_tag":[],"class_list":{"0":"post-10843","1":"product","2":"type-product","3":"status-publish","4":"has-post-thumbnail","6":"product_cat-chaises","7":"product_cat-chaises-de-salle-a-manger-japandi","8":"product_cat-chaises-de-salle-a-manger-scandinaves","9":"product_cat-meubles-japandi","10":"product_cat-mobilier-scandinave","11":"product_cat-page-daccueil-nouveautes","13":"first","14":"instock","15":"sale","16":"taxable","17":"shipping-taxable","18":"purchasable","19":"product-type-simple"},"acf":[],"yoast_head":"<!-- This site is optimized with the Yoast SEO plugin v27.5 - https:\/\/yoast.com\/product\/yoast-seo-wordpress\/ -->\n<title>Chaise de salle \u00e0 manger Odessa | Brownie | Boucl\u00e9 | Vechtdal Meubels<\/title>\n<meta name=\"description\" content=\"Chaise de salle \u00e0 manger Odessa | Brownie | Boucl\u00e9 kopen? Wij zijn de goedkoopste op de markt! \u2713 14 dagen bedenktijd! \u2713 Bestel nu!\" \/>\n<meta name=\"robots\" content=\"index, follow, max-snippet:-1, max-image-preview:large, max-video-preview:-1\" \/>\n<meta property=\"og:locale\" content=\"fr_FR\" \/>\n<meta property=\"og:type\" content=\"article\" \/>\n<meta property=\"og:title\" content=\"Chaise de salle \u00e0 manger Odessa | Brownie | Boucl\u00e9 | Vechtdal Meubels\" \/>\n<meta property=\"og:description\" content=\"Chaise de salle \u00e0 manger Odessa | Brownie | Boucl\u00e9 kopen? Wij zijn de goedkoopste op de markt! \u2713 14 dagen bedenktijd! \u2713 Bestel nu!\" \/>\n<meta property=\"og:url\" content=\"https:\/\/www.vechtdalmeubels.nl\/fr\/produit\/eetkamerstoel-odessa-brownie-boucle\/\" \/>\n<meta property=\"og:site_name\" content=\"Vechtdal Meubels\" \/>\n<meta property=\"article:modified_time\" content=\"2026-05-07T11:36:54+00:00\" \/>\n<meta property=\"og:image\" content=\"https:\/\/www.searchflow.dev\/vechtdal\/wp-content\/uploads\/2024\/12\/IMG_5037-scaled-1-200x300.jpg\" \/>\n<meta name=\"twitter:card\" content=\"summary_large_image\" \/>\n<meta name=\"twitter:image\" content=\"https:\/\/www.searchflow.dev\/vechtdal\/wp-content\/uploads\/2024\/12\/IMG_5037-scaled-1-682x1024.jpg\" \/>\n<!-- \/ Yoast SEO plugin. -->","yoast_head_json":{"title":"Chaise de salle \u00e0 manger Odessa | Brownie | Boucl\u00e9 | Vechtdal Meubels","description":"Chaise de salle \u00e0 manger Odessa | Brownie | Boucl\u00e9 kopen? Wij zijn de goedkoopste op de markt! \u2713 14 dagen bedenktijd! \u2713 Bestel nu!","robots":{"index":"index","follow":"follow","max-snippet":"max-snippet:-1","max-image-preview":"max-image-preview:large","max-video-preview":"max-video-preview:-1"},"og_locale":"fr_FR","og_type":"article","og_title":"Chaise de salle \u00e0 manger Odessa | Brownie | Boucl\u00e9 | Vechtdal Meubels","og_description":"Chaise de salle \u00e0 manger Odessa | Brownie | Boucl\u00e9 kopen? Wij zijn de goedkoopste op de markt! \u2713 14 dagen bedenktijd! \u2713 Bestel nu!","og_url":"https:\/\/www.vechtdalmeubels.nl\/fr\/produit\/eetkamerstoel-odessa-brownie-boucle\/","og_site_name":"Vechtdal Meubels","article_modified_time":"2026-05-07T11:36:54+00:00","og_image":[{"url":"https:\/\/www.searchflow.dev\/vechtdal\/wp-content\/uploads\/2024\/12\/IMG_5037-scaled-1-200x300.jpg","type":"","width":"","height":""}],"twitter_card":"summary_large_image","twitter_image":"https:\/\/www.searchflow.dev\/vechtdal\/wp-content\/uploads\/2024\/12\/IMG_5037-scaled-1-682x1024.jpg","schema":{"@context":"https:\/\/schema.org","@graph":[{"@type":"WebPage","@id":"https:\/\/www.vechtdalmeubels.nl\/fr\/produit\/eetkamerstoel-odessa-brownie-boucle\/","url":"https:\/\/www.vechtdalmeubels.nl\/fr\/produit\/eetkamerstoel-odessa-brownie-boucle\/","name":"Chaise de salle \u00e0 manger Odessa | Brownie | Boucl\u00e9 | Vechtdal Meubels","isPartOf":{"@id":"https:\/\/www.vechtdalmeubels.nl\/#website"},"primaryImageOfPage":{"@id":"https:\/\/www.vechtdalmeubels.nl\/fr\/produit\/eetkamerstoel-odessa-brownie-boucle\/#primaryimage"},"image":{"@id":"https:\/\/www.vechtdalmeubels.nl\/fr\/produit\/eetkamerstoel-odessa-brownie-boucle\/#primaryimage"},"thumbnailUrl":"https:\/\/www.vechtdalmeubels.nl\/wp-content\/uploads\/2026\/05\/IMG_5934-scaled.jpg","datePublished":"2026-05-07T11:18:11+00:00","dateModified":"2026-05-07T11:36:54+00:00","description":"Chaise de salle \u00e0 manger Odessa | Brownie | Boucl\u00e9 kopen? Wij zijn de goedkoopste op de markt! \u2713 14 dagen bedenktijd! \u2713 Bestel nu!","breadcrumb":{"@id":"https:\/\/www.vechtdalmeubels.nl\/fr\/produit\/eetkamerstoel-odessa-brownie-boucle\/#breadcrumb"},"inLanguage":"fr-FR","potentialAction":[{"@type":"ReadAction","target":["https:\/\/www.vechtdalmeubels.nl\/fr\/produit\/eetkamerstoel-odessa-brownie-boucle\/"]}]},{"@type":"ImageObject","inLanguage":"fr-FR","@id":"https:\/\/www.vechtdalmeubels.nl\/fr\/produit\/eetkamerstoel-odessa-brownie-boucle\/#primaryimage","url":"https:\/\/www.vechtdalmeubels.nl\/wp-content\/uploads\/2026\/05\/IMG_5934-scaled.jpg","contentUrl":"https:\/\/www.vechtdalmeubels.nl\/wp-content\/uploads\/2026\/05\/IMG_5934-scaled.jpg","width":1707,"height":2560},{"@type":"BreadcrumbList","@id":"https:\/\/www.vechtdalmeubels.nl\/fr\/produit\/eetkamerstoel-odessa-brownie-boucle\/#breadcrumb","itemListElement":[{"@type":"ListItem","position":1,"name":"Home","item":"https:\/\/www.vechtdalmeubels.nl\/fr\/accueil\/"},{"@type":"ListItem","position":2,"name":"Boutique","item":"https:\/\/www.vechtdalmeubels.nl\/winkel\/"},{"@type":"ListItem","position":3,"name":"Chaise de salle \u00e0 manger Odessa | Brownie | Boucl\u00e9"}]},{"@type":"WebSite","@id":"https:\/\/www.vechtdalmeubels.nl\/#website","url":"https:\/\/www.vechtdalmeubels.nl\/","name":"Vechtdal Meubels","description":"","publisher":{"@id":"https:\/\/www.vechtdalmeubels.nl\/#organization"},"potentialAction":[{"@type":"SearchAction","target":{"@type":"EntryPoint","urlTemplate":"https:\/\/www.vechtdalmeubels.nl\/?s={search_term_string}"},"query-input":{"@type":"PropertyValueSpecification","valueRequired":true,"valueName":"search_term_string"}}],"inLanguage":"fr-FR"},{"@type":"Organization","@id":"https:\/\/www.vechtdalmeubels.nl\/#organization","name":"Vechtdal Meubels","alternateName":"Vechtdal Meubels","url":"https:\/\/www.vechtdalmeubels.nl\/","logo":{"@type":"ImageObject","inLanguage":"fr-FR","@id":"https:\/\/www.vechtdalmeubels.nl\/#\/schema\/logo\/image\/","url":"https:\/\/www.vechtdalmeubels.nl\/wp-content\/uploads\/2024\/11\/Logo-vechtdal-v2.svg","contentUrl":"https:\/\/www.vechtdalmeubels.nl\/wp-content\/uploads\/2024\/11\/Logo-vechtdal-v2.svg","caption":"Vechtdal Meubels"},"image":{"@id":"https:\/\/www.vechtdalmeubels.nl\/#\/schema\/logo\/image\/"}}]}},"_links":{"self":[{"href":"https:\/\/www.vechtdalmeubels.nl\/fr\/wp-json\/wp\/v2\/product\/10843","targetHints":{"allow":["GET"]}}],"collection":[{"href":"https:\/\/www.vechtdalmeubels.nl\/fr\/wp-json\/wp\/v2\/product"}],"about":[{"href":"https:\/\/www.vechtdalmeubels.nl\/fr\/wp-json\/wp\/v2\/types\/product"}],"replies":[{"embeddable":true,"href":"https:\/\/www.vechtdalmeubels.nl\/fr\/wp-json\/wp\/v2\/comments?post=10843"}],"wp:featuredmedia":[{"embeddable":true,"href":"https:\/\/www.vechtdalmeubels.nl\/fr\/wp-json\/wp\/v2\/media\/10846"}],"wp:attachment":[{"href":"https:\/\/www.vechtdalmeubels.nl\/fr\/wp-json\/wp\/v2\/media?parent=10843"}],"wp:term":[{"taxonomy":"product_brand","embeddable":true,"href":"https:\/\/www.vechtdalmeubels.nl\/fr\/wp-json\/wp\/v2\/product_brand?post=10843"},{"taxonomy":"product_cat","embeddable":true,"href":"https:\/\/www.vechtdalmeubels.nl\/fr\/wp-json\/wp\/v2\/product_cat?post=10843"},{"taxonomy":"product_tag","embeddable":true,"href":"https:\/\/www.vechtdalmeubels.nl\/fr\/wp-json\/wp\/v2\/product_tag?post=10843"}],"curies":[{"name":"wp","href":"https:\/\/api.w.org\/{rel}","templated":true}]}}