{"id":10876,"date":"2026-05-08T13:01:10","date_gmt":"2026-05-08T11:01:10","guid":{"rendered":"https:\/\/www.vechtdalmeubels.nl\/?post_type=product&#038;p=10876"},"modified":"2026-05-08T13:29:23","modified_gmt":"2026-05-08T11:29:23","slug":"eetkamerstoel-lviv-brownie-creme","status":"publish","type":"product","link":"https:\/\/www.vechtdalmeubels.nl\/fr\/produit\/eetkamerstoel-lviv-brownie-creme\/","title":{"rendered":"Chaise de salle \u00e0 manger Lviv | Brownie | Cr\u00e8me"},"content":{"rendered":"<p>Vous recherchez une chaise de salle \u00e0 manger qui n\u2019est pas seulement fonctionnelle, mais qui s\u2019affirme \u00e9galement dans votre int\u00e9rieur ? La chaise de salle \u00e0 manger design \u00e0 trois pieds est le choix parfait ! Avec son allure contemporaine et sa finition de haute qualit\u00e9, cette chaise ajoute une touche d\u2019\u00e9l\u00e9gance \u00e0 tout espace de repas.  <\/p>\n<p><strong>Pourquoi choisir notre chaise de salle \u00e0 manger design \u00e0 trois pieds ?<\/strong><\/p>\n<ol>\n<li><strong>Design unique :<\/strong> Notre chaise de salle \u00e0 manger se distingue imm\u00e9diatement par son design unique \u00e0 trois pieds. Cela assure non seulement un aspect moderne, mais aussi une stabilit\u00e9 et un confort optimaux. <\/li>\n<li><strong>Mat\u00e9riaux de haute qualit\u00e9 :<\/strong> Fabriqu\u00e9e \u00e0 partir de mat\u00e9riaux durables et luxueux, cette chaise garantit une longue dur\u00e9e de vie. L\u2019assise est rev\u00eatue d\u2019un tissu de haute qualit\u00e9, \u00e0 la fois doux au toucher et facile \u00e0 entretenir. <\/li>\n<li><strong>Confort d\u2019assise :<\/strong> Gr\u00e2ce \u00e0 sa conception ergonomique, la chaise offre un excellent confort d\u2019assise, id\u00e9al pour les longs d\u00eeners entre amis ou en famille. Le soutien ad\u00e9quat pour votre dos rend chaque repas encore plus agr\u00e9able. <\/li>\n<li><strong>Parfaite pour tout int\u00e9rieur :<\/strong> Disponible en plusieurs couleurs et finitions, la chaise de salle \u00e0 manger design \u00e0 trois pieds s\u2019int\u00e8gre dans tous les int\u00e9rieurs, du moderne au classique. Mariez-la \u00e0 une table de salle \u00e0 manger \u00e9l\u00e9gante et cr\u00e9ez un coin repas chaleureux chez vous. <\/li>\n<li><strong>Livr\u00e9e assembl\u00e9e :<\/strong> La chaise est livr\u00e9e d\u00e9j\u00e0 mont\u00e9e, afin que vous puissiez profiter rapidement de votre nouvelle acquisition.<\/li>\n<\/ol>\n<p><strong>Caract\u00e9ristiques du produit :<br \/>\n<\/strong>Couleur : brownie et tissu cr\u00e8me<br \/>\nMat\u00e9riau : ch\u00eane avec placage et tissu<br \/>\nDimensions (LxlxH) : 60x55x75 cm<\/p>\n<p>Si la chaise ne convient pas, vous pouvez la retourner sous 14 jours ; des frais s\u2019appliquent. Les chaises sont livr\u00e9es mont\u00e9es ! <\/p>\n","protected":false},"excerpt":{"rendered":"<p>La chaise de salle \u00e0 manger design \u00e0 trois pieds Lviv est le choix parfait !<\/p>\n","protected":false},"featured_media":10887,"comment_status":"closed","ping_status":"closed","template":"","meta":{"_acf_changed":false},"product_brand":[],"product_cat":[487,488,600,602,601,505],"product_tag":[],"class_list":{"0":"post-10876","1":"product","2":"type-product","3":"status-publish","4":"has-post-thumbnail","6":"product_cat-chaises","7":"product_cat-chaises-de-salle-a-manger-japandi","8":"product_cat-chaises-de-salle-a-manger-scandinaves","9":"product_cat-meubles-japandi","10":"product_cat-mobilier-scandinave","11":"product_cat-page-daccueil-offres","13":"first","14":"instock","15":"sale","16":"taxable","17":"shipping-taxable","18":"purchasable","19":"product-type-simple"},"acf":[],"yoast_head":"<!-- This site is optimized with the Yoast SEO plugin v27.5 - https:\/\/yoast.com\/product\/yoast-seo-wordpress\/ -->\n<title>Chaise de salle \u00e0 manger Lviv | Brownie | Cr\u00e8me | Vechtdal Meubels<\/title>\n<meta name=\"description\" content=\"Chaise de salle \u00e0 manger Lviv | Brownie | Cr\u00e8me kopen? Wij zijn de goedkoopste op de markt! \u2713 14 dagen bedenktijd! \u2713 Bestel nu!\" \/>\n<meta name=\"robots\" content=\"index, follow, max-snippet:-1, max-image-preview:large, max-video-preview:-1\" \/>\n<meta property=\"og:locale\" content=\"fr_FR\" \/>\n<meta property=\"og:type\" content=\"article\" \/>\n<meta property=\"og:title\" content=\"Chaise de salle \u00e0 manger Lviv | Brownie | Cr\u00e8me | Vechtdal Meubels\" \/>\n<meta property=\"og:description\" content=\"Chaise de salle \u00e0 manger Lviv | Brownie | Cr\u00e8me kopen? Wij zijn de goedkoopste op de markt! \u2713 14 dagen bedenktijd! \u2713 Bestel nu!\" \/>\n<meta property=\"og:url\" content=\"https:\/\/www.vechtdalmeubels.nl\/fr\/produit\/eetkamerstoel-lviv-brownie-creme\/\" \/>\n<meta property=\"og:site_name\" content=\"Vechtdal Meubels\" \/>\n<meta property=\"article:modified_time\" content=\"2026-05-08T11:29:23+00:00\" \/>\n<meta property=\"og:image\" content=\"https:\/\/www.searchflow.dev\/vechtdal\/wp-content\/uploads\/2024\/12\/IMG_5037-scaled-1-200x300.jpg\" \/>\n<meta name=\"twitter:card\" content=\"summary_large_image\" \/>\n<meta name=\"twitter:image\" content=\"https:\/\/www.searchflow.dev\/vechtdal\/wp-content\/uploads\/2024\/12\/IMG_5037-scaled-1-682x1024.jpg\" \/>\n<!-- \/ Yoast SEO plugin. -->","yoast_head_json":{"title":"Chaise de salle \u00e0 manger Lviv | Brownie | Cr\u00e8me | Vechtdal Meubels","description":"Chaise de salle \u00e0 manger Lviv | Brownie | Cr\u00e8me kopen? Wij zijn de goedkoopste op de markt! \u2713 14 dagen bedenktijd! \u2713 Bestel nu!","robots":{"index":"index","follow":"follow","max-snippet":"max-snippet:-1","max-image-preview":"max-image-preview:large","max-video-preview":"max-video-preview:-1"},"og_locale":"fr_FR","og_type":"article","og_title":"Chaise de salle \u00e0 manger Lviv | Brownie | Cr\u00e8me | Vechtdal Meubels","og_description":"Chaise de salle \u00e0 manger Lviv | Brownie | Cr\u00e8me kopen? Wij zijn de goedkoopste op de markt! \u2713 14 dagen bedenktijd! \u2713 Bestel nu!","og_url":"https:\/\/www.vechtdalmeubels.nl\/fr\/produit\/eetkamerstoel-lviv-brownie-creme\/","og_site_name":"Vechtdal Meubels","article_modified_time":"2026-05-08T11:29:23+00:00","og_image":[{"url":"https:\/\/www.searchflow.dev\/vechtdal\/wp-content\/uploads\/2024\/12\/IMG_5037-scaled-1-200x300.jpg","type":"","width":"","height":""}],"twitter_card":"summary_large_image","twitter_image":"https:\/\/www.searchflow.dev\/vechtdal\/wp-content\/uploads\/2024\/12\/IMG_5037-scaled-1-682x1024.jpg","schema":{"@context":"https:\/\/schema.org","@graph":[{"@type":"WebPage","@id":"https:\/\/www.vechtdalmeubels.nl\/fr\/produit\/eetkamerstoel-lviv-brownie-creme\/","url":"https:\/\/www.vechtdalmeubels.nl\/fr\/produit\/eetkamerstoel-lviv-brownie-creme\/","name":"Chaise de salle \u00e0 manger Lviv | Brownie | Cr\u00e8me | Vechtdal Meubels","isPartOf":{"@id":"https:\/\/www.vechtdalmeubels.nl\/#website"},"primaryImageOfPage":{"@id":"https:\/\/www.vechtdalmeubels.nl\/fr\/produit\/eetkamerstoel-lviv-brownie-creme\/#primaryimage"},"image":{"@id":"https:\/\/www.vechtdalmeubels.nl\/fr\/produit\/eetkamerstoel-lviv-brownie-creme\/#primaryimage"},"thumbnailUrl":"https:\/\/www.vechtdalmeubels.nl\/wp-content\/uploads\/2026\/05\/IMG_5947-scaled.jpg","datePublished":"2026-05-08T11:01:10+00:00","dateModified":"2026-05-08T11:29:23+00:00","description":"Chaise de salle \u00e0 manger Lviv | Brownie | Cr\u00e8me kopen? Wij zijn de goedkoopste op de markt! \u2713 14 dagen bedenktijd! \u2713 Bestel nu!","breadcrumb":{"@id":"https:\/\/www.vechtdalmeubels.nl\/fr\/produit\/eetkamerstoel-lviv-brownie-creme\/#breadcrumb"},"inLanguage":"fr-FR","potentialAction":[{"@type":"ReadAction","target":["https:\/\/www.vechtdalmeubels.nl\/fr\/produit\/eetkamerstoel-lviv-brownie-creme\/"]}]},{"@type":"ImageObject","inLanguage":"fr-FR","@id":"https:\/\/www.vechtdalmeubels.nl\/fr\/produit\/eetkamerstoel-lviv-brownie-creme\/#primaryimage","url":"https:\/\/www.vechtdalmeubels.nl\/wp-content\/uploads\/2026\/05\/IMG_5947-scaled.jpg","contentUrl":"https:\/\/www.vechtdalmeubels.nl\/wp-content\/uploads\/2026\/05\/IMG_5947-scaled.jpg","width":1707,"height":2560},{"@type":"BreadcrumbList","@id":"https:\/\/www.vechtdalmeubels.nl\/fr\/produit\/eetkamerstoel-lviv-brownie-creme\/#breadcrumb","itemListElement":[{"@type":"ListItem","position":1,"name":"Home","item":"https:\/\/www.vechtdalmeubels.nl\/fr\/accueil\/"},{"@type":"ListItem","position":2,"name":"Boutique","item":"https:\/\/www.vechtdalmeubels.nl\/winkel\/"},{"@type":"ListItem","position":3,"name":"Chaise de salle \u00e0 manger Lviv | Brownie | Cr\u00e8me"}]},{"@type":"WebSite","@id":"https:\/\/www.vechtdalmeubels.nl\/#website","url":"https:\/\/www.vechtdalmeubels.nl\/","name":"Vechtdal Meubels","description":"","publisher":{"@id":"https:\/\/www.vechtdalmeubels.nl\/#organization"},"potentialAction":[{"@type":"SearchAction","target":{"@type":"EntryPoint","urlTemplate":"https:\/\/www.vechtdalmeubels.nl\/?s={search_term_string}"},"query-input":{"@type":"PropertyValueSpecification","valueRequired":true,"valueName":"search_term_string"}}],"inLanguage":"fr-FR"},{"@type":"Organization","@id":"https:\/\/www.vechtdalmeubels.nl\/#organization","name":"Vechtdal Meubels","alternateName":"Vechtdal Meubels","url":"https:\/\/www.vechtdalmeubels.nl\/","logo":{"@type":"ImageObject","inLanguage":"fr-FR","@id":"https:\/\/www.vechtdalmeubels.nl\/#\/schema\/logo\/image\/","url":"https:\/\/www.vechtdalmeubels.nl\/wp-content\/uploads\/2024\/11\/Logo-vechtdal-v2.svg","contentUrl":"https:\/\/www.vechtdalmeubels.nl\/wp-content\/uploads\/2024\/11\/Logo-vechtdal-v2.svg","caption":"Vechtdal Meubels"},"image":{"@id":"https:\/\/www.vechtdalmeubels.nl\/#\/schema\/logo\/image\/"}}]}},"_links":{"self":[{"href":"https:\/\/www.vechtdalmeubels.nl\/fr\/wp-json\/wp\/v2\/product\/10876","targetHints":{"allow":["GET"]}}],"collection":[{"href":"https:\/\/www.vechtdalmeubels.nl\/fr\/wp-json\/wp\/v2\/product"}],"about":[{"href":"https:\/\/www.vechtdalmeubels.nl\/fr\/wp-json\/wp\/v2\/types\/product"}],"replies":[{"embeddable":true,"href":"https:\/\/www.vechtdalmeubels.nl\/fr\/wp-json\/wp\/v2\/comments?post=10876"}],"wp:featuredmedia":[{"embeddable":true,"href":"https:\/\/www.vechtdalmeubels.nl\/fr\/wp-json\/wp\/v2\/media\/10887"}],"wp:attachment":[{"href":"https:\/\/www.vechtdalmeubels.nl\/fr\/wp-json\/wp\/v2\/media?parent=10876"}],"wp:term":[{"taxonomy":"product_brand","embeddable":true,"href":"https:\/\/www.vechtdalmeubels.nl\/fr\/wp-json\/wp\/v2\/product_brand?post=10876"},{"taxonomy":"product_cat","embeddable":true,"href":"https:\/\/www.vechtdalmeubels.nl\/fr\/wp-json\/wp\/v2\/product_cat?post=10876"},{"taxonomy":"product_tag","embeddable":true,"href":"https:\/\/www.vechtdalmeubels.nl\/fr\/wp-json\/wp\/v2\/product_tag?post=10876"}],"curies":[{"name":"wp","href":"https:\/\/api.w.org\/{rel}","templated":true}]}}