{"id":7336,"date":"2025-11-08T11:52:11","date_gmt":"2025-11-08T10:52:11","guid":{"rendered":"https:\/\/www.vechtdalmeubels.nl\/product\/chaise-de-salle-a-manger-calm-noyer-chene\/"},"modified":"2026-04-10T14:21:24","modified_gmt":"2026-04-10T12:21:24","slug":"chaise-de-salle-a-manger-calm-noyer-chene","status":"publish","type":"product","link":"https:\/\/www.vechtdalmeubels.nl\/fr\/produit\/chaise-de-salle-a-manger-calm-noyer-chene\/","title":{"rendered":"Chaise de salle \u00e0 manger Calm | Noyer | Ch\u00eane"},"content":{"rendered":"<p>Chaises exclusives en ch\u00eane de style Japandi &amp; Scandinave&nbsp;!<\/p>\n<p>Transformez votre espace avec nos magnifiques chaises en ch\u00eane, inspir\u00e9es du m\u00e9lange harmonieux des styles Japandi et scandinave. Un \u00e9quilibre parfait entre \u00e9l\u00e9gance et simplicit\u00e9, ces chaises apportent chaleur et raffinement \u00e0 tout int\u00e9rieur.  Le magnifique design minimaliste des chaises \u00ab&nbsp;Calm&nbsp;\u00bb est capable de transformer n\u2019importe quel int\u00e9rieur en un havre de paix et de tranquillit\u00e9. Fabriqu\u00e9e en bois de ch\u00eane.<\/p>\n<p>Pourquoi nos chaises en ch\u00eane sont-elles un incontournable&nbsp;?<br \/>\n\u2728 Fabriqu\u00e9es en ch\u00eane de haute qualit\u00e9 pour une durabilit\u00e9 et une beaut\u00e9 naturelle<br \/>\n\u2728 Design inspir\u00e9 de l\u2019esth\u00e9tique minimaliste du Japandi et de la l\u00e9g\u00e8ret\u00e9 des designs scandinaves<br \/>\n\u2728 Lignes douces et assise confortable pour un confort d\u2019assise ultime<br \/>\n\u2728 Un ajout intemporel \u00e0 tout int\u00e9rieur, du moderne au classique<\/p>\n<p>Apportez l\u2019atmosph\u00e8re apaisante du style Japandi et Scandinave dans votre maison avec nos chaises en ch\u00eane. D\u00e9couvrez la combinaison parfaite de fonctionnalit\u00e9 et de design.  Commandez votre chaise d\u00e8s aujourd\u2019hui et cr\u00e9ez un espace qui respire la s\u00e9r\u00e9nit\u00e9 et la beaut\u00e9. Ensemble de 2 chaises par emballage (498&nbsp;\u20ac), \u00e0 l\u2019unit\u00e9, elles co\u00fbtent 249&nbsp;\u20ac. <\/p>\n<p>Le paiement ult\u00e9rieur est possible via Klarna. <strong>Les chaises sont livr\u00e9es mont\u00e9es&nbsp;!<\/strong><\/p>\n<p><strong>Caract\u00e9ristiques du produit :<br \/>\n<\/strong>Couleur : Couleur bois noyer<br \/>\nMat\u00e9riau : ch\u00eane avec couche de laque<br \/>\nDimensions (L x P x H) : 56 x 52 x 73 cm<br \/>\nProfondeur d&rsquo;assise : 42 cm<br \/>\nHauteur d&rsquo;assise : 46 cm<br \/>\nStyle : Design moderne, scandinave et Japandi<\/p>\n<p style=\"font-weight: 400;\">Le point le plus haut du dossier est de 73 cm et le point le plus bas du dossier est de 63 cm.<\/p>\n","protected":false},"excerpt":{"rendered":"<p style=\"font-weight: 400;\">Chaises design \u00e9l\u00e9gantes en huile de noyer avec une couche de laque. Parfaites pour un int\u00e9rieur moderne avec une ambiance chaleureuse. Fabriqu\u00e9es en ch\u00eane de haute qualit\u00e9.  <\/p>\n","protected":false},"featured_media":7337,"comment_status":"closed","ping_status":"closed","template":"","meta":{"_acf_changed":false},"product_brand":[],"product_cat":[487,488,600,602,601],"product_tag":[],"class_list":{"0":"post-7336","1":"product","2":"type-product","3":"status-publish","4":"has-post-thumbnail","6":"product_cat-chaises","7":"product_cat-chaises-de-salle-a-manger-japandi","8":"product_cat-chaises-de-salle-a-manger-scandinaves","9":"product_cat-meubles-japandi","10":"product_cat-mobilier-scandinave","12":"first","13":"onbackorder","14":"sale","15":"taxable","16":"shipping-taxable","17":"purchasable","18":"product-type-simple"},"acf":[],"yoast_head":"<!-- This site is optimized with the Yoast SEO plugin v27.5 - https:\/\/yoast.com\/product\/yoast-seo-wordpress\/ -->\n<title>Chaise de salle \u00e0 manger Calm | Noyer | Ch\u00eane | Vechtdal Meubels<\/title>\n<meta name=\"description\" content=\"Chaise de salle \u00e0 manger Calm | Noyer | Ch\u00eane kopen? Wij zijn de goedkoopste op de markt! \u2713 14 dagen bedenktijd! \u2713 Bestel nu!\" \/>\n<meta name=\"robots\" content=\"index, follow, max-snippet:-1, max-image-preview:large, max-video-preview:-1\" \/>\n<meta property=\"og:locale\" content=\"fr_FR\" \/>\n<meta property=\"og:type\" content=\"article\" \/>\n<meta property=\"og:title\" content=\"Chaise de salle \u00e0 manger Calm | Noyer | Ch\u00eane | Vechtdal Meubels\" \/>\n<meta property=\"og:description\" content=\"Chaise de salle \u00e0 manger Calm | Noyer | Ch\u00eane kopen? Wij zijn de goedkoopste op de markt! \u2713 14 dagen bedenktijd! \u2713 Bestel nu!\" \/>\n<meta property=\"og:url\" content=\"https:\/\/www.vechtdalmeubels.nl\/fr\/produit\/chaise-de-salle-a-manger-calm-noyer-chene\/\" \/>\n<meta property=\"og:site_name\" content=\"Vechtdal Meubels\" \/>\n<meta property=\"article:modified_time\" content=\"2026-04-10T12:21:24+00:00\" \/>\n<meta property=\"og:image\" content=\"https:\/\/www.searchflow.dev\/vechtdal\/wp-content\/uploads\/2024\/12\/IMG_4647-1-scaled-1-1024x683.jpg\" \/>\n<meta name=\"twitter:card\" content=\"summary_large_image\" \/>\n<meta name=\"twitter:image\" content=\"https:\/\/www.searchflow.dev\/vechtdal\/wp-content\/uploads\/2024\/12\/IMG_4647-1-scaled-1-1024x683.jpg\" \/>\n<!-- \/ Yoast SEO plugin. -->","yoast_head_json":{"title":"Chaise de salle \u00e0 manger Calm | Noyer | Ch\u00eane | Vechtdal Meubels","description":"Chaise de salle \u00e0 manger Calm | Noyer | Ch\u00eane kopen? Wij zijn de goedkoopste op de markt! \u2713 14 dagen bedenktijd! \u2713 Bestel nu!","robots":{"index":"index","follow":"follow","max-snippet":"max-snippet:-1","max-image-preview":"max-image-preview:large","max-video-preview":"max-video-preview:-1"},"og_locale":"fr_FR","og_type":"article","og_title":"Chaise de salle \u00e0 manger Calm | Noyer | Ch\u00eane | Vechtdal Meubels","og_description":"Chaise de salle \u00e0 manger Calm | Noyer | Ch\u00eane kopen? Wij zijn de goedkoopste op de markt! \u2713 14 dagen bedenktijd! \u2713 Bestel nu!","og_url":"https:\/\/www.vechtdalmeubels.nl\/fr\/produit\/chaise-de-salle-a-manger-calm-noyer-chene\/","og_site_name":"Vechtdal Meubels","article_modified_time":"2026-04-10T12:21:24+00:00","og_image":[{"url":"https:\/\/www.searchflow.dev\/vechtdal\/wp-content\/uploads\/2024\/12\/IMG_4647-1-scaled-1-1024x683.jpg","type":"","width":"","height":""}],"twitter_card":"summary_large_image","twitter_image":"https:\/\/www.searchflow.dev\/vechtdal\/wp-content\/uploads\/2024\/12\/IMG_4647-1-scaled-1-1024x683.jpg","schema":{"@context":"https:\/\/schema.org","@graph":[{"@type":"WebPage","@id":"https:\/\/www.vechtdalmeubels.nl\/fr\/produit\/chaise-de-salle-a-manger-calm-noyer-chene\/","url":"https:\/\/www.vechtdalmeubels.nl\/fr\/produit\/chaise-de-salle-a-manger-calm-noyer-chene\/","name":"Chaise de salle \u00e0 manger Calm | Noyer | Ch\u00eane | Vechtdal Meubels","isPartOf":{"@id":"https:\/\/www.vechtdalmeubels.nl\/#website"},"primaryImageOfPage":{"@id":"https:\/\/www.vechtdalmeubels.nl\/fr\/produit\/chaise-de-salle-a-manger-calm-noyer-chene\/#primaryimage"},"image":{"@id":"https:\/\/www.vechtdalmeubels.nl\/fr\/produit\/chaise-de-salle-a-manger-calm-noyer-chene\/#primaryimage"},"thumbnailUrl":"https:\/\/www.vechtdalmeubels.nl\/wp-content\/uploads\/2025\/11\/IMG_5690-scaled.jpg","datePublished":"2025-11-08T10:52:11+00:00","dateModified":"2026-04-10T12:21:24+00:00","description":"Chaise de salle \u00e0 manger Calm | Noyer | Ch\u00eane kopen? Wij zijn de goedkoopste op de markt! \u2713 14 dagen bedenktijd! \u2713 Bestel nu!","breadcrumb":{"@id":"https:\/\/www.vechtdalmeubels.nl\/fr\/produit\/chaise-de-salle-a-manger-calm-noyer-chene\/#breadcrumb"},"inLanguage":"fr-FR","potentialAction":[{"@type":"ReadAction","target":["https:\/\/www.vechtdalmeubels.nl\/fr\/produit\/chaise-de-salle-a-manger-calm-noyer-chene\/"]}]},{"@type":"ImageObject","inLanguage":"fr-FR","@id":"https:\/\/www.vechtdalmeubels.nl\/fr\/produit\/chaise-de-salle-a-manger-calm-noyer-chene\/#primaryimage","url":"https:\/\/www.vechtdalmeubels.nl\/wp-content\/uploads\/2025\/11\/IMG_5690-scaled.jpg","contentUrl":"https:\/\/www.vechtdalmeubels.nl\/wp-content\/uploads\/2025\/11\/IMG_5690-scaled.jpg","width":1707,"height":2560},{"@type":"BreadcrumbList","@id":"https:\/\/www.vechtdalmeubels.nl\/fr\/produit\/chaise-de-salle-a-manger-calm-noyer-chene\/#breadcrumb","itemListElement":[{"@type":"ListItem","position":1,"name":"Home","item":"https:\/\/www.vechtdalmeubels.nl\/fr\/accueil\/"},{"@type":"ListItem","position":2,"name":"Boutique","item":"https:\/\/www.vechtdalmeubels.nl\/fr\/winkel\/"},{"@type":"ListItem","position":3,"name":"Chaise de salle \u00e0 manger Calm | Noyer | Ch\u00eane"}]},{"@type":"WebSite","@id":"https:\/\/www.vechtdalmeubels.nl\/#website","url":"https:\/\/www.vechtdalmeubels.nl\/","name":"Vechtdal Meubels","description":"","publisher":{"@id":"https:\/\/www.vechtdalmeubels.nl\/#organization"},"potentialAction":[{"@type":"SearchAction","target":{"@type":"EntryPoint","urlTemplate":"https:\/\/www.vechtdalmeubels.nl\/?s={search_term_string}"},"query-input":{"@type":"PropertyValueSpecification","valueRequired":true,"valueName":"search_term_string"}}],"inLanguage":"fr-FR"},{"@type":"Organization","@id":"https:\/\/www.vechtdalmeubels.nl\/#organization","name":"Vechtdal Meubels","alternateName":"Vechtdal Meubels","url":"https:\/\/www.vechtdalmeubels.nl\/","logo":{"@type":"ImageObject","inLanguage":"fr-FR","@id":"https:\/\/www.vechtdalmeubels.nl\/#\/schema\/logo\/image\/","url":"https:\/\/www.vechtdalmeubels.nl\/wp-content\/uploads\/2024\/11\/Logo-vechtdal-v2.svg","contentUrl":"https:\/\/www.vechtdalmeubels.nl\/wp-content\/uploads\/2024\/11\/Logo-vechtdal-v2.svg","caption":"Vechtdal Meubels"},"image":{"@id":"https:\/\/www.vechtdalmeubels.nl\/#\/schema\/logo\/image\/"}}]}},"_links":{"self":[{"href":"https:\/\/www.vechtdalmeubels.nl\/fr\/wp-json\/wp\/v2\/product\/7336","targetHints":{"allow":["GET"]}}],"collection":[{"href":"https:\/\/www.vechtdalmeubels.nl\/fr\/wp-json\/wp\/v2\/product"}],"about":[{"href":"https:\/\/www.vechtdalmeubels.nl\/fr\/wp-json\/wp\/v2\/types\/product"}],"replies":[{"embeddable":true,"href":"https:\/\/www.vechtdalmeubels.nl\/fr\/wp-json\/wp\/v2\/comments?post=7336"}],"wp:featuredmedia":[{"embeddable":true,"href":"https:\/\/www.vechtdalmeubels.nl\/fr\/wp-json\/wp\/v2\/media\/7337"}],"wp:attachment":[{"href":"https:\/\/www.vechtdalmeubels.nl\/fr\/wp-json\/wp\/v2\/media?parent=7336"}],"wp:term":[{"taxonomy":"product_brand","embeddable":true,"href":"https:\/\/www.vechtdalmeubels.nl\/fr\/wp-json\/wp\/v2\/product_brand?post=7336"},{"taxonomy":"product_cat","embeddable":true,"href":"https:\/\/www.vechtdalmeubels.nl\/fr\/wp-json\/wp\/v2\/product_cat?post=7336"},{"taxonomy":"product_tag","embeddable":true,"href":"https:\/\/www.vechtdalmeubels.nl\/fr\/wp-json\/wp\/v2\/product_tag?post=7336"}],"curies":[{"name":"wp","href":"https:\/\/api.w.org\/{rel}","templated":true}]}}