{"id":7438,"date":"2025-12-01T21:22:12","date_gmt":"2025-12-01T20:22:12","guid":{"rendered":"https:\/\/www.vechtdalmeubels.nl\/product\/table-de-salle-a-manger-calm-bronze-220x100-cm\/"},"modified":"2026-04-17T14:05:47","modified_gmt":"2026-04-17T12:05:47","slug":"table-de-salle-a-manger-calm-bronze-240x130-cm","status":"publish","type":"product","link":"https:\/\/www.vechtdalmeubels.nl\/fr\/produit\/table-de-salle-a-manger-calm-bronze-240x130-cm\/","title":{"rendered":"Table de salle \u00e0 manger Calm | Bronze | Organique 240&#215;130 cm"},"content":{"rendered":"<p>Le magnifique design minimaliste de la collection \u00ab\u00a0Calm\u00a0\u00bb est capable de transformer n&rsquo;importe quel int\u00e9rieur en un havre de paix et de calme. Fabriqu\u00e9e en bois de ch\u00eane. Ces caract\u00e9ristiques conf\u00e8rent \u00e0 la table un aspect naturel et chaleureux. Le ch\u00eane est une essence de bois dure, solide et durable qui poss\u00e8de une longue dur\u00e9e de vie. <\/p>\n<p>Cette table appartient \u00e0 la magnifique collection Calm, dont des chaises assorties sont \u00e9galement disponibles. La table peut \u00eatre command\u00e9e en diff\u00e9rentes couleurs, comme les chaises de salle \u00e0 manger Calm. <\/p>\n<p>Renseignez-vous sur les possibilit\u00e9s !<\/p>\n<p><strong>Caract\u00e9ristiques du produit :<br \/>\n<\/strong>Couleur : Bronze huil\u00e9<br \/>\nMat\u00e9riau : bois de ch\u00eane<br \/>\nDimensions (L x l) : 240 x 130 cm<br \/>\nHauteur : 77 cm<br \/>\nStyle : Design moderne, scandinave et Japandi<\/p>\n<p style=\"font-weight: 400;\">Nous livrons des tables dans toute la France. Si vous souhaitez recevoir une table \u00e0 l&rsquo;\u00e9tranger, veuillez nous contacter.<\/p>\n<p>Le montage peut \u00eatre effectu\u00e9 sous r\u00e9serve de disponibilit\u00e9.<\/p>\n","protected":false},"excerpt":{"rendered":"<p>Magnifique table en ch\u00eane de forme organique 240&#215;130 cm<\/p>\n","protected":false},"featured_media":9130,"comment_status":"closed","ping_status":"closed","template":"","meta":{"_acf_changed":false},"product_brand":[],"product_cat":[602,601,508,606,622],"product_tag":[],"class_list":{"0":"post-7438","1":"product","2":"type-product","3":"status-publish","4":"has-post-thumbnail","6":"product_cat-meubles-japandi","7":"product_cat-mobilier-scandinave","8":"product_cat-tables-fr","9":"product_cat-tables-de-salle-a-manger-scandinaves","10":"product_cat-tables-japandi","12":"first","13":"onbackorder","14":"sale","15":"taxable","16":"shipping-taxable","17":"purchasable","18":"product-type-simple"},"acf":[],"yoast_head":"<!-- This site is optimized with the Yoast SEO plugin v27.5 - https:\/\/yoast.com\/product\/yoast-seo-wordpress\/ -->\n<title>Table de salle \u00e0 manger Calm | Bronze | Organique 240x130 cm | Vechtdal Meubels<\/title>\n<meta name=\"description\" content=\"Table de salle \u00e0 manger Calm | Bronze | Organique 240x130 cm kopen? Wij zijn de goedkoopste op de markt! \u2713 14 dagen bedenktijd! \u2713 Bestel nu!\" \/>\n<meta name=\"robots\" content=\"index, follow, max-snippet:-1, max-image-preview:large, max-video-preview:-1\" \/>\n<meta property=\"og:locale\" content=\"fr_FR\" \/>\n<meta property=\"og:type\" content=\"article\" \/>\n<meta property=\"og:title\" content=\"Table de salle \u00e0 manger Calm | Bronze | Organique 240x130 cm | Vechtdal Meubels\" \/>\n<meta property=\"og:description\" content=\"Table de salle \u00e0 manger Calm | Bronze | Organique 240x130 cm kopen? Wij zijn de goedkoopste op de markt! \u2713 14 dagen bedenktijd! \u2713 Bestel nu!\" \/>\n<meta property=\"og:url\" content=\"https:\/\/www.vechtdalmeubels.nl\/fr\/produit\/table-de-salle-a-manger-calm-bronze-240x130-cm\/\" \/>\n<meta property=\"og:site_name\" content=\"Vechtdal Meubels\" \/>\n<meta property=\"article:modified_time\" content=\"2026-04-17T12:05:47+00:00\" \/>\n<meta property=\"og:image\" content=\"https:\/\/www.searchflow.dev\/vechtdal\/wp-content\/uploads\/2024\/12\/DSCF6081-scaled-1-200x300.jpg\" \/>\n<meta name=\"twitter:card\" content=\"summary_large_image\" \/>\n<meta name=\"twitter:image\" content=\"https:\/\/www.searchflow.dev\/vechtdal\/wp-content\/uploads\/2024\/12\/DSCF6081-scaled-1-683x1024.jpg\" \/>\n<!-- \/ Yoast SEO plugin. -->","yoast_head_json":{"title":"Table de salle \u00e0 manger Calm | Bronze | Organique 240x130 cm | Vechtdal Meubels","description":"Table de salle \u00e0 manger Calm | Bronze | Organique 240x130 cm kopen? Wij zijn de goedkoopste op de markt! \u2713 14 dagen bedenktijd! \u2713 Bestel nu!","robots":{"index":"index","follow":"follow","max-snippet":"max-snippet:-1","max-image-preview":"max-image-preview:large","max-video-preview":"max-video-preview:-1"},"og_locale":"fr_FR","og_type":"article","og_title":"Table de salle \u00e0 manger Calm | Bronze | Organique 240x130 cm | Vechtdal Meubels","og_description":"Table de salle \u00e0 manger Calm | Bronze | Organique 240x130 cm kopen? Wij zijn de goedkoopste op de markt! \u2713 14 dagen bedenktijd! \u2713 Bestel nu!","og_url":"https:\/\/www.vechtdalmeubels.nl\/fr\/produit\/table-de-salle-a-manger-calm-bronze-240x130-cm\/","og_site_name":"Vechtdal Meubels","article_modified_time":"2026-04-17T12:05:47+00:00","og_image":[{"url":"https:\/\/www.searchflow.dev\/vechtdal\/wp-content\/uploads\/2024\/12\/DSCF6081-scaled-1-200x300.jpg","type":"","width":"","height":""}],"twitter_card":"summary_large_image","twitter_image":"https:\/\/www.searchflow.dev\/vechtdal\/wp-content\/uploads\/2024\/12\/DSCF6081-scaled-1-683x1024.jpg","schema":{"@context":"https:\/\/schema.org","@graph":[{"@type":"WebPage","@id":"https:\/\/www.vechtdalmeubels.nl\/fr\/produit\/table-de-salle-a-manger-calm-bronze-240x130-cm\/","url":"https:\/\/www.vechtdalmeubels.nl\/fr\/produit\/table-de-salle-a-manger-calm-bronze-240x130-cm\/","name":"Table de salle \u00e0 manger Calm | Bronze | Organique 240x130 cm | Vechtdal Meubels","isPartOf":{"@id":"https:\/\/www.vechtdalmeubels.nl\/#website"},"primaryImageOfPage":{"@id":"https:\/\/www.vechtdalmeubels.nl\/fr\/produit\/table-de-salle-a-manger-calm-bronze-240x130-cm\/#primaryimage"},"image":{"@id":"https:\/\/www.vechtdalmeubels.nl\/fr\/produit\/table-de-salle-a-manger-calm-bronze-240x130-cm\/#primaryimage"},"thumbnailUrl":"https:\/\/www.vechtdalmeubels.nl\/wp-content\/uploads\/2025\/12\/VM_19jan_2026-15-scaled.jpg","datePublished":"2025-12-01T20:22:12+00:00","dateModified":"2026-04-17T12:05:47+00:00","description":"Table de salle \u00e0 manger Calm | Bronze | Organique 240x130 cm kopen? Wij zijn de goedkoopste op de markt! \u2713 14 dagen bedenktijd! \u2713 Bestel nu!","breadcrumb":{"@id":"https:\/\/www.vechtdalmeubels.nl\/fr\/produit\/table-de-salle-a-manger-calm-bronze-240x130-cm\/#breadcrumb"},"inLanguage":"fr-FR","potentialAction":[{"@type":"ReadAction","target":["https:\/\/www.vechtdalmeubels.nl\/fr\/produit\/table-de-salle-a-manger-calm-bronze-240x130-cm\/"]}]},{"@type":"ImageObject","inLanguage":"fr-FR","@id":"https:\/\/www.vechtdalmeubels.nl\/fr\/produit\/table-de-salle-a-manger-calm-bronze-240x130-cm\/#primaryimage","url":"https:\/\/www.vechtdalmeubels.nl\/wp-content\/uploads\/2025\/12\/VM_19jan_2026-15-scaled.jpg","contentUrl":"https:\/\/www.vechtdalmeubels.nl\/wp-content\/uploads\/2025\/12\/VM_19jan_2026-15-scaled.jpg","width":2560,"height":1707},{"@type":"BreadcrumbList","@id":"https:\/\/www.vechtdalmeubels.nl\/fr\/produit\/table-de-salle-a-manger-calm-bronze-240x130-cm\/#breadcrumb","itemListElement":[{"@type":"ListItem","position":1,"name":"Home","item":"https:\/\/www.vechtdalmeubels.nl\/fr\/accueil\/"},{"@type":"ListItem","position":2,"name":"Boutique","item":"https:\/\/www.vechtdalmeubels.nl\/fr\/winkel\/"},{"@type":"ListItem","position":3,"name":"Table de salle \u00e0 manger Calm | Bronze | Organique 240&#215;130 cm"}]},{"@type":"WebSite","@id":"https:\/\/www.vechtdalmeubels.nl\/#website","url":"https:\/\/www.vechtdalmeubels.nl\/","name":"Vechtdal Meubels","description":"","publisher":{"@id":"https:\/\/www.vechtdalmeubels.nl\/#organization"},"potentialAction":[{"@type":"SearchAction","target":{"@type":"EntryPoint","urlTemplate":"https:\/\/www.vechtdalmeubels.nl\/?s={search_term_string}"},"query-input":{"@type":"PropertyValueSpecification","valueRequired":true,"valueName":"search_term_string"}}],"inLanguage":"fr-FR"},{"@type":"Organization","@id":"https:\/\/www.vechtdalmeubels.nl\/#organization","name":"Vechtdal Meubels","alternateName":"Vechtdal Meubels","url":"https:\/\/www.vechtdalmeubels.nl\/","logo":{"@type":"ImageObject","inLanguage":"fr-FR","@id":"https:\/\/www.vechtdalmeubels.nl\/#\/schema\/logo\/image\/","url":"https:\/\/www.vechtdalmeubels.nl\/wp-content\/uploads\/2024\/11\/Logo-vechtdal-v2.svg","contentUrl":"https:\/\/www.vechtdalmeubels.nl\/wp-content\/uploads\/2024\/11\/Logo-vechtdal-v2.svg","caption":"Vechtdal Meubels"},"image":{"@id":"https:\/\/www.vechtdalmeubels.nl\/#\/schema\/logo\/image\/"}}]}},"_links":{"self":[{"href":"https:\/\/www.vechtdalmeubels.nl\/fr\/wp-json\/wp\/v2\/product\/7438","targetHints":{"allow":["GET"]}}],"collection":[{"href":"https:\/\/www.vechtdalmeubels.nl\/fr\/wp-json\/wp\/v2\/product"}],"about":[{"href":"https:\/\/www.vechtdalmeubels.nl\/fr\/wp-json\/wp\/v2\/types\/product"}],"replies":[{"embeddable":true,"href":"https:\/\/www.vechtdalmeubels.nl\/fr\/wp-json\/wp\/v2\/comments?post=7438"}],"wp:featuredmedia":[{"embeddable":true,"href":"https:\/\/www.vechtdalmeubels.nl\/fr\/wp-json\/wp\/v2\/media\/9130"}],"wp:attachment":[{"href":"https:\/\/www.vechtdalmeubels.nl\/fr\/wp-json\/wp\/v2\/media?parent=7438"}],"wp:term":[{"taxonomy":"product_brand","embeddable":true,"href":"https:\/\/www.vechtdalmeubels.nl\/fr\/wp-json\/wp\/v2\/product_brand?post=7438"},{"taxonomy":"product_cat","embeddable":true,"href":"https:\/\/www.vechtdalmeubels.nl\/fr\/wp-json\/wp\/v2\/product_cat?post=7438"},{"taxonomy":"product_tag","embeddable":true,"href":"https:\/\/www.vechtdalmeubels.nl\/fr\/wp-json\/wp\/v2\/product_tag?post=7438"}],"curies":[{"name":"wp","href":"https:\/\/api.w.org\/{rel}","templated":true}]}}