{"id":7596,"date":"2025-03-24T21:28:57","date_gmt":"2025-03-24T20:28:57","guid":{"rendered":"https:\/\/www.vechtdalmeubels.nl\/product\/chaise-de-salle-a-manger-lviv-naturel-taupe\/"},"modified":"2025-03-24T21:28:57","modified_gmt":"2025-03-24T20:28:57","slug":"chaise-de-salle-a-manger-lviv-naturel-taupe","status":"publish","type":"product","link":"https:\/\/www.vechtdalmeubels.nl\/fr\/produit\/chaise-de-salle-a-manger-lviv-naturel-taupe\/","title":{"rendered":"Chaise de salle \u00e0 manger Lviv | Naturel | Taupe"},"content":{"rendered":"<p><strong>D\u00e9couvrez la chaise de salle \u00e0 manger design tripode Lviv parfaite !<\/strong><\/p>\n<p>Am\u00e9liorez votre int\u00e9rieur avec notre chaise de salle \u00e0 manger design tripode. Une combinaison unique de style et de confort. <\/p>\n<p>\u00cates-vous \u00e0 la recherche d&rsquo;une chaise de salle \u00e0 manger qui soit non seulement fonctionnelle, mais qui fasse \u00e9galement une d\u00e9claration dans votre int\u00e9rieur ? La chaise de salle \u00e0 manger design \u00e0 trois pieds est le choix parfait ! Avec son allure contemporaine et sa finition de haute qualit\u00e9, cette chaise ajoute une touche d&rsquo;\u00e9l\u00e9gance \u00e0 n&rsquo;importe quelle salle \u00e0 manger.  <\/p>\n<p><strong>Pourquoi choisir notre chaise de salle \u00e0 manger design \u00e0 trois pieds ?<\/strong><\/p>\n<ol>\n<li><strong>Design unique :<\/strong> Notre chaise de salle \u00e0 manger se distingue imm\u00e9diatement par son design unique \u00e0 trois pieds. Cela assure non seulement un aspect moderne, mais aussi une stabilit\u00e9 et un confort optimal. <\/li>\n<li><strong>Mat\u00e9riaux de haute qualit\u00e9 :<\/strong> Fabriqu\u00e9e \u00e0 partir de mat\u00e9riaux durables et luxueux, cette chaise garantit une longue dur\u00e9e de vie. L&rsquo;assise est recouverte d&rsquo;un tissu de haute qualit\u00e9, \u00e0 la fois doux au toucher et facile \u00e0 entretenir. <\/li>\n<li><strong>Confort d&rsquo;assise :<\/strong> Gr\u00e2ce \u00e0 sa conception ergonomique, la chaise offre un excellent confort d&rsquo;assise, id\u00e9al pour les longs d\u00eeners entre amis et en famille. Le bon soutien pour votre dos rend chaque d\u00eener encore plus agr\u00e9able. <\/li>\n<li><strong>Parfait pour tout int\u00e9rieur :<\/strong> Disponible en diff\u00e9rentes couleurs et finitions, la chaise de salle \u00e0 manger design \u00e0 trois pieds s&rsquo;int\u00e8gre dans tous les int\u00e9rieurs, du moderne au classique. Combinez-la avec une table \u00e0 manger \u00e9l\u00e9gante et cr\u00e9ez un coin repas convivial dans votre maison. <\/li>\n<li><strong>Livr\u00e9e mont\u00e9e :<\/strong> La chaise est livr\u00e9e mont\u00e9e, vous pouvez donc profiter rapidement de votre nouvel achat.<\/li>\n<\/ol>\n<p><strong>Caract\u00e9ristiques du produit :<br \/>\n<\/strong>Couleur : placage naturel et tissu taupe<br \/>\nMat\u00e9riau : ch\u00eane avec placage et tissu<br \/>\nDimensions (LxlxH) : 54x60x75 cm<\/p>\n<p>Si la chaise ne convient pas, vous pouvez la retourner dans les 14 jours, des frais s&rsquo;appliquent. Les chaises sont livr\u00e9es mont\u00e9es ! <\/p>\n","protected":false},"excerpt":{"rendered":"<p>La chaise de salle \u00e0 manger design \u00e0 trois pieds Lviv est le choix parfait !<\/p>\n","protected":false},"featured_media":7594,"comment_status":"closed","ping_status":"closed","template":"","meta":{"_acf_changed":false},"product_brand":[],"product_cat":[487,488],"product_tag":[],"class_list":{"0":"post-7596","1":"product","2":"type-product","3":"status-publish","4":"has-post-thumbnail","6":"product_cat-chaises","7":"product_cat-chaises-de-salle-a-manger-japandi","9":"first","10":"onbackorder","11":"sale","12":"taxable","13":"shipping-taxable","14":"purchasable","15":"product-type-simple"},"acf":[],"yoast_head":"<!-- This site is optimized with the Yoast SEO plugin v27.5 - https:\/\/yoast.com\/product\/yoast-seo-wordpress\/ -->\n<title>Chaise de salle \u00e0 manger Lviv | Naturel | Taupe | Vechtdal Meubels<\/title>\n<meta name=\"description\" content=\"Chaise de salle \u00e0 manger Lviv | Naturel | Taupe kopen? Wij zijn de goedkoopste op de markt! \u2713 14 dagen bedenktijd! \u2713 Bestel nu!\" \/>\n<meta name=\"robots\" content=\"index, follow, max-snippet:-1, max-image-preview:large, max-video-preview:-1\" \/>\n<meta property=\"og:locale\" content=\"fr_FR\" \/>\n<meta property=\"og:type\" content=\"article\" \/>\n<meta property=\"og:title\" content=\"Chaise de salle \u00e0 manger Lviv | Naturel | Taupe | Vechtdal Meubels\" \/>\n<meta property=\"og:description\" content=\"Chaise de salle \u00e0 manger Lviv | Naturel | Taupe kopen? Wij zijn de goedkoopste op de markt! \u2713 14 dagen bedenktijd! \u2713 Bestel nu!\" \/>\n<meta property=\"og:url\" content=\"https:\/\/www.vechtdalmeubels.nl\/product\/chaise-de-salle-a-manger-lviv-naturel-taupe\/\" \/>\n<meta property=\"og:site_name\" content=\"Vechtdal Meubels\" \/>\n<meta property=\"og:image\" content=\"https:\/\/www.vechtdalmeubels.nl\/wp-content\/uploads\/2024\/12\/Rectangle-2-4.jpg\" \/>\n\t<meta property=\"og:image:width\" content=\"818\" \/>\n\t<meta property=\"og:image:height\" content=\"600\" \/>\n\t<meta property=\"og:image:type\" content=\"image\/jpeg\" \/>\n<meta name=\"twitter:card\" content=\"summary_large_image\" \/>\n<!-- \/ Yoast SEO plugin. -->","yoast_head_json":{"title":"Chaise de salle \u00e0 manger Lviv | Naturel | Taupe | Vechtdal Meubels","description":"Chaise de salle \u00e0 manger Lviv | Naturel | Taupe kopen? Wij zijn de goedkoopste op de markt! \u2713 14 dagen bedenktijd! \u2713 Bestel nu!","robots":{"index":"index","follow":"follow","max-snippet":"max-snippet:-1","max-image-preview":"max-image-preview:large","max-video-preview":"max-video-preview:-1"},"og_locale":"fr_FR","og_type":"article","og_title":"Chaise de salle \u00e0 manger Lviv | Naturel | Taupe | Vechtdal Meubels","og_description":"Chaise de salle \u00e0 manger Lviv | Naturel | Taupe kopen? Wij zijn de goedkoopste op de markt! \u2713 14 dagen bedenktijd! \u2713 Bestel nu!","og_url":"https:\/\/www.vechtdalmeubels.nl\/product\/chaise-de-salle-a-manger-lviv-naturel-taupe\/","og_site_name":"Vechtdal Meubels","og_image":[{"width":818,"height":600,"url":"https:\/\/www.vechtdalmeubels.nl\/wp-content\/uploads\/2024\/12\/Rectangle-2-4.jpg","type":"image\/jpeg"}],"twitter_card":"summary_large_image","schema":{"@context":"https:\/\/schema.org","@graph":[{"@type":"WebPage","@id":"https:\/\/www.vechtdalmeubels.nl\/product\/chaise-de-salle-a-manger-lviv-naturel-taupe\/","url":"https:\/\/www.vechtdalmeubels.nl\/product\/chaise-de-salle-a-manger-lviv-naturel-taupe\/","name":"Chaise de salle \u00e0 manger Lviv | Naturel | Taupe | Vechtdal Meubels","isPartOf":{"@id":"https:\/\/www.vechtdalmeubels.nl\/#website"},"primaryImageOfPage":{"@id":"https:\/\/www.vechtdalmeubels.nl\/product\/chaise-de-salle-a-manger-lviv-naturel-taupe\/#primaryimage"},"image":{"@id":"https:\/\/www.vechtdalmeubels.nl\/product\/chaise-de-salle-a-manger-lviv-naturel-taupe\/#primaryimage"},"thumbnailUrl":"https:\/\/www.vechtdalmeubels.nl\/wp-content\/uploads\/2025\/03\/DSC_5438.jpg","datePublished":"2025-03-24T20:28:57+00:00","description":"Chaise de salle \u00e0 manger Lviv | Naturel | Taupe kopen? Wij zijn de goedkoopste op de markt! \u2713 14 dagen bedenktijd! \u2713 Bestel nu!","breadcrumb":{"@id":"https:\/\/www.vechtdalmeubels.nl\/product\/chaise-de-salle-a-manger-lviv-naturel-taupe\/#breadcrumb"},"inLanguage":"fr-FR","potentialAction":[{"@type":"ReadAction","target":["https:\/\/www.vechtdalmeubels.nl\/product\/chaise-de-salle-a-manger-lviv-naturel-taupe\/"]}]},{"@type":"ImageObject","inLanguage":"fr-FR","@id":"https:\/\/www.vechtdalmeubels.nl\/product\/chaise-de-salle-a-manger-lviv-naturel-taupe\/#primaryimage","url":"https:\/\/www.vechtdalmeubels.nl\/wp-content\/uploads\/2025\/03\/DSC_5438.jpg","contentUrl":"https:\/\/www.vechtdalmeubels.nl\/wp-content\/uploads\/2025\/03\/DSC_5438.jpg","width":1409,"height":941},{"@type":"BreadcrumbList","@id":"https:\/\/www.vechtdalmeubels.nl\/product\/chaise-de-salle-a-manger-lviv-naturel-taupe\/#breadcrumb","itemListElement":[{"@type":"ListItem","position":1,"name":"Home","item":"https:\/\/www.vechtdalmeubels.nl\/fr\/accueil\/"},{"@type":"ListItem","position":2,"name":"Boutique","item":"https:\/\/www.vechtdalmeubels.nl\/fr\/winkel\/"},{"@type":"ListItem","position":3,"name":"Chaise de salle \u00e0 manger Lviv | Naturel | Taupe"}]},{"@type":"WebSite","@id":"https:\/\/www.vechtdalmeubels.nl\/#website","url":"https:\/\/www.vechtdalmeubels.nl\/","name":"Vechtdal Meubels","description":"","publisher":{"@id":"https:\/\/www.vechtdalmeubels.nl\/#organization"},"potentialAction":[{"@type":"SearchAction","target":{"@type":"EntryPoint","urlTemplate":"https:\/\/www.vechtdalmeubels.nl\/?s={search_term_string}"},"query-input":{"@type":"PropertyValueSpecification","valueRequired":true,"valueName":"search_term_string"}}],"inLanguage":"fr-FR"},{"@type":"Organization","@id":"https:\/\/www.vechtdalmeubels.nl\/#organization","name":"Vechtdal Meubels","alternateName":"Vechtdal Meubels","url":"https:\/\/www.vechtdalmeubels.nl\/","logo":{"@type":"ImageObject","inLanguage":"fr-FR","@id":"https:\/\/www.vechtdalmeubels.nl\/#\/schema\/logo\/image\/","url":"https:\/\/www.vechtdalmeubels.nl\/wp-content\/uploads\/2024\/11\/Logo-vechtdal-v2.svg","contentUrl":"https:\/\/www.vechtdalmeubels.nl\/wp-content\/uploads\/2024\/11\/Logo-vechtdal-v2.svg","caption":"Vechtdal Meubels"},"image":{"@id":"https:\/\/www.vechtdalmeubels.nl\/#\/schema\/logo\/image\/"}}]}},"_links":{"self":[{"href":"https:\/\/www.vechtdalmeubels.nl\/fr\/wp-json\/wp\/v2\/product\/7596","targetHints":{"allow":["GET"]}}],"collection":[{"href":"https:\/\/www.vechtdalmeubels.nl\/fr\/wp-json\/wp\/v2\/product"}],"about":[{"href":"https:\/\/www.vechtdalmeubels.nl\/fr\/wp-json\/wp\/v2\/types\/product"}],"replies":[{"embeddable":true,"href":"https:\/\/www.vechtdalmeubels.nl\/fr\/wp-json\/wp\/v2\/comments?post=7596"}],"wp:featuredmedia":[{"embeddable":true,"href":"https:\/\/www.vechtdalmeubels.nl\/fr\/wp-json\/wp\/v2\/media\/7594"}],"wp:attachment":[{"href":"https:\/\/www.vechtdalmeubels.nl\/fr\/wp-json\/wp\/v2\/media?parent=7596"}],"wp:term":[{"taxonomy":"product_brand","embeddable":true,"href":"https:\/\/www.vechtdalmeubels.nl\/fr\/wp-json\/wp\/v2\/product_brand?post=7596"},{"taxonomy":"product_cat","embeddable":true,"href":"https:\/\/www.vechtdalmeubels.nl\/fr\/wp-json\/wp\/v2\/product_cat?post=7596"},{"taxonomy":"product_tag","embeddable":true,"href":"https:\/\/www.vechtdalmeubels.nl\/fr\/wp-json\/wp\/v2\/product_tag?post=7596"}],"curies":[{"name":"wp","href":"https:\/\/api.w.org\/{rel}","templated":true}]}}