{"id":7658,"date":"2025-04-09T20:54:49","date_gmt":"2025-04-09T18:54:49","guid":{"rendered":"https:\/\/www.vechtdalmeubels.nl\/?post_type=product&#038;p=7658"},"modified":"2026-04-16T14:51:22","modified_gmt":"2026-04-16T12:51:22","slug":"chaise-de-salle-a-manger-elysian-fonce","status":"publish","type":"product","link":"https:\/\/www.vechtdalmeubels.nl\/fr\/produit\/chaise-de-salle-a-manger-elysian-fonce\/","title":{"rendered":"Chaise de salle \u00e0 manger Elysian | Noir"},"content":{"rendered":"<p class=\"\" data-start=\"69\" data-end=\"397\">D\u00e9couvrez la chaise de salle \u00e0 manger Elysian, une chaise design exclusive qui offre l&rsquo;\u00e9quilibre parfait entre \u00e9l\u00e9gance et fonctionnalit\u00e9. Fabriqu\u00e9e \u00e0 partir de ch\u00eane 100 % de haute qualit\u00e9, la chaise Elysian est une d\u00e9claration de durabilit\u00e9 et de savoir-faire. Son design raffin\u00e9 ajoute une touche de luxe \u00e0 toute salle \u00e0 manger, salon ou espace de bureau. Cette chaise en ch\u00eane d\u00e9gage un charme intemporel et s&rsquo;int\u00e8gre parfaitement dans les int\u00e9rieurs modernes et classiques. Le cadre robuste en ch\u00eane assure une qualit\u00e9 robuste et durable, tandis que la finition subtile met en valeur le caract\u00e8re naturel du bois. Son design \u00e9l\u00e9gant fait de l&rsquo;Elysian non seulement un si\u00e8ge pratique, mais aussi une v\u00e9ritable \u0153uvre d&rsquo;art qui enrichit votre int\u00e9rieur.     <\/p>\n<p class=\"\" data-start=\"1573\" data-end=\"1666\"><strong data-start=\"1573\" data-end=\"1666\">Commandez d\u00e8s maintenant la chaise Elysian et donnez \u00e0 votre int\u00e9rieur l&rsquo;aspect \u00e9l\u00e9gant qu&rsquo;il m\u00e9rite&nbsp;!<\/strong><\/p>\n<p class=\"\" data-start=\"1668\" data-end=\"1821\">Vous avez d&rsquo;autres questions sur la chaise Elysian ou vous souhaitez en savoir plus sur les diff\u00e9rentes finitions&nbsp;? N&rsquo;h\u00e9sitez pas \u00e0 nous contacter pour plus d&rsquo;informations&nbsp;! <\/p>\n<p><strong>Caract\u00e9ristiques du produit&nbsp;:<\/strong><br \/>\nMat\u00e9riau&nbsp;: bois de ch\u00eane<br \/>\nDimensions (lxlxh)&nbsp;: 50x50x80 cm<br \/>\nProfondeur d&rsquo;assise&nbsp;: 42 cm<br \/>\nHauteur d&rsquo;assise&nbsp;: 46 cm<br \/>\nStyle&nbsp;: Design moderne, scandinave et Japandi<\/p>\n<p>Nous livrons dans tous les Pays-Bas, en Allemagne et en Belgique. Si la chaise ne convient pas, vous pouvez la retourner dans les 14&nbsp;jours. Les chaises sont livr\u00e9es mont\u00e9es&nbsp;! <\/p>\n<p>Disponible en plusieurs coloris, renseignez-vous sur les possibilit\u00e9s.<\/p>\n<div class=\"kh-material-block__content__wrapper\">\n<div class=\"kh-material-block__content\"><\/div>\n<\/div>\n<div class=\"kh-material-block__image\"><\/div>\n","protected":false},"excerpt":{"rendered":"<p>Avec la chaise Elysian, vous n&rsquo;obtenez pas seulement un meuble fonctionnel, mais aussi une \u0153uvre d&rsquo;art qui vous apportera du plaisir pendant des ann\u00e9es<\/p>\n","protected":false},"featured_media":9549,"comment_status":"closed","ping_status":"closed","template":"","meta":{"_acf_changed":false},"product_brand":[],"product_cat":[487,488,600,602,601],"product_tag":[],"class_list":{"0":"post-7658","1":"product","2":"type-product","3":"status-publish","4":"has-post-thumbnail","6":"product_cat-chaises","7":"product_cat-chaises-de-salle-a-manger-japandi","8":"product_cat-chaises-de-salle-a-manger-scandinaves","9":"product_cat-meubles-japandi","10":"product_cat-mobilier-scandinave","12":"first","13":"onbackorder","14":"sale","15":"taxable","16":"shipping-taxable","17":"purchasable","18":"product-type-simple"},"acf":[],"yoast_head":"<!-- This site is optimized with the Yoast SEO plugin v27.5 - https:\/\/yoast.com\/product\/yoast-seo-wordpress\/ -->\n<title>Chaise de salle \u00e0 manger Elysian | Noir | Vechtdal Meubels<\/title>\n<meta name=\"description\" content=\"Chaise de salle \u00e0 manger Elysian | Noir kopen? Wij zijn de goedkoopste op de markt! \u2713 14 dagen bedenktijd! \u2713 Bestel nu!\" \/>\n<meta name=\"robots\" content=\"index, follow, max-snippet:-1, max-image-preview:large, max-video-preview:-1\" \/>\n<meta property=\"og:locale\" content=\"fr_FR\" \/>\n<meta property=\"og:type\" content=\"article\" \/>\n<meta property=\"og:title\" content=\"Chaise de salle \u00e0 manger Elysian | Noir | Vechtdal Meubels\" \/>\n<meta property=\"og:description\" content=\"Chaise de salle \u00e0 manger Elysian | Noir kopen? Wij zijn de goedkoopste op de markt! \u2713 14 dagen bedenktijd! \u2713 Bestel nu!\" \/>\n<meta property=\"og:url\" content=\"https:\/\/www.vechtdalmeubels.nl\/fr\/produit\/chaise-de-salle-a-manger-elysian-fonce\/\" \/>\n<meta property=\"og:site_name\" content=\"Vechtdal Meubels\" \/>\n<meta property=\"article:modified_time\" content=\"2026-04-16T12:51:22+00:00\" \/>\n<meta property=\"og:image\" content=\"https:\/\/www.searchflow.dev\/vechtdal\/wp-content\/uploads\/2024\/12\/VECHTDAL-MEUBELS-30-scaled-1-200x300.jpg\" \/>\n<meta name=\"twitter:card\" content=\"summary_large_image\" \/>\n<meta name=\"twitter:image\" content=\"https:\/\/www.searchflow.dev\/vechtdal\/wp-content\/uploads\/2024\/12\/VECHTDAL-MEUBELS-30-scaled-1-683x1024.jpg\" \/>\n<!-- \/ Yoast SEO plugin. -->","yoast_head_json":{"title":"Chaise de salle \u00e0 manger Elysian | Noir | Vechtdal Meubels","description":"Chaise de salle \u00e0 manger Elysian | Noir kopen? Wij zijn de goedkoopste op de markt! \u2713 14 dagen bedenktijd! \u2713 Bestel nu!","robots":{"index":"index","follow":"follow","max-snippet":"max-snippet:-1","max-image-preview":"max-image-preview:large","max-video-preview":"max-video-preview:-1"},"og_locale":"fr_FR","og_type":"article","og_title":"Chaise de salle \u00e0 manger Elysian | Noir | Vechtdal Meubels","og_description":"Chaise de salle \u00e0 manger Elysian | Noir kopen? Wij zijn de goedkoopste op de markt! \u2713 14 dagen bedenktijd! \u2713 Bestel nu!","og_url":"https:\/\/www.vechtdalmeubels.nl\/fr\/produit\/chaise-de-salle-a-manger-elysian-fonce\/","og_site_name":"Vechtdal Meubels","article_modified_time":"2026-04-16T12:51:22+00:00","og_image":[{"url":"https:\/\/www.searchflow.dev\/vechtdal\/wp-content\/uploads\/2024\/12\/VECHTDAL-MEUBELS-30-scaled-1-200x300.jpg","type":"","width":"","height":""}],"twitter_card":"summary_large_image","twitter_image":"https:\/\/www.searchflow.dev\/vechtdal\/wp-content\/uploads\/2024\/12\/VECHTDAL-MEUBELS-30-scaled-1-683x1024.jpg","schema":{"@context":"https:\/\/schema.org","@graph":[{"@type":"WebPage","@id":"https:\/\/www.vechtdalmeubels.nl\/fr\/produit\/chaise-de-salle-a-manger-elysian-fonce\/","url":"https:\/\/www.vechtdalmeubels.nl\/fr\/produit\/chaise-de-salle-a-manger-elysian-fonce\/","name":"Chaise de salle \u00e0 manger Elysian | Noir | Vechtdal Meubels","isPartOf":{"@id":"https:\/\/www.vechtdalmeubels.nl\/#website"},"primaryImageOfPage":{"@id":"https:\/\/www.vechtdalmeubels.nl\/fr\/produit\/chaise-de-salle-a-manger-elysian-fonce\/#primaryimage"},"image":{"@id":"https:\/\/www.vechtdalmeubels.nl\/fr\/produit\/chaise-de-salle-a-manger-elysian-fonce\/#primaryimage"},"thumbnailUrl":"https:\/\/www.vechtdalmeubels.nl\/wp-content\/uploads\/2025\/04\/VM_0015-scaled.jpg","datePublished":"2025-04-09T18:54:49+00:00","dateModified":"2026-04-16T12:51:22+00:00","description":"Chaise de salle \u00e0 manger Elysian | Noir kopen? Wij zijn de goedkoopste op de markt! \u2713 14 dagen bedenktijd! \u2713 Bestel nu!","breadcrumb":{"@id":"https:\/\/www.vechtdalmeubels.nl\/fr\/produit\/chaise-de-salle-a-manger-elysian-fonce\/#breadcrumb"},"inLanguage":"fr-FR","potentialAction":[{"@type":"ReadAction","target":["https:\/\/www.vechtdalmeubels.nl\/fr\/produit\/chaise-de-salle-a-manger-elysian-fonce\/"]}]},{"@type":"ImageObject","inLanguage":"fr-FR","@id":"https:\/\/www.vechtdalmeubels.nl\/fr\/produit\/chaise-de-salle-a-manger-elysian-fonce\/#primaryimage","url":"https:\/\/www.vechtdalmeubels.nl\/wp-content\/uploads\/2025\/04\/VM_0015-scaled.jpg","contentUrl":"https:\/\/www.vechtdalmeubels.nl\/wp-content\/uploads\/2025\/04\/VM_0015-scaled.jpg","width":1706,"height":2560},{"@type":"BreadcrumbList","@id":"https:\/\/www.vechtdalmeubels.nl\/fr\/produit\/chaise-de-salle-a-manger-elysian-fonce\/#breadcrumb","itemListElement":[{"@type":"ListItem","position":1,"name":"Home","item":"https:\/\/www.vechtdalmeubels.nl\/fr\/accueil\/"},{"@type":"ListItem","position":2,"name":"Boutique","item":"https:\/\/www.vechtdalmeubels.nl\/fr\/winkel\/"},{"@type":"ListItem","position":3,"name":"Chaise de salle \u00e0 manger Elysian | Noir"}]},{"@type":"WebSite","@id":"https:\/\/www.vechtdalmeubels.nl\/#website","url":"https:\/\/www.vechtdalmeubels.nl\/","name":"Vechtdal Meubels","description":"","publisher":{"@id":"https:\/\/www.vechtdalmeubels.nl\/#organization"},"potentialAction":[{"@type":"SearchAction","target":{"@type":"EntryPoint","urlTemplate":"https:\/\/www.vechtdalmeubels.nl\/?s={search_term_string}"},"query-input":{"@type":"PropertyValueSpecification","valueRequired":true,"valueName":"search_term_string"}}],"inLanguage":"fr-FR"},{"@type":"Organization","@id":"https:\/\/www.vechtdalmeubels.nl\/#organization","name":"Vechtdal Meubels","alternateName":"Vechtdal Meubels","url":"https:\/\/www.vechtdalmeubels.nl\/","logo":{"@type":"ImageObject","inLanguage":"fr-FR","@id":"https:\/\/www.vechtdalmeubels.nl\/#\/schema\/logo\/image\/","url":"https:\/\/www.vechtdalmeubels.nl\/wp-content\/uploads\/2024\/11\/Logo-vechtdal-v2.svg","contentUrl":"https:\/\/www.vechtdalmeubels.nl\/wp-content\/uploads\/2024\/11\/Logo-vechtdal-v2.svg","caption":"Vechtdal Meubels"},"image":{"@id":"https:\/\/www.vechtdalmeubels.nl\/#\/schema\/logo\/image\/"}}]}},"_links":{"self":[{"href":"https:\/\/www.vechtdalmeubels.nl\/fr\/wp-json\/wp\/v2\/product\/7658","targetHints":{"allow":["GET"]}}],"collection":[{"href":"https:\/\/www.vechtdalmeubels.nl\/fr\/wp-json\/wp\/v2\/product"}],"about":[{"href":"https:\/\/www.vechtdalmeubels.nl\/fr\/wp-json\/wp\/v2\/types\/product"}],"replies":[{"embeddable":true,"href":"https:\/\/www.vechtdalmeubels.nl\/fr\/wp-json\/wp\/v2\/comments?post=7658"}],"wp:featuredmedia":[{"embeddable":true,"href":"https:\/\/www.vechtdalmeubels.nl\/fr\/wp-json\/wp\/v2\/media\/9549"}],"wp:attachment":[{"href":"https:\/\/www.vechtdalmeubels.nl\/fr\/wp-json\/wp\/v2\/media?parent=7658"}],"wp:term":[{"taxonomy":"product_brand","embeddable":true,"href":"https:\/\/www.vechtdalmeubels.nl\/fr\/wp-json\/wp\/v2\/product_brand?post=7658"},{"taxonomy":"product_cat","embeddable":true,"href":"https:\/\/www.vechtdalmeubels.nl\/fr\/wp-json\/wp\/v2\/product_cat?post=7658"},{"taxonomy":"product_tag","embeddable":true,"href":"https:\/\/www.vechtdalmeubels.nl\/fr\/wp-json\/wp\/v2\/product_tag?post=7658"}],"curies":[{"name":"wp","href":"https:\/\/api.w.org\/{rel}","templated":true}]}}