{"id":7737,"date":"2024-12-09T14:03:00","date_gmt":"2024-12-09T13:03:00","guid":{"rendered":"https:\/\/www.vechtdalmeubels.nl\/product\/table-de-salle-a-manger-calm-laque-naturelle-ronde-130-cm\/"},"modified":"2026-05-01T07:59:41","modified_gmt":"2026-05-01T05:59:41","slug":"table-de-salle-a-manger-calm-laque-naturelle-ronde-130-cm","status":"publish","type":"product","link":"https:\/\/www.vechtdalmeubels.nl\/fr\/produit\/table-de-salle-a-manger-calm-laque-naturelle-ronde-130-cm\/","title":{"rendered":"Table de salle \u00e0 manger Calm | Laque naturelle | ronde 130 cm"},"content":{"rendered":"<p>Le magnifique design minimaliste de la collection \u00ab\u00a0Calm\u00a0\u00bb est capable de transformer n&rsquo;importe quel int\u00e9rieur en un havre de paix et de calme. Fabriqu\u00e9e en ch\u00eane provenant d\u2019Ukraine, cette table poss\u00e8de une allure naturelle et chaleureuse. Le ch\u00eane est une essence de bois dure, robuste et durable, garantissant une longue dur\u00e9e de vie.  <\/p>\n<p><strong>Caract\u00e9ristiques du produit :<br \/>\n<\/strong>Couleur : Naturel huil\u00e9 avec une l\u00e9g\u00e8re couche de laque<br \/>\nMat\u00e9riau : ch\u00eane<br \/>\nDimensions (Dia) : 130 cm<br \/>\nHauteur : 77 cm<br \/>\nStyle : Design moderne, scandinave et Japandi<\/p>\n<p style=\"font-weight: 400;\">Nous livrons des tables dans toute la France. Si vous souhaitez recevoir une table \u00e0 l&rsquo;\u00e9tranger, veuillez nous contacter.<\/p>\n<p>Le montage peut \u00eatre effectu\u00e9 gratuitement par nos soins, sous r\u00e9serve de disponibilit\u00e9.<\/p>\n","protected":false},"excerpt":{"rendered":"<p>Style : Design moderne, Scandinave et Japandi<\/p>\n","protected":false},"featured_media":7738,"comment_status":"closed","ping_status":"closed","template":"","meta":{"_acf_changed":false},"product_brand":[],"product_cat":[508,606,622],"product_tag":[],"class_list":{"0":"post-7737","1":"product","2":"type-product","3":"status-publish","4":"has-post-thumbnail","6":"product_cat-tables-fr","7":"product_cat-tables-de-salle-a-manger-scandinaves","8":"product_cat-tables-japandi","9":"product_shipping_class-livraison-aux-pays-bas","11":"first","12":"outofstock","13":"sale","14":"taxable","15":"shipping-taxable","16":"purchasable","17":"product-type-simple"},"acf":[],"yoast_head":"<!-- This site is optimized with the Yoast SEO plugin v27.5 - https:\/\/yoast.com\/product\/yoast-seo-wordpress\/ -->\n<title>Table de salle \u00e0 manger Calm | Laque naturelle | ronde 130 cm | Vechtdal Meubels<\/title>\n<meta name=\"description\" content=\"Table de salle \u00e0 manger Calm | Laque naturelle | ronde 130 cm kopen? Wij zijn de goedkoopste op de markt! \u2713 14 dagen bedenktijd! \u2713 Bestel nu!\" \/>\n<meta name=\"robots\" content=\"index, follow, max-snippet:-1, max-image-preview:large, max-video-preview:-1\" \/>\n<meta property=\"og:locale\" content=\"fr_FR\" \/>\n<meta property=\"og:type\" content=\"article\" \/>\n<meta property=\"og:title\" content=\"Table de salle \u00e0 manger Calm | Laque naturelle | ronde 130 cm | Vechtdal Meubels\" \/>\n<meta property=\"og:description\" content=\"Table de salle \u00e0 manger Calm | Laque naturelle | ronde 130 cm kopen? Wij zijn de goedkoopste op de markt! \u2713 14 dagen bedenktijd! \u2713 Bestel nu!\" \/>\n<meta property=\"og:url\" content=\"https:\/\/www.vechtdalmeubels.nl\/fr\/produit\/table-de-salle-a-manger-calm-laque-naturelle-ronde-130-cm\/\" \/>\n<meta property=\"og:site_name\" content=\"Vechtdal Meubels\" \/>\n<meta property=\"article:modified_time\" content=\"2026-05-01T05:59:41+00:00\" \/>\n<meta property=\"og:image\" content=\"https:\/\/www.searchflow.dev\/vechtdal\/wp-content\/uploads\/2024\/12\/VECHTDAL-MEUBELS-27-1024x683.jpg\" \/>\n<meta name=\"twitter:card\" content=\"summary_large_image\" \/>\n<meta name=\"twitter:image\" content=\"https:\/\/www.searchflow.dev\/vechtdal\/wp-content\/uploads\/2024\/12\/VECHTDAL-MEUBELS-27-1024x683.jpg\" \/>\n<!-- \/ Yoast SEO plugin. -->","yoast_head_json":{"title":"Table de salle \u00e0 manger Calm | Laque naturelle | ronde 130 cm | Vechtdal Meubels","description":"Table de salle \u00e0 manger Calm | Laque naturelle | ronde 130 cm kopen? Wij zijn de goedkoopste op de markt! \u2713 14 dagen bedenktijd! \u2713 Bestel nu!","robots":{"index":"index","follow":"follow","max-snippet":"max-snippet:-1","max-image-preview":"max-image-preview:large","max-video-preview":"max-video-preview:-1"},"og_locale":"fr_FR","og_type":"article","og_title":"Table de salle \u00e0 manger Calm | Laque naturelle | ronde 130 cm | Vechtdal Meubels","og_description":"Table de salle \u00e0 manger Calm | Laque naturelle | ronde 130 cm kopen? Wij zijn de goedkoopste op de markt! \u2713 14 dagen bedenktijd! \u2713 Bestel nu!","og_url":"https:\/\/www.vechtdalmeubels.nl\/fr\/produit\/table-de-salle-a-manger-calm-laque-naturelle-ronde-130-cm\/","og_site_name":"Vechtdal Meubels","article_modified_time":"2026-05-01T05:59:41+00:00","og_image":[{"url":"https:\/\/www.searchflow.dev\/vechtdal\/wp-content\/uploads\/2024\/12\/VECHTDAL-MEUBELS-27-1024x683.jpg","type":"","width":"","height":""}],"twitter_card":"summary_large_image","twitter_image":"https:\/\/www.searchflow.dev\/vechtdal\/wp-content\/uploads\/2024\/12\/VECHTDAL-MEUBELS-27-1024x683.jpg","schema":{"@context":"https:\/\/schema.org","@graph":[{"@type":"WebPage","@id":"https:\/\/www.vechtdalmeubels.nl\/fr\/produit\/table-de-salle-a-manger-calm-laque-naturelle-ronde-130-cm\/","url":"https:\/\/www.vechtdalmeubels.nl\/fr\/produit\/table-de-salle-a-manger-calm-laque-naturelle-ronde-130-cm\/","name":"Table de salle \u00e0 manger Calm | Laque naturelle | ronde 130 cm | Vechtdal Meubels","isPartOf":{"@id":"https:\/\/www.vechtdalmeubels.nl\/#website"},"primaryImageOfPage":{"@id":"https:\/\/www.vechtdalmeubels.nl\/fr\/produit\/table-de-salle-a-manger-calm-laque-naturelle-ronde-130-cm\/#primaryimage"},"image":{"@id":"https:\/\/www.vechtdalmeubels.nl\/fr\/produit\/table-de-salle-a-manger-calm-laque-naturelle-ronde-130-cm\/#primaryimage"},"thumbnailUrl":"https:\/\/www.vechtdalmeubels.nl\/wp-content\/uploads\/2024\/12\/VECHTDAL-MEUBELS-27-scaled-1.jpg","datePublished":"2024-12-09T13:03:00+00:00","dateModified":"2026-05-01T05:59:41+00:00","description":"Table de salle \u00e0 manger Calm | Laque naturelle | ronde 130 cm kopen? Wij zijn de goedkoopste op de markt! \u2713 14 dagen bedenktijd! \u2713 Bestel nu!","breadcrumb":{"@id":"https:\/\/www.vechtdalmeubels.nl\/fr\/produit\/table-de-salle-a-manger-calm-laque-naturelle-ronde-130-cm\/#breadcrumb"},"inLanguage":"fr-FR","potentialAction":[{"@type":"ReadAction","target":["https:\/\/www.vechtdalmeubels.nl\/fr\/produit\/table-de-salle-a-manger-calm-laque-naturelle-ronde-130-cm\/"]}]},{"@type":"ImageObject","inLanguage":"fr-FR","@id":"https:\/\/www.vechtdalmeubels.nl\/fr\/produit\/table-de-salle-a-manger-calm-laque-naturelle-ronde-130-cm\/#primaryimage","url":"https:\/\/www.vechtdalmeubels.nl\/wp-content\/uploads\/2024\/12\/VECHTDAL-MEUBELS-27-scaled-1.jpg","contentUrl":"https:\/\/www.vechtdalmeubels.nl\/wp-content\/uploads\/2024\/12\/VECHTDAL-MEUBELS-27-scaled-1.jpg","width":2560,"height":1707},{"@type":"BreadcrumbList","@id":"https:\/\/www.vechtdalmeubels.nl\/fr\/produit\/table-de-salle-a-manger-calm-laque-naturelle-ronde-130-cm\/#breadcrumb","itemListElement":[{"@type":"ListItem","position":1,"name":"Home","item":"https:\/\/www.vechtdalmeubels.nl\/fr\/accueil\/"},{"@type":"ListItem","position":2,"name":"Boutique","item":"https:\/\/www.vechtdalmeubels.nl\/fr\/winkel\/"},{"@type":"ListItem","position":3,"name":"Table de salle \u00e0 manger Calm | Laque naturelle | ronde 130 cm"}]},{"@type":"WebSite","@id":"https:\/\/www.vechtdalmeubels.nl\/#website","url":"https:\/\/www.vechtdalmeubels.nl\/","name":"Vechtdal Meubels","description":"","publisher":{"@id":"https:\/\/www.vechtdalmeubels.nl\/#organization"},"potentialAction":[{"@type":"SearchAction","target":{"@type":"EntryPoint","urlTemplate":"https:\/\/www.vechtdalmeubels.nl\/?s={search_term_string}"},"query-input":{"@type":"PropertyValueSpecification","valueRequired":true,"valueName":"search_term_string"}}],"inLanguage":"fr-FR"},{"@type":"Organization","@id":"https:\/\/www.vechtdalmeubels.nl\/#organization","name":"Vechtdal Meubels","alternateName":"Vechtdal Meubels","url":"https:\/\/www.vechtdalmeubels.nl\/","logo":{"@type":"ImageObject","inLanguage":"fr-FR","@id":"https:\/\/www.vechtdalmeubels.nl\/#\/schema\/logo\/image\/","url":"https:\/\/www.vechtdalmeubels.nl\/wp-content\/uploads\/2024\/11\/Logo-vechtdal-v2.svg","contentUrl":"https:\/\/www.vechtdalmeubels.nl\/wp-content\/uploads\/2024\/11\/Logo-vechtdal-v2.svg","caption":"Vechtdal Meubels"},"image":{"@id":"https:\/\/www.vechtdalmeubels.nl\/#\/schema\/logo\/image\/"}}]}},"_links":{"self":[{"href":"https:\/\/www.vechtdalmeubels.nl\/fr\/wp-json\/wp\/v2\/product\/7737","targetHints":{"allow":["GET"]}}],"collection":[{"href":"https:\/\/www.vechtdalmeubels.nl\/fr\/wp-json\/wp\/v2\/product"}],"about":[{"href":"https:\/\/www.vechtdalmeubels.nl\/fr\/wp-json\/wp\/v2\/types\/product"}],"replies":[{"embeddable":true,"href":"https:\/\/www.vechtdalmeubels.nl\/fr\/wp-json\/wp\/v2\/comments?post=7737"}],"wp:featuredmedia":[{"embeddable":true,"href":"https:\/\/www.vechtdalmeubels.nl\/fr\/wp-json\/wp\/v2\/media\/7738"}],"wp:attachment":[{"href":"https:\/\/www.vechtdalmeubels.nl\/fr\/wp-json\/wp\/v2\/media?parent=7737"}],"wp:term":[{"taxonomy":"product_brand","embeddable":true,"href":"https:\/\/www.vechtdalmeubels.nl\/fr\/wp-json\/wp\/v2\/product_brand?post=7737"},{"taxonomy":"product_cat","embeddable":true,"href":"https:\/\/www.vechtdalmeubels.nl\/fr\/wp-json\/wp\/v2\/product_cat?post=7737"},{"taxonomy":"product_tag","embeddable":true,"href":"https:\/\/www.vechtdalmeubels.nl\/fr\/wp-json\/wp\/v2\/product_tag?post=7737"}],"curies":[{"name":"wp","href":"https:\/\/api.w.org\/{rel}","templated":true}]}}