{"id":7814,"date":"2025-01-13T18:57:53","date_gmt":"2025-01-13T17:57:53","guid":{"rendered":"https:\/\/www.vechtdalmeubels.nl\/product\/chaise-de-salle-a-manger-anna-noir-gris-clair\/"},"modified":"2025-01-13T18:57:53","modified_gmt":"2025-01-13T17:57:53","slug":"chaise-de-salle-a-manger-anna-noir-gris-clair","status":"publish","type":"product","link":"https:\/\/www.vechtdalmeubels.nl\/fr\/produit\/chaise-de-salle-a-manger-anna-noir-gris-clair\/","title":{"rendered":"Chaise de salle \u00e0 manger Anna | Noir | Gris clair"},"content":{"rendered":"<p>Chaises exclusives en ch\u00eane de style Japandi &amp; Scandinave&nbsp;!<\/p>\n<p>Transformez votre espace avec nos magnifiques chaises en ch\u00eane, inspir\u00e9es du m\u00e9lange harmonieux des styles Japandi et scandinave. Un \u00e9quilibre parfait entre \u00e9l\u00e9gance et simplicit\u00e9, ces chaises apportent chaleur et raffinement \u00e0 tout int\u00e9rieur.  Le magnifique design minimaliste des chaises \u00ab Anna \u00bb est capable de transformer n&rsquo;importe quel int\u00e9rieur en un havre de paix et de tranquillit\u00e9. Il combine habilement des couleurs douces dans le tissu et la finition avec une construction ergonomique qui assure un soutien confortable de l&rsquo;assise et du dos. <\/p>\n<p><strong>Paiement ult\u00e9rieur possible. <\/strong><\/p>\n<p><strong>Caract\u00e9ristiques du produit&nbsp;:<br \/>\n<\/strong>Couleur&nbsp;: Noir huil\u00e9 &#8211; tissu gris clair<br \/>\nMat\u00e9riau&nbsp;: bois de ch\u00eane et tissu<br \/>\nDimensions (L&nbsp;x&nbsp;P&nbsp;x&nbsp;H)&nbsp;: 58&nbsp;x&nbsp;52&nbsp;x&nbsp;74&nbsp;cm<br \/>\nProfondeur d\u2019assise&nbsp;: 49&nbsp;cm<br \/>\nHauteur d\u2019assise&nbsp;: 45&nbsp;cm<\/p>\n<p>Si la chaise ne convient pas, vous pouvez la retourner dans les 14&nbsp;jours. Les chaises sont livr\u00e9es mont\u00e9es&nbsp;! <\/p>\n","protected":false},"excerpt":{"rendered":"<p>Chaise en ch\u00eane, m\u00e9lange harmonieux de styles Japandi et scandinave.<\/p>\n","protected":false},"featured_media":7815,"comment_status":"closed","ping_status":"closed","template":"","meta":{"_acf_changed":false},"product_brand":[],"product_cat":[487,488],"product_tag":[],"class_list":{"0":"post-7814","1":"product","2":"type-product","3":"status-publish","4":"has-post-thumbnail","6":"product_cat-chaises","7":"product_cat-chaises-de-salle-a-manger-japandi","9":"first","10":"onbackorder","11":"sale","12":"taxable","13":"shipping-taxable","14":"purchasable","15":"product-type-simple"},"acf":[],"yoast_head":"<!-- This site is optimized with the Yoast SEO plugin v27.5 - https:\/\/yoast.com\/product\/yoast-seo-wordpress\/ -->\n<title>Chaise de salle \u00e0 manger Anna | Noir | Gris clair | Vechtdal Meubels<\/title>\n<meta name=\"description\" content=\"Chaise de salle \u00e0 manger Anna | Noir | Gris clair kopen? Wij zijn de goedkoopste op de markt! \u2713 14 dagen bedenktijd! \u2713 Bestel nu!\" \/>\n<meta name=\"robots\" content=\"index, follow, max-snippet:-1, max-image-preview:large, max-video-preview:-1\" \/>\n<meta property=\"og:locale\" content=\"fr_FR\" \/>\n<meta property=\"og:type\" content=\"article\" \/>\n<meta property=\"og:title\" content=\"Chaise de salle \u00e0 manger Anna | Noir | Gris clair | Vechtdal Meubels\" \/>\n<meta property=\"og:description\" content=\"Chaise de salle \u00e0 manger Anna | Noir | Gris clair kopen? Wij zijn de goedkoopste op de markt! \u2713 14 dagen bedenktijd! \u2713 Bestel nu!\" \/>\n<meta property=\"og:url\" content=\"https:\/\/www.vechtdalmeubels.nl\/product\/chaise-de-salle-a-manger-anna-noir-gris-clair\/\" \/>\n<meta property=\"og:site_name\" content=\"Vechtdal Meubels\" \/>\n<meta property=\"og:image\" content=\"https:\/\/www.vechtdalmeubels.nl\/wp-content\/uploads\/2024\/12\/Rectangle-2-4.jpg\" \/>\n\t<meta property=\"og:image:width\" content=\"818\" \/>\n\t<meta property=\"og:image:height\" content=\"600\" \/>\n\t<meta property=\"og:image:type\" content=\"image\/jpeg\" \/>\n<meta name=\"twitter:card\" content=\"summary_large_image\" \/>\n<!-- \/ Yoast SEO plugin. -->","yoast_head_json":{"title":"Chaise de salle \u00e0 manger Anna | Noir | Gris clair | Vechtdal Meubels","description":"Chaise de salle \u00e0 manger Anna | Noir | Gris clair kopen? Wij zijn de goedkoopste op de markt! \u2713 14 dagen bedenktijd! \u2713 Bestel nu!","robots":{"index":"index","follow":"follow","max-snippet":"max-snippet:-1","max-image-preview":"max-image-preview:large","max-video-preview":"max-video-preview:-1"},"og_locale":"fr_FR","og_type":"article","og_title":"Chaise de salle \u00e0 manger Anna | Noir | Gris clair | Vechtdal Meubels","og_description":"Chaise de salle \u00e0 manger Anna | Noir | Gris clair kopen? Wij zijn de goedkoopste op de markt! \u2713 14 dagen bedenktijd! \u2713 Bestel nu!","og_url":"https:\/\/www.vechtdalmeubels.nl\/product\/chaise-de-salle-a-manger-anna-noir-gris-clair\/","og_site_name":"Vechtdal Meubels","og_image":[{"width":818,"height":600,"url":"https:\/\/www.vechtdalmeubels.nl\/wp-content\/uploads\/2024\/12\/Rectangle-2-4.jpg","type":"image\/jpeg"}],"twitter_card":"summary_large_image","schema":{"@context":"https:\/\/schema.org","@graph":[{"@type":"WebPage","@id":"https:\/\/www.vechtdalmeubels.nl\/product\/chaise-de-salle-a-manger-anna-noir-gris-clair\/","url":"https:\/\/www.vechtdalmeubels.nl\/product\/chaise-de-salle-a-manger-anna-noir-gris-clair\/","name":"Chaise de salle \u00e0 manger Anna | Noir | Gris clair | Vechtdal Meubels","isPartOf":{"@id":"https:\/\/www.vechtdalmeubels.nl\/#website"},"primaryImageOfPage":{"@id":"https:\/\/www.vechtdalmeubels.nl\/product\/chaise-de-salle-a-manger-anna-noir-gris-clair\/#primaryimage"},"image":{"@id":"https:\/\/www.vechtdalmeubels.nl\/product\/chaise-de-salle-a-manger-anna-noir-gris-clair\/#primaryimage"},"thumbnailUrl":"https:\/\/www.vechtdalmeubels.nl\/wp-content\/uploads\/2025\/01\/Chair-Maso-walnut-Ottawa-09.jpg","datePublished":"2025-01-13T17:57:53+00:00","description":"Chaise de salle \u00e0 manger Anna | Noir | Gris clair kopen? Wij zijn de goedkoopste op de markt! \u2713 14 dagen bedenktijd! \u2713 Bestel nu!","breadcrumb":{"@id":"https:\/\/www.vechtdalmeubels.nl\/product\/chaise-de-salle-a-manger-anna-noir-gris-clair\/#breadcrumb"},"inLanguage":"fr-FR","potentialAction":[{"@type":"ReadAction","target":["https:\/\/www.vechtdalmeubels.nl\/product\/chaise-de-salle-a-manger-anna-noir-gris-clair\/"]}]},{"@type":"ImageObject","inLanguage":"fr-FR","@id":"https:\/\/www.vechtdalmeubels.nl\/product\/chaise-de-salle-a-manger-anna-noir-gris-clair\/#primaryimage","url":"https:\/\/www.vechtdalmeubels.nl\/wp-content\/uploads\/2025\/01\/Chair-Maso-walnut-Ottawa-09.jpg","contentUrl":"https:\/\/www.vechtdalmeubels.nl\/wp-content\/uploads\/2025\/01\/Chair-Maso-walnut-Ottawa-09.jpg","width":667,"height":1000},{"@type":"BreadcrumbList","@id":"https:\/\/www.vechtdalmeubels.nl\/product\/chaise-de-salle-a-manger-anna-noir-gris-clair\/#breadcrumb","itemListElement":[{"@type":"ListItem","position":1,"name":"Home","item":"https:\/\/www.vechtdalmeubels.nl\/fr\/accueil\/"},{"@type":"ListItem","position":2,"name":"Boutique","item":"https:\/\/www.vechtdalmeubels.nl\/fr\/winkel\/"},{"@type":"ListItem","position":3,"name":"Chaise de salle \u00e0 manger Anna | Noir | Gris clair"}]},{"@type":"WebSite","@id":"https:\/\/www.vechtdalmeubels.nl\/#website","url":"https:\/\/www.vechtdalmeubels.nl\/","name":"Vechtdal Meubels","description":"","publisher":{"@id":"https:\/\/www.vechtdalmeubels.nl\/#organization"},"potentialAction":[{"@type":"SearchAction","target":{"@type":"EntryPoint","urlTemplate":"https:\/\/www.vechtdalmeubels.nl\/?s={search_term_string}"},"query-input":{"@type":"PropertyValueSpecification","valueRequired":true,"valueName":"search_term_string"}}],"inLanguage":"fr-FR"},{"@type":"Organization","@id":"https:\/\/www.vechtdalmeubels.nl\/#organization","name":"Vechtdal Meubels","alternateName":"Vechtdal Meubels","url":"https:\/\/www.vechtdalmeubels.nl\/","logo":{"@type":"ImageObject","inLanguage":"fr-FR","@id":"https:\/\/www.vechtdalmeubels.nl\/#\/schema\/logo\/image\/","url":"https:\/\/www.vechtdalmeubels.nl\/wp-content\/uploads\/2024\/11\/Logo-vechtdal-v2.svg","contentUrl":"https:\/\/www.vechtdalmeubels.nl\/wp-content\/uploads\/2024\/11\/Logo-vechtdal-v2.svg","caption":"Vechtdal Meubels"},"image":{"@id":"https:\/\/www.vechtdalmeubels.nl\/#\/schema\/logo\/image\/"}}]}},"_links":{"self":[{"href":"https:\/\/www.vechtdalmeubels.nl\/fr\/wp-json\/wp\/v2\/product\/7814","targetHints":{"allow":["GET"]}}],"collection":[{"href":"https:\/\/www.vechtdalmeubels.nl\/fr\/wp-json\/wp\/v2\/product"}],"about":[{"href":"https:\/\/www.vechtdalmeubels.nl\/fr\/wp-json\/wp\/v2\/types\/product"}],"replies":[{"embeddable":true,"href":"https:\/\/www.vechtdalmeubels.nl\/fr\/wp-json\/wp\/v2\/comments?post=7814"}],"wp:featuredmedia":[{"embeddable":true,"href":"https:\/\/www.vechtdalmeubels.nl\/fr\/wp-json\/wp\/v2\/media\/7815"}],"wp:attachment":[{"href":"https:\/\/www.vechtdalmeubels.nl\/fr\/wp-json\/wp\/v2\/media?parent=7814"}],"wp:term":[{"taxonomy":"product_brand","embeddable":true,"href":"https:\/\/www.vechtdalmeubels.nl\/fr\/wp-json\/wp\/v2\/product_brand?post=7814"},{"taxonomy":"product_cat","embeddable":true,"href":"https:\/\/www.vechtdalmeubels.nl\/fr\/wp-json\/wp\/v2\/product_cat?post=7814"},{"taxonomy":"product_tag","embeddable":true,"href":"https:\/\/www.vechtdalmeubels.nl\/fr\/wp-json\/wp\/v2\/product_tag?post=7814"}],"curies":[{"name":"wp","href":"https:\/\/api.w.org\/{rel}","templated":true}]}}