{"id":7829,"date":"2025-01-16T14:25:54","date_gmt":"2025-01-16T13:25:54","guid":{"rendered":"https:\/\/www.vechtdalmeubels.nl\/product\/buffets-poul-hundevad\/"},"modified":"2025-01-16T14:25:54","modified_gmt":"2025-01-16T13:25:54","slug":"buffets-poul-hundevad","status":"publish","type":"product","link":"https:\/\/www.vechtdalmeubels.nl\/fr\/produit\/buffets-poul-hundevad\/","title":{"rendered":"Buffets Poul Hundevad"},"content":{"rendered":"<p><strong>D\u00e9couvrez le design intemporel des buffets Poul Hundevad<br \/>\n<\/strong>\u00cates-vous \u00e0 la recherche d&rsquo;un meuble \u00e9l\u00e9gant et fonctionnel pour votre int\u00e9rieur&nbsp;? Le buffet Poul Hundevad est le choix parfait&nbsp;! Ce meuble embl\u00e9matique allie esth\u00e9tique moderne, qualit\u00e9 sup\u00e9rieure et fonctionnalit\u00e9, ce qui en fait un atout pour tout espace.  <\/p>\n<p><strong>Pourquoi choisir un buffet Poul Hundevad&nbsp;?<\/strong><\/p>\n<ol>\n<li><strong>Design intemporel<\/strong>&nbsp;: Le buffet Poul Hundevad est con\u00e7u avec le souci du d\u00e9tail et reste intemporel, quelles que soient les tendances. Ses lignes \u00e9pur\u00e9es et ses mat\u00e9riaux naturels en font un magnifique compl\u00e9ment \u00e0 votre salon, salle \u00e0 manger ou bureau. <\/li>\n<li><strong>Mat\u00e9riaux de haute qualit\u00e9<\/strong>&nbsp;: Chaque buffet est fabriqu\u00e9 \u00e0 partir des meilleurs mat\u00e9riaux, tels que du bois durable et des finitions de haute qualit\u00e9. Vous avez ainsi l&rsquo;assurance d&rsquo;un meuble qui durera des ann\u00e9es. <\/li>\n<li><strong>Fonctionnalit\u00e9<\/strong>&nbsp;: Avec son grand espace de rangement, le buffet offre non seulement du style, mais aussi des solutions pratiques pour vos affaires. Id\u00e9al pour ranger des livres, de la vaisselle ou des d\u00e9corations. <\/li>\n<li><strong>Diverses options de style<\/strong>&nbsp;: Que vous ayez un int\u00e9rieur minimaliste, scandinave ou moderne, il existe toujours un buffet Poul Hundevad qui s&rsquo;adapte parfaitement \u00e0 votre style.<\/li>\n<\/ol>\n<p>Vous avez des questions sur notre collection ou vous souhaitez des conseils sur le meilleur choix pour votre int\u00e9rieur&nbsp;? N&rsquo;h\u00e9sitez pas \u00e0 nous contacter&nbsp;! Nous serons ravis de vous aider \u00e0 faire le bon choix.  <\/p>\n","protected":false},"excerpt":{"rendered":"<p>Apportez une touche d&rsquo;\u00e9l\u00e9gance r\u00e9tro \u00e0 votre int\u00e9rieur avec nos chaises Cesca vintage de Marcel Breuer&nbsp;!<\/p>\n","protected":false},"featured_media":7830,"comment_status":"closed","ping_status":"closed","template":"","meta":{"_acf_changed":false},"product_brand":[],"product_cat":[473],"product_tag":[],"class_list":{"0":"post-7829","1":"product","2":"type-product","3":"status-publish","4":"has-post-thumbnail","6":"product_cat-vintage-fr","8":"first","9":"onbackorder","10":"taxable","11":"shipping-taxable","12":"purchasable","13":"product-type-simple"},"acf":[],"yoast_head":"<!-- This site is optimized with the Yoast SEO plugin v27.5 - https:\/\/yoast.com\/product\/yoast-seo-wordpress\/ -->\n<title>Buffets Poul Hundevad | Vechtdal Meubels<\/title>\n<meta name=\"description\" content=\"Buffets Poul Hundevad kopen? Wij zijn de goedkoopste op de markt! \u2713 14 dagen bedenktijd! \u2713 Bestel nu!\" \/>\n<meta name=\"robots\" content=\"index, follow, max-snippet:-1, max-image-preview:large, max-video-preview:-1\" \/>\n<meta property=\"og:locale\" content=\"fr_FR\" \/>\n<meta property=\"og:type\" content=\"article\" \/>\n<meta property=\"og:title\" content=\"Buffets Poul Hundevad | Vechtdal Meubels\" \/>\n<meta property=\"og:description\" content=\"Buffets Poul Hundevad kopen? Wij zijn de goedkoopste op de markt! \u2713 14 dagen bedenktijd! \u2713 Bestel nu!\" \/>\n<meta property=\"og:url\" content=\"https:\/\/www.vechtdalmeubels.nl\/fr\/produit\/buffets-poul-hundevad\/\" \/>\n<meta property=\"og:site_name\" content=\"Vechtdal Meubels\" \/>\n<meta property=\"og:image\" content=\"https:\/\/www.vechtdalmeubels.nl\/wp-content\/uploads\/2024\/12\/Rectangle-2-4.jpg\" \/>\n\t<meta property=\"og:image:width\" content=\"818\" \/>\n\t<meta property=\"og:image:height\" content=\"600\" \/>\n\t<meta property=\"og:image:type\" content=\"image\/jpeg\" \/>\n<meta name=\"twitter:card\" content=\"summary_large_image\" \/>\n<!-- \/ Yoast SEO plugin. -->","yoast_head_json":{"title":"Buffets Poul Hundevad | Vechtdal Meubels","description":"Buffets Poul Hundevad kopen? Wij zijn de goedkoopste op de markt! \u2713 14 dagen bedenktijd! \u2713 Bestel nu!","robots":{"index":"index","follow":"follow","max-snippet":"max-snippet:-1","max-image-preview":"max-image-preview:large","max-video-preview":"max-video-preview:-1"},"og_locale":"fr_FR","og_type":"article","og_title":"Buffets Poul Hundevad | Vechtdal Meubels","og_description":"Buffets Poul Hundevad kopen? Wij zijn de goedkoopste op de markt! \u2713 14 dagen bedenktijd! \u2713 Bestel nu!","og_url":"https:\/\/www.vechtdalmeubels.nl\/fr\/produit\/buffets-poul-hundevad\/","og_site_name":"Vechtdal Meubels","og_image":[{"width":818,"height":600,"url":"https:\/\/www.vechtdalmeubels.nl\/wp-content\/uploads\/2024\/12\/Rectangle-2-4.jpg","type":"image\/jpeg"}],"twitter_card":"summary_large_image","schema":{"@context":"https:\/\/schema.org","@graph":[{"@type":"WebPage","@id":"https:\/\/www.vechtdalmeubels.nl\/fr\/produit\/buffets-poul-hundevad\/","url":"https:\/\/www.vechtdalmeubels.nl\/fr\/produit\/buffets-poul-hundevad\/","name":"Buffets Poul Hundevad | Vechtdal Meubels","isPartOf":{"@id":"https:\/\/www.vechtdalmeubels.nl\/#website"},"primaryImageOfPage":{"@id":"https:\/\/www.vechtdalmeubels.nl\/fr\/produit\/buffets-poul-hundevad\/#primaryimage"},"image":{"@id":"https:\/\/www.vechtdalmeubels.nl\/fr\/produit\/buffets-poul-hundevad\/#primaryimage"},"thumbnailUrl":"https:\/\/www.vechtdalmeubels.nl\/wp-content\/uploads\/2025\/01\/Julia-Black-1.jpg","datePublished":"2025-01-16T13:25:54+00:00","description":"Buffets Poul Hundevad kopen? Wij zijn de goedkoopste op de markt! \u2713 14 dagen bedenktijd! \u2713 Bestel nu!","breadcrumb":{"@id":"https:\/\/www.vechtdalmeubels.nl\/fr\/produit\/buffets-poul-hundevad\/#breadcrumb"},"inLanguage":"fr-FR","potentialAction":[{"@type":"ReadAction","target":["https:\/\/www.vechtdalmeubels.nl\/fr\/produit\/buffets-poul-hundevad\/"]}]},{"@type":"ImageObject","inLanguage":"fr-FR","@id":"https:\/\/www.vechtdalmeubels.nl\/fr\/produit\/buffets-poul-hundevad\/#primaryimage","url":"https:\/\/www.vechtdalmeubels.nl\/wp-content\/uploads\/2025\/01\/Julia-Black-1.jpg","contentUrl":"https:\/\/www.vechtdalmeubels.nl\/wp-content\/uploads\/2025\/01\/Julia-Black-1.jpg","width":1500,"height":1000},{"@type":"BreadcrumbList","@id":"https:\/\/www.vechtdalmeubels.nl\/fr\/produit\/buffets-poul-hundevad\/#breadcrumb","itemListElement":[{"@type":"ListItem","position":1,"name":"Home","item":"https:\/\/www.vechtdalmeubels.nl\/fr\/accueil\/"},{"@type":"ListItem","position":2,"name":"Boutique","item":"https:\/\/www.vechtdalmeubels.nl\/fr\/winkel\/"},{"@type":"ListItem","position":3,"name":"Buffets Poul Hundevad"}]},{"@type":"WebSite","@id":"https:\/\/www.vechtdalmeubels.nl\/#website","url":"https:\/\/www.vechtdalmeubels.nl\/","name":"Vechtdal Meubels","description":"","publisher":{"@id":"https:\/\/www.vechtdalmeubels.nl\/#organization"},"potentialAction":[{"@type":"SearchAction","target":{"@type":"EntryPoint","urlTemplate":"https:\/\/www.vechtdalmeubels.nl\/?s={search_term_string}"},"query-input":{"@type":"PropertyValueSpecification","valueRequired":true,"valueName":"search_term_string"}}],"inLanguage":"fr-FR"},{"@type":"Organization","@id":"https:\/\/www.vechtdalmeubels.nl\/#organization","name":"Vechtdal Meubels","alternateName":"Vechtdal Meubels","url":"https:\/\/www.vechtdalmeubels.nl\/","logo":{"@type":"ImageObject","inLanguage":"fr-FR","@id":"https:\/\/www.vechtdalmeubels.nl\/#\/schema\/logo\/image\/","url":"https:\/\/www.vechtdalmeubels.nl\/wp-content\/uploads\/2024\/11\/Logo-vechtdal-v2.svg","contentUrl":"https:\/\/www.vechtdalmeubels.nl\/wp-content\/uploads\/2024\/11\/Logo-vechtdal-v2.svg","caption":"Vechtdal Meubels"},"image":{"@id":"https:\/\/www.vechtdalmeubels.nl\/#\/schema\/logo\/image\/"}}]}},"_links":{"self":[{"href":"https:\/\/www.vechtdalmeubels.nl\/fr\/wp-json\/wp\/v2\/product\/7829","targetHints":{"allow":["GET"]}}],"collection":[{"href":"https:\/\/www.vechtdalmeubels.nl\/fr\/wp-json\/wp\/v2\/product"}],"about":[{"href":"https:\/\/www.vechtdalmeubels.nl\/fr\/wp-json\/wp\/v2\/types\/product"}],"replies":[{"embeddable":true,"href":"https:\/\/www.vechtdalmeubels.nl\/fr\/wp-json\/wp\/v2\/comments?post=7829"}],"wp:featuredmedia":[{"embeddable":true,"href":"https:\/\/www.vechtdalmeubels.nl\/fr\/wp-json\/wp\/v2\/media\/7830"}],"wp:attachment":[{"href":"https:\/\/www.vechtdalmeubels.nl\/fr\/wp-json\/wp\/v2\/media?parent=7829"}],"wp:term":[{"taxonomy":"product_brand","embeddable":true,"href":"https:\/\/www.vechtdalmeubels.nl\/fr\/wp-json\/wp\/v2\/product_brand?post=7829"},{"taxonomy":"product_cat","embeddable":true,"href":"https:\/\/www.vechtdalmeubels.nl\/fr\/wp-json\/wp\/v2\/product_cat?post=7829"},{"taxonomy":"product_tag","embeddable":true,"href":"https:\/\/www.vechtdalmeubels.nl\/fr\/wp-json\/wp\/v2\/product_tag?post=7829"}],"curies":[{"name":"wp","href":"https:\/\/api.w.org\/{rel}","templated":true}]}}