{"id":7972,"date":"2024-12-09T14:02:53","date_gmt":"2024-12-09T13:02:53","guid":{"rendered":"https:\/\/www.vechtdalmeubels.nl\/product\/superbes-chaises-niels-otto-moller-modele-71\/"},"modified":"2026-02-08T18:05:55","modified_gmt":"2026-02-08T17:05:55","slug":"superbes-chaises-niels-otto-moller-modele-71","status":"publish","type":"product","link":"https:\/\/www.vechtdalmeubels.nl\/fr\/produit\/superbes-chaises-niels-otto-moller-modele-71\/","title":{"rendered":"Superbes chaises Niels Otto M\u00f8ller mod\u00e8le 71"},"content":{"rendered":"<p>Magnifique ensemble de chaises Niels Otto M\u00f8ller mod\u00e8le 71 en teck. Toutes les chaises ont une nouvelle assise en papercord et ont \u00e9t\u00e9 trait\u00e9es \u00e0 l&rsquo;huile de teck. De plus, toutes les boiseries sont en parfait \u00e9tat, sans aucun dommage.   Il s&rsquo;agit du premier mod\u00e8le de Niels Otto M\u00f8ller datant de 1951. Les chaises sont fabriqu\u00e9es \u00e0 Hojbjerg, au Danemark. <\/p>\n<p>Dimensions :<\/p>\n<p>Hauteur d&rsquo;assise : 45 cm<br \/>\nProfondeur : 50 cm<br \/>\nLargeur : 50 cm<br \/>\nHauteur : 80 cm<\/p>\n<p>D\u00e9couvrez l&rsquo;\u00e9l\u00e9gance intemporelle du design danois avec cet ensemble de quatre chaises Niels Otto M\u00f8ller mod\u00e8le 71, fabriqu\u00e9es en teck de haute qualit\u00e9. Ces chaises embl\u00e9matiques allient un design raffin\u00e9 \u00e0 un confort d&rsquo;assise exceptionnel, id\u00e9al pour toute salle \u00e0 manger ou espace de vie. <\/p>\n<p><strong>Caract\u00e9ristiques :<\/strong><\/p>\n<ul>\n<li><strong>Designer :<\/strong> Niels Otto M\u00f8ller<\/li>\n<li><strong>Mod\u00e8le :<\/strong> 71<\/li>\n<li><strong>Mat\u00e9riau :<\/strong> Teck de haute qualit\u00e9<\/li>\n<li><strong>\u00c9tat :<\/strong> Excellent \u00e9tat vintage, soigneusement entretenu<\/li>\n<\/ul>\n<p><strong>Pourquoi choisir les chaises Niels Otto M\u00f8ller ?<\/strong> Ces chaises ne sont pas seulement esth\u00e9tiques, elles offrent \u00e9galement une durabilit\u00e9 et un confort exceptionnels. Le teck apporte une touche chaleureuse et naturelle qui s&rsquo;int\u00e8gre parfaitement aux int\u00e9rieurs modernes et classiques. Un v\u00e9ritable accroche-regard pour les amateurs de design vintage.  <\/p>\n<p><strong>Avantages :<\/strong><\/p>\n<ul>\n<li>Design danois intemporel<\/li>\n<li>Teck durable et robuste<\/li>\n<li>Excellente exp\u00e9rience d&rsquo;assise<\/li>\n<li>Ajout pr\u00e9cieux \u00e0 tout style d&rsquo;int\u00e9rieur<\/li>\n<\/ul>\n<p>Ne manquez pas cette occasion d&rsquo;acqu\u00e9rir une pi\u00e8ce vintage. Commandez d\u00e8s aujourd&rsquo;hui et profitez du m\u00e9lange parfait de style et de confort ! <\/p>\n<p>Renseignez-vous sur les possibilit\u00e9s&nbsp;!<\/p>\n","protected":false},"excerpt":{"rendered":"<p>Il s&rsquo;agit du premier mod\u00e8le de Niels Otto M\u00f8ller datant de 1951.<\/p>\n","protected":false},"featured_media":7973,"comment_status":"closed","ping_status":"closed","template":"","meta":{"_acf_changed":false},"product_brand":[],"product_cat":[473],"product_tag":[],"class_list":{"0":"post-7972","1":"product","2":"type-product","3":"status-publish","4":"has-post-thumbnail","6":"product_cat-vintage-fr","8":"first","9":"onbackorder","10":"purchasable","11":"product-type-simple"},"acf":[],"yoast_head":"<!-- This site is optimized with the Yoast SEO plugin v27.5 - https:\/\/yoast.com\/product\/yoast-seo-wordpress\/ -->\n<title>Superbes chaises Niels Otto M\u00f8ller mod\u00e8le 71 | Vechtdal Meubels<\/title>\n<meta name=\"description\" content=\"Superbes chaises Niels Otto M\u00f8ller mod\u00e8le 71 kopen? Wij zijn de goedkoopste op de markt! \u2713 14 dagen bedenktijd! \u2713 Bestel nu!\" \/>\n<meta name=\"robots\" content=\"index, follow, max-snippet:-1, max-image-preview:large, max-video-preview:-1\" \/>\n<meta property=\"og:locale\" content=\"fr_FR\" \/>\n<meta property=\"og:type\" content=\"article\" \/>\n<meta property=\"og:title\" content=\"Superbes chaises Niels Otto M\u00f8ller mod\u00e8le 71 | Vechtdal Meubels\" \/>\n<meta property=\"og:description\" content=\"Superbes chaises Niels Otto M\u00f8ller mod\u00e8le 71 kopen? Wij zijn de goedkoopste op de markt! \u2713 14 dagen bedenktijd! \u2713 Bestel nu!\" \/>\n<meta property=\"og:url\" content=\"https:\/\/www.vechtdalmeubels.nl\/fr\/produit\/superbes-chaises-niels-otto-moller-modele-71\/\" \/>\n<meta property=\"og:site_name\" content=\"Vechtdal Meubels\" \/>\n<meta property=\"article:modified_time\" content=\"2026-02-08T17:05:55+00:00\" \/>\n<meta property=\"og:image\" content=\"https:\/\/www.searchflow.dev\/vechtdal\/wp-content\/uploads\/2024\/12\/IMG_4806-bewerkt-2-scaled-1-1024x709.jpg\" \/>\n<meta name=\"twitter:card\" content=\"summary_large_image\" \/>\n<meta name=\"twitter:image\" content=\"https:\/\/www.searchflow.dev\/vechtdal\/wp-content\/uploads\/2024\/12\/IMG_4806-bewerkt-2-scaled-1-1024x709.jpg\" \/>\n<!-- \/ Yoast SEO plugin. -->","yoast_head_json":{"title":"Superbes chaises Niels Otto M\u00f8ller mod\u00e8le 71 | Vechtdal Meubels","description":"Superbes chaises Niels Otto M\u00f8ller mod\u00e8le 71 kopen? Wij zijn de goedkoopste op de markt! \u2713 14 dagen bedenktijd! \u2713 Bestel nu!","robots":{"index":"index","follow":"follow","max-snippet":"max-snippet:-1","max-image-preview":"max-image-preview:large","max-video-preview":"max-video-preview:-1"},"og_locale":"fr_FR","og_type":"article","og_title":"Superbes chaises Niels Otto M\u00f8ller mod\u00e8le 71 | Vechtdal Meubels","og_description":"Superbes chaises Niels Otto M\u00f8ller mod\u00e8le 71 kopen? Wij zijn de goedkoopste op de markt! \u2713 14 dagen bedenktijd! \u2713 Bestel nu!","og_url":"https:\/\/www.vechtdalmeubels.nl\/fr\/produit\/superbes-chaises-niels-otto-moller-modele-71\/","og_site_name":"Vechtdal Meubels","article_modified_time":"2026-02-08T17:05:55+00:00","og_image":[{"url":"https:\/\/www.searchflow.dev\/vechtdal\/wp-content\/uploads\/2024\/12\/IMG_4806-bewerkt-2-scaled-1-1024x709.jpg","type":"","width":"","height":""}],"twitter_card":"summary_large_image","twitter_image":"https:\/\/www.searchflow.dev\/vechtdal\/wp-content\/uploads\/2024\/12\/IMG_4806-bewerkt-2-scaled-1-1024x709.jpg","schema":{"@context":"https:\/\/schema.org","@graph":[{"@type":"WebPage","@id":"https:\/\/www.vechtdalmeubels.nl\/fr\/produit\/superbes-chaises-niels-otto-moller-modele-71\/","url":"https:\/\/www.vechtdalmeubels.nl\/fr\/produit\/superbes-chaises-niels-otto-moller-modele-71\/","name":"Superbes chaises Niels Otto M\u00f8ller mod\u00e8le 71 | Vechtdal Meubels","isPartOf":{"@id":"https:\/\/www.vechtdalmeubels.nl\/#website"},"primaryImageOfPage":{"@id":"https:\/\/www.vechtdalmeubels.nl\/fr\/produit\/superbes-chaises-niels-otto-moller-modele-71\/#primaryimage"},"image":{"@id":"https:\/\/www.vechtdalmeubels.nl\/fr\/produit\/superbes-chaises-niels-otto-moller-modele-71\/#primaryimage"},"thumbnailUrl":"https:\/\/www.vechtdalmeubels.nl\/wp-content\/uploads\/2024\/12\/Vechtdal_Meubels_29_sept_2025_LOW-16-scaled.jpg","datePublished":"2024-12-09T13:02:53+00:00","dateModified":"2026-02-08T17:05:55+00:00","description":"Superbes chaises Niels Otto M\u00f8ller mod\u00e8le 71 kopen? Wij zijn de goedkoopste op de markt! \u2713 14 dagen bedenktijd! \u2713 Bestel nu!","breadcrumb":{"@id":"https:\/\/www.vechtdalmeubels.nl\/fr\/produit\/superbes-chaises-niels-otto-moller-modele-71\/#breadcrumb"},"inLanguage":"fr-FR","potentialAction":[{"@type":"ReadAction","target":["https:\/\/www.vechtdalmeubels.nl\/fr\/produit\/superbes-chaises-niels-otto-moller-modele-71\/"]}]},{"@type":"ImageObject","inLanguage":"fr-FR","@id":"https:\/\/www.vechtdalmeubels.nl\/fr\/produit\/superbes-chaises-niels-otto-moller-modele-71\/#primaryimage","url":"https:\/\/www.vechtdalmeubels.nl\/wp-content\/uploads\/2024\/12\/Vechtdal_Meubels_29_sept_2025_LOW-16-scaled.jpg","contentUrl":"https:\/\/www.vechtdalmeubels.nl\/wp-content\/uploads\/2024\/12\/Vechtdal_Meubels_29_sept_2025_LOW-16-scaled.jpg","width":1707,"height":2560},{"@type":"BreadcrumbList","@id":"https:\/\/www.vechtdalmeubels.nl\/fr\/produit\/superbes-chaises-niels-otto-moller-modele-71\/#breadcrumb","itemListElement":[{"@type":"ListItem","position":1,"name":"Home","item":"https:\/\/www.vechtdalmeubels.nl\/fr\/accueil\/"},{"@type":"ListItem","position":2,"name":"Boutique","item":"https:\/\/www.vechtdalmeubels.nl\/fr\/winkel\/"},{"@type":"ListItem","position":3,"name":"Superbes chaises Niels Otto M\u00f8ller mod\u00e8le 71"}]},{"@type":"WebSite","@id":"https:\/\/www.vechtdalmeubels.nl\/#website","url":"https:\/\/www.vechtdalmeubels.nl\/","name":"Vechtdal Meubels","description":"","publisher":{"@id":"https:\/\/www.vechtdalmeubels.nl\/#organization"},"potentialAction":[{"@type":"SearchAction","target":{"@type":"EntryPoint","urlTemplate":"https:\/\/www.vechtdalmeubels.nl\/?s={search_term_string}"},"query-input":{"@type":"PropertyValueSpecification","valueRequired":true,"valueName":"search_term_string"}}],"inLanguage":"fr-FR"},{"@type":"Organization","@id":"https:\/\/www.vechtdalmeubels.nl\/#organization","name":"Vechtdal Meubels","alternateName":"Vechtdal Meubels","url":"https:\/\/www.vechtdalmeubels.nl\/","logo":{"@type":"ImageObject","inLanguage":"fr-FR","@id":"https:\/\/www.vechtdalmeubels.nl\/#\/schema\/logo\/image\/","url":"https:\/\/www.vechtdalmeubels.nl\/wp-content\/uploads\/2024\/11\/Logo-vechtdal-v2.svg","contentUrl":"https:\/\/www.vechtdalmeubels.nl\/wp-content\/uploads\/2024\/11\/Logo-vechtdal-v2.svg","caption":"Vechtdal Meubels"},"image":{"@id":"https:\/\/www.vechtdalmeubels.nl\/#\/schema\/logo\/image\/"}}]}},"_links":{"self":[{"href":"https:\/\/www.vechtdalmeubels.nl\/fr\/wp-json\/wp\/v2\/product\/7972","targetHints":{"allow":["GET"]}}],"collection":[{"href":"https:\/\/www.vechtdalmeubels.nl\/fr\/wp-json\/wp\/v2\/product"}],"about":[{"href":"https:\/\/www.vechtdalmeubels.nl\/fr\/wp-json\/wp\/v2\/types\/product"}],"replies":[{"embeddable":true,"href":"https:\/\/www.vechtdalmeubels.nl\/fr\/wp-json\/wp\/v2\/comments?post=7972"}],"wp:featuredmedia":[{"embeddable":true,"href":"https:\/\/www.vechtdalmeubels.nl\/fr\/wp-json\/wp\/v2\/media\/7973"}],"wp:attachment":[{"href":"https:\/\/www.vechtdalmeubels.nl\/fr\/wp-json\/wp\/v2\/media?parent=7972"}],"wp:term":[{"taxonomy":"product_brand","embeddable":true,"href":"https:\/\/www.vechtdalmeubels.nl\/fr\/wp-json\/wp\/v2\/product_brand?post=7972"},{"taxonomy":"product_cat","embeddable":true,"href":"https:\/\/www.vechtdalmeubels.nl\/fr\/wp-json\/wp\/v2\/product_cat?post=7972"},{"taxonomy":"product_tag","embeddable":true,"href":"https:\/\/www.vechtdalmeubels.nl\/fr\/wp-json\/wp\/v2\/product_tag?post=7972"}],"curies":[{"name":"wp","href":"https:\/\/api.w.org\/{rel}","templated":true}]}}