{"id":8003,"date":"2024-12-09T14:02:55","date_gmt":"2024-12-09T13:02:55","guid":{"rendered":"https:\/\/www.vechtdalmeubels.nl\/product\/chaise-cesca-marcel-breuer\/"},"modified":"2024-12-09T14:02:55","modified_gmt":"2024-12-09T13:02:55","slug":"chaise-cesca-marcel-breuer","status":"publish","type":"product","link":"https:\/\/www.vechtdalmeubels.nl\/fr\/produit\/chaise-cesca-marcel-breuer\/","title":{"rendered":"Chaise Cesca Marcel Breuer"},"content":{"rendered":"<p>Magnifiques chaises vintage Cesca dans le style Marcel Breuer. Toutes les chaises sont en parfait \u00e9tat, tous les cadres ont \u00e9t\u00e9 polis. Toutes les assises et dossiers ont \u00e9t\u00e9 refaits avec un nouveau cannage.  <\/p>\n<p>Apportez une touche d&rsquo;\u00e9l\u00e9gance r\u00e9tro \u00e0 votre int\u00e9rieur avec nos chaises Cesca vintage de Marcel Breuer&nbsp;! Ces classiques du design embl\u00e9matiques allient fonctionnalit\u00e9 et esth\u00e9tique intemporelle, parfaites pour tout espace moderne ou classique. Fabriqu\u00e9es en acier de haute qualit\u00e9 et en rotin naturel, ces chaises offrent non seulement du confort, mais constituent \u00e9galement une pi\u00e8ce ma\u00eetresse dans votre salle \u00e0 manger ou votre bureau. Que vous soyez un amateur de meubles vintage ou que vous recherchiez simplement des accents uniques pour votre int\u00e9rieur, les chaises Cesca sont le choix id\u00e9al.   <\/p>\n<p>Ne manquez pas cette occasion d&rsquo;ajouter une pi\u00e8ce vintage \u00e0 votre int\u00e9rieur. Commandez maintenant et d\u00e9couvrez la combinaison parfaite de style et de confort&nbsp;! <\/p>\n<p>Hauteur&nbsp;: 83 cm<br \/>\nLargeur&nbsp;: 47 cm<br \/>\nProfondeur&nbsp;: 50 cm<br \/>\nHauteur d&rsquo;assise&nbsp;: 45 cm<\/p>\n<p>Les chaises vintage sont les chaises Cesca Made in Italy.<\/p>\n<p>Renseignez-vous sur les possibilit\u00e9s&nbsp;!<\/p>\n","protected":false},"excerpt":{"rendered":"<p>Apportez une touche d&rsquo;antiquit\u00e9 \u00e0 votre int\u00e9rieur avec nos chaises Cesca vintage de Marcel Breuer&nbsp;!<\/p>\n","protected":false},"featured_media":8004,"comment_status":"closed","ping_status":"closed","template":"","meta":{"_acf_changed":false},"product_brand":[],"product_cat":[473],"product_tag":[],"class_list":{"0":"post-8003","1":"product","2":"type-product","3":"status-publish","4":"has-post-thumbnail","6":"product_cat-vintage-fr","8":"first","9":"onbackorder","10":"purchasable","11":"product-type-simple"},"acf":[],"yoast_head":"<!-- This site is optimized with the Yoast SEO plugin v27.5 - https:\/\/yoast.com\/product\/yoast-seo-wordpress\/ -->\n<title>Chaise Cesca Marcel Breuer | Vechtdal Meubels<\/title>\n<meta name=\"description\" content=\"Chaise Cesca Marcel Breuer kopen? Wij zijn de goedkoopste op de markt! \u2713 14 dagen bedenktijd! \u2713 Bestel nu!\" \/>\n<meta name=\"robots\" content=\"index, follow, max-snippet:-1, max-image-preview:large, max-video-preview:-1\" \/>\n<meta property=\"og:locale\" content=\"fr_FR\" \/>\n<meta property=\"og:type\" content=\"article\" \/>\n<meta property=\"og:title\" content=\"Chaise Cesca Marcel Breuer | Vechtdal Meubels\" \/>\n<meta property=\"og:description\" content=\"Chaise Cesca Marcel Breuer kopen? Wij zijn de goedkoopste op de markt! \u2713 14 dagen bedenktijd! \u2713 Bestel nu!\" \/>\n<meta property=\"og:url\" content=\"https:\/\/www.vechtdalmeubels.nl\/fr\/produit\/chaise-cesca-marcel-breuer\/\" \/>\n<meta property=\"og:site_name\" content=\"Vechtdal Meubels\" \/>\n<meta property=\"og:image\" content=\"https:\/\/www.vechtdalmeubels.nl\/wp-content\/uploads\/2024\/12\/Rectangle-2-4.jpg\" \/>\n\t<meta property=\"og:image:width\" content=\"818\" \/>\n\t<meta property=\"og:image:height\" content=\"600\" \/>\n\t<meta property=\"og:image:type\" content=\"image\/jpeg\" \/>\n<meta name=\"twitter:card\" content=\"summary_large_image\" \/>\n<!-- \/ Yoast SEO plugin. -->","yoast_head_json":{"title":"Chaise Cesca Marcel Breuer | Vechtdal Meubels","description":"Chaise Cesca Marcel Breuer kopen? Wij zijn de goedkoopste op de markt! \u2713 14 dagen bedenktijd! \u2713 Bestel nu!","robots":{"index":"index","follow":"follow","max-snippet":"max-snippet:-1","max-image-preview":"max-image-preview:large","max-video-preview":"max-video-preview:-1"},"og_locale":"fr_FR","og_type":"article","og_title":"Chaise Cesca Marcel Breuer | Vechtdal Meubels","og_description":"Chaise Cesca Marcel Breuer kopen? Wij zijn de goedkoopste op de markt! \u2713 14 dagen bedenktijd! \u2713 Bestel nu!","og_url":"https:\/\/www.vechtdalmeubels.nl\/fr\/produit\/chaise-cesca-marcel-breuer\/","og_site_name":"Vechtdal Meubels","og_image":[{"width":818,"height":600,"url":"https:\/\/www.vechtdalmeubels.nl\/wp-content\/uploads\/2024\/12\/Rectangle-2-4.jpg","type":"image\/jpeg"}],"twitter_card":"summary_large_image","schema":{"@context":"https:\/\/schema.org","@graph":[{"@type":"WebPage","@id":"https:\/\/www.vechtdalmeubels.nl\/fr\/produit\/chaise-cesca-marcel-breuer\/","url":"https:\/\/www.vechtdalmeubels.nl\/fr\/produit\/chaise-cesca-marcel-breuer\/","name":"Chaise Cesca Marcel Breuer | Vechtdal Meubels","isPartOf":{"@id":"https:\/\/www.vechtdalmeubels.nl\/#website"},"primaryImageOfPage":{"@id":"https:\/\/www.vechtdalmeubels.nl\/fr\/produit\/chaise-cesca-marcel-breuer\/#primaryimage"},"image":{"@id":"https:\/\/www.vechtdalmeubels.nl\/fr\/produit\/chaise-cesca-marcel-breuer\/#primaryimage"},"thumbnailUrl":"https:\/\/www.vechtdalmeubels.nl\/wp-content\/uploads\/2024\/12\/WhatsApp-Image-2024-07-26-at-20.12.12-2-rotated-1.jpeg","datePublished":"2024-12-09T13:02:55+00:00","description":"Chaise Cesca Marcel Breuer kopen? Wij zijn de goedkoopste op de markt! \u2713 14 dagen bedenktijd! \u2713 Bestel nu!","breadcrumb":{"@id":"https:\/\/www.vechtdalmeubels.nl\/fr\/produit\/chaise-cesca-marcel-breuer\/#breadcrumb"},"inLanguage":"fr-FR","potentialAction":[{"@type":"ReadAction","target":["https:\/\/www.vechtdalmeubels.nl\/fr\/produit\/chaise-cesca-marcel-breuer\/"]}]},{"@type":"ImageObject","inLanguage":"fr-FR","@id":"https:\/\/www.vechtdalmeubels.nl\/fr\/produit\/chaise-cesca-marcel-breuer\/#primaryimage","url":"https:\/\/www.vechtdalmeubels.nl\/wp-content\/uploads\/2024\/12\/WhatsApp-Image-2024-07-26-at-20.12.12-2-rotated-1.jpeg","contentUrl":"https:\/\/www.vechtdalmeubels.nl\/wp-content\/uploads\/2024\/12\/WhatsApp-Image-2024-07-26-at-20.12.12-2-rotated-1.jpeg","width":1066,"height":1600},{"@type":"BreadcrumbList","@id":"https:\/\/www.vechtdalmeubels.nl\/fr\/produit\/chaise-cesca-marcel-breuer\/#breadcrumb","itemListElement":[{"@type":"ListItem","position":1,"name":"Home","item":"https:\/\/www.vechtdalmeubels.nl\/fr\/accueil\/"},{"@type":"ListItem","position":2,"name":"Boutique","item":"https:\/\/www.vechtdalmeubels.nl\/fr\/winkel\/"},{"@type":"ListItem","position":3,"name":"Chaise Cesca Marcel Breuer"}]},{"@type":"WebSite","@id":"https:\/\/www.vechtdalmeubels.nl\/#website","url":"https:\/\/www.vechtdalmeubels.nl\/","name":"Vechtdal Meubels","description":"","publisher":{"@id":"https:\/\/www.vechtdalmeubels.nl\/#organization"},"potentialAction":[{"@type":"SearchAction","target":{"@type":"EntryPoint","urlTemplate":"https:\/\/www.vechtdalmeubels.nl\/?s={search_term_string}"},"query-input":{"@type":"PropertyValueSpecification","valueRequired":true,"valueName":"search_term_string"}}],"inLanguage":"fr-FR"},{"@type":"Organization","@id":"https:\/\/www.vechtdalmeubels.nl\/#organization","name":"Vechtdal Meubels","alternateName":"Vechtdal Meubels","url":"https:\/\/www.vechtdalmeubels.nl\/","logo":{"@type":"ImageObject","inLanguage":"fr-FR","@id":"https:\/\/www.vechtdalmeubels.nl\/#\/schema\/logo\/image\/","url":"https:\/\/www.vechtdalmeubels.nl\/wp-content\/uploads\/2024\/11\/Logo-vechtdal-v2.svg","contentUrl":"https:\/\/www.vechtdalmeubels.nl\/wp-content\/uploads\/2024\/11\/Logo-vechtdal-v2.svg","caption":"Vechtdal Meubels"},"image":{"@id":"https:\/\/www.vechtdalmeubels.nl\/#\/schema\/logo\/image\/"}}]}},"_links":{"self":[{"href":"https:\/\/www.vechtdalmeubels.nl\/fr\/wp-json\/wp\/v2\/product\/8003","targetHints":{"allow":["GET"]}}],"collection":[{"href":"https:\/\/www.vechtdalmeubels.nl\/fr\/wp-json\/wp\/v2\/product"}],"about":[{"href":"https:\/\/www.vechtdalmeubels.nl\/fr\/wp-json\/wp\/v2\/types\/product"}],"replies":[{"embeddable":true,"href":"https:\/\/www.vechtdalmeubels.nl\/fr\/wp-json\/wp\/v2\/comments?post=8003"}],"wp:featuredmedia":[{"embeddable":true,"href":"https:\/\/www.vechtdalmeubels.nl\/fr\/wp-json\/wp\/v2\/media\/8004"}],"wp:attachment":[{"href":"https:\/\/www.vechtdalmeubels.nl\/fr\/wp-json\/wp\/v2\/media?parent=8003"}],"wp:term":[{"taxonomy":"product_brand","embeddable":true,"href":"https:\/\/www.vechtdalmeubels.nl\/fr\/wp-json\/wp\/v2\/product_brand?post=8003"},{"taxonomy":"product_cat","embeddable":true,"href":"https:\/\/www.vechtdalmeubels.nl\/fr\/wp-json\/wp\/v2\/product_cat?post=8003"},{"taxonomy":"product_tag","embeddable":true,"href":"https:\/\/www.vechtdalmeubels.nl\/fr\/wp-json\/wp\/v2\/product_tag?post=8003"}],"curies":[{"name":"wp","href":"https:\/\/api.w.org\/{rel}","templated":true}]}}