{"id":8171,"date":"2024-12-09T14:02:41","date_gmt":"2024-12-09T13:02:41","guid":{"rendered":"https:\/\/www.vechtdalmeubels.nl\/product\/chaise-de-salle-a-manger-calm-laque-naturelle\/"},"modified":"2026-04-14T16:33:36","modified_gmt":"2026-04-14T14:33:36","slug":"chaise-de-salle-a-manger-calm-laque-naturelle","status":"publish","type":"product","link":"https:\/\/www.vechtdalmeubels.nl\/fr\/produit\/chaise-de-salle-a-manger-calm-laque-naturelle\/","title":{"rendered":"Chaise de salle \u00e0 manger Calm | Laque naturelle"},"content":{"rendered":"<p>Chaises de salle \u00e0 manger exclusives en ch\u00eane de style Japandi &amp; Scandinave !<\/p>\n<p>Transformez votre espace avec nos magnifiques chaises en ch\u00eane avec accoudoirs, inspir\u00e9es du m\u00e9lange harmonieux des styles Japandi et Scandinave. Un \u00e9quilibre parfait entre \u00e9l\u00e9gance et simplicit\u00e9, ces chaises apportent chaleur et raffinement \u00e0 tout int\u00e9rieur.  Le magnifique design minimaliste des chaises \u00ab Calm \u00bb est capable de transformer n&rsquo;importe quel int\u00e9rieur en un havre de paix et de calme. Fabriqu\u00e9es en ch\u00eane. Il combine habilement des couleurs douces dans le tissu et la finition avec une construction ergonomique qui assure un soutien confortable de l&rsquo;assise et du dos.   Chaque pi\u00e8ce est soigneusement con\u00e7ue pour combiner l&rsquo;essence du style Japandi chaleureux avec la simplicit\u00e9 raffin\u00e9e du design scandinave.<\/p>\n<p>Pourquoi nos chaises de salle \u00e0 manger en ch\u00eane sont-elles un incontournable ?<br \/>\n\u2728 Fabriqu\u00e9es en ch\u00eane de haute qualit\u00e9 pour une durabilit\u00e9 et une beaut\u00e9 naturelle<br \/>\n\u2728 Design inspir\u00e9 de l&rsquo;esth\u00e9tique minimaliste du Japandi et de la l\u00e9g\u00e8ret\u00e9 des designs scandinaves<br \/>\n\u2728 Lignes douces et assise confortable pour un confort d&rsquo;assise ultime avec accoudoirs<br \/>\n\u2728 Un ajout intemporel \u00e0 tout int\u00e9rieur, du moderne au classique<\/p>\n<p>Apportez l\u2019atmosph\u00e8re apaisante du style Japandi et Scandinave dans votre maison avec nos chaises en ch\u00eane. D\u00e9couvrez la combinaison parfaite de fonctionnalit\u00e9 et de design.  Commandez votre chaise d\u00e8s aujourd\u2019hui et cr\u00e9ez un espace qui respire la s\u00e9r\u00e9nit\u00e9 et la beaut\u00e9. Ensemble de 2 chaises par emballage (498&nbsp;\u20ac), \u00e0 l\u2019unit\u00e9, elles co\u00fbtent 249&nbsp;\u20ac. <strong> <\/strong><\/p>\n<p>Paiement ult\u00e9rieur via Klarna possible.<\/p>\n<p><strong>Caract\u00e9ristiques du produit :<br \/>\n<\/strong>Couleur : Bois naturel huil\u00e9 avec une l\u00e9g\u00e8re couche de laque<br \/>\nMat\u00e9riau : ch\u00eane avec couche de laque et tissu<br \/>\nDimensions (LxPxH) : 56x52x73 cm<br \/>\nProfondeur d&rsquo;assise : 44 cm<br \/>\nHauteur d&rsquo;assise : 46 cm<br \/>\nStyle : Design moderne, scandinave et Japandi<\/p>\n<p>Si la chaise ne convient pas, vous pouvez la retourner dans les 14&nbsp;jours. Les chaises sont livr\u00e9es mont\u00e9es&nbsp;! <\/p>\n","protected":false},"excerpt":{"rendered":"<p>Chaise design en ch\u00eane naturel avec finition laqu\u00e9e et assise couleur cr\u00e8me ; fra\u00eeche, intemporelle et raffin\u00e9e.<\/p>\n","protected":false},"featured_media":9869,"comment_status":"closed","ping_status":"closed","template":"","meta":{"_acf_changed":false},"product_brand":[],"product_cat":[487,488,600,486],"product_tag":[],"class_list":{"0":"post-8171","1":"product","2":"type-product","3":"status-publish","4":"has-post-thumbnail","6":"product_cat-chaises","7":"product_cat-chaises-de-salle-a-manger-japandi","8":"product_cat-chaises-de-salle-a-manger-scandinaves","9":"product_cat-page-daccueil-meilleures-ventes","11":"first","12":"onbackorder","13":"sale","14":"taxable","15":"shipping-taxable","16":"purchasable","17":"product-type-simple"},"acf":[],"yoast_head":"<!-- This site is optimized with the Yoast SEO plugin v27.5 - https:\/\/yoast.com\/product\/yoast-seo-wordpress\/ -->\n<title>Chaise de salle \u00e0 manger Calm | Laque naturelle | Vechtdal Meubels<\/title>\n<meta name=\"description\" content=\"Chaise de salle \u00e0 manger Calm | Laque naturelle kopen? Wij zijn de goedkoopste op de markt! \u2713 14 dagen bedenktijd! \u2713 Bestel nu!\" \/>\n<meta name=\"robots\" content=\"index, follow, max-snippet:-1, max-image-preview:large, max-video-preview:-1\" \/>\n<meta property=\"og:locale\" content=\"fr_FR\" \/>\n<meta property=\"og:type\" content=\"article\" \/>\n<meta property=\"og:title\" content=\"Chaise de salle \u00e0 manger Calm | Laque naturelle | Vechtdal Meubels\" \/>\n<meta property=\"og:description\" content=\"Chaise de salle \u00e0 manger Calm | Laque naturelle kopen? Wij zijn de goedkoopste op de markt! \u2713 14 dagen bedenktijd! \u2713 Bestel nu!\" \/>\n<meta property=\"og:url\" content=\"https:\/\/www.vechtdalmeubels.nl\/fr\/produit\/chaise-de-salle-a-manger-calm-laque-naturelle\/\" \/>\n<meta property=\"og:site_name\" content=\"Vechtdal Meubels\" \/>\n<meta property=\"article:modified_time\" content=\"2026-04-14T14:33:36+00:00\" \/>\n<meta property=\"og:image\" content=\"https:\/\/www.searchflow.dev\/vechtdal\/wp-content\/uploads\/2024\/12\/IMG_4233-2-1-1024x683.jpg\" \/>\n<meta name=\"twitter:card\" content=\"summary_large_image\" \/>\n<meta name=\"twitter:image\" content=\"https:\/\/www.searchflow.dev\/vechtdal\/wp-content\/uploads\/2024\/12\/IMG_4233-2-1-1024x683.jpg\" \/>\n<!-- \/ Yoast SEO plugin. -->","yoast_head_json":{"title":"Chaise de salle \u00e0 manger Calm | Laque naturelle | Vechtdal Meubels","description":"Chaise de salle \u00e0 manger Calm | Laque naturelle kopen? Wij zijn de goedkoopste op de markt! \u2713 14 dagen bedenktijd! \u2713 Bestel nu!","robots":{"index":"index","follow":"follow","max-snippet":"max-snippet:-1","max-image-preview":"max-image-preview:large","max-video-preview":"max-video-preview:-1"},"og_locale":"fr_FR","og_type":"article","og_title":"Chaise de salle \u00e0 manger Calm | Laque naturelle | Vechtdal Meubels","og_description":"Chaise de salle \u00e0 manger Calm | Laque naturelle kopen? Wij zijn de goedkoopste op de markt! \u2713 14 dagen bedenktijd! \u2713 Bestel nu!","og_url":"https:\/\/www.vechtdalmeubels.nl\/fr\/produit\/chaise-de-salle-a-manger-calm-laque-naturelle\/","og_site_name":"Vechtdal Meubels","article_modified_time":"2026-04-14T14:33:36+00:00","og_image":[{"url":"https:\/\/www.searchflow.dev\/vechtdal\/wp-content\/uploads\/2024\/12\/IMG_4233-2-1-1024x683.jpg","type":"","width":"","height":""}],"twitter_card":"summary_large_image","twitter_image":"https:\/\/www.searchflow.dev\/vechtdal\/wp-content\/uploads\/2024\/12\/IMG_4233-2-1-1024x683.jpg","schema":{"@context":"https:\/\/schema.org","@graph":[{"@type":"WebPage","@id":"https:\/\/www.vechtdalmeubels.nl\/fr\/produit\/chaise-de-salle-a-manger-calm-laque-naturelle\/","url":"https:\/\/www.vechtdalmeubels.nl\/fr\/produit\/chaise-de-salle-a-manger-calm-laque-naturelle\/","name":"Chaise de salle \u00e0 manger Calm | Laque naturelle | Vechtdal Meubels","isPartOf":{"@id":"https:\/\/www.vechtdalmeubels.nl\/#website"},"primaryImageOfPage":{"@id":"https:\/\/www.vechtdalmeubels.nl\/fr\/produit\/chaise-de-salle-a-manger-calm-laque-naturelle\/#primaryimage"},"image":{"@id":"https:\/\/www.vechtdalmeubels.nl\/fr\/produit\/chaise-de-salle-a-manger-calm-laque-naturelle\/#primaryimage"},"thumbnailUrl":"https:\/\/www.vechtdalmeubels.nl\/wp-content\/uploads\/2024\/12\/Low_quality_vechtdal_meubels_2025-3-1-scaled.jpg","datePublished":"2024-12-09T13:02:41+00:00","dateModified":"2026-04-14T14:33:36+00:00","description":"Chaise de salle \u00e0 manger Calm | Laque naturelle kopen? Wij zijn de goedkoopste op de markt! \u2713 14 dagen bedenktijd! \u2713 Bestel nu!","breadcrumb":{"@id":"https:\/\/www.vechtdalmeubels.nl\/fr\/produit\/chaise-de-salle-a-manger-calm-laque-naturelle\/#breadcrumb"},"inLanguage":"fr-FR","potentialAction":[{"@type":"ReadAction","target":["https:\/\/www.vechtdalmeubels.nl\/fr\/produit\/chaise-de-salle-a-manger-calm-laque-naturelle\/"]}]},{"@type":"ImageObject","inLanguage":"fr-FR","@id":"https:\/\/www.vechtdalmeubels.nl\/fr\/produit\/chaise-de-salle-a-manger-calm-laque-naturelle\/#primaryimage","url":"https:\/\/www.vechtdalmeubels.nl\/wp-content\/uploads\/2024\/12\/Low_quality_vechtdal_meubels_2025-3-1-scaled.jpg","contentUrl":"https:\/\/www.vechtdalmeubels.nl\/wp-content\/uploads\/2024\/12\/Low_quality_vechtdal_meubels_2025-3-1-scaled.jpg","width":1920,"height":2560},{"@type":"BreadcrumbList","@id":"https:\/\/www.vechtdalmeubels.nl\/fr\/produit\/chaise-de-salle-a-manger-calm-laque-naturelle\/#breadcrumb","itemListElement":[{"@type":"ListItem","position":1,"name":"Home","item":"https:\/\/www.vechtdalmeubels.nl\/fr\/accueil\/"},{"@type":"ListItem","position":2,"name":"Boutique","item":"https:\/\/www.vechtdalmeubels.nl\/fr\/winkel\/"},{"@type":"ListItem","position":3,"name":"Chaise de salle \u00e0 manger Calm | Laque naturelle"}]},{"@type":"WebSite","@id":"https:\/\/www.vechtdalmeubels.nl\/#website","url":"https:\/\/www.vechtdalmeubels.nl\/","name":"Vechtdal Meubels","description":"","publisher":{"@id":"https:\/\/www.vechtdalmeubels.nl\/#organization"},"potentialAction":[{"@type":"SearchAction","target":{"@type":"EntryPoint","urlTemplate":"https:\/\/www.vechtdalmeubels.nl\/?s={search_term_string}"},"query-input":{"@type":"PropertyValueSpecification","valueRequired":true,"valueName":"search_term_string"}}],"inLanguage":"fr-FR"},{"@type":"Organization","@id":"https:\/\/www.vechtdalmeubels.nl\/#organization","name":"Vechtdal Meubels","alternateName":"Vechtdal Meubels","url":"https:\/\/www.vechtdalmeubels.nl\/","logo":{"@type":"ImageObject","inLanguage":"fr-FR","@id":"https:\/\/www.vechtdalmeubels.nl\/#\/schema\/logo\/image\/","url":"https:\/\/www.vechtdalmeubels.nl\/wp-content\/uploads\/2024\/11\/Logo-vechtdal-v2.svg","contentUrl":"https:\/\/www.vechtdalmeubels.nl\/wp-content\/uploads\/2024\/11\/Logo-vechtdal-v2.svg","caption":"Vechtdal Meubels"},"image":{"@id":"https:\/\/www.vechtdalmeubels.nl\/#\/schema\/logo\/image\/"}}]}},"_links":{"self":[{"href":"https:\/\/www.vechtdalmeubels.nl\/fr\/wp-json\/wp\/v2\/product\/8171","targetHints":{"allow":["GET"]}}],"collection":[{"href":"https:\/\/www.vechtdalmeubels.nl\/fr\/wp-json\/wp\/v2\/product"}],"about":[{"href":"https:\/\/www.vechtdalmeubels.nl\/fr\/wp-json\/wp\/v2\/types\/product"}],"replies":[{"embeddable":true,"href":"https:\/\/www.vechtdalmeubels.nl\/fr\/wp-json\/wp\/v2\/comments?post=8171"}],"wp:featuredmedia":[{"embeddable":true,"href":"https:\/\/www.vechtdalmeubels.nl\/fr\/wp-json\/wp\/v2\/media\/9869"}],"wp:attachment":[{"href":"https:\/\/www.vechtdalmeubels.nl\/fr\/wp-json\/wp\/v2\/media?parent=8171"}],"wp:term":[{"taxonomy":"product_brand","embeddable":true,"href":"https:\/\/www.vechtdalmeubels.nl\/fr\/wp-json\/wp\/v2\/product_brand?post=8171"},{"taxonomy":"product_cat","embeddable":true,"href":"https:\/\/www.vechtdalmeubels.nl\/fr\/wp-json\/wp\/v2\/product_cat?post=8171"},{"taxonomy":"product_tag","embeddable":true,"href":"https:\/\/www.vechtdalmeubels.nl\/fr\/wp-json\/wp\/v2\/product_tag?post=8171"}],"curies":[{"name":"wp","href":"https:\/\/api.w.org\/{rel}","templated":true}]}}