{"id":8191,"date":"2024-12-09T14:02:41","date_gmt":"2024-12-09T13:02:41","guid":{"rendered":"https:\/\/www.vechtdalmeubels.nl\/product\/chaise-de-salle-a-manger-calm-noir\/"},"modified":"2024-12-09T14:02:41","modified_gmt":"2024-12-09T13:02:41","slug":"chaise-de-salle-a-manger-calm-noir","status":"publish","type":"product","link":"https:\/\/www.vechtdalmeubels.nl\/fr\/produit\/chaise-de-salle-a-manger-calm-noir\/","title":{"rendered":"Chaise de salle \u00e0 manger Calm | Noir"},"content":{"rendered":"<p>Chaises exclusives en ch\u00eane de style Japandi &amp; Scandinave&nbsp;!<\/p>\n<p>Transformez votre espace avec nos magnifiques chaises en ch\u00eane, inspir\u00e9es du m\u00e9lange harmonieux des styles Japandi et Scandinave. Un \u00e9quilibre parfait entre \u00e9l\u00e9gance et simplicit\u00e9, ces chaises apportent chaleur et raffinement \u00e0 tout int\u00e9rieur.  Le design minimaliste et magnifique des chaises \u00ab Calm \u00bb est capable de transformer n&rsquo;importe quel int\u00e9rieur en un havre de paix et de calme. Il combine habilement des couleurs douces dans le tissu et la finition avec une construction ergonomique qui assure un soutien confortable de l&rsquo;assise et du dos. <\/p>\n<p>Pourquoi nos chaises en ch\u00eane sont-elles un incontournable&nbsp;?<br \/>\n\u2728 Fabriqu\u00e9es en ch\u00eane de haute qualit\u00e9 pour une durabilit\u00e9 et une beaut\u00e9 naturelle<br \/>\n\u2728 Design inspir\u00e9 de l\u2019esth\u00e9tique minimaliste du Japandi et de la l\u00e9g\u00e8ret\u00e9 des designs scandinaves<br \/>\n\u2728 Lignes douces et assise confortable pour un confort d\u2019assise ultime<br \/>\n\u2728 Un ajout intemporel \u00e0 tout int\u00e9rieur, du moderne au classique<\/p>\n<p>Apportez l&rsquo;atmosph\u00e8re apaisante du style Japandi et Scandinave dans votre maison avec nos chaises en ch\u00eane. D\u00e9couvrez la combinaison parfaite de fonctionnalit\u00e9 et de design. Commandez votre chaise d\u00e8s aujourd&rsquo;hui et cr\u00e9ez un espace qui respire la tranquillit\u00e9 et la beaut\u00e9.   Lot de 2 chaises par emballage (498), le prix unitaire est de 249 \u20ac.<\/p>\n<p>Le paiement ult\u00e9rieur est possible via Klarna.<\/p>\n<p><strong>Caract\u00e9ristiques du produit&nbsp;:<br \/>\n<\/strong>Couleur&nbsp;: Noir huil\u00e9 et assise cr\u00e8me<br \/>\nMat\u00e9riau&nbsp;: ch\u00eane et tissu<br \/>\nDimensions (L&nbsp;x P&nbsp;x H)&nbsp;: 56 x 52 x 73 cm<br \/>\nProfondeur d\u2019assise&nbsp;: 44 cm<br \/>\nHauteur d\u2019assise&nbsp;: 46 cm<br \/>\nStyle&nbsp;: Design moderne, scandinave et Japandi<\/p>\n<p>Nous livrons dans toute la France, l&rsquo;Allemagne et la Belgique. Si la chaise ne convient pas, vous pouvez la retourner dans les 14 jours. Les chaises sont livr\u00e9es mont\u00e9es&nbsp;!  <\/p>\n","protected":false},"excerpt":{"rendered":"<p>Le magnifique design minimaliste des chaises \u00ab&nbsp;Calm&nbsp;\u00bb est capable de transformer n\u2019importe quel int\u00e9rieur en un havre de paix et de tranquillit\u00e9.<\/p>\n","protected":false},"featured_media":8192,"comment_status":"closed","ping_status":"closed","template":"","meta":{"_acf_changed":false},"product_brand":[],"product_cat":[487,488],"product_tag":[],"class_list":{"0":"post-8191","1":"product","2":"type-product","3":"status-publish","4":"has-post-thumbnail","6":"product_cat-chaises","7":"product_cat-chaises-de-salle-a-manger-japandi","9":"first","10":"onbackorder","11":"sale","12":"taxable","13":"shipping-taxable","14":"purchasable","15":"product-type-simple"},"acf":[],"yoast_head":"<!-- This site is optimized with the Yoast SEO plugin v27.5 - https:\/\/yoast.com\/product\/yoast-seo-wordpress\/ -->\n<title>Chaise de salle \u00e0 manger Calm | Noir | Vechtdal Meubels<\/title>\n<meta name=\"description\" content=\"Chaise de salle \u00e0 manger Calm | Noir kopen? Wij zijn de goedkoopste op de markt! \u2713 14 dagen bedenktijd! \u2713 Bestel nu!\" \/>\n<meta name=\"robots\" content=\"index, follow, max-snippet:-1, max-image-preview:large, max-video-preview:-1\" \/>\n<meta property=\"og:locale\" content=\"fr_FR\" \/>\n<meta property=\"og:type\" content=\"article\" \/>\n<meta property=\"og:title\" content=\"Chaise de salle \u00e0 manger Calm | Noir | Vechtdal Meubels\" \/>\n<meta property=\"og:description\" content=\"Chaise de salle \u00e0 manger Calm | Noir kopen? Wij zijn de goedkoopste op de markt! \u2713 14 dagen bedenktijd! \u2713 Bestel nu!\" \/>\n<meta property=\"og:url\" content=\"https:\/\/www.vechtdalmeubels.nl\/product\/chaise-de-salle-a-manger-calm-noir\/\" \/>\n<meta property=\"og:site_name\" content=\"Vechtdal Meubels\" \/>\n<meta property=\"og:image\" content=\"https:\/\/www.vechtdalmeubels.nl\/wp-content\/uploads\/2024\/12\/Rectangle-2-4.jpg\" \/>\n\t<meta property=\"og:image:width\" content=\"818\" \/>\n\t<meta property=\"og:image:height\" content=\"600\" \/>\n\t<meta property=\"og:image:type\" content=\"image\/jpeg\" \/>\n<meta name=\"twitter:card\" content=\"summary_large_image\" \/>\n<!-- \/ Yoast SEO plugin. -->","yoast_head_json":{"title":"Chaise de salle \u00e0 manger Calm | Noir | Vechtdal Meubels","description":"Chaise de salle \u00e0 manger Calm | Noir kopen? Wij zijn de goedkoopste op de markt! \u2713 14 dagen bedenktijd! \u2713 Bestel nu!","robots":{"index":"index","follow":"follow","max-snippet":"max-snippet:-1","max-image-preview":"max-image-preview:large","max-video-preview":"max-video-preview:-1"},"og_locale":"fr_FR","og_type":"article","og_title":"Chaise de salle \u00e0 manger Calm | Noir | Vechtdal Meubels","og_description":"Chaise de salle \u00e0 manger Calm | Noir kopen? Wij zijn de goedkoopste op de markt! \u2713 14 dagen bedenktijd! \u2713 Bestel nu!","og_url":"https:\/\/www.vechtdalmeubels.nl\/product\/chaise-de-salle-a-manger-calm-noir\/","og_site_name":"Vechtdal Meubels","og_image":[{"width":818,"height":600,"url":"https:\/\/www.vechtdalmeubels.nl\/wp-content\/uploads\/2024\/12\/Rectangle-2-4.jpg","type":"image\/jpeg"}],"twitter_card":"summary_large_image","schema":{"@context":"https:\/\/schema.org","@graph":[{"@type":"WebPage","@id":"https:\/\/www.vechtdalmeubels.nl\/product\/chaise-de-salle-a-manger-calm-noir\/","url":"https:\/\/www.vechtdalmeubels.nl\/product\/chaise-de-salle-a-manger-calm-noir\/","name":"Chaise de salle \u00e0 manger Calm | Noir | Vechtdal Meubels","isPartOf":{"@id":"https:\/\/www.vechtdalmeubels.nl\/#website"},"primaryImageOfPage":{"@id":"https:\/\/www.vechtdalmeubels.nl\/product\/chaise-de-salle-a-manger-calm-noir\/#primaryimage"},"image":{"@id":"https:\/\/www.vechtdalmeubels.nl\/product\/chaise-de-salle-a-manger-calm-noir\/#primaryimage"},"thumbnailUrl":"https:\/\/www.vechtdalmeubels.nl\/wp-content\/uploads\/2024\/12\/0O6A0756-scaled-e1741114726681.jpg","datePublished":"2024-12-09T13:02:41+00:00","description":"Chaise de salle \u00e0 manger Calm | Noir kopen? Wij zijn de goedkoopste op de markt! \u2713 14 dagen bedenktijd! \u2713 Bestel nu!","breadcrumb":{"@id":"https:\/\/www.vechtdalmeubels.nl\/product\/chaise-de-salle-a-manger-calm-noir\/#breadcrumb"},"inLanguage":"fr-FR","potentialAction":[{"@type":"ReadAction","target":["https:\/\/www.vechtdalmeubels.nl\/product\/chaise-de-salle-a-manger-calm-noir\/"]}]},{"@type":"ImageObject","inLanguage":"fr-FR","@id":"https:\/\/www.vechtdalmeubels.nl\/product\/chaise-de-salle-a-manger-calm-noir\/#primaryimage","url":"https:\/\/www.vechtdalmeubels.nl\/wp-content\/uploads\/2024\/12\/0O6A0756-scaled-e1741114726681.jpg","contentUrl":"https:\/\/www.vechtdalmeubels.nl\/wp-content\/uploads\/2024\/12\/0O6A0756-scaled-e1741114726681.jpg","width":667,"height":725},{"@type":"BreadcrumbList","@id":"https:\/\/www.vechtdalmeubels.nl\/product\/chaise-de-salle-a-manger-calm-noir\/#breadcrumb","itemListElement":[{"@type":"ListItem","position":1,"name":"Home","item":"https:\/\/www.vechtdalmeubels.nl\/fr\/accueil\/"},{"@type":"ListItem","position":2,"name":"Boutique","item":"https:\/\/www.vechtdalmeubels.nl\/fr\/winkel\/"},{"@type":"ListItem","position":3,"name":"Chaise de salle \u00e0 manger Calm | Noir"}]},{"@type":"WebSite","@id":"https:\/\/www.vechtdalmeubels.nl\/#website","url":"https:\/\/www.vechtdalmeubels.nl\/","name":"Vechtdal Meubels","description":"","publisher":{"@id":"https:\/\/www.vechtdalmeubels.nl\/#organization"},"potentialAction":[{"@type":"SearchAction","target":{"@type":"EntryPoint","urlTemplate":"https:\/\/www.vechtdalmeubels.nl\/?s={search_term_string}"},"query-input":{"@type":"PropertyValueSpecification","valueRequired":true,"valueName":"search_term_string"}}],"inLanguage":"fr-FR"},{"@type":"Organization","@id":"https:\/\/www.vechtdalmeubels.nl\/#organization","name":"Vechtdal Meubels","alternateName":"Vechtdal Meubels","url":"https:\/\/www.vechtdalmeubels.nl\/","logo":{"@type":"ImageObject","inLanguage":"fr-FR","@id":"https:\/\/www.vechtdalmeubels.nl\/#\/schema\/logo\/image\/","url":"https:\/\/www.vechtdalmeubels.nl\/wp-content\/uploads\/2024\/11\/Logo-vechtdal-v2.svg","contentUrl":"https:\/\/www.vechtdalmeubels.nl\/wp-content\/uploads\/2024\/11\/Logo-vechtdal-v2.svg","caption":"Vechtdal Meubels"},"image":{"@id":"https:\/\/www.vechtdalmeubels.nl\/#\/schema\/logo\/image\/"}}]}},"_links":{"self":[{"href":"https:\/\/www.vechtdalmeubels.nl\/fr\/wp-json\/wp\/v2\/product\/8191","targetHints":{"allow":["GET"]}}],"collection":[{"href":"https:\/\/www.vechtdalmeubels.nl\/fr\/wp-json\/wp\/v2\/product"}],"about":[{"href":"https:\/\/www.vechtdalmeubels.nl\/fr\/wp-json\/wp\/v2\/types\/product"}],"replies":[{"embeddable":true,"href":"https:\/\/www.vechtdalmeubels.nl\/fr\/wp-json\/wp\/v2\/comments?post=8191"}],"wp:featuredmedia":[{"embeddable":true,"href":"https:\/\/www.vechtdalmeubels.nl\/fr\/wp-json\/wp\/v2\/media\/8192"}],"wp:attachment":[{"href":"https:\/\/www.vechtdalmeubels.nl\/fr\/wp-json\/wp\/v2\/media?parent=8191"}],"wp:term":[{"taxonomy":"product_brand","embeddable":true,"href":"https:\/\/www.vechtdalmeubels.nl\/fr\/wp-json\/wp\/v2\/product_brand?post=8191"},{"taxonomy":"product_cat","embeddable":true,"href":"https:\/\/www.vechtdalmeubels.nl\/fr\/wp-json\/wp\/v2\/product_cat?post=8191"},{"taxonomy":"product_tag","embeddable":true,"href":"https:\/\/www.vechtdalmeubels.nl\/fr\/wp-json\/wp\/v2\/product_tag?post=8191"}],"curies":[{"name":"wp","href":"https:\/\/api.w.org\/{rel}","templated":true}]}}