{"id":8890,"date":"2026-01-21T13:40:10","date_gmt":"2026-01-21T12:40:10","guid":{"rendered":"https:\/\/www.vechtdalmeubels.nl\/?post_type=product&#038;p=8890"},"modified":"2026-04-14T16:14:01","modified_gmt":"2026-04-14T14:14:01","slug":"chaise-de-salle-a-manger-julia-bronze-bouclette-claire-kopie","status":"publish","type":"product","link":"https:\/\/www.vechtdalmeubels.nl\/fr\/produit\/chaise-de-salle-a-manger-julia-bronze-bouclette-claire-kopie\/","title":{"rendered":"Chaise de salle \u00e0 manger Julia | Fonc\u00e9 | Bouclette claire"},"content":{"rendered":"<p>Recherchez la sophistication ultime et la splendeur subtile dans votre salle \u00e0 manger avec notre magnifique collection de chaises de salle \u00e0 manger Julia, fabriqu\u00e9es dans un design scandinave et Japandi impeccable. Chaque d\u00e9tail est bien pens\u00e9 ; la teinte chaude du ch\u00eane naturel s&rsquo;harmonise parfaitement avec le tissu beige apaisant, cr\u00e9ant une esth\u00e9tique intemporelle \u00e0 la fois moderne et classique. Ces chaises de salle \u00e0 manger ne sont pas seulement un r\u00e9gal pour les yeux, mais promettent \u00e9galement un confort et une durabilit\u00e9 in\u00e9gal\u00e9s. La construction robuste et la forme ergonomique garantissent que chaque d\u00eener, chaque r\u00e9union et chaque instant \u00e0 table soient un plaisir.   <\/p>\n<p>Apportez une touche de s\u00e9r\u00e9nit\u00e9 scandinave et Japandi \u00e0 votre int\u00e9rieur et affirmez votre style avec ces magnifiques chaises de salle \u00e0 manger. Enrichissez votre espace de vie avec la combinaison parfaite de style et de fonctionnalit\u00e9. Laissez-vous inspirer et transformez votre salle \u00e0 manger en un havre de paix et d&rsquo;\u00e9l\u00e9gance.  <\/p>\n<p><strong>Caract\u00e9ristiques du produit&nbsp;:<br \/>\n<\/strong>Couleur&nbsp;: Ch\u00eane noyer fonc\u00e9 huil\u00e9 avec tissu bouclette beige clair<br \/>\nMat\u00e9riau&nbsp;: ch\u00eane et tissu beige<br \/>\nDimensions (L&nbsp;x&nbsp;P&nbsp;x&nbsp;H)&nbsp;: 58&nbsp;x&nbsp;52&nbsp;x&nbsp;75 cm<br \/>\nProfondeur d\u2019assise&nbsp;: 42 cm<br \/>\nHauteur d\u2019assise&nbsp;: 48 cm<\/p>\n<p>Si la chaise ne convient pas, vous pouvez la retourner dans les 14&nbsp;jours. Les chaises sont livr\u00e9es mont\u00e9es&nbsp;! <\/p>\n","protected":false},"excerpt":{"rendered":"<p>Chaise de salle \u00e0 manger Japandi en ch\u00eane bronze avec un tissu bouclette beige clair<\/p>\n","protected":false},"featured_media":8893,"comment_status":"closed","ping_status":"closed","template":"","meta":{"_acf_changed":false},"product_brand":[],"product_cat":[487,488,600,602,601,505],"product_tag":[],"class_list":{"0":"post-8890","1":"product","2":"type-product","3":"status-publish","4":"has-post-thumbnail","6":"product_cat-chaises","7":"product_cat-chaises-de-salle-a-manger-japandi","8":"product_cat-chaises-de-salle-a-manger-scandinaves","9":"product_cat-meubles-japandi","10":"product_cat-mobilier-scandinave","11":"product_cat-page-daccueil-offres","13":"first","14":"onbackorder","15":"sale","16":"taxable","17":"shipping-taxable","18":"purchasable","19":"product-type-simple"},"acf":[],"yoast_head":"<!-- This site is optimized with the Yoast SEO plugin v27.5 - https:\/\/yoast.com\/product\/yoast-seo-wordpress\/ -->\n<title>Chaise de salle \u00e0 manger Julia | Fonc\u00e9 | Bouclette claire | Vechtdal Meubels<\/title>\n<meta name=\"description\" content=\"Chaise de salle \u00e0 manger Julia | Fonc\u00e9 | Bouclette claire kopen? Wij zijn de goedkoopste op de markt! \u2713 14 dagen bedenktijd! \u2713 Bestel nu!\" \/>\n<meta name=\"robots\" content=\"index, follow, max-snippet:-1, max-image-preview:large, max-video-preview:-1\" \/>\n<meta property=\"og:locale\" content=\"fr_FR\" \/>\n<meta property=\"og:type\" content=\"article\" \/>\n<meta property=\"og:title\" content=\"Chaise de salle \u00e0 manger Julia | Fonc\u00e9 | Bouclette claire | Vechtdal Meubels\" \/>\n<meta property=\"og:description\" content=\"Chaise de salle \u00e0 manger Julia | Fonc\u00e9 | Bouclette claire kopen? Wij zijn de goedkoopste op de markt! \u2713 14 dagen bedenktijd! \u2713 Bestel nu!\" \/>\n<meta property=\"og:url\" content=\"https:\/\/www.vechtdalmeubels.nl\/fr\/produit\/chaise-de-salle-a-manger-julia-bronze-bouclette-claire-kopie\/\" \/>\n<meta property=\"og:site_name\" content=\"Vechtdal Meubels\" \/>\n<meta property=\"article:modified_time\" content=\"2026-04-14T14:14:01+00:00\" \/>\n<meta property=\"og:image\" content=\"https:\/\/www.searchflow.dev\/vechtdal\/wp-content\/uploads\/2024\/12\/LUTO2319-2-scaled-2-225x300.jpg\" \/>\n<meta name=\"twitter:card\" content=\"summary_large_image\" \/>\n<meta name=\"twitter:image\" content=\"https:\/\/www.searchflow.dev\/vechtdal\/wp-content\/uploads\/2024\/12\/LUTO2319-2-scaled-2-768x1024.jpg\" \/>\n<!-- \/ Yoast SEO plugin. -->","yoast_head_json":{"title":"Chaise de salle \u00e0 manger Julia | Fonc\u00e9 | Bouclette claire | Vechtdal Meubels","description":"Chaise de salle \u00e0 manger Julia | Fonc\u00e9 | Bouclette claire kopen? Wij zijn de goedkoopste op de markt! \u2713 14 dagen bedenktijd! \u2713 Bestel nu!","robots":{"index":"index","follow":"follow","max-snippet":"max-snippet:-1","max-image-preview":"max-image-preview:large","max-video-preview":"max-video-preview:-1"},"og_locale":"fr_FR","og_type":"article","og_title":"Chaise de salle \u00e0 manger Julia | Fonc\u00e9 | Bouclette claire | Vechtdal Meubels","og_description":"Chaise de salle \u00e0 manger Julia | Fonc\u00e9 | Bouclette claire kopen? Wij zijn de goedkoopste op de markt! \u2713 14 dagen bedenktijd! \u2713 Bestel nu!","og_url":"https:\/\/www.vechtdalmeubels.nl\/fr\/produit\/chaise-de-salle-a-manger-julia-bronze-bouclette-claire-kopie\/","og_site_name":"Vechtdal Meubels","article_modified_time":"2026-04-14T14:14:01+00:00","og_image":[{"url":"https:\/\/www.searchflow.dev\/vechtdal\/wp-content\/uploads\/2024\/12\/LUTO2319-2-scaled-2-225x300.jpg","type":"","width":"","height":""}],"twitter_card":"summary_large_image","twitter_image":"https:\/\/www.searchflow.dev\/vechtdal\/wp-content\/uploads\/2024\/12\/LUTO2319-2-scaled-2-768x1024.jpg","schema":{"@context":"https:\/\/schema.org","@graph":[{"@type":"WebPage","@id":"https:\/\/www.vechtdalmeubels.nl\/fr\/produit\/chaise-de-salle-a-manger-julia-bronze-bouclette-claire-kopie\/","url":"https:\/\/www.vechtdalmeubels.nl\/fr\/produit\/chaise-de-salle-a-manger-julia-bronze-bouclette-claire-kopie\/","name":"Chaise de salle \u00e0 manger Julia | Fonc\u00e9 | Bouclette claire | Vechtdal Meubels","isPartOf":{"@id":"https:\/\/www.vechtdalmeubels.nl\/#website"},"primaryImageOfPage":{"@id":"https:\/\/www.vechtdalmeubels.nl\/fr\/produit\/chaise-de-salle-a-manger-julia-bronze-bouclette-claire-kopie\/#primaryimage"},"image":{"@id":"https:\/\/www.vechtdalmeubels.nl\/fr\/produit\/chaise-de-salle-a-manger-julia-bronze-bouclette-claire-kopie\/#primaryimage"},"thumbnailUrl":"https:\/\/www.vechtdalmeubels.nl\/wp-content\/uploads\/2026\/01\/IMG_5878-scaled.jpg","datePublished":"2026-01-21T12:40:10+00:00","dateModified":"2026-04-14T14:14:01+00:00","description":"Chaise de salle \u00e0 manger Julia | Fonc\u00e9 | Bouclette claire kopen? Wij zijn de goedkoopste op de markt! \u2713 14 dagen bedenktijd! \u2713 Bestel nu!","breadcrumb":{"@id":"https:\/\/www.vechtdalmeubels.nl\/fr\/produit\/chaise-de-salle-a-manger-julia-bronze-bouclette-claire-kopie\/#breadcrumb"},"inLanguage":"fr-FR","potentialAction":[{"@type":"ReadAction","target":["https:\/\/www.vechtdalmeubels.nl\/fr\/produit\/chaise-de-salle-a-manger-julia-bronze-bouclette-claire-kopie\/"]}]},{"@type":"ImageObject","inLanguage":"fr-FR","@id":"https:\/\/www.vechtdalmeubels.nl\/fr\/produit\/chaise-de-salle-a-manger-julia-bronze-bouclette-claire-kopie\/#primaryimage","url":"https:\/\/www.vechtdalmeubels.nl\/wp-content\/uploads\/2026\/01\/IMG_5878-scaled.jpg","contentUrl":"https:\/\/www.vechtdalmeubels.nl\/wp-content\/uploads\/2026\/01\/IMG_5878-scaled.jpg","width":1707,"height":2560},{"@type":"BreadcrumbList","@id":"https:\/\/www.vechtdalmeubels.nl\/fr\/produit\/chaise-de-salle-a-manger-julia-bronze-bouclette-claire-kopie\/#breadcrumb","itemListElement":[{"@type":"ListItem","position":1,"name":"Home","item":"https:\/\/www.vechtdalmeubels.nl\/fr\/accueil\/"},{"@type":"ListItem","position":2,"name":"Boutique","item":"https:\/\/www.vechtdalmeubels.nl\/fr\/winkel\/"},{"@type":"ListItem","position":3,"name":"Chaise de salle \u00e0 manger Julia | Fonc\u00e9 | Bouclette claire"}]},{"@type":"WebSite","@id":"https:\/\/www.vechtdalmeubels.nl\/#website","url":"https:\/\/www.vechtdalmeubels.nl\/","name":"Vechtdal Meubels","description":"","publisher":{"@id":"https:\/\/www.vechtdalmeubels.nl\/#organization"},"potentialAction":[{"@type":"SearchAction","target":{"@type":"EntryPoint","urlTemplate":"https:\/\/www.vechtdalmeubels.nl\/?s={search_term_string}"},"query-input":{"@type":"PropertyValueSpecification","valueRequired":true,"valueName":"search_term_string"}}],"inLanguage":"fr-FR"},{"@type":"Organization","@id":"https:\/\/www.vechtdalmeubels.nl\/#organization","name":"Vechtdal Meubels","alternateName":"Vechtdal Meubels","url":"https:\/\/www.vechtdalmeubels.nl\/","logo":{"@type":"ImageObject","inLanguage":"fr-FR","@id":"https:\/\/www.vechtdalmeubels.nl\/#\/schema\/logo\/image\/","url":"https:\/\/www.vechtdalmeubels.nl\/wp-content\/uploads\/2024\/11\/Logo-vechtdal-v2.svg","contentUrl":"https:\/\/www.vechtdalmeubels.nl\/wp-content\/uploads\/2024\/11\/Logo-vechtdal-v2.svg","caption":"Vechtdal Meubels"},"image":{"@id":"https:\/\/www.vechtdalmeubels.nl\/#\/schema\/logo\/image\/"}}]}},"_links":{"self":[{"href":"https:\/\/www.vechtdalmeubels.nl\/fr\/wp-json\/wp\/v2\/product\/8890","targetHints":{"allow":["GET"]}}],"collection":[{"href":"https:\/\/www.vechtdalmeubels.nl\/fr\/wp-json\/wp\/v2\/product"}],"about":[{"href":"https:\/\/www.vechtdalmeubels.nl\/fr\/wp-json\/wp\/v2\/types\/product"}],"replies":[{"embeddable":true,"href":"https:\/\/www.vechtdalmeubels.nl\/fr\/wp-json\/wp\/v2\/comments?post=8890"}],"wp:featuredmedia":[{"embeddable":true,"href":"https:\/\/www.vechtdalmeubels.nl\/fr\/wp-json\/wp\/v2\/media\/8893"}],"wp:attachment":[{"href":"https:\/\/www.vechtdalmeubels.nl\/fr\/wp-json\/wp\/v2\/media?parent=8890"}],"wp:term":[{"taxonomy":"product_brand","embeddable":true,"href":"https:\/\/www.vechtdalmeubels.nl\/fr\/wp-json\/wp\/v2\/product_brand?post=8890"},{"taxonomy":"product_cat","embeddable":true,"href":"https:\/\/www.vechtdalmeubels.nl\/fr\/wp-json\/wp\/v2\/product_cat?post=8890"},{"taxonomy":"product_tag","embeddable":true,"href":"https:\/\/www.vechtdalmeubels.nl\/fr\/wp-json\/wp\/v2\/product_tag?post=8890"}],"curies":[{"name":"wp","href":"https:\/\/api.w.org\/{rel}","templated":true}]}}